{"id":7817,"date":"2017-11-14T15:14:54","date_gmt":"2017-11-14T14:14:54","guid":{"rendered":"http:\/\/potocan.com\/eshop\/produkt\/stolicka-scandinavia-armlehne-struktur-svetloseda\/"},"modified":"2021-06-10T09:02:28","modified_gmt":"2021-06-10T07:02:28","slug":"stolicka-scandinavia-svetloseda","status":"publish","type":"product","link":"https:\/\/www.ikuchyne.sk\/eshop\/produkt\/stolicka-scandinavia-svetloseda\/","title":{"rendered":"Svetlosiv\u00e1 jed\u00e1lensk\u00e1 stoli\u010dka Scandinavia \u00bb"},"content":{"rendered":"<h1>Svetlosiv\u00e1 jed\u00e1lensk\u00e1 stoli\u010dka Scandinavia \u00bb<\/h1>\n<h4><strong>V\u0161eobecn\u00fd popis:<\/strong><\/h4>\n<p>Modern\u00e1 svetlosiv\u00e1 jed\u00e1lensk\u00e1 stoli\u010dka Scandinavia v trendovom \u0161kandin\u00e1vskom dizajne. Vysoko kvalitn\u00fd po\u0165ah vyroben\u00fd z text\u00farovanej text\u00edlie je ve\u013emi odoln\u00fd a \u013eahko sa o neho star\u00e1. Pevn\u00e9 nohy z bukov\u00e9ho dreva zaru\u010duj\u00fa pevn\u00e9 st\u00e1tie na akomko\u013evek povrchu. Pou\u017eite stoli\u010dku k jed\u00e1lensk\u00e9mu stolu alebo ako kancel\u00e1rsku stoli\u010dku!<\/p>\n<p>Za\u017eite \u0161kandin\u00e1vsky vzh\u013ead u v\u00e1s doma! Toto kreslo je skuto\u010dnou dizajnovou klasikou. Zaujme vynikaj\u00facim \u0161kandin\u00e1vskym dizajnom, ktor\u00fd je mo\u017en\u00e9 \u0161ikovne integrova\u0165 do ka\u017ed\u00e9ho interi\u00e9ru. Z\u00e1rove\u0148 zaujme pohodlnou sedacou \u010das\u0165ou, ktor\u00e1 je pokryt\u00e1 vysoko kvalitnou text\u00farovanou l\u00e1tkou a m\u00e1 jasn\u00e9 l\u00ednie. Stoli\u010dka zais\u0165uje \u0161t\u00fdlov\u00e9, ale z\u00e1rove\u0148 modern\u00e9 a \u0161kandin\u00e1vske \u017eivotn\u00e9 prostredie. V\u010faka \u010dal\u00faneniu a lak\u0165ov\u00fdm opierkam pon\u00faka sedadlo mimoriadne vysok\u00fd komfort a zais\u0165uje dlh\u00e9 a pohodln\u00e9 sedenie.<\/p>\n<p>Dizajn je mo\u017en\u00e9 kombinova\u0165 obzvl\u00e1\u0161\u0165 rozmanit\u00fdm sp\u00f4sobom. Okrem tvaru s\u00fa vizu\u00e1lnym vrcholom nohy z mas\u00edvu vyroben\u00e9 z buka, ktor\u00e9 dokonale priliehaj\u00fa k \u010dal\u00fanenej sedacej \u010dasti tejto jed\u00e1lenskej stoli\u010dky. Dizajn rob\u00ed stoli\u010dku vo\u013ebou pre mnoho \u0161t\u00fdlov. Stoli\u010dku m\u00f4\u017eete pou\u017ei\u0165 v\u0161ade tam, kde je potrebn\u00e9 pohodln\u00e9 sedenie. Skuto\u010dn\u00fd p\u00fata\u010d o\u010d\u00ed, ktor\u00fd do v\u00e1\u0161ho domova vn\u00e1\u0161a seversk\u00fd sp\u00f4sob \u017eivota!<\/p>\n<h4>Dedaily produktu:<\/h4>\n<p>Modern\u00fd organick\u00fd tvar sedadla s \u010dal\u00fanen\u00edm vyroben\u00fd z vysoko kvalitnej text\u00farovanej text\u00edlie. Dokonale tvarovan\u00fd pevn\u00fd r\u00e1m vyroben\u00fd z robustn\u00e9ho buka. V popul\u00e1rnom \u0161kandin\u00e1vskom dizajne. Text\u00farovan\u00fd textiln\u00fd po\u0165ah je obzvl\u00e1\u0161\u0165 odoln\u00fd a um\u00fdvate\u013en\u00fd. Max. nosnos\u0165: 120 kg. Vhodn\u00e9 bytov\u00e9 doplnky pre kombinovanie interi\u00e9ru s touto jed\u00e1lenskou stoli\u010dkou n\u00e1jdete na na\u0161om e-shope v sekcii Bytov\u00e9 doplnky. Kontaktujte n\u00e1s a my v\u00e1m radi pom\u00f4\u017eeme s v\u00fdberom vhodn\u00fdch dekor\u00e1ci\u00ed.<\/p>\n<p><strong>Sed\u00e1k stoli\u010dky:<br \/>\n<\/strong>\u010cal\u00fanen\u00fd sed\u00e1k z pr\u00edjemnej vrecoviny s gomb\u00edkmi v svetlosivej farbe vnesie pohodlie a \u0161t\u00fdl do va\u0161ej kuchyne alebo jed\u00e1lne.<\/p>\n<p><strong>Podno\u017e stoli\u010dky:<br \/>\n<\/strong>Podno\u017e stoli\u010dky je tvoren\u00e1\u00a0 \u0161tyrmi \u00fazkymi dreven\u00fdmi nohami typick\u00fdmi pre \u0161kandin\u00e1vsky \u0161t\u00fdl.<\/p>\n<p><strong>\u010eal\u0161ie inform\u00e1cie:<br \/>\n<\/strong>Vhodne zvolen\u00fd v\u00fdber materi\u00e1lov rob\u00ed z tejto jed\u00e1lenskej stoli\u010dky \u013eahko udr\u017eiavan\u00fd kus n\u00e1bytku s dlhou \u017eivotnos\u0165ou. O\u0161etrujeme vlhkou handri\u010dkou namo\u010denou v mydlovej vode.<\/p>\n<p><b>Rozmery stoli\u010dky:<br \/>\n<\/b>\u0160\u00edrka stoli\u010dky: 55 cm<br \/>\nV\u00fd\u0161ka stoli\u010dky: 85 cm<br \/>\nH\u013abka stoli\u010dky: 55 cm<br \/>\n<strong>Rozmery sedenia:<\/strong>\u00a045 x 50 x 40 cm (\u0160xVxH)<br \/>\n<strong>V\u00fd\u0161ka operadla<\/strong>: 40 cm<br \/>\n<strong>V\u00fd\u0161ka lak\u0165ovej opierky:<\/strong>\u00a020 cm<\/p>\n<p><b>Materi\u00e1l:\u00a0<\/b>tkanina, svetl\u00e9 drevo<\/p>\n<p><b>Farba:<\/b>\u00a0svetlosiv\u00e1<\/p>\n<p>Dodato\u010dn\u00e9 inform\u00e1cie:<\/p>\n<p>V pr\u00edpade z\u00e1ujmu o in\u00e9 stoli\u010dky &#8211; jed\u00e1lensk\u00e9, barov\u00e9, kancel\u00e1rske, nav\u0161t\u00edvte sekciu stoli\u010dky na <a href=\"https:\/\/www.ikuchyne.sk\/eshop\/kategoria\/stolicky\/\">www.ikuchyne.sk\/eshop<\/a><br \/>\nV pr\u00edpade z\u00e1ujmu o n\u00e1bytok na mieru n\u00e1s kontaktuje na <a href=\"http:\/\/www.ikuchyne.sk\">www.ikuchyne.sk<\/a><\/p>\n","protected":false},"excerpt":{"rendered":"<p>Svetlosiv\u00e1 jed\u00e1lensk\u00e1 stoli\u010dka Scandinavia \u00bb V\u0161eobecn\u00fd popis: Modern\u00e1 svetlosiv\u00e1 jed\u00e1lensk\u00e1 stoli\u010dka Scandinavia v trendovom \u0161kandin\u00e1vskom dizajne. Vysoko kvalitn\u00fd po\u0165ah vyroben\u00fd z text\u00farovanej text\u00edlie je ve\u013emi odoln\u00fd a \u013eahko sa o<\/p>\n","protected":false},"featured_media":7818,"comment_status":"open","ping_status":"closed","template":"","meta":[],"product_cat":[940,310,823,827,819],"product_tag":[198,204,349],"yoast_head":"<!-- This site is optimized with the Yoast SEO plugin v22.1 - https:\/\/yoast.com\/wordpress\/plugins\/seo\/ -->\n<title>Svetlosiv\u00e1 jed\u00e1lensk\u00e1 stoli\u010dka Scandinavia &#187; iKuchyne iSHOP s n\u00e1bytkom<\/title>\n<meta name=\"description\" content=\"Svetlosiv\u00e1 jed\u00e1lensk\u00e1 stoli\u010dka Scandinavia \u00bb - r\u00fdchle dodanie, poradenstvo, n\u00e1bytok skladom v Bratislave s ikuchyne.sk - kuchyne na mieru.\" \/>\n<meta name=\"robots\" content=\"index, follow, max-snippet:-1, max-image-preview:large, max-video-preview:-1\" \/>\n<link rel=\"canonical\" href=\"https:\/\/www.ikuchyne.sk\/eshop\/produkt\/stolicka-scandinavia-svetloseda\/\" \/>\n<meta property=\"og:locale\" content=\"sk_SK\" \/>\n<meta property=\"og:type\" content=\"article\" \/>\n<meta property=\"og:title\" content=\"Svetlosiv\u00e1 jed\u00e1lensk\u00e1 stoli\u010dka Scandinavia &#187; iKuchyne iSHOP s n\u00e1bytkom\" \/>\n<meta property=\"og:description\" content=\"Svetlosiv\u00e1 jed\u00e1lensk\u00e1 stoli\u010dka Scandinavia \u00bb - r\u00fdchle dodanie, poradenstvo, n\u00e1bytok skladom v Bratislave s ikuchyne.sk - kuchyne na mieru.\" \/>\n<meta property=\"og:url\" content=\"https:\/\/www.ikuchyne.sk\/eshop\/produkt\/stolicka-scandinavia-svetloseda\/\" \/>\n<meta property=\"og:site_name\" content=\"iKuchyne iSHOP s n\u00e1bytkom\" \/>\n<meta property=\"article:publisher\" content=\"https:\/\/www.facebook.com\/ikuchyne\/\" \/>\n<meta property=\"article:modified_time\" content=\"2021-06-10T07:02:28+00:00\" \/>\n<meta property=\"og:image\" content=\"https:\/\/www.ikuchyne.sk\/eshop\/wp-content\/uploads\/2017\/04\/Stolicka-Scandinavia-Armlehne-Struktur-svetloseda.jpg\" \/>\n\t<meta property=\"og:image:width\" content=\"800\" \/>\n\t<meta property=\"og:image:height\" content=\"533\" \/>\n\t<meta property=\"og:image:type\" content=\"image\/jpeg\" \/>\n<meta name=\"twitter:card\" content=\"summary_large_image\" \/>\n<meta name=\"twitter:label1\" content=\"Predpokladan\u00fd \u010das \u010d\u00edtania\" \/>\n\t<meta name=\"twitter:data1\" content=\"2 min\u00faty\" \/>\n<script type=\"application\/ld+json\" class=\"yoast-schema-graph\">{\"@context\":\"https:\/\/schema.org\",\"@graph\":[{\"@type\":\"WebPage\",\"@id\":\"https:\/\/www.ikuchyne.sk\/eshop\/produkt\/stolicka-scandinavia-svetloseda\/\",\"url\":\"https:\/\/www.ikuchyne.sk\/eshop\/produkt\/stolicka-scandinavia-svetloseda\/\",\"name\":\"Svetlosiv\u00e1 jed\u00e1lensk\u00e1 stoli\u010dka Scandinavia &#187; iKuchyne iSHOP s n\u00e1bytkom\",\"isPartOf\":{\"@id\":\"https:\/\/www.ikuchyne.sk\/eshop\/#website\"},\"datePublished\":\"2017-11-14T14:14:54+00:00\",\"dateModified\":\"2021-06-10T07:02:28+00:00\",\"description\":\"Svetlosiv\u00e1 jed\u00e1lensk\u00e1 stoli\u010dka Scandinavia \u00bb - r\u00fdchle dodanie, poradenstvo, n\u00e1bytok skladom v Bratislave s ikuchyne.sk - kuchyne na mieru.\",\"breadcrumb\":{\"@id\":\"https:\/\/www.ikuchyne.sk\/eshop\/produkt\/stolicka-scandinavia-svetloseda\/#breadcrumb\"},\"inLanguage\":\"sk-SK\",\"potentialAction\":[{\"@type\":\"ReadAction\",\"target\":[\"https:\/\/www.ikuchyne.sk\/eshop\/produkt\/stolicka-scandinavia-svetloseda\/\"]}]},{\"@type\":\"BreadcrumbList\",\"@id\":\"https:\/\/www.ikuchyne.sk\/eshop\/produkt\/stolicka-scandinavia-svetloseda\/#breadcrumb\",\"itemListElement\":[{\"@type\":\"ListItem\",\"position\":1,\"name\":\"Home\",\"item\":\"https:\/\/www.ikuchyne.sk\/eshop\/\"},{\"@type\":\"ListItem\",\"position\":2,\"name\":\"Obchod\",\"item\":\"https:\/\/www.ikuchyne.sk\/eshop\/obchod\/\"},{\"@type\":\"ListItem\",\"position\":3,\"name\":\"Svetlosiv\u00e1 jed\u00e1lensk\u00e1 stoli\u010dka Scandinavia \u00bb\"}]},{\"@type\":\"WebSite\",\"@id\":\"https:\/\/www.ikuchyne.sk\/eshop\/#website\",\"url\":\"https:\/\/www.ikuchyne.sk\/eshop\/\",\"name\":\"iKuchyne iSHOP s n\u00e1bytkom\",\"description\":\"Jed\u00e1lensk\u00e9 stoly, stoli\u010dky, n\u00e1bytok, svietidl\u00e1...\",\"publisher\":{\"@id\":\"https:\/\/www.ikuchyne.sk\/eshop\/#organization\"},\"potentialAction\":[{\"@type\":\"SearchAction\",\"target\":{\"@type\":\"EntryPoint\",\"urlTemplate\":\"https:\/\/www.ikuchyne.sk\/eshop\/?s={search_term_string}\"},\"query-input\":\"required name=search_term_string\"}],\"inLanguage\":\"sk-SK\"},{\"@type\":\"Organization\",\"@id\":\"https:\/\/www.ikuchyne.sk\/eshop\/#organization\",\"name\":\"ikuchyne!\",\"url\":\"https:\/\/www.ikuchyne.sk\/eshop\/\",\"logo\":{\"@type\":\"ImageObject\",\"inLanguage\":\"sk-SK\",\"@id\":\"https:\/\/www.ikuchyne.sk\/eshop\/#\/schema\/logo\/image\/\",\"url\":\"https:\/\/www.ikuchyne.sk\/eshop\/wp-content\/uploads\/2017\/04\/ikuchyne-logo.jpg\",\"contentUrl\":\"https:\/\/www.ikuchyne.sk\/eshop\/wp-content\/uploads\/2017\/04\/ikuchyne-logo.jpg\",\"width\":200,\"height\":48,\"caption\":\"ikuchyne!\"},\"image\":{\"@id\":\"https:\/\/www.ikuchyne.sk\/eshop\/#\/schema\/logo\/image\/\"},\"sameAs\":[\"https:\/\/www.facebook.com\/ikuchyne\/\",\"https:\/\/www.instagram.com\/ikuchyne.sk\/\",\"https:\/\/sk.pinterest.com\/ikuchynesk\/\"]}]}<\/script>\n<!-- \/ Yoast SEO plugin. -->","yoast_head_json":{"title":"Svetlosiv\u00e1 jed\u00e1lensk\u00e1 stoli\u010dka Scandinavia &#187; iKuchyne iSHOP s n\u00e1bytkom","description":"Svetlosiv\u00e1 jed\u00e1lensk\u00e1 stoli\u010dka Scandinavia \u00bb - r\u00fdchle dodanie, poradenstvo, n\u00e1bytok skladom v Bratislave s ikuchyne.sk - kuchyne na mieru.","robots":{"index":"index","follow":"follow","max-snippet":"max-snippet:-1","max-image-preview":"max-image-preview:large","max-video-preview":"max-video-preview:-1"},"canonical":"https:\/\/www.ikuchyne.sk\/eshop\/produkt\/stolicka-scandinavia-svetloseda\/","og_locale":"sk_SK","og_type":"article","og_title":"Svetlosiv\u00e1 jed\u00e1lensk\u00e1 stoli\u010dka Scandinavia &#187; iKuchyne iSHOP s n\u00e1bytkom","og_description":"Svetlosiv\u00e1 jed\u00e1lensk\u00e1 stoli\u010dka Scandinavia \u00bb - r\u00fdchle dodanie, poradenstvo, n\u00e1bytok skladom v Bratislave s ikuchyne.sk - kuchyne na mieru.","og_url":"https:\/\/www.ikuchyne.sk\/eshop\/produkt\/stolicka-scandinavia-svetloseda\/","og_site_name":"iKuchyne iSHOP s n\u00e1bytkom","article_publisher":"https:\/\/www.facebook.com\/ikuchyne\/","article_modified_time":"2021-06-10T07:02:28+00:00","og_image":[{"width":800,"height":533,"url":"https:\/\/www.ikuchyne.sk\/eshop\/wp-content\/uploads\/2017\/04\/Stolicka-Scandinavia-Armlehne-Struktur-svetloseda.jpg","type":"image\/jpeg"}],"twitter_card":"summary_large_image","twitter_misc":{"Predpokladan\u00fd \u010das \u010d\u00edtania":"2 min\u00faty"},"schema":{"@context":"https:\/\/schema.org","@graph":[{"@type":"WebPage","@id":"https:\/\/www.ikuchyne.sk\/eshop\/produkt\/stolicka-scandinavia-svetloseda\/","url":"https:\/\/www.ikuchyne.sk\/eshop\/produkt\/stolicka-scandinavia-svetloseda\/","name":"Svetlosiv\u00e1 jed\u00e1lensk\u00e1 stoli\u010dka Scandinavia &#187; iKuchyne iSHOP s n\u00e1bytkom","isPartOf":{"@id":"https:\/\/www.ikuchyne.sk\/eshop\/#website"},"datePublished":"2017-11-14T14:14:54+00:00","dateModified":"2021-06-10T07:02:28+00:00","description":"Svetlosiv\u00e1 jed\u00e1lensk\u00e1 stoli\u010dka Scandinavia \u00bb - r\u00fdchle dodanie, poradenstvo, n\u00e1bytok skladom v Bratislave s ikuchyne.sk - kuchyne na mieru.","breadcrumb":{"@id":"https:\/\/www.ikuchyne.sk\/eshop\/produkt\/stolicka-scandinavia-svetloseda\/#breadcrumb"},"inLanguage":"sk-SK","potentialAction":[{"@type":"ReadAction","target":["https:\/\/www.ikuchyne.sk\/eshop\/produkt\/stolicka-scandinavia-svetloseda\/"]}]},{"@type":"BreadcrumbList","@id":"https:\/\/www.ikuchyne.sk\/eshop\/produkt\/stolicka-scandinavia-svetloseda\/#breadcrumb","itemListElement":[{"@type":"ListItem","position":1,"name":"Home","item":"https:\/\/www.ikuchyne.sk\/eshop\/"},{"@type":"ListItem","position":2,"name":"Obchod","item":"https:\/\/www.ikuchyne.sk\/eshop\/obchod\/"},{"@type":"ListItem","position":3,"name":"Svetlosiv\u00e1 jed\u00e1lensk\u00e1 stoli\u010dka Scandinavia \u00bb"}]},{"@type":"WebSite","@id":"https:\/\/www.ikuchyne.sk\/eshop\/#website","url":"https:\/\/www.ikuchyne.sk\/eshop\/","name":"iKuchyne iSHOP s n\u00e1bytkom","description":"Jed\u00e1lensk\u00e9 stoly, stoli\u010dky, n\u00e1bytok, svietidl\u00e1...","publisher":{"@id":"https:\/\/www.ikuchyne.sk\/eshop\/#organization"},"potentialAction":[{"@type":"SearchAction","target":{"@type":"EntryPoint","urlTemplate":"https:\/\/www.ikuchyne.sk\/eshop\/?s={search_term_string}"},"query-input":"required name=search_term_string"}],"inLanguage":"sk-SK"},{"@type":"Organization","@id":"https:\/\/www.ikuchyne.sk\/eshop\/#organization","name":"ikuchyne!","url":"https:\/\/www.ikuchyne.sk\/eshop\/","logo":{"@type":"ImageObject","inLanguage":"sk-SK","@id":"https:\/\/www.ikuchyne.sk\/eshop\/#\/schema\/logo\/image\/","url":"https:\/\/www.ikuchyne.sk\/eshop\/wp-content\/uploads\/2017\/04\/ikuchyne-logo.jpg","contentUrl":"https:\/\/www.ikuchyne.sk\/eshop\/wp-content\/uploads\/2017\/04\/ikuchyne-logo.jpg","width":200,"height":48,"caption":"ikuchyne!"},"image":{"@id":"https:\/\/www.ikuchyne.sk\/eshop\/#\/schema\/logo\/image\/"},"sameAs":["https:\/\/www.facebook.com\/ikuchyne\/","https:\/\/www.instagram.com\/ikuchyne.sk\/","https:\/\/sk.pinterest.com\/ikuchynesk\/"]}]}},"_links":{"self":[{"href":"https:\/\/www.ikuchyne.sk\/eshop\/wp-json\/wp\/v2\/product\/7817"}],"collection":[{"href":"https:\/\/www.ikuchyne.sk\/eshop\/wp-json\/wp\/v2\/product"}],"about":[{"href":"https:\/\/www.ikuchyne.sk\/eshop\/wp-json\/wp\/v2\/types\/product"}],"replies":[{"embeddable":true,"href":"https:\/\/www.ikuchyne.sk\/eshop\/wp-json\/wp\/v2\/comments?post=7817"}],"wp:featuredmedia":[{"embeddable":true,"href":"https:\/\/www.ikuchyne.sk\/eshop\/wp-json\/wp\/v2\/media\/7818"}],"wp:attachment":[{"href":"https:\/\/www.ikuchyne.sk\/eshop\/wp-json\/wp\/v2\/media?parent=7817"}],"wp:term":[{"taxonomy":"product_cat","embeddable":true,"href":"https:\/\/www.ikuchyne.sk\/eshop\/wp-json\/wp\/v2\/product_cat?post=7817"},{"taxonomy":"product_tag","embeddable":true,"href":"https:\/\/www.ikuchyne.sk\/eshop\/wp-json\/wp\/v2\/product_tag?post=7817"}],"curies":[{"name":"wp","href":"https:\/\/api.w.org\/{rel}","templated":true}]}}