{"id":79402,"date":"2018-09-05T14:25:18","date_gmt":"2018-09-05T12:25:18","guid":{"rendered":"https:\/\/ikuchyne.sk\/eshop\/?post_type=product&#038;p=79402"},"modified":"2024-03-10T19:20:03","modified_gmt":"2024-03-10T18:20:03","slug":"dreveny-konferencny-stolik-iron-craft-60-x-100cm-45-mm","status":"publish","type":"product","link":"https:\/\/www.ikuchyne.sk\/eshop\/produkt\/dreveny-konferencny-stolik-iron-craft-60-x-100cm-45-mm\/","title":{"rendered":"Dreven\u00fd konferen\u010dn\u00fd stol\u00edk Iron Craft 60 x 100cm \u2013 45 mm \u00bb"},"content":{"rendered":"<h1>Dreven\u00fd konferen\u010dn\u00fd stol\u00edk Iron Craft 60 x 100cm \u2013 45 mm \u00bb<\/h1>\n<h4><strong>V\u0161eobecn\u00fd popis:<\/strong><\/h4>\n<p>P\u00f4sobiv\u00fd dreven\u00fd konferen\u010dn\u00fd stol\u00edk Iron Craft 60 x 100cm \u2013 45 mm s vrchnou doskou z mas\u00edvneho manga. \u010cierny \u017eelezn\u00fd ly\u017einov\u00fd r\u00e1m pod\u010diarkuje jeho priemyseln\u00fd vzh\u013ead. \u013dahko a v\u0161estranne kombinovate\u013en\u00fd konferen\u010dn\u00fd stol\u00edk. Objednajte si tento mas\u00edvny konferen\u010dn\u00fd stol\u00edk do svojej ob\u00fdva\u010dky u\u017e teraz!<\/p>\n<p>V\u00fdrazn\u00fd p\u00fata\u010d o\u010d\u00ed do va\u0161ej ob\u00fdva\u010dky. N\u00e1\u0161 konferen\u010dn\u00fd stol\u00edk IRON CRAFT kombinuje kr\u00e1sny, pr\u00edrodn\u00fd vzh\u013ead dreva s drsnou atmosf\u00e9rou charakteristick\u00e9ho priemyseln\u00e9ho dizajnu. V\u010faka svojej robustnej doske stola z mas\u00edvneho dreva je tento st\u00f4l mimoriadne v\u00fdrazn\u00fd a \u0161\u00edri pr\u00edrodn\u00fd \u0161mrnc. Aby mas\u00edvna dreven\u00e1 doska stola vyroben\u00e1 z vysoko kvalitn\u00e9ho mangov\u00e9ho dreva z\u00edskala svoj individu\u00e1lny, autentick\u00fd vzh\u013ead, prech\u00e1dza nieko\u013ek\u00fdmi zlo\u017eit\u00fdmi v\u00fdrobn\u00fdmi krokmi. Povrch dosky je jemne nalakovan\u00fd, aby vznikol zamatov\u00fd efekt, ktor\u00fd pekne zv\u00fdrazn\u00ed \u0161trukt\u00faru a povrch dreva.<\/p>\n<p>Ako by ste chceli skombinova\u0165 svoj nov\u00fd konferen\u010dn\u00fd stol\u00edk? Tento konferen\u010dn\u00fd stol\u00edk sa stane nov\u00fdm srdcom va\u0161ej ob\u00fdva\u010dky. V\u010faka nad\u010dasov\u00e9mu dizajnu m\u00f4\u017eete st\u00f4l \u013eahko kombinova\u0165 so \u0161irokou \u0161k\u00e1lou pohoviek, pr\u00edborn\u00edkov a bytov\u00fdch doplnkov. V\u010faka tomu je v\u00e1\u0161 ob\u00fdvac\u00ed priestor obzvl\u00e1\u0161\u0165 individu\u00e1lny a konferen\u010dn\u00fd stol\u00edk z mangov\u00e9ho dreva obohacuje va\u0161u atmosf\u00e9ru &#8211; za\u017eite to sami!<\/p>\n<h4><strong>Detaily produktu:<\/strong><\/h4>\n<p>Preto\u017ee sa jedn\u00e1 o pr\u00edrodn\u00fd produkt, ka\u017ed\u00e1 doska stol\u00edka je absol\u00fatne jedine\u010dn\u00e1. Nerovnosti, charizmatick\u00e9 uzly, praskliny alebo dokonca rozmerov\u00e9 rozdiely s\u00fa mo\u017en\u00e9 a vytv\u00e1raj\u00fa originalitu a vytv\u00e1raj\u00fa \u010daro mas\u00edvneho dreva. Existuj\u00face trhliny s\u00fa po\u010das procesu v\u00fdroby spojen\u00e9 a stabilizovan\u00e9 spojovac\u00edmi kusmi z rovnak\u00e9ho dreva. Preto m\u00f4\u017eu existova\u0165 farebn\u00e9 odch\u00fdlky. \u017diadny z t\u00fdchto d\u00f4vodov nie je d\u00f4vod na reklam\u00e1ciu. Vhodn\u00e9 bytov\u00e9 doplnky pre kombinovanie interi\u00e9ru s t\u00fdmto konferen\u010dn\u00fdm stol\u00edkom n\u00e1jdete na na\u0161om e-shope v sekcii Bytov\u00e9 doplnky. Kontaktujte n\u00e1s a my v\u00e1m radi pom\u00f4\u017eeme s v\u00fdberom vhodn\u00fdch dekor\u00e1ci\u00ed.<\/p>\n<p><strong>\u010eal\u0161ie inform\u00e1cie:<br \/>\n<\/strong>Ka\u017ed\u00fd stol\u00edk je unik\u00e1t, tak\u017ee jednotliv\u00e9 kusy sa m\u00f4\u017eu od seba mierne l\u00ed\u0161i\u0165.\u00a0 Originalita dreva je sp\u00f4soben\u00e1 \u0161irokou \u0161k\u00e1lou farieb a kresieb. N\u00e1bytok z mangov\u00e9ho dreva sa st\u00e1va st\u00e1le viac popul\u00e1rnym v\u010faka vysokej trv\u00e1cnosti a odolnosti.<\/p>\n<p><b>Rozmery stol\u00edka<\/b>:<br \/>\n\u0160\u00edrka stol\u00edka: 60 cm<br \/>\nD\u013a\u017eka stol\u00edka: 100 cm<br \/>\nV\u00fd\u0161ka stol\u00edka: 46 cm<br \/>\n<strong>Hr\u00fabka dosky:<\/strong>\u00a045 mm<\/p>\n<p><b>Materi\u00e1l:\u00a0\u00a0<\/b>drevo (mas\u00edv), mango, lakovan\u00e9, \u017eelezo<\/p>\n<p><b>Farba:<\/b>\u00a0pr\u00edrodn\u00e1, ly\u017einov\u00fd podstavec \u2013 \u017eelezo v Industrial Looku<\/p>\n<p>Dodato\u010dn\u00e9 inform\u00e1cie:<\/p>\n<p>V pr\u00edpade z\u00e1ujmu o in\u00e9 stoly ako toaletn\u00e9, p\u00edsacie, konferen\u010dn\u00e9 stol\u00edky \u010di jed\u00e1lensk\u00e9 stoly, nav\u0161t\u00edvte sekciu stoly na <a href=\"https:\/\/www.ikuchyne.sk\/eshop\/kategoria\/stoly\/\">www.ikuchyne.sk\/eshop<\/a><br \/>\nV pr\u00edpade z\u00e1ujmu o n\u00e1bytok na mieru n\u00e1s kontaktuje na <a href=\"http:\/\/www.ikuchyne.sk\">www.ikuchyne.sk<\/a><\/p>\n","protected":false},"excerpt":{"rendered":"<p>Dreven\u00fd konferen\u010dn\u00fd stol\u00edk Iron Craft 60 x 100cm \u2013 45 mm \u00bb V\u0161eobecn\u00fd popis: P\u00f4sobiv\u00fd dreven\u00fd konferen\u010dn\u00fd stol\u00edk Iron Craft 60 x 100cm \u2013 45 mm s vrchnou doskou z<\/p>\n","protected":false},"featured_media":79403,"comment_status":"open","ping_status":"closed","template":"","meta":[],"product_cat":[842,304,837],"product_tag":[256,261],"yoast_head":"<!-- This site is optimized with the Yoast SEO plugin v22.1 - https:\/\/yoast.com\/wordpress\/plugins\/seo\/ -->\n<title>Dreven\u00fd konferen\u010dn\u00fd stol\u00edk Iron Craft 100 cm&#187; iKuchyne iSHOP s n\u00e1bytkom<\/title>\n<meta name=\"description\" content=\"Dreven\u00fd konferen\u010dn\u00fd stol\u00edk Iron Craft 60 x 100cm \u2013 45 mm \u00bb - r\u00fdchle dodanie, poradenstvo, n\u00e1bytok skladom v Bratislave s ikuchyne.sk - kuchyne na mieru.\" \/>\n<meta name=\"robots\" content=\"index, follow, max-snippet:-1, max-image-preview:large, max-video-preview:-1\" \/>\n<link rel=\"canonical\" href=\"https:\/\/www.ikuchyne.sk\/eshop\/produkt\/dreveny-konferencny-stolik-iron-craft-60-x-100cm-45-mm\/\" \/>\n<meta property=\"og:locale\" content=\"sk_SK\" \/>\n<meta property=\"og:type\" content=\"article\" \/>\n<meta property=\"og:title\" content=\"Dreven\u00fd konferen\u010dn\u00fd stol\u00edk Iron Craft 100 cm&#187; iKuchyne iSHOP s n\u00e1bytkom\" \/>\n<meta property=\"og:description\" content=\"Dreven\u00fd konferen\u010dn\u00fd stol\u00edk Iron Craft 60 x 100cm \u2013 45 mm \u00bb - r\u00fdchle dodanie, poradenstvo, n\u00e1bytok skladom v Bratislave s ikuchyne.sk - kuchyne na mieru.\" \/>\n<meta property=\"og:url\" content=\"https:\/\/www.ikuchyne.sk\/eshop\/produkt\/dreveny-konferencny-stolik-iron-craft-60-x-100cm-45-mm\/\" \/>\n<meta property=\"og:site_name\" content=\"iKuchyne iSHOP s n\u00e1bytkom\" \/>\n<meta property=\"article:publisher\" content=\"https:\/\/www.facebook.com\/ikuchyne\/\" \/>\n<meta property=\"article:modified_time\" content=\"2024-03-10T18:20:03+00:00\" \/>\n<meta property=\"og:image\" content=\"https:\/\/www.ikuchyne.sk\/eshop\/wp-content\/uploads\/2018\/09\/Konferencny-stolik-Iron-Craft-100cm-prirodna-Mango-38662.jpg\" \/>\n\t<meta property=\"og:image:width\" content=\"800\" \/>\n\t<meta property=\"og:image:height\" content=\"533\" \/>\n\t<meta property=\"og:image:type\" content=\"image\/jpeg\" \/>\n<meta name=\"twitter:card\" content=\"summary_large_image\" \/>\n<meta name=\"twitter:label1\" content=\"Predpokladan\u00fd \u010das \u010d\u00edtania\" \/>\n\t<meta name=\"twitter:data1\" content=\"2 min\u00faty\" \/>\n<script type=\"application\/ld+json\" class=\"yoast-schema-graph\">{\"@context\":\"https:\/\/schema.org\",\"@graph\":[{\"@type\":\"WebPage\",\"@id\":\"https:\/\/www.ikuchyne.sk\/eshop\/produkt\/dreveny-konferencny-stolik-iron-craft-60-x-100cm-45-mm\/\",\"url\":\"https:\/\/www.ikuchyne.sk\/eshop\/produkt\/dreveny-konferencny-stolik-iron-craft-60-x-100cm-45-mm\/\",\"name\":\"Dreven\u00fd konferen\u010dn\u00fd stol\u00edk Iron Craft 100 cm&#187; iKuchyne iSHOP s n\u00e1bytkom\",\"isPartOf\":{\"@id\":\"https:\/\/www.ikuchyne.sk\/eshop\/#website\"},\"datePublished\":\"2018-09-05T12:25:18+00:00\",\"dateModified\":\"2024-03-10T18:20:03+00:00\",\"description\":\"Dreven\u00fd konferen\u010dn\u00fd stol\u00edk Iron Craft 60 x 100cm \u2013 45 mm \u00bb - r\u00fdchle dodanie, poradenstvo, n\u00e1bytok skladom v Bratislave s ikuchyne.sk - kuchyne na mieru.\",\"breadcrumb\":{\"@id\":\"https:\/\/www.ikuchyne.sk\/eshop\/produkt\/dreveny-konferencny-stolik-iron-craft-60-x-100cm-45-mm\/#breadcrumb\"},\"inLanguage\":\"sk-SK\",\"potentialAction\":[{\"@type\":\"ReadAction\",\"target\":[\"https:\/\/www.ikuchyne.sk\/eshop\/produkt\/dreveny-konferencny-stolik-iron-craft-60-x-100cm-45-mm\/\"]}]},{\"@type\":\"BreadcrumbList\",\"@id\":\"https:\/\/www.ikuchyne.sk\/eshop\/produkt\/dreveny-konferencny-stolik-iron-craft-60-x-100cm-45-mm\/#breadcrumb\",\"itemListElement\":[{\"@type\":\"ListItem\",\"position\":1,\"name\":\"Home\",\"item\":\"https:\/\/www.ikuchyne.sk\/eshop\/\"},{\"@type\":\"ListItem\",\"position\":2,\"name\":\"Obchod\",\"item\":\"https:\/\/www.ikuchyne.sk\/eshop\/obchod\/\"},{\"@type\":\"ListItem\",\"position\":3,\"name\":\"Dreven\u00fd konferen\u010dn\u00fd stol\u00edk Iron Craft 60 x 100cm \u2013 45 mm \u00bb\"}]},{\"@type\":\"WebSite\",\"@id\":\"https:\/\/www.ikuchyne.sk\/eshop\/#website\",\"url\":\"https:\/\/www.ikuchyne.sk\/eshop\/\",\"name\":\"iKuchyne iSHOP s n\u00e1bytkom\",\"description\":\"Jed\u00e1lensk\u00e9 stoly, stoli\u010dky, n\u00e1bytok, svietidl\u00e1...\",\"publisher\":{\"@id\":\"https:\/\/www.ikuchyne.sk\/eshop\/#organization\"},\"potentialAction\":[{\"@type\":\"SearchAction\",\"target\":{\"@type\":\"EntryPoint\",\"urlTemplate\":\"https:\/\/www.ikuchyne.sk\/eshop\/?s={search_term_string}\"},\"query-input\":\"required name=search_term_string\"}],\"inLanguage\":\"sk-SK\"},{\"@type\":\"Organization\",\"@id\":\"https:\/\/www.ikuchyne.sk\/eshop\/#organization\",\"name\":\"ikuchyne!\",\"url\":\"https:\/\/www.ikuchyne.sk\/eshop\/\",\"logo\":{\"@type\":\"ImageObject\",\"inLanguage\":\"sk-SK\",\"@id\":\"https:\/\/www.ikuchyne.sk\/eshop\/#\/schema\/logo\/image\/\",\"url\":\"https:\/\/www.ikuchyne.sk\/eshop\/wp-content\/uploads\/2017\/04\/ikuchyne-logo.jpg\",\"contentUrl\":\"https:\/\/www.ikuchyne.sk\/eshop\/wp-content\/uploads\/2017\/04\/ikuchyne-logo.jpg\",\"width\":200,\"height\":48,\"caption\":\"ikuchyne!\"},\"image\":{\"@id\":\"https:\/\/www.ikuchyne.sk\/eshop\/#\/schema\/logo\/image\/\"},\"sameAs\":[\"https:\/\/www.facebook.com\/ikuchyne\/\",\"https:\/\/www.instagram.com\/ikuchyne.sk\/\",\"https:\/\/sk.pinterest.com\/ikuchynesk\/\"]}]}<\/script>\n<!-- \/ Yoast SEO plugin. -->","yoast_head_json":{"title":"Dreven\u00fd konferen\u010dn\u00fd stol\u00edk Iron Craft 100 cm&#187; iKuchyne iSHOP s n\u00e1bytkom","description":"Dreven\u00fd konferen\u010dn\u00fd stol\u00edk Iron Craft 60 x 100cm \u2013 45 mm \u00bb - r\u00fdchle dodanie, poradenstvo, n\u00e1bytok skladom v Bratislave s ikuchyne.sk - kuchyne na mieru.","robots":{"index":"index","follow":"follow","max-snippet":"max-snippet:-1","max-image-preview":"max-image-preview:large","max-video-preview":"max-video-preview:-1"},"canonical":"https:\/\/www.ikuchyne.sk\/eshop\/produkt\/dreveny-konferencny-stolik-iron-craft-60-x-100cm-45-mm\/","og_locale":"sk_SK","og_type":"article","og_title":"Dreven\u00fd konferen\u010dn\u00fd stol\u00edk Iron Craft 100 cm&#187; iKuchyne iSHOP s n\u00e1bytkom","og_description":"Dreven\u00fd konferen\u010dn\u00fd stol\u00edk Iron Craft 60 x 100cm \u2013 45 mm \u00bb - r\u00fdchle dodanie, poradenstvo, n\u00e1bytok skladom v Bratislave s ikuchyne.sk - kuchyne na mieru.","og_url":"https:\/\/www.ikuchyne.sk\/eshop\/produkt\/dreveny-konferencny-stolik-iron-craft-60-x-100cm-45-mm\/","og_site_name":"iKuchyne iSHOP s n\u00e1bytkom","article_publisher":"https:\/\/www.facebook.com\/ikuchyne\/","article_modified_time":"2024-03-10T18:20:03+00:00","og_image":[{"width":800,"height":533,"url":"https:\/\/www.ikuchyne.sk\/eshop\/wp-content\/uploads\/2018\/09\/Konferencny-stolik-Iron-Craft-100cm-prirodna-Mango-38662.jpg","type":"image\/jpeg"}],"twitter_card":"summary_large_image","twitter_misc":{"Predpokladan\u00fd \u010das \u010d\u00edtania":"2 min\u00faty"},"schema":{"@context":"https:\/\/schema.org","@graph":[{"@type":"WebPage","@id":"https:\/\/www.ikuchyne.sk\/eshop\/produkt\/dreveny-konferencny-stolik-iron-craft-60-x-100cm-45-mm\/","url":"https:\/\/www.ikuchyne.sk\/eshop\/produkt\/dreveny-konferencny-stolik-iron-craft-60-x-100cm-45-mm\/","name":"Dreven\u00fd konferen\u010dn\u00fd stol\u00edk Iron Craft 100 cm&#187; iKuchyne iSHOP s n\u00e1bytkom","isPartOf":{"@id":"https:\/\/www.ikuchyne.sk\/eshop\/#website"},"datePublished":"2018-09-05T12:25:18+00:00","dateModified":"2024-03-10T18:20:03+00:00","description":"Dreven\u00fd konferen\u010dn\u00fd stol\u00edk Iron Craft 60 x 100cm \u2013 45 mm \u00bb - r\u00fdchle dodanie, poradenstvo, n\u00e1bytok skladom v Bratislave s ikuchyne.sk - kuchyne na mieru.","breadcrumb":{"@id":"https:\/\/www.ikuchyne.sk\/eshop\/produkt\/dreveny-konferencny-stolik-iron-craft-60-x-100cm-45-mm\/#breadcrumb"},"inLanguage":"sk-SK","potentialAction":[{"@type":"ReadAction","target":["https:\/\/www.ikuchyne.sk\/eshop\/produkt\/dreveny-konferencny-stolik-iron-craft-60-x-100cm-45-mm\/"]}]},{"@type":"BreadcrumbList","@id":"https:\/\/www.ikuchyne.sk\/eshop\/produkt\/dreveny-konferencny-stolik-iron-craft-60-x-100cm-45-mm\/#breadcrumb","itemListElement":[{"@type":"ListItem","position":1,"name":"Home","item":"https:\/\/www.ikuchyne.sk\/eshop\/"},{"@type":"ListItem","position":2,"name":"Obchod","item":"https:\/\/www.ikuchyne.sk\/eshop\/obchod\/"},{"@type":"ListItem","position":3,"name":"Dreven\u00fd konferen\u010dn\u00fd stol\u00edk Iron Craft 60 x 100cm \u2013 45 mm \u00bb"}]},{"@type":"WebSite","@id":"https:\/\/www.ikuchyne.sk\/eshop\/#website","url":"https:\/\/www.ikuchyne.sk\/eshop\/","name":"iKuchyne iSHOP s n\u00e1bytkom","description":"Jed\u00e1lensk\u00e9 stoly, stoli\u010dky, n\u00e1bytok, svietidl\u00e1...","publisher":{"@id":"https:\/\/www.ikuchyne.sk\/eshop\/#organization"},"potentialAction":[{"@type":"SearchAction","target":{"@type":"EntryPoint","urlTemplate":"https:\/\/www.ikuchyne.sk\/eshop\/?s={search_term_string}"},"query-input":"required name=search_term_string"}],"inLanguage":"sk-SK"},{"@type":"Organization","@id":"https:\/\/www.ikuchyne.sk\/eshop\/#organization","name":"ikuchyne!","url":"https:\/\/www.ikuchyne.sk\/eshop\/","logo":{"@type":"ImageObject","inLanguage":"sk-SK","@id":"https:\/\/www.ikuchyne.sk\/eshop\/#\/schema\/logo\/image\/","url":"https:\/\/www.ikuchyne.sk\/eshop\/wp-content\/uploads\/2017\/04\/ikuchyne-logo.jpg","contentUrl":"https:\/\/www.ikuchyne.sk\/eshop\/wp-content\/uploads\/2017\/04\/ikuchyne-logo.jpg","width":200,"height":48,"caption":"ikuchyne!"},"image":{"@id":"https:\/\/www.ikuchyne.sk\/eshop\/#\/schema\/logo\/image\/"},"sameAs":["https:\/\/www.facebook.com\/ikuchyne\/","https:\/\/www.instagram.com\/ikuchyne.sk\/","https:\/\/sk.pinterest.com\/ikuchynesk\/"]}]}},"_links":{"self":[{"href":"https:\/\/www.ikuchyne.sk\/eshop\/wp-json\/wp\/v2\/product\/79402"}],"collection":[{"href":"https:\/\/www.ikuchyne.sk\/eshop\/wp-json\/wp\/v2\/product"}],"about":[{"href":"https:\/\/www.ikuchyne.sk\/eshop\/wp-json\/wp\/v2\/types\/product"}],"replies":[{"embeddable":true,"href":"https:\/\/www.ikuchyne.sk\/eshop\/wp-json\/wp\/v2\/comments?post=79402"}],"wp:featuredmedia":[{"embeddable":true,"href":"https:\/\/www.ikuchyne.sk\/eshop\/wp-json\/wp\/v2\/media\/79403"}],"wp:attachment":[{"href":"https:\/\/www.ikuchyne.sk\/eshop\/wp-json\/wp\/v2\/media?parent=79402"}],"wp:term":[{"taxonomy":"product_cat","embeddable":true,"href":"https:\/\/www.ikuchyne.sk\/eshop\/wp-json\/wp\/v2\/product_cat?post=79402"},{"taxonomy":"product_tag","embeddable":true,"href":"https:\/\/www.ikuchyne.sk\/eshop\/wp-json\/wp\/v2\/product_tag?post=79402"}],"curies":[{"name":"wp","href":"https:\/\/api.w.org\/{rel}","templated":true}]}}