{"id":79694,"date":"2018-09-06T16:57:13","date_gmt":"2018-09-06T14:57:13","guid":{"rendered":"https:\/\/ikuchyne.sk\/eshop\/?post_type=product&#038;p=79694"},"modified":"2024-01-10T14:32:40","modified_gmt":"2024-01-10T13:32:40","slug":"seda-stolicka-turin-s-podrucou","status":"publish","type":"product","link":"https:\/\/www.ikuchyne.sk\/eshop\/produkt\/seda-stolicka-turin-s-podrucou\/","title":{"rendered":"\u0160ed\u00e1 stoli\u010dka Turin s podru\u010dou"},"content":{"rendered":"<p><b>Rozmery<\/b> (cca): 60cm x 84cm x 61cm (\u0160xVxH)<br \/>\nsedenie: 43cm x 49cm x 39cm (\u0160xVxH)<br \/>\nv\u00fd\u0161ka opierky chrbta: 42cm<br \/>\nv\u00fd\u0161ka lak\u0165ovej opierky: 19cm<br \/>\n<b>Farba:<\/b> strieborno\u0161ed\u00e1<br \/>\n<b>Materi\u00e1l:<\/b> zamat<\/p>\n<div id=\"mouseposition-extension-element-full-container\" style=\"font-weight: 400;\">\n<div id=\"mouseposition-extension-element-rect-display\" style=\"font-size: 12px; justify-content: center; align-items: center; cursor: default; color: #000000; font-family: 'Helvetica Neue', Helvetica, Arial, sans-serif; width: 0px; height: 0px;\">\n<pre style=\"flex: 1 1 0%; text-align: center; color: #000000; min-width: 42px; min-height: 12px;\"><\/pre>\n<\/div>\n<pre id=\"mouseposition-extension-element-coordinate-display\" style=\"background: #ffffff; font-size: 12px; line-height: 14px; border-radius: 3px; border-width: 1px; border-color: #222222 black #333333; border-style: solid; padding: 3px; color: #222222; cursor: default; font-family: 'Helvetica Neue', Helvetica, Arial, sans-serif;\"><\/pre>\n<\/div>\n","protected":false},"excerpt":{"rendered":"<p>&nbsp;<\/p>\n<div id=\"mouseposition-extension-element-full-container\" style=\"font-weight: 400;\">\n<div id=\"mouseposition-extension-element-rect-display\" style=\"font-size: 12px; justify-content: center; align-items: center; cursor: default; color: #000000; font-family: 'Helvetica Neue', Helvetica, Arial, sans-serif; width: 0px; height: 0px;\">\n<pre style=\"flex: 1 1 0%; text-align: center; color: #000000; min-width: 42px; min-height: 12px;\"><\/pre>\n<\/div>\n<pre id=\"mouseposition-extension-element-coordinate-display\" style=\"background: #ffffff; font-size: 12px; line-height: 14px; border-radius: 3px; border-width: 1px; border-color: #222222 black #333333; border-style: solid; padding: 3px; color: #222222; cursor: default; font-family: 'Helvetica Neue', Helvetica, Arial, sans-serif;\"><\/pre>\n<\/div>\n","protected":false},"featured_media":79695,"comment_status":"open","ping_status":"closed","template":"","meta":[],"product_cat":[310,823,829,830,288],"product_tag":[266],"yoast_head":"<!-- This site is optimized with the Yoast SEO plugin v22.1 - https:\/\/yoast.com\/wordpress\/plugins\/seo\/ -->\n<title>\u0160ed\u00e1 stoli\u010dka Turin s podru\u010dou &#187; iKuchyne iSHOP s n\u00e1bytkom<\/title>\n<meta name=\"description\" content=\"K\u00fapte si u n\u00e1s \u0160ed\u00e1 stoli\u010dka Turin s podru\u010dou za akciov\u00fa cenu. R\u00fdchle dodanie tovaru, odborn\u00e9 poradenstvo a stovky produktov skladom. \u0160ed\u00e1 stoli\u010dka Turin s podru\u010dou sa stane dominantou V\u00e1\u0161ho interi\u00e9ru. Internetov\u00fd obchod ikuchyne! pon\u00faka odber \u0160ed\u00e1 stoli\u010dka Turin s podru\u010dou u\u017e od 1 kusu.\" \/>\n<meta name=\"robots\" content=\"index, follow, max-snippet:-1, max-image-preview:large, max-video-preview:-1\" \/>\n<link rel=\"canonical\" href=\"https:\/\/www.ikuchyne.sk\/eshop\/produkt\/seda-stolicka-turin-s-podrucou\/\" \/>\n<meta property=\"og:locale\" content=\"sk_SK\" \/>\n<meta property=\"og:type\" content=\"article\" \/>\n<meta property=\"og:title\" content=\"\u0160ed\u00e1 stoli\u010dka Turin s podru\u010dou &#187; iKuchyne iSHOP s n\u00e1bytkom\" \/>\n<meta property=\"og:description\" content=\"K\u00fapte si u n\u00e1s \u0160ed\u00e1 stoli\u010dka Turin s podru\u010dou za akciov\u00fa cenu. R\u00fdchle dodanie tovaru, odborn\u00e9 poradenstvo a stovky produktov skladom. \u0160ed\u00e1 stoli\u010dka Turin s podru\u010dou sa stane dominantou V\u00e1\u0161ho interi\u00e9ru. Internetov\u00fd obchod ikuchyne! pon\u00faka odber \u0160ed\u00e1 stoli\u010dka Turin s podru\u010dou u\u017e od 1 kusu.\" \/>\n<meta property=\"og:url\" content=\"https:\/\/www.ikuchyne.sk\/eshop\/produkt\/seda-stolicka-turin-s-podrucou\/\" \/>\n<meta property=\"og:site_name\" content=\"iKuchyne iSHOP s n\u00e1bytkom\" \/>\n<meta property=\"article:publisher\" content=\"https:\/\/www.facebook.com\/ikuchyne\/\" \/>\n<meta property=\"article:modified_time\" content=\"2024-01-10T13:32:40+00:00\" \/>\n<meta property=\"og:image\" content=\"https:\/\/www.ikuchyne.sk\/eshop\/wp-content\/uploads\/2018\/09\/Stolicka-Turin-Armlehne-striebornoseda-38787.jpg\" \/>\n\t<meta property=\"og:image:width\" content=\"593\" \/>\n\t<meta property=\"og:image:height\" content=\"800\" \/>\n\t<meta property=\"og:image:type\" content=\"image\/jpeg\" \/>\n<meta name=\"twitter:card\" content=\"summary_large_image\" \/>\n<script type=\"application\/ld+json\" class=\"yoast-schema-graph\">{\"@context\":\"https:\/\/schema.org\",\"@graph\":[{\"@type\":\"WebPage\",\"@id\":\"https:\/\/www.ikuchyne.sk\/eshop\/produkt\/seda-stolicka-turin-s-podrucou\/\",\"url\":\"https:\/\/www.ikuchyne.sk\/eshop\/produkt\/seda-stolicka-turin-s-podrucou\/\",\"name\":\"\u0160ed\u00e1 stoli\u010dka Turin s podru\u010dou &#187; iKuchyne iSHOP s n\u00e1bytkom\",\"isPartOf\":{\"@id\":\"https:\/\/www.ikuchyne.sk\/eshop\/#website\"},\"datePublished\":\"2018-09-06T14:57:13+00:00\",\"dateModified\":\"2024-01-10T13:32:40+00:00\",\"description\":\"K\u00fapte si u n\u00e1s \u0160ed\u00e1 stoli\u010dka Turin s podru\u010dou za akciov\u00fa cenu. R\u00fdchle dodanie tovaru, odborn\u00e9 poradenstvo a stovky produktov skladom. \u0160ed\u00e1 stoli\u010dka Turin s podru\u010dou sa stane dominantou V\u00e1\u0161ho interi\u00e9ru. Internetov\u00fd obchod ikuchyne! pon\u00faka odber \u0160ed\u00e1 stoli\u010dka Turin s podru\u010dou u\u017e od 1 kusu.\",\"breadcrumb\":{\"@id\":\"https:\/\/www.ikuchyne.sk\/eshop\/produkt\/seda-stolicka-turin-s-podrucou\/#breadcrumb\"},\"inLanguage\":\"sk-SK\",\"potentialAction\":[{\"@type\":\"ReadAction\",\"target\":[\"https:\/\/www.ikuchyne.sk\/eshop\/produkt\/seda-stolicka-turin-s-podrucou\/\"]}]},{\"@type\":\"BreadcrumbList\",\"@id\":\"https:\/\/www.ikuchyne.sk\/eshop\/produkt\/seda-stolicka-turin-s-podrucou\/#breadcrumb\",\"itemListElement\":[{\"@type\":\"ListItem\",\"position\":1,\"name\":\"Home\",\"item\":\"https:\/\/www.ikuchyne.sk\/eshop\/\"},{\"@type\":\"ListItem\",\"position\":2,\"name\":\"Obchod\",\"item\":\"https:\/\/www.ikuchyne.sk\/eshop\/obchod\/\"},{\"@type\":\"ListItem\",\"position\":3,\"name\":\"\u0160ed\u00e1 stoli\u010dka Turin s podru\u010dou\"}]},{\"@type\":\"WebSite\",\"@id\":\"https:\/\/www.ikuchyne.sk\/eshop\/#website\",\"url\":\"https:\/\/www.ikuchyne.sk\/eshop\/\",\"name\":\"iKuchyne iSHOP s n\u00e1bytkom\",\"description\":\"Jed\u00e1lensk\u00e9 stoly, stoli\u010dky, n\u00e1bytok, svietidl\u00e1...\",\"publisher\":{\"@id\":\"https:\/\/www.ikuchyne.sk\/eshop\/#organization\"},\"potentialAction\":[{\"@type\":\"SearchAction\",\"target\":{\"@type\":\"EntryPoint\",\"urlTemplate\":\"https:\/\/www.ikuchyne.sk\/eshop\/?s={search_term_string}\"},\"query-input\":\"required name=search_term_string\"}],\"inLanguage\":\"sk-SK\"},{\"@type\":\"Organization\",\"@id\":\"https:\/\/www.ikuchyne.sk\/eshop\/#organization\",\"name\":\"ikuchyne!\",\"url\":\"https:\/\/www.ikuchyne.sk\/eshop\/\",\"logo\":{\"@type\":\"ImageObject\",\"inLanguage\":\"sk-SK\",\"@id\":\"https:\/\/www.ikuchyne.sk\/eshop\/#\/schema\/logo\/image\/\",\"url\":\"https:\/\/www.ikuchyne.sk\/eshop\/wp-content\/uploads\/2017\/04\/ikuchyne-logo.jpg\",\"contentUrl\":\"https:\/\/www.ikuchyne.sk\/eshop\/wp-content\/uploads\/2017\/04\/ikuchyne-logo.jpg\",\"width\":200,\"height\":48,\"caption\":\"ikuchyne!\"},\"image\":{\"@id\":\"https:\/\/www.ikuchyne.sk\/eshop\/#\/schema\/logo\/image\/\"},\"sameAs\":[\"https:\/\/www.facebook.com\/ikuchyne\/\",\"https:\/\/www.instagram.com\/ikuchyne.sk\/\",\"https:\/\/sk.pinterest.com\/ikuchynesk\/\"]}]}<\/script>\n<!-- \/ Yoast SEO plugin. -->","yoast_head_json":{"title":"\u0160ed\u00e1 stoli\u010dka Turin s podru\u010dou &#187; iKuchyne iSHOP s n\u00e1bytkom","description":"K\u00fapte si u n\u00e1s \u0160ed\u00e1 stoli\u010dka Turin s podru\u010dou za akciov\u00fa cenu. R\u00fdchle dodanie tovaru, odborn\u00e9 poradenstvo a stovky produktov skladom. \u0160ed\u00e1 stoli\u010dka Turin s podru\u010dou sa stane dominantou V\u00e1\u0161ho interi\u00e9ru. Internetov\u00fd obchod ikuchyne! pon\u00faka odber \u0160ed\u00e1 stoli\u010dka Turin s podru\u010dou u\u017e od 1 kusu.","robots":{"index":"index","follow":"follow","max-snippet":"max-snippet:-1","max-image-preview":"max-image-preview:large","max-video-preview":"max-video-preview:-1"},"canonical":"https:\/\/www.ikuchyne.sk\/eshop\/produkt\/seda-stolicka-turin-s-podrucou\/","og_locale":"sk_SK","og_type":"article","og_title":"\u0160ed\u00e1 stoli\u010dka Turin s podru\u010dou &#187; iKuchyne iSHOP s n\u00e1bytkom","og_description":"K\u00fapte si u n\u00e1s \u0160ed\u00e1 stoli\u010dka Turin s podru\u010dou za akciov\u00fa cenu. R\u00fdchle dodanie tovaru, odborn\u00e9 poradenstvo a stovky produktov skladom. \u0160ed\u00e1 stoli\u010dka Turin s podru\u010dou sa stane dominantou V\u00e1\u0161ho interi\u00e9ru. Internetov\u00fd obchod ikuchyne! pon\u00faka odber \u0160ed\u00e1 stoli\u010dka Turin s podru\u010dou u\u017e od 1 kusu.","og_url":"https:\/\/www.ikuchyne.sk\/eshop\/produkt\/seda-stolicka-turin-s-podrucou\/","og_site_name":"iKuchyne iSHOP s n\u00e1bytkom","article_publisher":"https:\/\/www.facebook.com\/ikuchyne\/","article_modified_time":"2024-01-10T13:32:40+00:00","og_image":[{"width":593,"height":800,"url":"https:\/\/www.ikuchyne.sk\/eshop\/wp-content\/uploads\/2018\/09\/Stolicka-Turin-Armlehne-striebornoseda-38787.jpg","type":"image\/jpeg"}],"twitter_card":"summary_large_image","schema":{"@context":"https:\/\/schema.org","@graph":[{"@type":"WebPage","@id":"https:\/\/www.ikuchyne.sk\/eshop\/produkt\/seda-stolicka-turin-s-podrucou\/","url":"https:\/\/www.ikuchyne.sk\/eshop\/produkt\/seda-stolicka-turin-s-podrucou\/","name":"\u0160ed\u00e1 stoli\u010dka Turin s podru\u010dou &#187; iKuchyne iSHOP s n\u00e1bytkom","isPartOf":{"@id":"https:\/\/www.ikuchyne.sk\/eshop\/#website"},"datePublished":"2018-09-06T14:57:13+00:00","dateModified":"2024-01-10T13:32:40+00:00","description":"K\u00fapte si u n\u00e1s \u0160ed\u00e1 stoli\u010dka Turin s podru\u010dou za akciov\u00fa cenu. R\u00fdchle dodanie tovaru, odborn\u00e9 poradenstvo a stovky produktov skladom. \u0160ed\u00e1 stoli\u010dka Turin s podru\u010dou sa stane dominantou V\u00e1\u0161ho interi\u00e9ru. Internetov\u00fd obchod ikuchyne! pon\u00faka odber \u0160ed\u00e1 stoli\u010dka Turin s podru\u010dou u\u017e od 1 kusu.","breadcrumb":{"@id":"https:\/\/www.ikuchyne.sk\/eshop\/produkt\/seda-stolicka-turin-s-podrucou\/#breadcrumb"},"inLanguage":"sk-SK","potentialAction":[{"@type":"ReadAction","target":["https:\/\/www.ikuchyne.sk\/eshop\/produkt\/seda-stolicka-turin-s-podrucou\/"]}]},{"@type":"BreadcrumbList","@id":"https:\/\/www.ikuchyne.sk\/eshop\/produkt\/seda-stolicka-turin-s-podrucou\/#breadcrumb","itemListElement":[{"@type":"ListItem","position":1,"name":"Home","item":"https:\/\/www.ikuchyne.sk\/eshop\/"},{"@type":"ListItem","position":2,"name":"Obchod","item":"https:\/\/www.ikuchyne.sk\/eshop\/obchod\/"},{"@type":"ListItem","position":3,"name":"\u0160ed\u00e1 stoli\u010dka Turin s podru\u010dou"}]},{"@type":"WebSite","@id":"https:\/\/www.ikuchyne.sk\/eshop\/#website","url":"https:\/\/www.ikuchyne.sk\/eshop\/","name":"iKuchyne iSHOP s n\u00e1bytkom","description":"Jed\u00e1lensk\u00e9 stoly, stoli\u010dky, n\u00e1bytok, svietidl\u00e1...","publisher":{"@id":"https:\/\/www.ikuchyne.sk\/eshop\/#organization"},"potentialAction":[{"@type":"SearchAction","target":{"@type":"EntryPoint","urlTemplate":"https:\/\/www.ikuchyne.sk\/eshop\/?s={search_term_string}"},"query-input":"required name=search_term_string"}],"inLanguage":"sk-SK"},{"@type":"Organization","@id":"https:\/\/www.ikuchyne.sk\/eshop\/#organization","name":"ikuchyne!","url":"https:\/\/www.ikuchyne.sk\/eshop\/","logo":{"@type":"ImageObject","inLanguage":"sk-SK","@id":"https:\/\/www.ikuchyne.sk\/eshop\/#\/schema\/logo\/image\/","url":"https:\/\/www.ikuchyne.sk\/eshop\/wp-content\/uploads\/2017\/04\/ikuchyne-logo.jpg","contentUrl":"https:\/\/www.ikuchyne.sk\/eshop\/wp-content\/uploads\/2017\/04\/ikuchyne-logo.jpg","width":200,"height":48,"caption":"ikuchyne!"},"image":{"@id":"https:\/\/www.ikuchyne.sk\/eshop\/#\/schema\/logo\/image\/"},"sameAs":["https:\/\/www.facebook.com\/ikuchyne\/","https:\/\/www.instagram.com\/ikuchyne.sk\/","https:\/\/sk.pinterest.com\/ikuchynesk\/"]}]}},"_links":{"self":[{"href":"https:\/\/www.ikuchyne.sk\/eshop\/wp-json\/wp\/v2\/product\/79694"}],"collection":[{"href":"https:\/\/www.ikuchyne.sk\/eshop\/wp-json\/wp\/v2\/product"}],"about":[{"href":"https:\/\/www.ikuchyne.sk\/eshop\/wp-json\/wp\/v2\/types\/product"}],"replies":[{"embeddable":true,"href":"https:\/\/www.ikuchyne.sk\/eshop\/wp-json\/wp\/v2\/comments?post=79694"}],"wp:featuredmedia":[{"embeddable":true,"href":"https:\/\/www.ikuchyne.sk\/eshop\/wp-json\/wp\/v2\/media\/79695"}],"wp:attachment":[{"href":"https:\/\/www.ikuchyne.sk\/eshop\/wp-json\/wp\/v2\/media?parent=79694"}],"wp:term":[{"taxonomy":"product_cat","embeddable":true,"href":"https:\/\/www.ikuchyne.sk\/eshop\/wp-json\/wp\/v2\/product_cat?post=79694"},{"taxonomy":"product_tag","embeddable":true,"href":"https:\/\/www.ikuchyne.sk\/eshop\/wp-json\/wp\/v2\/product_tag?post=79694"}],"curies":[{"name":"wp","href":"https:\/\/api.w.org\/{rel}","templated":true}]}}