{"id":79772,"date":"2018-09-10T10:17:34","date_gmt":"2018-09-10T08:17:34","guid":{"rendered":"https:\/\/ikuchyne.sk\/eshop\/?post_type=product&#038;p=79772"},"modified":"2024-03-10T19:20:02","modified_gmt":"2024-03-10T18:20:02","slug":"komoda-tropical-45-x-175-cm","status":"publish","type":"product","link":"https:\/\/www.ikuchyne.sk\/eshop\/produkt\/komoda-tropical-45-x-175-cm\/","title":{"rendered":"Komoda Tropical 45 x 175 cm \u00bb"},"content":{"rendered":"<h1>Komoda Tropical 45 x 175 cm<\/h1>\n<p><strong>V\u0161eobecn\u00fd opis komody:<br \/>\n<\/strong>Komoda s exotick\u00fdm nielen menom, ale aj dizajnom, ktor\u00fd dotv\u00e1raj\u00fa vyrez\u00e1van\u00e9 ornamenty s pr\u00edrodn\u00fdm mot\u00edvom. Pozost\u00e1va zo \u0161tyroch priehradok, ktor\u00e9 s\u00fa ukryt\u00e9 za dvierkami s \u00fachytkami. Podno\u017e komody tvor\u00ed kovov\u00fd podstavec. Povrch komody je z mas\u00edvu unik\u00e1tneho mangov\u00e9ho dreva. Tvoria ho ornamenty v pr\u00edrodnej farbe dreva, ktor\u00e9 kontrastuj\u00fa s antracitov\u00fdm podkladom. T\u00e1to kr\u00e1sna a unik\u00e1tna komoda je ve\u013emi priestrann\u00e1 a v\u010faka unik\u00e1tnemu dizajnu zaujme nejedno oko.\u00a0Svoje vyu\u017eitie n\u00e1jde aj ako pr\u00edborn\u00edk v jed\u00e1lni.<\/p>\n<p><strong>Povrch komody:<br \/>\n<\/strong>Povrch komody tvor\u00ed exotick\u00e9 mangov\u00e9 drevo v antracitovej a pr\u00edrodnej farbe.<\/p>\n<p><strong>Podno\u017e komody:\u00a0<\/strong><br \/>\nPodno\u017e komody je tvoren\u00e1 kovov\u00fdm podstavcom.<\/p>\n<p><strong>\u010eal\u0161ie inform\u00e1cie:<br \/>\n<\/strong>T\u00e1to komoda je ru\u010dn\u00e1 pr\u00e1ca a pr\u00edrodn\u00fd produkt, tak\u017ee m\u00f4\u017ee vykazova\u0165 farebn\u00e9 vari\u00e1cie a povrchov\u00e9 nerovnosti.\u00a0N\u00e1bytok treba \u010disti\u0165\u00a0vlhkou\u200b handri\u010dkou,\u200bktor\u00e1\u200b nep\u00fa\u0161\u0165a vl\u00e1kna \u200ba n\u00e1sledne ihne\u010f vytrie\u0165 do sucha.\u00a0\u00a0Na udr\u017eanie svie\u017eeho vzh\u013eadu raz za tri mesiace \u013eanov\u00fd olej alebo vosk. Pou\u017e\u00edvame pr\u00edpravky len na \u00fadr\u017ebu dreva.<\/p>\n<p><b>Rozmery komody:<\/b><br \/>\n\u0160\u00edrka: 45 cm<br \/>\nD\u013a\u017eka: 175 cm<br \/>\nV\u00fd\u0161ka: 75 cm<br \/>\n<strong>Rozmery priehradky:<\/strong> 85 x 27 x 38 cm (\u0160xVxH)<br \/>\n<strong>V\u00fd\u0161ka no\u017ei\u010diek:<\/strong> 15 cm<\/p>\n<p><b>Materi\u00e1l:\u00a0<\/b>drevo (mas\u00edv) \u2013 mango,\u00a0 kov<\/p>\n<p><b>Farba:<\/b>\u00a0pr\u00edrodn\u00e1, antracit<\/p>\n","protected":false},"excerpt":{"rendered":"<p><b>Rozmery<\/b> (cca): 175cm x 75cm x 45cm (\u0160xVxH)<br \/>\nPriehradky: 85cm x 27cm x 38cm (BxHT)<br \/>\nv\u00fd\u0161ka no\u017ei\u010diek: 15cm<br \/>\n<b>Farba:<\/b> antracit pr\u00edrodn\u00e1<br \/>\n<b>Materi\u00e1l:<\/b> drevo (mas\u00edv), Mango<br \/>\nkovov\u00fd stojan<br \/>\nKe\u010f\u017ee sa jedn\u00e1 o ru\u010dn\u00fa pr\u00e1cu a z\u00e1rove\u0148 pr\u00edrodn\u00fd produkt, m\u00f4\u017eu sa jednotliv\u00e9 kusy od seba mierne l\u00ed\u0161i\u0165.<\/p>\n","protected":false},"featured_media":79773,"comment_status":"open","ping_status":"closed","template":"","meta":[],"product_cat":[293,286],"product_tag":[1043],"yoast_head":"<!-- This site is optimized with the Yoast SEO plugin v22.1 - https:\/\/yoast.com\/wordpress\/plugins\/seo\/ -->\n<title>Komoda Tropical 45 x 175 cm \u00bb &#187; iKuchyne iSHOP s n\u00e1bytkom<\/title>\n<meta name=\"description\" content=\"K\u00fapte si u n\u00e1s Komoda Tropical 45 x 175 cm \u00bb za akciov\u00fa cenu. R\u00fdchle dodanie tovaru, odborn\u00e9 poradenstvo a stovky produktov skladom. Komoda Tropical 45 x 175 cm \u00bb sa stane dominantou V\u00e1\u0161ho interi\u00e9ru. Internetov\u00fd obchod ikuchyne! pon\u00faka odber Komoda Tropical 45 x 175 cm \u00bb u\u017e od 1 kusu.\" \/>\n<meta name=\"robots\" content=\"index, follow, max-snippet:-1, max-image-preview:large, max-video-preview:-1\" \/>\n<link rel=\"canonical\" href=\"https:\/\/www.ikuchyne.sk\/eshop\/produkt\/komoda-tropical-45-x-175-cm\/\" \/>\n<meta property=\"og:locale\" content=\"sk_SK\" \/>\n<meta property=\"og:type\" content=\"article\" \/>\n<meta property=\"og:title\" content=\"Komoda Tropical 45 x 175 cm \u00bb &#187; iKuchyne iSHOP s n\u00e1bytkom\" \/>\n<meta property=\"og:description\" content=\"K\u00fapte si u n\u00e1s Komoda Tropical 45 x 175 cm \u00bb za akciov\u00fa cenu. R\u00fdchle dodanie tovaru, odborn\u00e9 poradenstvo a stovky produktov skladom. Komoda Tropical 45 x 175 cm \u00bb sa stane dominantou V\u00e1\u0161ho interi\u00e9ru. Internetov\u00fd obchod ikuchyne! pon\u00faka odber Komoda Tropical 45 x 175 cm \u00bb u\u017e od 1 kusu.\" \/>\n<meta property=\"og:url\" content=\"https:\/\/www.ikuchyne.sk\/eshop\/produkt\/komoda-tropical-45-x-175-cm\/\" \/>\n<meta property=\"og:site_name\" content=\"iKuchyne iSHOP s n\u00e1bytkom\" \/>\n<meta property=\"article:publisher\" content=\"https:\/\/www.facebook.com\/ikuchyne\/\" \/>\n<meta property=\"article:modified_time\" content=\"2024-03-10T18:20:02+00:00\" \/>\n<meta property=\"og:image\" content=\"https:\/\/www.ikuchyne.sk\/eshop\/wp-content\/uploads\/2018\/09\/Pribornik-Tropical-175cm-Mango-38728.jpg\" \/>\n\t<meta property=\"og:image:width\" content=\"800\" \/>\n\t<meta property=\"og:image:height\" content=\"533\" \/>\n\t<meta property=\"og:image:type\" content=\"image\/jpeg\" \/>\n<meta name=\"twitter:card\" content=\"summary_large_image\" \/>\n<meta name=\"twitter:label1\" content=\"Predpokladan\u00fd \u010das \u010d\u00edtania\" \/>\n\t<meta name=\"twitter:data1\" content=\"1 min\u00fata\" \/>\n<script type=\"application\/ld+json\" class=\"yoast-schema-graph\">{\"@context\":\"https:\/\/schema.org\",\"@graph\":[{\"@type\":\"WebPage\",\"@id\":\"https:\/\/www.ikuchyne.sk\/eshop\/produkt\/komoda-tropical-45-x-175-cm\/\",\"url\":\"https:\/\/www.ikuchyne.sk\/eshop\/produkt\/komoda-tropical-45-x-175-cm\/\",\"name\":\"Komoda Tropical 45 x 175 cm \u00bb &#187; iKuchyne iSHOP s n\u00e1bytkom\",\"isPartOf\":{\"@id\":\"https:\/\/www.ikuchyne.sk\/eshop\/#website\"},\"datePublished\":\"2018-09-10T08:17:34+00:00\",\"dateModified\":\"2024-03-10T18:20:02+00:00\",\"description\":\"K\u00fapte si u n\u00e1s Komoda Tropical 45 x 175 cm \u00bb za akciov\u00fa cenu. R\u00fdchle dodanie tovaru, odborn\u00e9 poradenstvo a stovky produktov skladom. Komoda Tropical 45 x 175 cm \u00bb sa stane dominantou V\u00e1\u0161ho interi\u00e9ru. Internetov\u00fd obchod ikuchyne! pon\u00faka odber Komoda Tropical 45 x 175 cm \u00bb u\u017e od 1 kusu.\",\"breadcrumb\":{\"@id\":\"https:\/\/www.ikuchyne.sk\/eshop\/produkt\/komoda-tropical-45-x-175-cm\/#breadcrumb\"},\"inLanguage\":\"sk-SK\",\"potentialAction\":[{\"@type\":\"ReadAction\",\"target\":[\"https:\/\/www.ikuchyne.sk\/eshop\/produkt\/komoda-tropical-45-x-175-cm\/\"]}]},{\"@type\":\"BreadcrumbList\",\"@id\":\"https:\/\/www.ikuchyne.sk\/eshop\/produkt\/komoda-tropical-45-x-175-cm\/#breadcrumb\",\"itemListElement\":[{\"@type\":\"ListItem\",\"position\":1,\"name\":\"Home\",\"item\":\"https:\/\/www.ikuchyne.sk\/eshop\/\"},{\"@type\":\"ListItem\",\"position\":2,\"name\":\"Obchod\",\"item\":\"https:\/\/www.ikuchyne.sk\/eshop\/obchod\/\"},{\"@type\":\"ListItem\",\"position\":3,\"name\":\"Komoda Tropical 45 x 175 cm \u00bb\"}]},{\"@type\":\"WebSite\",\"@id\":\"https:\/\/www.ikuchyne.sk\/eshop\/#website\",\"url\":\"https:\/\/www.ikuchyne.sk\/eshop\/\",\"name\":\"iKuchyne iSHOP s n\u00e1bytkom\",\"description\":\"Jed\u00e1lensk\u00e9 stoly, stoli\u010dky, n\u00e1bytok, svietidl\u00e1...\",\"publisher\":{\"@id\":\"https:\/\/www.ikuchyne.sk\/eshop\/#organization\"},\"potentialAction\":[{\"@type\":\"SearchAction\",\"target\":{\"@type\":\"EntryPoint\",\"urlTemplate\":\"https:\/\/www.ikuchyne.sk\/eshop\/?s={search_term_string}\"},\"query-input\":\"required name=search_term_string\"}],\"inLanguage\":\"sk-SK\"},{\"@type\":\"Organization\",\"@id\":\"https:\/\/www.ikuchyne.sk\/eshop\/#organization\",\"name\":\"ikuchyne!\",\"url\":\"https:\/\/www.ikuchyne.sk\/eshop\/\",\"logo\":{\"@type\":\"ImageObject\",\"inLanguage\":\"sk-SK\",\"@id\":\"https:\/\/www.ikuchyne.sk\/eshop\/#\/schema\/logo\/image\/\",\"url\":\"https:\/\/www.ikuchyne.sk\/eshop\/wp-content\/uploads\/2017\/04\/ikuchyne-logo.jpg\",\"contentUrl\":\"https:\/\/www.ikuchyne.sk\/eshop\/wp-content\/uploads\/2017\/04\/ikuchyne-logo.jpg\",\"width\":200,\"height\":48,\"caption\":\"ikuchyne!\"},\"image\":{\"@id\":\"https:\/\/www.ikuchyne.sk\/eshop\/#\/schema\/logo\/image\/\"},\"sameAs\":[\"https:\/\/www.facebook.com\/ikuchyne\/\",\"https:\/\/www.instagram.com\/ikuchyne.sk\/\",\"https:\/\/sk.pinterest.com\/ikuchynesk\/\"]}]}<\/script>\n<!-- \/ Yoast SEO plugin. -->","yoast_head_json":{"title":"Komoda Tropical 45 x 175 cm \u00bb &#187; iKuchyne iSHOP s n\u00e1bytkom","description":"K\u00fapte si u n\u00e1s Komoda Tropical 45 x 175 cm \u00bb za akciov\u00fa cenu. R\u00fdchle dodanie tovaru, odborn\u00e9 poradenstvo a stovky produktov skladom. Komoda Tropical 45 x 175 cm \u00bb sa stane dominantou V\u00e1\u0161ho interi\u00e9ru. Internetov\u00fd obchod ikuchyne! pon\u00faka odber Komoda Tropical 45 x 175 cm \u00bb u\u017e od 1 kusu.","robots":{"index":"index","follow":"follow","max-snippet":"max-snippet:-1","max-image-preview":"max-image-preview:large","max-video-preview":"max-video-preview:-1"},"canonical":"https:\/\/www.ikuchyne.sk\/eshop\/produkt\/komoda-tropical-45-x-175-cm\/","og_locale":"sk_SK","og_type":"article","og_title":"Komoda Tropical 45 x 175 cm \u00bb &#187; iKuchyne iSHOP s n\u00e1bytkom","og_description":"K\u00fapte si u n\u00e1s Komoda Tropical 45 x 175 cm \u00bb za akciov\u00fa cenu. R\u00fdchle dodanie tovaru, odborn\u00e9 poradenstvo a stovky produktov skladom. Komoda Tropical 45 x 175 cm \u00bb sa stane dominantou V\u00e1\u0161ho interi\u00e9ru. Internetov\u00fd obchod ikuchyne! pon\u00faka odber Komoda Tropical 45 x 175 cm \u00bb u\u017e od 1 kusu.","og_url":"https:\/\/www.ikuchyne.sk\/eshop\/produkt\/komoda-tropical-45-x-175-cm\/","og_site_name":"iKuchyne iSHOP s n\u00e1bytkom","article_publisher":"https:\/\/www.facebook.com\/ikuchyne\/","article_modified_time":"2024-03-10T18:20:02+00:00","og_image":[{"width":800,"height":533,"url":"https:\/\/www.ikuchyne.sk\/eshop\/wp-content\/uploads\/2018\/09\/Pribornik-Tropical-175cm-Mango-38728.jpg","type":"image\/jpeg"}],"twitter_card":"summary_large_image","twitter_misc":{"Predpokladan\u00fd \u010das \u010d\u00edtania":"1 min\u00fata"},"schema":{"@context":"https:\/\/schema.org","@graph":[{"@type":"WebPage","@id":"https:\/\/www.ikuchyne.sk\/eshop\/produkt\/komoda-tropical-45-x-175-cm\/","url":"https:\/\/www.ikuchyne.sk\/eshop\/produkt\/komoda-tropical-45-x-175-cm\/","name":"Komoda Tropical 45 x 175 cm \u00bb &#187; iKuchyne iSHOP s n\u00e1bytkom","isPartOf":{"@id":"https:\/\/www.ikuchyne.sk\/eshop\/#website"},"datePublished":"2018-09-10T08:17:34+00:00","dateModified":"2024-03-10T18:20:02+00:00","description":"K\u00fapte si u n\u00e1s Komoda Tropical 45 x 175 cm \u00bb za akciov\u00fa cenu. R\u00fdchle dodanie tovaru, odborn\u00e9 poradenstvo a stovky produktov skladom. Komoda Tropical 45 x 175 cm \u00bb sa stane dominantou V\u00e1\u0161ho interi\u00e9ru. Internetov\u00fd obchod ikuchyne! pon\u00faka odber Komoda Tropical 45 x 175 cm \u00bb u\u017e od 1 kusu.","breadcrumb":{"@id":"https:\/\/www.ikuchyne.sk\/eshop\/produkt\/komoda-tropical-45-x-175-cm\/#breadcrumb"},"inLanguage":"sk-SK","potentialAction":[{"@type":"ReadAction","target":["https:\/\/www.ikuchyne.sk\/eshop\/produkt\/komoda-tropical-45-x-175-cm\/"]}]},{"@type":"BreadcrumbList","@id":"https:\/\/www.ikuchyne.sk\/eshop\/produkt\/komoda-tropical-45-x-175-cm\/#breadcrumb","itemListElement":[{"@type":"ListItem","position":1,"name":"Home","item":"https:\/\/www.ikuchyne.sk\/eshop\/"},{"@type":"ListItem","position":2,"name":"Obchod","item":"https:\/\/www.ikuchyne.sk\/eshop\/obchod\/"},{"@type":"ListItem","position":3,"name":"Komoda Tropical 45 x 175 cm \u00bb"}]},{"@type":"WebSite","@id":"https:\/\/www.ikuchyne.sk\/eshop\/#website","url":"https:\/\/www.ikuchyne.sk\/eshop\/","name":"iKuchyne iSHOP s n\u00e1bytkom","description":"Jed\u00e1lensk\u00e9 stoly, stoli\u010dky, n\u00e1bytok, svietidl\u00e1...","publisher":{"@id":"https:\/\/www.ikuchyne.sk\/eshop\/#organization"},"potentialAction":[{"@type":"SearchAction","target":{"@type":"EntryPoint","urlTemplate":"https:\/\/www.ikuchyne.sk\/eshop\/?s={search_term_string}"},"query-input":"required name=search_term_string"}],"inLanguage":"sk-SK"},{"@type":"Organization","@id":"https:\/\/www.ikuchyne.sk\/eshop\/#organization","name":"ikuchyne!","url":"https:\/\/www.ikuchyne.sk\/eshop\/","logo":{"@type":"ImageObject","inLanguage":"sk-SK","@id":"https:\/\/www.ikuchyne.sk\/eshop\/#\/schema\/logo\/image\/","url":"https:\/\/www.ikuchyne.sk\/eshop\/wp-content\/uploads\/2017\/04\/ikuchyne-logo.jpg","contentUrl":"https:\/\/www.ikuchyne.sk\/eshop\/wp-content\/uploads\/2017\/04\/ikuchyne-logo.jpg","width":200,"height":48,"caption":"ikuchyne!"},"image":{"@id":"https:\/\/www.ikuchyne.sk\/eshop\/#\/schema\/logo\/image\/"},"sameAs":["https:\/\/www.facebook.com\/ikuchyne\/","https:\/\/www.instagram.com\/ikuchyne.sk\/","https:\/\/sk.pinterest.com\/ikuchynesk\/"]}]}},"_links":{"self":[{"href":"https:\/\/www.ikuchyne.sk\/eshop\/wp-json\/wp\/v2\/product\/79772"}],"collection":[{"href":"https:\/\/www.ikuchyne.sk\/eshop\/wp-json\/wp\/v2\/product"}],"about":[{"href":"https:\/\/www.ikuchyne.sk\/eshop\/wp-json\/wp\/v2\/types\/product"}],"replies":[{"embeddable":true,"href":"https:\/\/www.ikuchyne.sk\/eshop\/wp-json\/wp\/v2\/comments?post=79772"}],"wp:featuredmedia":[{"embeddable":true,"href":"https:\/\/www.ikuchyne.sk\/eshop\/wp-json\/wp\/v2\/media\/79773"}],"wp:attachment":[{"href":"https:\/\/www.ikuchyne.sk\/eshop\/wp-json\/wp\/v2\/media?parent=79772"}],"wp:term":[{"taxonomy":"product_cat","embeddable":true,"href":"https:\/\/www.ikuchyne.sk\/eshop\/wp-json\/wp\/v2\/product_cat?post=79772"},{"taxonomy":"product_tag","embeddable":true,"href":"https:\/\/www.ikuchyne.sk\/eshop\/wp-json\/wp\/v2\/product_tag?post=79772"}],"curies":[{"name":"wp","href":"https:\/\/api.w.org\/{rel}","templated":true}]}}