{"id":80974,"date":"2019-08-01T16:10:11","date_gmt":"2019-08-01T14:10:11","guid":{"rendered":"https:\/\/ikuchyne.sk\/eshop\/?post_type=product&#038;p=80974"},"modified":"2024-03-10T19:19:53","modified_gmt":"2024-03-10T18:19:53","slug":"siva-stolicka-valentino","status":"publish","type":"product","link":"https:\/\/www.ikuchyne.sk\/eshop\/produkt\/siva-stolicka-valentino\/","title":{"rendered":"Siv\u00e1 stoli\u010dka Valentino \u00bb"},"content":{"rendered":"<h1>Siv\u00e1 stoli\u010dka Valentino \u00bb<\/h1>\n<p><b>V\u0161eobecn\u00fd opis stoli\u010dky:<br \/>\n<\/b>Stoli\u010dka, ktor\u00e1 zaujme svoj\u00edm vysoko kvalitn\u00fdm materi\u00e1lom a klasick\u00fdm dizajnom. T\u00e1to stoli\u010dka je pokryt\u00e1 vysoko kvalitn\u00fdm \u0161ed\u00fdm zamatom v modernom vzh\u013eade a zaujme svoj\u00edm atrakt\u00edvnym koloni\u00e1lnym \u0161t\u00fdlom. Chrb\u00e1t stoli\u010dky je dozdoben\u00fd v\u0161it\u00fdmi gomb\u00edkmi, ktor\u00e9 pripom\u00ednaj\u00fa \u0161t\u00fdl chesterfield. Pohodln\u00e9 \u010dal\u00fanenie zaru\u010duje dokonal\u00e9 pohodlie pri seden\u00ed. Mas\u00edvne dreven\u00e9 nohy dod\u00e1vaj\u00fa stoli\u010dke absol\u00fatnu stabilitu. Spolu so sed\u00e1kom tvoria nad\u010dasov\u00e9 duo, ktor\u00e9 o\u017eiv\u00ed va\u0161u jed\u00e1le\u0148.<\/p>\n<p><b>Podno\u017e stoli\u010dky:<br \/>\n<\/b>Nohy stoli\u010dky s\u00fa vyroben\u00e9 z dreva. Ich siv\u00e1 farba vkusne dop\u013a\u0148a \u010dal\u00fanenie, ktor\u00e9 je taktie\u017e v sivej farbe.<\/p>\n<p><b>\u010eal\u0161ie inform\u00e1cie:<br \/>\n<\/b>Zamat je jednoduch\u00fd na \u00fadr\u017ebu. Pripravte si kefu s jemn\u00fdmi vlasmi a mydlov\u00fa vodu. Na priebe\u017en\u00e9 \u010distenie v\u00e1m posta\u010d\u00ed aj navlh\u010den\u00e1 handri\u010dka.<\/p>\n<p><b>Rozmery:<br \/>\n<\/b><b>\u0160\u00edrka:\u00a0<\/b>\u00a048cm<b><br \/>\n<\/b><b>V\u00fd\u0161ka:\u00a0<\/b>\u00a0108cm<b><br \/>\n<\/b><b>H\u013abka:<\/b><span style=\"font-weight: 400\">\u00a0<\/span>\u00a064cm<br \/>\n<strong>Sedenie:<\/strong> 42cm x 48cm x 44cm (\u0160xVxH)<br \/>\n<strong>V\u00fd\u0161ka opierky:<\/strong> 62cm<\/p>\n<p><b>Farba:<\/b><span style=\"font-weight: 400\">\u00a0<\/span>\u00a0siv\u00e1<\/p>\n<p><b>Materi\u00e1l:<\/b><span style=\"font-weight: 400\">\u00a0<\/span>zamat<\/p>\n","protected":false},"excerpt":{"rendered":"<p>Siv\u00e1 stoli\u010dka Valentino \u00bb V\u0161eobecn\u00fd opis stoli\u010dky: Stoli\u010dka, ktor\u00e1 zaujme svoj\u00edm vysoko kvalitn\u00fdm materi\u00e1lom a klasick\u00fdm dizajnom. T\u00e1to stoli\u010dka je pokryt\u00e1 vysoko kvalitn\u00fdm \u0161ed\u00fdm zamatom v modernom vzh\u013eade a zaujme<\/p>\n","protected":false},"featured_media":80975,"comment_status":"open","ping_status":"closed","template":"","meta":[],"product_cat":[288,310,823,824,829,821],"product_tag":[257],"yoast_head":"<!-- This site is optimized with the Yoast SEO plugin v22.1 - https:\/\/yoast.com\/wordpress\/plugins\/seo\/ -->\n<title>Siv\u00e1 stoli\u010dka Valentino \u00bb &#187; iKuchyne iSHOP s n\u00e1bytkom<\/title>\n<meta name=\"description\" content=\"K\u00fapte si u n\u00e1s Siv\u00e1 stoli\u010dka Valentino \u00bb za akciov\u00fa cenu. R\u00fdchle dodanie tovaru, odborn\u00e9 poradenstvo a stovky produktov skladom. Siv\u00e1 stoli\u010dka Valentino \u00bb sa stane dominantou V\u00e1\u0161ho interi\u00e9ru. Internetov\u00fd obchod ikuchyne! pon\u00faka odber Siv\u00e1 stoli\u010dka Valentino \u00bb u\u017e od 1 kusu.\" \/>\n<meta name=\"robots\" content=\"index, follow, max-snippet:-1, max-image-preview:large, max-video-preview:-1\" \/>\n<link rel=\"canonical\" href=\"https:\/\/www.ikuchyne.sk\/eshop\/produkt\/siva-stolicka-valentino\/\" \/>\n<meta property=\"og:locale\" content=\"sk_SK\" \/>\n<meta property=\"og:type\" content=\"article\" \/>\n<meta property=\"og:title\" content=\"Siv\u00e1 stoli\u010dka Valentino \u00bb &#187; iKuchyne iSHOP s n\u00e1bytkom\" \/>\n<meta property=\"og:description\" content=\"K\u00fapte si u n\u00e1s Siv\u00e1 stoli\u010dka Valentino \u00bb za akciov\u00fa cenu. R\u00fdchle dodanie tovaru, odborn\u00e9 poradenstvo a stovky produktov skladom. Siv\u00e1 stoli\u010dka Valentino \u00bb sa stane dominantou V\u00e1\u0161ho interi\u00e9ru. Internetov\u00fd obchod ikuchyne! pon\u00faka odber Siv\u00e1 stoli\u010dka Valentino \u00bb u\u017e od 1 kusu.\" \/>\n<meta property=\"og:url\" content=\"https:\/\/www.ikuchyne.sk\/eshop\/produkt\/siva-stolicka-valentino\/\" \/>\n<meta property=\"og:site_name\" content=\"iKuchyne iSHOP s n\u00e1bytkom\" \/>\n<meta property=\"article:publisher\" content=\"https:\/\/www.facebook.com\/ikuchyne\/\" \/>\n<meta property=\"article:modified_time\" content=\"2024-03-10T18:19:53+00:00\" \/>\n<meta property=\"og:image\" content=\"https:\/\/www.ikuchyne.sk\/eshop\/wp-content\/uploads\/2018\/10\/Stolicka-Valentino-siva-cierna-38979.jpg\" \/>\n\t<meta property=\"og:image:width\" content=\"800\" \/>\n\t<meta property=\"og:image:height\" content=\"533\" \/>\n\t<meta property=\"og:image:type\" content=\"image\/jpeg\" \/>\n<meta name=\"twitter:card\" content=\"summary_large_image\" \/>\n<meta name=\"twitter:label1\" content=\"Predpokladan\u00fd \u010das \u010d\u00edtania\" \/>\n\t<meta name=\"twitter:data1\" content=\"1 min\u00fata\" \/>\n<script type=\"application\/ld+json\" class=\"yoast-schema-graph\">{\"@context\":\"https:\/\/schema.org\",\"@graph\":[{\"@type\":\"WebPage\",\"@id\":\"https:\/\/www.ikuchyne.sk\/eshop\/produkt\/siva-stolicka-valentino\/\",\"url\":\"https:\/\/www.ikuchyne.sk\/eshop\/produkt\/siva-stolicka-valentino\/\",\"name\":\"Siv\u00e1 stoli\u010dka Valentino \u00bb &#187; iKuchyne iSHOP s n\u00e1bytkom\",\"isPartOf\":{\"@id\":\"https:\/\/www.ikuchyne.sk\/eshop\/#website\"},\"datePublished\":\"2019-08-01T14:10:11+00:00\",\"dateModified\":\"2024-03-10T18:19:53+00:00\",\"description\":\"K\u00fapte si u n\u00e1s Siv\u00e1 stoli\u010dka Valentino \u00bb za akciov\u00fa cenu. R\u00fdchle dodanie tovaru, odborn\u00e9 poradenstvo a stovky produktov skladom. Siv\u00e1 stoli\u010dka Valentino \u00bb sa stane dominantou V\u00e1\u0161ho interi\u00e9ru. Internetov\u00fd obchod ikuchyne! pon\u00faka odber Siv\u00e1 stoli\u010dka Valentino \u00bb u\u017e od 1 kusu.\",\"breadcrumb\":{\"@id\":\"https:\/\/www.ikuchyne.sk\/eshop\/produkt\/siva-stolicka-valentino\/#breadcrumb\"},\"inLanguage\":\"sk-SK\",\"potentialAction\":[{\"@type\":\"ReadAction\",\"target\":[\"https:\/\/www.ikuchyne.sk\/eshop\/produkt\/siva-stolicka-valentino\/\"]}]},{\"@type\":\"BreadcrumbList\",\"@id\":\"https:\/\/www.ikuchyne.sk\/eshop\/produkt\/siva-stolicka-valentino\/#breadcrumb\",\"itemListElement\":[{\"@type\":\"ListItem\",\"position\":1,\"name\":\"Home\",\"item\":\"https:\/\/www.ikuchyne.sk\/eshop\/\"},{\"@type\":\"ListItem\",\"position\":2,\"name\":\"Obchod\",\"item\":\"https:\/\/www.ikuchyne.sk\/eshop\/obchod\/\"},{\"@type\":\"ListItem\",\"position\":3,\"name\":\"Siv\u00e1 stoli\u010dka Valentino \u00bb\"}]},{\"@type\":\"WebSite\",\"@id\":\"https:\/\/www.ikuchyne.sk\/eshop\/#website\",\"url\":\"https:\/\/www.ikuchyne.sk\/eshop\/\",\"name\":\"iKuchyne iSHOP s n\u00e1bytkom\",\"description\":\"Jed\u00e1lensk\u00e9 stoly, stoli\u010dky, n\u00e1bytok, svietidl\u00e1...\",\"publisher\":{\"@id\":\"https:\/\/www.ikuchyne.sk\/eshop\/#organization\"},\"potentialAction\":[{\"@type\":\"SearchAction\",\"target\":{\"@type\":\"EntryPoint\",\"urlTemplate\":\"https:\/\/www.ikuchyne.sk\/eshop\/?s={search_term_string}\"},\"query-input\":\"required name=search_term_string\"}],\"inLanguage\":\"sk-SK\"},{\"@type\":\"Organization\",\"@id\":\"https:\/\/www.ikuchyne.sk\/eshop\/#organization\",\"name\":\"ikuchyne!\",\"url\":\"https:\/\/www.ikuchyne.sk\/eshop\/\",\"logo\":{\"@type\":\"ImageObject\",\"inLanguage\":\"sk-SK\",\"@id\":\"https:\/\/www.ikuchyne.sk\/eshop\/#\/schema\/logo\/image\/\",\"url\":\"https:\/\/www.ikuchyne.sk\/eshop\/wp-content\/uploads\/2017\/04\/ikuchyne-logo.jpg\",\"contentUrl\":\"https:\/\/www.ikuchyne.sk\/eshop\/wp-content\/uploads\/2017\/04\/ikuchyne-logo.jpg\",\"width\":200,\"height\":48,\"caption\":\"ikuchyne!\"},\"image\":{\"@id\":\"https:\/\/www.ikuchyne.sk\/eshop\/#\/schema\/logo\/image\/\"},\"sameAs\":[\"https:\/\/www.facebook.com\/ikuchyne\/\",\"https:\/\/www.instagram.com\/ikuchyne.sk\/\",\"https:\/\/sk.pinterest.com\/ikuchynesk\/\"]}]}<\/script>\n<!-- \/ Yoast SEO plugin. -->","yoast_head_json":{"title":"Siv\u00e1 stoli\u010dka Valentino \u00bb &#187; iKuchyne iSHOP s n\u00e1bytkom","description":"K\u00fapte si u n\u00e1s Siv\u00e1 stoli\u010dka Valentino \u00bb za akciov\u00fa cenu. R\u00fdchle dodanie tovaru, odborn\u00e9 poradenstvo a stovky produktov skladom. Siv\u00e1 stoli\u010dka Valentino \u00bb sa stane dominantou V\u00e1\u0161ho interi\u00e9ru. Internetov\u00fd obchod ikuchyne! pon\u00faka odber Siv\u00e1 stoli\u010dka Valentino \u00bb u\u017e od 1 kusu.","robots":{"index":"index","follow":"follow","max-snippet":"max-snippet:-1","max-image-preview":"max-image-preview:large","max-video-preview":"max-video-preview:-1"},"canonical":"https:\/\/www.ikuchyne.sk\/eshop\/produkt\/siva-stolicka-valentino\/","og_locale":"sk_SK","og_type":"article","og_title":"Siv\u00e1 stoli\u010dka Valentino \u00bb &#187; iKuchyne iSHOP s n\u00e1bytkom","og_description":"K\u00fapte si u n\u00e1s Siv\u00e1 stoli\u010dka Valentino \u00bb za akciov\u00fa cenu. R\u00fdchle dodanie tovaru, odborn\u00e9 poradenstvo a stovky produktov skladom. Siv\u00e1 stoli\u010dka Valentino \u00bb sa stane dominantou V\u00e1\u0161ho interi\u00e9ru. Internetov\u00fd obchod ikuchyne! pon\u00faka odber Siv\u00e1 stoli\u010dka Valentino \u00bb u\u017e od 1 kusu.","og_url":"https:\/\/www.ikuchyne.sk\/eshop\/produkt\/siva-stolicka-valentino\/","og_site_name":"iKuchyne iSHOP s n\u00e1bytkom","article_publisher":"https:\/\/www.facebook.com\/ikuchyne\/","article_modified_time":"2024-03-10T18:19:53+00:00","og_image":[{"width":800,"height":533,"url":"https:\/\/www.ikuchyne.sk\/eshop\/wp-content\/uploads\/2018\/10\/Stolicka-Valentino-siva-cierna-38979.jpg","type":"image\/jpeg"}],"twitter_card":"summary_large_image","twitter_misc":{"Predpokladan\u00fd \u010das \u010d\u00edtania":"1 min\u00fata"},"schema":{"@context":"https:\/\/schema.org","@graph":[{"@type":"WebPage","@id":"https:\/\/www.ikuchyne.sk\/eshop\/produkt\/siva-stolicka-valentino\/","url":"https:\/\/www.ikuchyne.sk\/eshop\/produkt\/siva-stolicka-valentino\/","name":"Siv\u00e1 stoli\u010dka Valentino \u00bb &#187; iKuchyne iSHOP s n\u00e1bytkom","isPartOf":{"@id":"https:\/\/www.ikuchyne.sk\/eshop\/#website"},"datePublished":"2019-08-01T14:10:11+00:00","dateModified":"2024-03-10T18:19:53+00:00","description":"K\u00fapte si u n\u00e1s Siv\u00e1 stoli\u010dka Valentino \u00bb za akciov\u00fa cenu. R\u00fdchle dodanie tovaru, odborn\u00e9 poradenstvo a stovky produktov skladom. Siv\u00e1 stoli\u010dka Valentino \u00bb sa stane dominantou V\u00e1\u0161ho interi\u00e9ru. Internetov\u00fd obchod ikuchyne! pon\u00faka odber Siv\u00e1 stoli\u010dka Valentino \u00bb u\u017e od 1 kusu.","breadcrumb":{"@id":"https:\/\/www.ikuchyne.sk\/eshop\/produkt\/siva-stolicka-valentino\/#breadcrumb"},"inLanguage":"sk-SK","potentialAction":[{"@type":"ReadAction","target":["https:\/\/www.ikuchyne.sk\/eshop\/produkt\/siva-stolicka-valentino\/"]}]},{"@type":"BreadcrumbList","@id":"https:\/\/www.ikuchyne.sk\/eshop\/produkt\/siva-stolicka-valentino\/#breadcrumb","itemListElement":[{"@type":"ListItem","position":1,"name":"Home","item":"https:\/\/www.ikuchyne.sk\/eshop\/"},{"@type":"ListItem","position":2,"name":"Obchod","item":"https:\/\/www.ikuchyne.sk\/eshop\/obchod\/"},{"@type":"ListItem","position":3,"name":"Siv\u00e1 stoli\u010dka Valentino \u00bb"}]},{"@type":"WebSite","@id":"https:\/\/www.ikuchyne.sk\/eshop\/#website","url":"https:\/\/www.ikuchyne.sk\/eshop\/","name":"iKuchyne iSHOP s n\u00e1bytkom","description":"Jed\u00e1lensk\u00e9 stoly, stoli\u010dky, n\u00e1bytok, svietidl\u00e1...","publisher":{"@id":"https:\/\/www.ikuchyne.sk\/eshop\/#organization"},"potentialAction":[{"@type":"SearchAction","target":{"@type":"EntryPoint","urlTemplate":"https:\/\/www.ikuchyne.sk\/eshop\/?s={search_term_string}"},"query-input":"required name=search_term_string"}],"inLanguage":"sk-SK"},{"@type":"Organization","@id":"https:\/\/www.ikuchyne.sk\/eshop\/#organization","name":"ikuchyne!","url":"https:\/\/www.ikuchyne.sk\/eshop\/","logo":{"@type":"ImageObject","inLanguage":"sk-SK","@id":"https:\/\/www.ikuchyne.sk\/eshop\/#\/schema\/logo\/image\/","url":"https:\/\/www.ikuchyne.sk\/eshop\/wp-content\/uploads\/2017\/04\/ikuchyne-logo.jpg","contentUrl":"https:\/\/www.ikuchyne.sk\/eshop\/wp-content\/uploads\/2017\/04\/ikuchyne-logo.jpg","width":200,"height":48,"caption":"ikuchyne!"},"image":{"@id":"https:\/\/www.ikuchyne.sk\/eshop\/#\/schema\/logo\/image\/"},"sameAs":["https:\/\/www.facebook.com\/ikuchyne\/","https:\/\/www.instagram.com\/ikuchyne.sk\/","https:\/\/sk.pinterest.com\/ikuchynesk\/"]}]}},"_links":{"self":[{"href":"https:\/\/www.ikuchyne.sk\/eshop\/wp-json\/wp\/v2\/product\/80974"}],"collection":[{"href":"https:\/\/www.ikuchyne.sk\/eshop\/wp-json\/wp\/v2\/product"}],"about":[{"href":"https:\/\/www.ikuchyne.sk\/eshop\/wp-json\/wp\/v2\/types\/product"}],"replies":[{"embeddable":true,"href":"https:\/\/www.ikuchyne.sk\/eshop\/wp-json\/wp\/v2\/comments?post=80974"}],"wp:featuredmedia":[{"embeddable":true,"href":"https:\/\/www.ikuchyne.sk\/eshop\/wp-json\/wp\/v2\/media\/80975"}],"wp:attachment":[{"href":"https:\/\/www.ikuchyne.sk\/eshop\/wp-json\/wp\/v2\/media?parent=80974"}],"wp:term":[{"taxonomy":"product_cat","embeddable":true,"href":"https:\/\/www.ikuchyne.sk\/eshop\/wp-json\/wp\/v2\/product_cat?post=80974"},{"taxonomy":"product_tag","embeddable":true,"href":"https:\/\/www.ikuchyne.sk\/eshop\/wp-json\/wp\/v2\/product_tag?post=80974"}],"curies":[{"name":"wp","href":"https:\/\/api.w.org\/{rel}","templated":true}]}}