{"id":81113,"date":"2018-10-24T07:50:35","date_gmt":"2018-10-24T05:50:35","guid":{"rendered":"https:\/\/ikuchyne.sk\/eshop\/?post_type=product&#038;p=81113"},"modified":"2024-03-10T19:20:01","modified_gmt":"2024-03-10T18:20:01","slug":"strieborny-konferencny-stolik-barock-jardin-55-cm","status":"publish","type":"product","link":"https:\/\/www.ikuchyne.sk\/eshop\/produkt\/strieborny-konferencny-stolik-barock-jardin-55-cm\/","title":{"rendered":"Strieborn\u00fd konferen\u010dn\u00fd stol\u00edk Barock Jardin 55 cm \u00bb"},"content":{"rendered":"<h1>Strieborn\u00fd konferen\u010dn\u00fd stol\u00edk Barock Jardin 55 cm \u00bb<\/h1>\n<p><b><strong>V\u0161eobecn\u00fd opis stol\u00edka:<br \/>\n<\/strong><\/b>Honosn\u00fd minimalistick\u00fd konferen\u010dn\u00fd stol\u00edk Jardin reprezentuje modern\u00fd \u0161t\u00fdl b\u00fdvania. I ke\u010f je rozmerovo mal\u00fd, posta\u010d\u00ed na odkladanie \u0161\u00e1lky k\u00e1vy, mobilu alebo nov\u00edn. Povrch stol\u00edka je vyroben\u00fd z hlin\u00edkovej zliatiny s doskou v tvare \u0161tvorca. Podno\u017e konferen\u010dn\u00e9ho stol\u00edka tvor\u00ed noha zo zliatiny kovu a hlin\u00edka, ktor\u00e1 je striebornej farby. V spodnej \u010dasti sa noha roz\u0161iruje do troch klenut\u00fdch n\u00f4h. Stol\u00edk je jednoduch\u00fd na \u00fadr\u017ebu v\u010faka hladk\u00e9mu povrchu. Strieborn\u00e1 farba p\u00f4sob\u00ed striedmo, no ve\u013emi \u0161t\u00fdlovo a pre\u017eiari ka\u017ed\u00fd interi\u00e9r.<\/p>\n<div class=\"electro-description\">\n<p><strong>Povrch stol\u00edka:<br \/>\n<\/strong>Povrch stol\u00edka je vyroben\u00fd zo striebornej hlin\u00edkovej zliatiny s doskou v tvare \u0161tvorca.<\/p>\n<p><strong>Podno\u017e stol\u00edka:<\/strong>Podno\u017e stol\u00edka pozost\u00e1va z nohy, ktor\u00e1 je tvoren\u00e1 zliatinou kovu a hlin\u00edka striebornej farby. V spodnej \u010dasti sa noha roz\u0161iruje do troch klenut\u00fdch kr\u00e1tkych n\u00f4h.<\/p>\n<p><strong>\u010eal\u0161ie inform\u00e1cie:<\/strong><strong><br \/>\n<\/strong>V\u010faka hladk\u00e9mu povrchu je tento konferen\u010dn\u00fd stol\u00edk nen\u00e1ro\u010dn\u00fd na \u00fadr\u017ebu. Sta\u010d\u00ed ho pretrie\u0165 vlhkou handri\u010dkou namo\u010denou v jemnej mydlovej vode.<\/p>\n<p><b>Rozmery stol\u00edka<\/b>:<br \/>\n\u0160\u00edrka stol\u00edka: 35 cm<br \/>\nD\u013a\u017eka stol\u00edka: 35 cm<br \/>\nV\u00fd\u0161ka stol\u00edka: 55 cm<\/p>\n<p><b>Materi\u00e1l:\u00a0<\/b>zliatina kovu a hlin\u00edka<\/p>\n<p><b>Farba:<\/b>\u00a0strieborn\u00e1<\/p>\n<\/div>\n","protected":false},"excerpt":{"rendered":"<p>Strieborn\u00fd konferen\u010dn\u00fd stol\u00edk Barock Jardin 55 cm \u00bb V\u0161eobecn\u00fd opis stol\u00edka: Honosn\u00fd minimalistick\u00fd konferen\u010dn\u00fd stol\u00edk Jardin reprezentuje modern\u00fd \u0161t\u00fdl b\u00fdvania. I ke\u010f je rozmerovo mal\u00fd, posta\u010d\u00ed na odkladanie \u0161\u00e1lky k\u00e1vy,<\/p>\n","protected":false},"featured_media":81114,"comment_status":"open","ping_status":"closed","template":"","meta":[],"product_cat":[287,304,836,841,843],"product_tag":[],"yoast_head":"<!-- This site is optimized with the Yoast SEO plugin v22.1 - https:\/\/yoast.com\/wordpress\/plugins\/seo\/ -->\n<title>Strieborn\u00fd konferen\u010dn\u00fd stol\u00edk Barock Jardin 55 cm \u00bb &#187; iKuchyne iSHOP s n\u00e1bytkom<\/title>\n<meta name=\"description\" content=\"K\u00fapte si u n\u00e1s Strieborn\u00fd konferen\u010dn\u00fd stol\u00edk Barock Jardin 55 cm \u00bb za akciov\u00fa cenu. R\u00fdchle dodanie tovaru, odborn\u00e9 poradenstvo a stovky produktov skladom. Strieborn\u00fd konferen\u010dn\u00fd stol\u00edk Barock Jardin 55 cm \u00bb sa stane dominantou V\u00e1\u0161ho interi\u00e9ru. Internetov\u00fd obchod ikuchyne! pon\u00faka odber Strieborn\u00fd konferen\u010dn\u00fd stol\u00edk Barock Jardin 55 cm \u00bb u\u017e od 1 kusu.\" \/>\n<meta name=\"robots\" content=\"index, follow, max-snippet:-1, max-image-preview:large, max-video-preview:-1\" \/>\n<link rel=\"canonical\" href=\"https:\/\/www.ikuchyne.sk\/eshop\/produkt\/strieborny-konferencny-stolik-barock-jardin-55-cm\/\" \/>\n<meta property=\"og:locale\" content=\"sk_SK\" \/>\n<meta property=\"og:type\" content=\"article\" \/>\n<meta property=\"og:title\" content=\"Strieborn\u00fd konferen\u010dn\u00fd stol\u00edk Barock Jardin 55 cm \u00bb &#187; iKuchyne iSHOP s n\u00e1bytkom\" \/>\n<meta property=\"og:description\" content=\"K\u00fapte si u n\u00e1s Strieborn\u00fd konferen\u010dn\u00fd stol\u00edk Barock Jardin 55 cm \u00bb za akciov\u00fa cenu. R\u00fdchle dodanie tovaru, odborn\u00e9 poradenstvo a stovky produktov skladom. Strieborn\u00fd konferen\u010dn\u00fd stol\u00edk Barock Jardin 55 cm \u00bb sa stane dominantou V\u00e1\u0161ho interi\u00e9ru. Internetov\u00fd obchod ikuchyne! pon\u00faka odber Strieborn\u00fd konferen\u010dn\u00fd stol\u00edk Barock Jardin 55 cm \u00bb u\u017e od 1 kusu.\" \/>\n<meta property=\"og:url\" content=\"https:\/\/www.ikuchyne.sk\/eshop\/produkt\/strieborny-konferencny-stolik-barock-jardin-55-cm\/\" \/>\n<meta property=\"og:site_name\" content=\"iKuchyne iSHOP s n\u00e1bytkom\" \/>\n<meta property=\"article:publisher\" content=\"https:\/\/www.facebook.com\/ikuchyne\/\" \/>\n<meta property=\"article:modified_time\" content=\"2024-03-10T18:20:01+00:00\" \/>\n<meta property=\"og:image\" content=\"https:\/\/www.ikuchyne.sk\/eshop\/wp-content\/uploads\/2018\/10\/Barock-stol-Jardin-55cm-strieborna-rund-35735.jpg\" \/>\n\t<meta property=\"og:image:width\" content=\"800\" \/>\n\t<meta property=\"og:image:height\" content=\"533\" \/>\n\t<meta property=\"og:image:type\" content=\"image\/jpeg\" \/>\n<meta name=\"twitter:card\" content=\"summary_large_image\" \/>\n<meta name=\"twitter:label1\" content=\"Predpokladan\u00fd \u010das \u010d\u00edtania\" \/>\n\t<meta name=\"twitter:data1\" content=\"1 min\u00fata\" \/>\n<script type=\"application\/ld+json\" class=\"yoast-schema-graph\">{\"@context\":\"https:\/\/schema.org\",\"@graph\":[{\"@type\":\"WebPage\",\"@id\":\"https:\/\/www.ikuchyne.sk\/eshop\/produkt\/strieborny-konferencny-stolik-barock-jardin-55-cm\/\",\"url\":\"https:\/\/www.ikuchyne.sk\/eshop\/produkt\/strieborny-konferencny-stolik-barock-jardin-55-cm\/\",\"name\":\"Strieborn\u00fd konferen\u010dn\u00fd stol\u00edk Barock Jardin 55 cm \u00bb &#187; iKuchyne iSHOP s n\u00e1bytkom\",\"isPartOf\":{\"@id\":\"https:\/\/www.ikuchyne.sk\/eshop\/#website\"},\"datePublished\":\"2018-10-24T05:50:35+00:00\",\"dateModified\":\"2024-03-10T18:20:01+00:00\",\"description\":\"K\u00fapte si u n\u00e1s Strieborn\u00fd konferen\u010dn\u00fd stol\u00edk Barock Jardin 55 cm \u00bb za akciov\u00fa cenu. R\u00fdchle dodanie tovaru, odborn\u00e9 poradenstvo a stovky produktov skladom. Strieborn\u00fd konferen\u010dn\u00fd stol\u00edk Barock Jardin 55 cm \u00bb sa stane dominantou V\u00e1\u0161ho interi\u00e9ru. Internetov\u00fd obchod ikuchyne! pon\u00faka odber Strieborn\u00fd konferen\u010dn\u00fd stol\u00edk Barock Jardin 55 cm \u00bb u\u017e od 1 kusu.\",\"breadcrumb\":{\"@id\":\"https:\/\/www.ikuchyne.sk\/eshop\/produkt\/strieborny-konferencny-stolik-barock-jardin-55-cm\/#breadcrumb\"},\"inLanguage\":\"sk-SK\",\"potentialAction\":[{\"@type\":\"ReadAction\",\"target\":[\"https:\/\/www.ikuchyne.sk\/eshop\/produkt\/strieborny-konferencny-stolik-barock-jardin-55-cm\/\"]}]},{\"@type\":\"BreadcrumbList\",\"@id\":\"https:\/\/www.ikuchyne.sk\/eshop\/produkt\/strieborny-konferencny-stolik-barock-jardin-55-cm\/#breadcrumb\",\"itemListElement\":[{\"@type\":\"ListItem\",\"position\":1,\"name\":\"Home\",\"item\":\"https:\/\/www.ikuchyne.sk\/eshop\/\"},{\"@type\":\"ListItem\",\"position\":2,\"name\":\"Obchod\",\"item\":\"https:\/\/www.ikuchyne.sk\/eshop\/obchod\/\"},{\"@type\":\"ListItem\",\"position\":3,\"name\":\"Strieborn\u00fd konferen\u010dn\u00fd stol\u00edk Barock Jardin 55 cm \u00bb\"}]},{\"@type\":\"WebSite\",\"@id\":\"https:\/\/www.ikuchyne.sk\/eshop\/#website\",\"url\":\"https:\/\/www.ikuchyne.sk\/eshop\/\",\"name\":\"iKuchyne iSHOP s n\u00e1bytkom\",\"description\":\"Jed\u00e1lensk\u00e9 stoly, stoli\u010dky, n\u00e1bytok, svietidl\u00e1...\",\"publisher\":{\"@id\":\"https:\/\/www.ikuchyne.sk\/eshop\/#organization\"},\"potentialAction\":[{\"@type\":\"SearchAction\",\"target\":{\"@type\":\"EntryPoint\",\"urlTemplate\":\"https:\/\/www.ikuchyne.sk\/eshop\/?s={search_term_string}\"},\"query-input\":\"required name=search_term_string\"}],\"inLanguage\":\"sk-SK\"},{\"@type\":\"Organization\",\"@id\":\"https:\/\/www.ikuchyne.sk\/eshop\/#organization\",\"name\":\"ikuchyne!\",\"url\":\"https:\/\/www.ikuchyne.sk\/eshop\/\",\"logo\":{\"@type\":\"ImageObject\",\"inLanguage\":\"sk-SK\",\"@id\":\"https:\/\/www.ikuchyne.sk\/eshop\/#\/schema\/logo\/image\/\",\"url\":\"https:\/\/www.ikuchyne.sk\/eshop\/wp-content\/uploads\/2017\/04\/ikuchyne-logo.jpg\",\"contentUrl\":\"https:\/\/www.ikuchyne.sk\/eshop\/wp-content\/uploads\/2017\/04\/ikuchyne-logo.jpg\",\"width\":200,\"height\":48,\"caption\":\"ikuchyne!\"},\"image\":{\"@id\":\"https:\/\/www.ikuchyne.sk\/eshop\/#\/schema\/logo\/image\/\"},\"sameAs\":[\"https:\/\/www.facebook.com\/ikuchyne\/\",\"https:\/\/www.instagram.com\/ikuchyne.sk\/\",\"https:\/\/sk.pinterest.com\/ikuchynesk\/\"]}]}<\/script>\n<!-- \/ Yoast SEO plugin. -->","yoast_head_json":{"title":"Strieborn\u00fd konferen\u010dn\u00fd stol\u00edk Barock Jardin 55 cm \u00bb &#187; iKuchyne iSHOP s n\u00e1bytkom","description":"K\u00fapte si u n\u00e1s Strieborn\u00fd konferen\u010dn\u00fd stol\u00edk Barock Jardin 55 cm \u00bb za akciov\u00fa cenu. R\u00fdchle dodanie tovaru, odborn\u00e9 poradenstvo a stovky produktov skladom. Strieborn\u00fd konferen\u010dn\u00fd stol\u00edk Barock Jardin 55 cm \u00bb sa stane dominantou V\u00e1\u0161ho interi\u00e9ru. Internetov\u00fd obchod ikuchyne! pon\u00faka odber Strieborn\u00fd konferen\u010dn\u00fd stol\u00edk Barock Jardin 55 cm \u00bb u\u017e od 1 kusu.","robots":{"index":"index","follow":"follow","max-snippet":"max-snippet:-1","max-image-preview":"max-image-preview:large","max-video-preview":"max-video-preview:-1"},"canonical":"https:\/\/www.ikuchyne.sk\/eshop\/produkt\/strieborny-konferencny-stolik-barock-jardin-55-cm\/","og_locale":"sk_SK","og_type":"article","og_title":"Strieborn\u00fd konferen\u010dn\u00fd stol\u00edk Barock Jardin 55 cm \u00bb &#187; iKuchyne iSHOP s n\u00e1bytkom","og_description":"K\u00fapte si u n\u00e1s Strieborn\u00fd konferen\u010dn\u00fd stol\u00edk Barock Jardin 55 cm \u00bb za akciov\u00fa cenu. R\u00fdchle dodanie tovaru, odborn\u00e9 poradenstvo a stovky produktov skladom. Strieborn\u00fd konferen\u010dn\u00fd stol\u00edk Barock Jardin 55 cm \u00bb sa stane dominantou V\u00e1\u0161ho interi\u00e9ru. Internetov\u00fd obchod ikuchyne! pon\u00faka odber Strieborn\u00fd konferen\u010dn\u00fd stol\u00edk Barock Jardin 55 cm \u00bb u\u017e od 1 kusu.","og_url":"https:\/\/www.ikuchyne.sk\/eshop\/produkt\/strieborny-konferencny-stolik-barock-jardin-55-cm\/","og_site_name":"iKuchyne iSHOP s n\u00e1bytkom","article_publisher":"https:\/\/www.facebook.com\/ikuchyne\/","article_modified_time":"2024-03-10T18:20:01+00:00","og_image":[{"width":800,"height":533,"url":"https:\/\/www.ikuchyne.sk\/eshop\/wp-content\/uploads\/2018\/10\/Barock-stol-Jardin-55cm-strieborna-rund-35735.jpg","type":"image\/jpeg"}],"twitter_card":"summary_large_image","twitter_misc":{"Predpokladan\u00fd \u010das \u010d\u00edtania":"1 min\u00fata"},"schema":{"@context":"https:\/\/schema.org","@graph":[{"@type":"WebPage","@id":"https:\/\/www.ikuchyne.sk\/eshop\/produkt\/strieborny-konferencny-stolik-barock-jardin-55-cm\/","url":"https:\/\/www.ikuchyne.sk\/eshop\/produkt\/strieborny-konferencny-stolik-barock-jardin-55-cm\/","name":"Strieborn\u00fd konferen\u010dn\u00fd stol\u00edk Barock Jardin 55 cm \u00bb &#187; iKuchyne iSHOP s n\u00e1bytkom","isPartOf":{"@id":"https:\/\/www.ikuchyne.sk\/eshop\/#website"},"datePublished":"2018-10-24T05:50:35+00:00","dateModified":"2024-03-10T18:20:01+00:00","description":"K\u00fapte si u n\u00e1s Strieborn\u00fd konferen\u010dn\u00fd stol\u00edk Barock Jardin 55 cm \u00bb za akciov\u00fa cenu. R\u00fdchle dodanie tovaru, odborn\u00e9 poradenstvo a stovky produktov skladom. Strieborn\u00fd konferen\u010dn\u00fd stol\u00edk Barock Jardin 55 cm \u00bb sa stane dominantou V\u00e1\u0161ho interi\u00e9ru. Internetov\u00fd obchod ikuchyne! pon\u00faka odber Strieborn\u00fd konferen\u010dn\u00fd stol\u00edk Barock Jardin 55 cm \u00bb u\u017e od 1 kusu.","breadcrumb":{"@id":"https:\/\/www.ikuchyne.sk\/eshop\/produkt\/strieborny-konferencny-stolik-barock-jardin-55-cm\/#breadcrumb"},"inLanguage":"sk-SK","potentialAction":[{"@type":"ReadAction","target":["https:\/\/www.ikuchyne.sk\/eshop\/produkt\/strieborny-konferencny-stolik-barock-jardin-55-cm\/"]}]},{"@type":"BreadcrumbList","@id":"https:\/\/www.ikuchyne.sk\/eshop\/produkt\/strieborny-konferencny-stolik-barock-jardin-55-cm\/#breadcrumb","itemListElement":[{"@type":"ListItem","position":1,"name":"Home","item":"https:\/\/www.ikuchyne.sk\/eshop\/"},{"@type":"ListItem","position":2,"name":"Obchod","item":"https:\/\/www.ikuchyne.sk\/eshop\/obchod\/"},{"@type":"ListItem","position":3,"name":"Strieborn\u00fd konferen\u010dn\u00fd stol\u00edk Barock Jardin 55 cm \u00bb"}]},{"@type":"WebSite","@id":"https:\/\/www.ikuchyne.sk\/eshop\/#website","url":"https:\/\/www.ikuchyne.sk\/eshop\/","name":"iKuchyne iSHOP s n\u00e1bytkom","description":"Jed\u00e1lensk\u00e9 stoly, stoli\u010dky, n\u00e1bytok, svietidl\u00e1...","publisher":{"@id":"https:\/\/www.ikuchyne.sk\/eshop\/#organization"},"potentialAction":[{"@type":"SearchAction","target":{"@type":"EntryPoint","urlTemplate":"https:\/\/www.ikuchyne.sk\/eshop\/?s={search_term_string}"},"query-input":"required name=search_term_string"}],"inLanguage":"sk-SK"},{"@type":"Organization","@id":"https:\/\/www.ikuchyne.sk\/eshop\/#organization","name":"ikuchyne!","url":"https:\/\/www.ikuchyne.sk\/eshop\/","logo":{"@type":"ImageObject","inLanguage":"sk-SK","@id":"https:\/\/www.ikuchyne.sk\/eshop\/#\/schema\/logo\/image\/","url":"https:\/\/www.ikuchyne.sk\/eshop\/wp-content\/uploads\/2017\/04\/ikuchyne-logo.jpg","contentUrl":"https:\/\/www.ikuchyne.sk\/eshop\/wp-content\/uploads\/2017\/04\/ikuchyne-logo.jpg","width":200,"height":48,"caption":"ikuchyne!"},"image":{"@id":"https:\/\/www.ikuchyne.sk\/eshop\/#\/schema\/logo\/image\/"},"sameAs":["https:\/\/www.facebook.com\/ikuchyne\/","https:\/\/www.instagram.com\/ikuchyne.sk\/","https:\/\/sk.pinterest.com\/ikuchynesk\/"]}]}},"_links":{"self":[{"href":"https:\/\/www.ikuchyne.sk\/eshop\/wp-json\/wp\/v2\/product\/81113"}],"collection":[{"href":"https:\/\/www.ikuchyne.sk\/eshop\/wp-json\/wp\/v2\/product"}],"about":[{"href":"https:\/\/www.ikuchyne.sk\/eshop\/wp-json\/wp\/v2\/types\/product"}],"replies":[{"embeddable":true,"href":"https:\/\/www.ikuchyne.sk\/eshop\/wp-json\/wp\/v2\/comments?post=81113"}],"wp:featuredmedia":[{"embeddable":true,"href":"https:\/\/www.ikuchyne.sk\/eshop\/wp-json\/wp\/v2\/media\/81114"}],"wp:attachment":[{"href":"https:\/\/www.ikuchyne.sk\/eshop\/wp-json\/wp\/v2\/media?parent=81113"}],"wp:term":[{"taxonomy":"product_cat","embeddable":true,"href":"https:\/\/www.ikuchyne.sk\/eshop\/wp-json\/wp\/v2\/product_cat?post=81113"},{"taxonomy":"product_tag","embeddable":true,"href":"https:\/\/www.ikuchyne.sk\/eshop\/wp-json\/wp\/v2\/product_tag?post=81113"}],"curies":[{"name":"wp","href":"https:\/\/api.w.org\/{rel}","templated":true}]}}