{"id":81248,"date":"2018-11-29T19:40:19","date_gmt":"2018-11-29T18:40:19","guid":{"rendered":"https:\/\/ikuchyne.sk\/eshop\/?post_type=product&#038;p=81248"},"modified":"2024-03-10T19:20:00","modified_gmt":"2024-03-10T18:20:00","slug":"dreveny-konferencny-stolik-opium-antique-60-x-60-cm","status":"publish","type":"product","link":"https:\/\/www.ikuchyne.sk\/eshop\/produkt\/dreveny-konferencny-stolik-opium-antique-60-x-60-cm\/","title":{"rendered":"Dreven\u00fd konferen\u010dn\u00fd stol\u00edk Opium Antique 60 x 60 cm \u00bb"},"content":{"rendered":"<h1>Dreven\u00fd konferen\u010dn\u00fd stol\u00edk Opium Antique 60 x 60 cm<\/h1>\n<p><strong>V\u0161eobecn\u00fd opis stol\u00edka:<br \/>\n<\/strong>Kr\u00e1sny dreven\u00fd konferen\u010dn\u00fd stol\u00edk je vyroben\u00fd v tradi\u010dnom klasickom \u0161t\u00fdle. \u0160tvorcov\u00fd povrch stol\u00edka tvor\u00ed mangov\u00e9 drevo, ktor\u00e9 je s\u00edce tvrd\u00e9, no \u013eahko opracov\u00e1vate\u013en\u00e9. Pre tento druh dreva je typick\u00e1 r\u00f4znorodos\u0165 jeho \u0161trukt\u00fary a nenapodobite\u013en\u00e1 vlnitos\u0165. Mangov\u00e9 drevo poskytuje odtiene dreva l\u00ed\u0161iace sa od v\u00e4\u010d\u0161iny in\u00fdch drev\u00edn. St\u00f4l je po obvode oblo\u017een\u00fd vyrez\u00e1van\u00fdmi doskami. Podno\u017e stol\u00edka tvoria \u0161tyri obl\u00fakovito klenut\u00e9 nohy. Dreven\u00fd konferen\u010dn\u00fd stol\u00edk zaujme svoj\u00edm nevtierav\u00fdm vzh\u013eadom a pr\u00edrodnou hnedou farbou. Preto sa ur\u010dite hod\u00ed do ka\u017edej dom\u00e1cnosti vo vidieckom \u0161t\u00fdle. Kvalitn\u00fd dreven\u00fd n\u00e1bytok je v\u017edy tou spr\u00e1vnou vo\u013ebou pre va\u0161u kuchy\u0148u a pr\u00edbytok.<\/p>\n<p><strong>Povrch stol\u00edka:<br \/>\n<\/strong>Povrch konferen\u010dn\u00e9ho stol\u00edka tvor\u00ed unik\u00e1tne mangov\u00e9 drevo, ktor\u00e9 sa l\u00ed\u0161i od in\u00fdch drev\u00edn jeho \u0161trukt\u00farou a kresbou.<\/p>\n<p><strong>Podno\u017e stola:<br \/>\n<\/strong>Podno\u017e stol\u00edka je tvoren\u00e1 \u0161tyrmi dreven\u00fdmi klenut\u00fdmi nohami.<\/p>\n<p><strong>\u010eal\u0161ie inform\u00e1cie:<br \/>\n<\/strong>Ka\u017ed\u00fd kus je unik\u00e1t pr\u00e1ve kv\u00f4li pou\u017eit\u00e9mu drevu.<br \/>\nNa o\u0161etrovanie pou\u017e\u00edvame bavlnen\u00fa handri\u010dku a ne\u010distoty odstra\u0148ujeme mydlovou vodou s\u00fabe\u017ene s kresbou dreva.<\/p>\n<p><b>Rozmery stol\u00edka<\/b>:<br \/>\n\u0160\u00edrka stol\u00edka: 60 cm<br \/>\nD\u013a\u017eka stol\u00edka: 60 cm<br \/>\nV\u00fd\u0161ka stol\u00edka: 40 cm<\/p>\n<p><b>Materi\u00e1l:\u00a0<\/b>drevo (mas\u00edv), mango<\/p>\n<p><b>Farba:<\/b>\u00a0pr\u00edrodn\u00e1<\/p>\n","protected":false},"excerpt":{"rendered":"<p>Dreven\u00fd konferen\u010dn\u00fd stol\u00edk Opium Antique 60 x 60 cm V\u0161eobecn\u00fd opis stol\u00edka: Kr\u00e1sny dreven\u00fd konferen\u010dn\u00fd stol\u00edk je vyroben\u00fd v tradi\u010dnom klasickom \u0161t\u00fdle. \u0160tvorcov\u00fd povrch stol\u00edka tvor\u00ed mangov\u00e9 drevo, ktor\u00e9 je<\/p>\n","protected":false},"featured_media":81249,"comment_status":"open","ping_status":"closed","template":"","meta":[],"product_cat":[834,304,838],"product_tag":[261],"yoast_head":"<!-- This site is optimized with the Yoast SEO plugin v22.1 - https:\/\/yoast.com\/wordpress\/plugins\/seo\/ -->\n<title>Dreven\u00fd konferen\u010dn\u00fd stol\u00edk Opium Antique 60 x 60 cm \u00bb &#187; iKuchyne iSHOP s n\u00e1bytkom<\/title>\n<meta name=\"description\" content=\"K\u00fapte si u n\u00e1s Dreven\u00fd konferen\u010dn\u00fd stol\u00edk Opium Antique 60 x 60 cm \u00bb za akciov\u00fa cenu. R\u00fdchle dodanie tovaru, odborn\u00e9 poradenstvo a stovky produktov skladom. Dreven\u00fd konferen\u010dn\u00fd stol\u00edk Opium Antique 60 x 60 cm \u00bb sa stane dominantou V\u00e1\u0161ho interi\u00e9ru. Internetov\u00fd obchod ikuchyne! pon\u00faka odber Dreven\u00fd konferen\u010dn\u00fd stol\u00edk Opium Antique 60 x 60 cm \u00bb u\u017e od 1 kusu.\" \/>\n<meta name=\"robots\" content=\"index, follow, max-snippet:-1, max-image-preview:large, max-video-preview:-1\" \/>\n<link rel=\"canonical\" href=\"https:\/\/www.ikuchyne.sk\/eshop\/produkt\/dreveny-konferencny-stolik-opium-antique-60-x-60-cm\/\" \/>\n<meta property=\"og:locale\" content=\"sk_SK\" \/>\n<meta property=\"og:type\" content=\"article\" \/>\n<meta property=\"og:title\" content=\"Dreven\u00fd konferen\u010dn\u00fd stol\u00edk Opium Antique 60 x 60 cm \u00bb &#187; iKuchyne iSHOP s n\u00e1bytkom\" \/>\n<meta property=\"og:description\" content=\"K\u00fapte si u n\u00e1s Dreven\u00fd konferen\u010dn\u00fd stol\u00edk Opium Antique 60 x 60 cm \u00bb za akciov\u00fa cenu. R\u00fdchle dodanie tovaru, odborn\u00e9 poradenstvo a stovky produktov skladom. Dreven\u00fd konferen\u010dn\u00fd stol\u00edk Opium Antique 60 x 60 cm \u00bb sa stane dominantou V\u00e1\u0161ho interi\u00e9ru. Internetov\u00fd obchod ikuchyne! pon\u00faka odber Dreven\u00fd konferen\u010dn\u00fd stol\u00edk Opium Antique 60 x 60 cm \u00bb u\u017e od 1 kusu.\" \/>\n<meta property=\"og:url\" content=\"https:\/\/www.ikuchyne.sk\/eshop\/produkt\/dreveny-konferencny-stolik-opium-antique-60-x-60-cm\/\" \/>\n<meta property=\"og:site_name\" content=\"iKuchyne iSHOP s n\u00e1bytkom\" \/>\n<meta property=\"article:publisher\" content=\"https:\/\/www.facebook.com\/ikuchyne\/\" \/>\n<meta property=\"article:modified_time\" content=\"2024-03-10T18:20:00+00:00\" \/>\n<meta property=\"og:image\" content=\"https:\/\/www.ikuchyne.sk\/eshop\/wp-content\/uploads\/2018\/10\/dreveny-konferencny-stolik-opium-antique-60-x-60-cm-81248.jpg\" \/>\n\t<meta property=\"og:image:width\" content=\"800\" \/>\n\t<meta property=\"og:image:height\" content=\"533\" \/>\n\t<meta property=\"og:image:type\" content=\"image\/jpeg\" \/>\n<meta name=\"twitter:card\" content=\"summary_large_image\" \/>\n<meta name=\"twitter:label1\" content=\"Predpokladan\u00fd \u010das \u010d\u00edtania\" \/>\n\t<meta name=\"twitter:data1\" content=\"1 min\u00fata\" \/>\n<script type=\"application\/ld+json\" class=\"yoast-schema-graph\">{\"@context\":\"https:\/\/schema.org\",\"@graph\":[{\"@type\":\"WebPage\",\"@id\":\"https:\/\/www.ikuchyne.sk\/eshop\/produkt\/dreveny-konferencny-stolik-opium-antique-60-x-60-cm\/\",\"url\":\"https:\/\/www.ikuchyne.sk\/eshop\/produkt\/dreveny-konferencny-stolik-opium-antique-60-x-60-cm\/\",\"name\":\"Dreven\u00fd konferen\u010dn\u00fd stol\u00edk Opium Antique 60 x 60 cm \u00bb &#187; iKuchyne iSHOP s n\u00e1bytkom\",\"isPartOf\":{\"@id\":\"https:\/\/www.ikuchyne.sk\/eshop\/#website\"},\"datePublished\":\"2018-11-29T18:40:19+00:00\",\"dateModified\":\"2024-03-10T18:20:00+00:00\",\"description\":\"K\u00fapte si u n\u00e1s Dreven\u00fd konferen\u010dn\u00fd stol\u00edk Opium Antique 60 x 60 cm \u00bb za akciov\u00fa cenu. R\u00fdchle dodanie tovaru, odborn\u00e9 poradenstvo a stovky produktov skladom. Dreven\u00fd konferen\u010dn\u00fd stol\u00edk Opium Antique 60 x 60 cm \u00bb sa stane dominantou V\u00e1\u0161ho interi\u00e9ru. Internetov\u00fd obchod ikuchyne! pon\u00faka odber Dreven\u00fd konferen\u010dn\u00fd stol\u00edk Opium Antique 60 x 60 cm \u00bb u\u017e od 1 kusu.\",\"breadcrumb\":{\"@id\":\"https:\/\/www.ikuchyne.sk\/eshop\/produkt\/dreveny-konferencny-stolik-opium-antique-60-x-60-cm\/#breadcrumb\"},\"inLanguage\":\"sk-SK\",\"potentialAction\":[{\"@type\":\"ReadAction\",\"target\":[\"https:\/\/www.ikuchyne.sk\/eshop\/produkt\/dreveny-konferencny-stolik-opium-antique-60-x-60-cm\/\"]}]},{\"@type\":\"BreadcrumbList\",\"@id\":\"https:\/\/www.ikuchyne.sk\/eshop\/produkt\/dreveny-konferencny-stolik-opium-antique-60-x-60-cm\/#breadcrumb\",\"itemListElement\":[{\"@type\":\"ListItem\",\"position\":1,\"name\":\"Home\",\"item\":\"https:\/\/www.ikuchyne.sk\/eshop\/\"},{\"@type\":\"ListItem\",\"position\":2,\"name\":\"Obchod\",\"item\":\"https:\/\/www.ikuchyne.sk\/eshop\/obchod\/\"},{\"@type\":\"ListItem\",\"position\":3,\"name\":\"Dreven\u00fd konferen\u010dn\u00fd stol\u00edk Opium Antique 60 x 60 cm \u00bb\"}]},{\"@type\":\"WebSite\",\"@id\":\"https:\/\/www.ikuchyne.sk\/eshop\/#website\",\"url\":\"https:\/\/www.ikuchyne.sk\/eshop\/\",\"name\":\"iKuchyne iSHOP s n\u00e1bytkom\",\"description\":\"Jed\u00e1lensk\u00e9 stoly, stoli\u010dky, n\u00e1bytok, svietidl\u00e1...\",\"publisher\":{\"@id\":\"https:\/\/www.ikuchyne.sk\/eshop\/#organization\"},\"potentialAction\":[{\"@type\":\"SearchAction\",\"target\":{\"@type\":\"EntryPoint\",\"urlTemplate\":\"https:\/\/www.ikuchyne.sk\/eshop\/?s={search_term_string}\"},\"query-input\":\"required name=search_term_string\"}],\"inLanguage\":\"sk-SK\"},{\"@type\":\"Organization\",\"@id\":\"https:\/\/www.ikuchyne.sk\/eshop\/#organization\",\"name\":\"ikuchyne!\",\"url\":\"https:\/\/www.ikuchyne.sk\/eshop\/\",\"logo\":{\"@type\":\"ImageObject\",\"inLanguage\":\"sk-SK\",\"@id\":\"https:\/\/www.ikuchyne.sk\/eshop\/#\/schema\/logo\/image\/\",\"url\":\"https:\/\/www.ikuchyne.sk\/eshop\/wp-content\/uploads\/2017\/04\/ikuchyne-logo.jpg\",\"contentUrl\":\"https:\/\/www.ikuchyne.sk\/eshop\/wp-content\/uploads\/2017\/04\/ikuchyne-logo.jpg\",\"width\":200,\"height\":48,\"caption\":\"ikuchyne!\"},\"image\":{\"@id\":\"https:\/\/www.ikuchyne.sk\/eshop\/#\/schema\/logo\/image\/\"},\"sameAs\":[\"https:\/\/www.facebook.com\/ikuchyne\/\",\"https:\/\/www.instagram.com\/ikuchyne.sk\/\",\"https:\/\/sk.pinterest.com\/ikuchynesk\/\"]}]}<\/script>\n<!-- \/ Yoast SEO plugin. -->","yoast_head_json":{"title":"Dreven\u00fd konferen\u010dn\u00fd stol\u00edk Opium Antique 60 x 60 cm \u00bb &#187; iKuchyne iSHOP s n\u00e1bytkom","description":"K\u00fapte si u n\u00e1s Dreven\u00fd konferen\u010dn\u00fd stol\u00edk Opium Antique 60 x 60 cm \u00bb za akciov\u00fa cenu. R\u00fdchle dodanie tovaru, odborn\u00e9 poradenstvo a stovky produktov skladom. Dreven\u00fd konferen\u010dn\u00fd stol\u00edk Opium Antique 60 x 60 cm \u00bb sa stane dominantou V\u00e1\u0161ho interi\u00e9ru. Internetov\u00fd obchod ikuchyne! pon\u00faka odber Dreven\u00fd konferen\u010dn\u00fd stol\u00edk Opium Antique 60 x 60 cm \u00bb u\u017e od 1 kusu.","robots":{"index":"index","follow":"follow","max-snippet":"max-snippet:-1","max-image-preview":"max-image-preview:large","max-video-preview":"max-video-preview:-1"},"canonical":"https:\/\/www.ikuchyne.sk\/eshop\/produkt\/dreveny-konferencny-stolik-opium-antique-60-x-60-cm\/","og_locale":"sk_SK","og_type":"article","og_title":"Dreven\u00fd konferen\u010dn\u00fd stol\u00edk Opium Antique 60 x 60 cm \u00bb &#187; iKuchyne iSHOP s n\u00e1bytkom","og_description":"K\u00fapte si u n\u00e1s Dreven\u00fd konferen\u010dn\u00fd stol\u00edk Opium Antique 60 x 60 cm \u00bb za akciov\u00fa cenu. R\u00fdchle dodanie tovaru, odborn\u00e9 poradenstvo a stovky produktov skladom. Dreven\u00fd konferen\u010dn\u00fd stol\u00edk Opium Antique 60 x 60 cm \u00bb sa stane dominantou V\u00e1\u0161ho interi\u00e9ru. Internetov\u00fd obchod ikuchyne! pon\u00faka odber Dreven\u00fd konferen\u010dn\u00fd stol\u00edk Opium Antique 60 x 60 cm \u00bb u\u017e od 1 kusu.","og_url":"https:\/\/www.ikuchyne.sk\/eshop\/produkt\/dreveny-konferencny-stolik-opium-antique-60-x-60-cm\/","og_site_name":"iKuchyne iSHOP s n\u00e1bytkom","article_publisher":"https:\/\/www.facebook.com\/ikuchyne\/","article_modified_time":"2024-03-10T18:20:00+00:00","og_image":[{"width":800,"height":533,"url":"https:\/\/www.ikuchyne.sk\/eshop\/wp-content\/uploads\/2018\/10\/dreveny-konferencny-stolik-opium-antique-60-x-60-cm-81248.jpg","type":"image\/jpeg"}],"twitter_card":"summary_large_image","twitter_misc":{"Predpokladan\u00fd \u010das \u010d\u00edtania":"1 min\u00fata"},"schema":{"@context":"https:\/\/schema.org","@graph":[{"@type":"WebPage","@id":"https:\/\/www.ikuchyne.sk\/eshop\/produkt\/dreveny-konferencny-stolik-opium-antique-60-x-60-cm\/","url":"https:\/\/www.ikuchyne.sk\/eshop\/produkt\/dreveny-konferencny-stolik-opium-antique-60-x-60-cm\/","name":"Dreven\u00fd konferen\u010dn\u00fd stol\u00edk Opium Antique 60 x 60 cm \u00bb &#187; iKuchyne iSHOP s n\u00e1bytkom","isPartOf":{"@id":"https:\/\/www.ikuchyne.sk\/eshop\/#website"},"datePublished":"2018-11-29T18:40:19+00:00","dateModified":"2024-03-10T18:20:00+00:00","description":"K\u00fapte si u n\u00e1s Dreven\u00fd konferen\u010dn\u00fd stol\u00edk Opium Antique 60 x 60 cm \u00bb za akciov\u00fa cenu. R\u00fdchle dodanie tovaru, odborn\u00e9 poradenstvo a stovky produktov skladom. Dreven\u00fd konferen\u010dn\u00fd stol\u00edk Opium Antique 60 x 60 cm \u00bb sa stane dominantou V\u00e1\u0161ho interi\u00e9ru. Internetov\u00fd obchod ikuchyne! pon\u00faka odber Dreven\u00fd konferen\u010dn\u00fd stol\u00edk Opium Antique 60 x 60 cm \u00bb u\u017e od 1 kusu.","breadcrumb":{"@id":"https:\/\/www.ikuchyne.sk\/eshop\/produkt\/dreveny-konferencny-stolik-opium-antique-60-x-60-cm\/#breadcrumb"},"inLanguage":"sk-SK","potentialAction":[{"@type":"ReadAction","target":["https:\/\/www.ikuchyne.sk\/eshop\/produkt\/dreveny-konferencny-stolik-opium-antique-60-x-60-cm\/"]}]},{"@type":"BreadcrumbList","@id":"https:\/\/www.ikuchyne.sk\/eshop\/produkt\/dreveny-konferencny-stolik-opium-antique-60-x-60-cm\/#breadcrumb","itemListElement":[{"@type":"ListItem","position":1,"name":"Home","item":"https:\/\/www.ikuchyne.sk\/eshop\/"},{"@type":"ListItem","position":2,"name":"Obchod","item":"https:\/\/www.ikuchyne.sk\/eshop\/obchod\/"},{"@type":"ListItem","position":3,"name":"Dreven\u00fd konferen\u010dn\u00fd stol\u00edk Opium Antique 60 x 60 cm \u00bb"}]},{"@type":"WebSite","@id":"https:\/\/www.ikuchyne.sk\/eshop\/#website","url":"https:\/\/www.ikuchyne.sk\/eshop\/","name":"iKuchyne iSHOP s n\u00e1bytkom","description":"Jed\u00e1lensk\u00e9 stoly, stoli\u010dky, n\u00e1bytok, svietidl\u00e1...","publisher":{"@id":"https:\/\/www.ikuchyne.sk\/eshop\/#organization"},"potentialAction":[{"@type":"SearchAction","target":{"@type":"EntryPoint","urlTemplate":"https:\/\/www.ikuchyne.sk\/eshop\/?s={search_term_string}"},"query-input":"required name=search_term_string"}],"inLanguage":"sk-SK"},{"@type":"Organization","@id":"https:\/\/www.ikuchyne.sk\/eshop\/#organization","name":"ikuchyne!","url":"https:\/\/www.ikuchyne.sk\/eshop\/","logo":{"@type":"ImageObject","inLanguage":"sk-SK","@id":"https:\/\/www.ikuchyne.sk\/eshop\/#\/schema\/logo\/image\/","url":"https:\/\/www.ikuchyne.sk\/eshop\/wp-content\/uploads\/2017\/04\/ikuchyne-logo.jpg","contentUrl":"https:\/\/www.ikuchyne.sk\/eshop\/wp-content\/uploads\/2017\/04\/ikuchyne-logo.jpg","width":200,"height":48,"caption":"ikuchyne!"},"image":{"@id":"https:\/\/www.ikuchyne.sk\/eshop\/#\/schema\/logo\/image\/"},"sameAs":["https:\/\/www.facebook.com\/ikuchyne\/","https:\/\/www.instagram.com\/ikuchyne.sk\/","https:\/\/sk.pinterest.com\/ikuchynesk\/"]}]}},"_links":{"self":[{"href":"https:\/\/www.ikuchyne.sk\/eshop\/wp-json\/wp\/v2\/product\/81248"}],"collection":[{"href":"https:\/\/www.ikuchyne.sk\/eshop\/wp-json\/wp\/v2\/product"}],"about":[{"href":"https:\/\/www.ikuchyne.sk\/eshop\/wp-json\/wp\/v2\/types\/product"}],"replies":[{"embeddable":true,"href":"https:\/\/www.ikuchyne.sk\/eshop\/wp-json\/wp\/v2\/comments?post=81248"}],"wp:featuredmedia":[{"embeddable":true,"href":"https:\/\/www.ikuchyne.sk\/eshop\/wp-json\/wp\/v2\/media\/81249"}],"wp:attachment":[{"href":"https:\/\/www.ikuchyne.sk\/eshop\/wp-json\/wp\/v2\/media?parent=81248"}],"wp:term":[{"taxonomy":"product_cat","embeddable":true,"href":"https:\/\/www.ikuchyne.sk\/eshop\/wp-json\/wp\/v2\/product_cat?post=81248"},{"taxonomy":"product_tag","embeddable":true,"href":"https:\/\/www.ikuchyne.sk\/eshop\/wp-json\/wp\/v2\/product_tag?post=81248"}],"curies":[{"name":"wp","href":"https:\/\/api.w.org\/{rel}","templated":true}]}}