{"id":82165,"date":"2018-11-28T07:50:05","date_gmt":"2018-11-28T06:50:05","guid":{"rendered":"https:\/\/ikuchyne.sk\/eshop\/?post_type=product&#038;p=82165"},"modified":"2024-03-10T19:20:00","modified_gmt":"2024-03-10T18:20:00","slug":"siva-sedacka-rohova-heaven","status":"publish","type":"product","link":"https:\/\/www.ikuchyne.sk\/eshop\/produkt\/siva-sedacka-rohova-heaven\/","title":{"rendered":"Siv\u00e1 seda\u010dka rohov\u00e1 Heaven \u00bb"},"content":{"rendered":"<h1 class=\"product_title entry-title\">Siv\u00e1 seda\u010dka rohov\u00e1 Heaven<\/h1>\n<p><strong>V\u0161eobecn\u00fd opis seda\u010dky:<br \/>\n<\/strong>Modern\u00e1 rohov\u00e1 seda\u010dka z pevnej vrecoviny u\u017e na prv\u00fd poh\u013ead prin\u00e1\u0161a pohodlie do va\u0161ej ob\u00fdva\u010dky. Sedenie je priestrann\u00e9 v\u010faka v\u00e4\u010d\u0161iemu dvojsed\u00e1ku a otomanu. Tie s\u00fa \u010dal\u00fanen\u00e9 hrubou vrstvou sivej vrecoviny. Operadlo a ni\u017e\u0161ia lak\u0165ov\u00e1 opierka s\u00fa tie\u017e \u010dal\u00fanen\u00e9 vrecovinou. Pohodln\u00e9 le\u017eanie pri sledovan\u00ed telev\u00edzie v\u00e1m spr\u00edjemn\u00ed pred\u013a\u017een\u00fd otoman, na ktor\u00fd si m\u00f4\u017eete vystrie\u0165 unaven\u00e9 nohy. T\u00e1to seda\u010dka kr\u00e1sne presvetl\u00ed ka\u017ed\u00fd interi\u00e9r.\u00a0M\u00f4\u017eete ju umiestni\u0165 k stene alebo aj do stredu miestnosti.<\/p>\n<p><strong>Sedenie:<br \/>\n<\/strong>Sedenie a tie\u017e otoman s\u00fa \u010dal\u00fanen\u00e9 kvalitnou sivou vrecovinou.<\/p>\n<p><strong>\u010eal\u0161ie inform\u00e1cie:<br \/>\n<\/strong>V pr\u00edpade zne\u010distenia, \u010distite vlhkou handri\u010dkou namo\u010denou v mydlovej vode.<\/p>\n<p><b>Rozmery seda\u010dky<\/b>:<br \/>\n\u0160\u00edrka seda\u010dky: 255 cm<br \/>\nV\u00fd\u0161ka seda\u010dky: 80 cm<br \/>\nH\u013abka seda\u010dky: 160 cm<br \/>\n<strong>Rozmery sedenia:<\/strong>\u00a0230 x 43 x 80 cm (\u0160xVxH)<br \/>\n<strong>V\u00fd\u0161ka opierky chrbta:<\/strong> 50\u00a0cm<strong><br \/>\nV\u00fd\u0161ka lak\u0165ovej opierky:\u00a0<\/strong>62 cm<strong><br \/>\nOtoman: <\/strong>82 x 135 cm<\/p>\n<p><b>Materi\u00e1l:<\/b> vrecovina<\/p>\n<p><b>Farba:<\/b>\u00a0siv\u00e1<\/p>\n","protected":false},"excerpt":{"rendered":"<p>Siv\u00e1 seda\u010dka rohov\u00e1 Heaven V\u0161eobecn\u00fd opis seda\u010dky: Modern\u00e1 rohov\u00e1 seda\u010dka z pevnej vrecoviny u\u017e na prv\u00fd poh\u013ead prin\u00e1\u0161a pohodlie do va\u0161ej ob\u00fdva\u010dky. Sedenie je priestrann\u00e9 v\u010faka v\u00e4\u010d\u0161iemu dvojsed\u00e1ku a otomanu.<\/p>\n","protected":false},"featured_media":82166,"comment_status":"open","ping_status":"closed","template":"","meta":[],"product_cat":[601],"product_tag":[261],"yoast_head":"<!-- This site is optimized with the Yoast SEO plugin v22.1 - https:\/\/yoast.com\/wordpress\/plugins\/seo\/ -->\n<title>Siv\u00e1 seda\u010dka rohov\u00e1 Heaven \u00bb &#187; iKuchyne iSHOP s n\u00e1bytkom<\/title>\n<meta name=\"description\" content=\"K\u00fapte si u n\u00e1s Siv\u00e1 seda\u010dka rohov\u00e1 Heaven \u00bb za akciov\u00fa cenu. R\u00fdchle dodanie tovaru, odborn\u00e9 poradenstvo a stovky produktov skladom. Siv\u00e1 seda\u010dka rohov\u00e1 Heaven \u00bb sa stane dominantou V\u00e1\u0161ho interi\u00e9ru. Internetov\u00fd obchod ikuchyne! pon\u00faka odber Siv\u00e1 seda\u010dka rohov\u00e1 Heaven \u00bb u\u017e od 1 kusu.\" \/>\n<meta name=\"robots\" content=\"index, follow, max-snippet:-1, max-image-preview:large, max-video-preview:-1\" \/>\n<link rel=\"canonical\" href=\"https:\/\/www.ikuchyne.sk\/eshop\/produkt\/siva-sedacka-rohova-heaven\/\" \/>\n<meta property=\"og:locale\" content=\"sk_SK\" \/>\n<meta property=\"og:type\" content=\"article\" \/>\n<meta property=\"og:title\" content=\"Siv\u00e1 seda\u010dka rohov\u00e1 Heaven \u00bb &#187; iKuchyne iSHOP s n\u00e1bytkom\" \/>\n<meta property=\"og:description\" content=\"K\u00fapte si u n\u00e1s Siv\u00e1 seda\u010dka rohov\u00e1 Heaven \u00bb za akciov\u00fa cenu. R\u00fdchle dodanie tovaru, odborn\u00e9 poradenstvo a stovky produktov skladom. Siv\u00e1 seda\u010dka rohov\u00e1 Heaven \u00bb sa stane dominantou V\u00e1\u0161ho interi\u00e9ru. Internetov\u00fd obchod ikuchyne! pon\u00faka odber Siv\u00e1 seda\u010dka rohov\u00e1 Heaven \u00bb u\u017e od 1 kusu.\" \/>\n<meta property=\"og:url\" content=\"https:\/\/www.ikuchyne.sk\/eshop\/produkt\/siva-sedacka-rohova-heaven\/\" \/>\n<meta property=\"og:site_name\" content=\"iKuchyne iSHOP s n\u00e1bytkom\" \/>\n<meta property=\"article:publisher\" content=\"https:\/\/www.facebook.com\/ikuchyne\/\" \/>\n<meta property=\"article:modified_time\" content=\"2024-03-10T18:20:00+00:00\" \/>\n<meta property=\"og:image\" content=\"https:\/\/www.ikuchyne.sk\/eshop\/wp-content\/uploads\/2018\/11\/Eck-Sofa-Heaven-255cm-platno-siva-37647.jpg\" \/>\n\t<meta property=\"og:image:width\" content=\"800\" \/>\n\t<meta property=\"og:image:height\" content=\"533\" \/>\n\t<meta property=\"og:image:type\" content=\"image\/jpeg\" \/>\n<meta name=\"twitter:card\" content=\"summary_large_image\" \/>\n<meta name=\"twitter:label1\" content=\"Predpokladan\u00fd \u010das \u010d\u00edtania\" \/>\n\t<meta name=\"twitter:data1\" content=\"1 min\u00fata\" \/>\n<script type=\"application\/ld+json\" class=\"yoast-schema-graph\">{\"@context\":\"https:\/\/schema.org\",\"@graph\":[{\"@type\":\"WebPage\",\"@id\":\"https:\/\/www.ikuchyne.sk\/eshop\/produkt\/siva-sedacka-rohova-heaven\/\",\"url\":\"https:\/\/www.ikuchyne.sk\/eshop\/produkt\/siva-sedacka-rohova-heaven\/\",\"name\":\"Siv\u00e1 seda\u010dka rohov\u00e1 Heaven \u00bb &#187; iKuchyne iSHOP s n\u00e1bytkom\",\"isPartOf\":{\"@id\":\"https:\/\/www.ikuchyne.sk\/eshop\/#website\"},\"datePublished\":\"2018-11-28T06:50:05+00:00\",\"dateModified\":\"2024-03-10T18:20:00+00:00\",\"description\":\"K\u00fapte si u n\u00e1s Siv\u00e1 seda\u010dka rohov\u00e1 Heaven \u00bb za akciov\u00fa cenu. R\u00fdchle dodanie tovaru, odborn\u00e9 poradenstvo a stovky produktov skladom. Siv\u00e1 seda\u010dka rohov\u00e1 Heaven \u00bb sa stane dominantou V\u00e1\u0161ho interi\u00e9ru. Internetov\u00fd obchod ikuchyne! pon\u00faka odber Siv\u00e1 seda\u010dka rohov\u00e1 Heaven \u00bb u\u017e od 1 kusu.\",\"breadcrumb\":{\"@id\":\"https:\/\/www.ikuchyne.sk\/eshop\/produkt\/siva-sedacka-rohova-heaven\/#breadcrumb\"},\"inLanguage\":\"sk-SK\",\"potentialAction\":[{\"@type\":\"ReadAction\",\"target\":[\"https:\/\/www.ikuchyne.sk\/eshop\/produkt\/siva-sedacka-rohova-heaven\/\"]}]},{\"@type\":\"BreadcrumbList\",\"@id\":\"https:\/\/www.ikuchyne.sk\/eshop\/produkt\/siva-sedacka-rohova-heaven\/#breadcrumb\",\"itemListElement\":[{\"@type\":\"ListItem\",\"position\":1,\"name\":\"Home\",\"item\":\"https:\/\/www.ikuchyne.sk\/eshop\/\"},{\"@type\":\"ListItem\",\"position\":2,\"name\":\"Obchod\",\"item\":\"https:\/\/www.ikuchyne.sk\/eshop\/obchod\/\"},{\"@type\":\"ListItem\",\"position\":3,\"name\":\"Siv\u00e1 seda\u010dka rohov\u00e1 Heaven \u00bb\"}]},{\"@type\":\"WebSite\",\"@id\":\"https:\/\/www.ikuchyne.sk\/eshop\/#website\",\"url\":\"https:\/\/www.ikuchyne.sk\/eshop\/\",\"name\":\"iKuchyne iSHOP s n\u00e1bytkom\",\"description\":\"Jed\u00e1lensk\u00e9 stoly, stoli\u010dky, n\u00e1bytok, svietidl\u00e1...\",\"publisher\":{\"@id\":\"https:\/\/www.ikuchyne.sk\/eshop\/#organization\"},\"potentialAction\":[{\"@type\":\"SearchAction\",\"target\":{\"@type\":\"EntryPoint\",\"urlTemplate\":\"https:\/\/www.ikuchyne.sk\/eshop\/?s={search_term_string}\"},\"query-input\":\"required name=search_term_string\"}],\"inLanguage\":\"sk-SK\"},{\"@type\":\"Organization\",\"@id\":\"https:\/\/www.ikuchyne.sk\/eshop\/#organization\",\"name\":\"ikuchyne!\",\"url\":\"https:\/\/www.ikuchyne.sk\/eshop\/\",\"logo\":{\"@type\":\"ImageObject\",\"inLanguage\":\"sk-SK\",\"@id\":\"https:\/\/www.ikuchyne.sk\/eshop\/#\/schema\/logo\/image\/\",\"url\":\"https:\/\/www.ikuchyne.sk\/eshop\/wp-content\/uploads\/2017\/04\/ikuchyne-logo.jpg\",\"contentUrl\":\"https:\/\/www.ikuchyne.sk\/eshop\/wp-content\/uploads\/2017\/04\/ikuchyne-logo.jpg\",\"width\":200,\"height\":48,\"caption\":\"ikuchyne!\"},\"image\":{\"@id\":\"https:\/\/www.ikuchyne.sk\/eshop\/#\/schema\/logo\/image\/\"},\"sameAs\":[\"https:\/\/www.facebook.com\/ikuchyne\/\",\"https:\/\/www.instagram.com\/ikuchyne.sk\/\",\"https:\/\/sk.pinterest.com\/ikuchynesk\/\"]}]}<\/script>\n<!-- \/ Yoast SEO plugin. -->","yoast_head_json":{"title":"Siv\u00e1 seda\u010dka rohov\u00e1 Heaven \u00bb &#187; iKuchyne iSHOP s n\u00e1bytkom","description":"K\u00fapte si u n\u00e1s Siv\u00e1 seda\u010dka rohov\u00e1 Heaven \u00bb za akciov\u00fa cenu. R\u00fdchle dodanie tovaru, odborn\u00e9 poradenstvo a stovky produktov skladom. Siv\u00e1 seda\u010dka rohov\u00e1 Heaven \u00bb sa stane dominantou V\u00e1\u0161ho interi\u00e9ru. Internetov\u00fd obchod ikuchyne! pon\u00faka odber Siv\u00e1 seda\u010dka rohov\u00e1 Heaven \u00bb u\u017e od 1 kusu.","robots":{"index":"index","follow":"follow","max-snippet":"max-snippet:-1","max-image-preview":"max-image-preview:large","max-video-preview":"max-video-preview:-1"},"canonical":"https:\/\/www.ikuchyne.sk\/eshop\/produkt\/siva-sedacka-rohova-heaven\/","og_locale":"sk_SK","og_type":"article","og_title":"Siv\u00e1 seda\u010dka rohov\u00e1 Heaven \u00bb &#187; iKuchyne iSHOP s n\u00e1bytkom","og_description":"K\u00fapte si u n\u00e1s Siv\u00e1 seda\u010dka rohov\u00e1 Heaven \u00bb za akciov\u00fa cenu. R\u00fdchle dodanie tovaru, odborn\u00e9 poradenstvo a stovky produktov skladom. Siv\u00e1 seda\u010dka rohov\u00e1 Heaven \u00bb sa stane dominantou V\u00e1\u0161ho interi\u00e9ru. Internetov\u00fd obchod ikuchyne! pon\u00faka odber Siv\u00e1 seda\u010dka rohov\u00e1 Heaven \u00bb u\u017e od 1 kusu.","og_url":"https:\/\/www.ikuchyne.sk\/eshop\/produkt\/siva-sedacka-rohova-heaven\/","og_site_name":"iKuchyne iSHOP s n\u00e1bytkom","article_publisher":"https:\/\/www.facebook.com\/ikuchyne\/","article_modified_time":"2024-03-10T18:20:00+00:00","og_image":[{"width":800,"height":533,"url":"https:\/\/www.ikuchyne.sk\/eshop\/wp-content\/uploads\/2018\/11\/Eck-Sofa-Heaven-255cm-platno-siva-37647.jpg","type":"image\/jpeg"}],"twitter_card":"summary_large_image","twitter_misc":{"Predpokladan\u00fd \u010das \u010d\u00edtania":"1 min\u00fata"},"schema":{"@context":"https:\/\/schema.org","@graph":[{"@type":"WebPage","@id":"https:\/\/www.ikuchyne.sk\/eshop\/produkt\/siva-sedacka-rohova-heaven\/","url":"https:\/\/www.ikuchyne.sk\/eshop\/produkt\/siva-sedacka-rohova-heaven\/","name":"Siv\u00e1 seda\u010dka rohov\u00e1 Heaven \u00bb &#187; iKuchyne iSHOP s n\u00e1bytkom","isPartOf":{"@id":"https:\/\/www.ikuchyne.sk\/eshop\/#website"},"datePublished":"2018-11-28T06:50:05+00:00","dateModified":"2024-03-10T18:20:00+00:00","description":"K\u00fapte si u n\u00e1s Siv\u00e1 seda\u010dka rohov\u00e1 Heaven \u00bb za akciov\u00fa cenu. R\u00fdchle dodanie tovaru, odborn\u00e9 poradenstvo a stovky produktov skladom. Siv\u00e1 seda\u010dka rohov\u00e1 Heaven \u00bb sa stane dominantou V\u00e1\u0161ho interi\u00e9ru. Internetov\u00fd obchod ikuchyne! pon\u00faka odber Siv\u00e1 seda\u010dka rohov\u00e1 Heaven \u00bb u\u017e od 1 kusu.","breadcrumb":{"@id":"https:\/\/www.ikuchyne.sk\/eshop\/produkt\/siva-sedacka-rohova-heaven\/#breadcrumb"},"inLanguage":"sk-SK","potentialAction":[{"@type":"ReadAction","target":["https:\/\/www.ikuchyne.sk\/eshop\/produkt\/siva-sedacka-rohova-heaven\/"]}]},{"@type":"BreadcrumbList","@id":"https:\/\/www.ikuchyne.sk\/eshop\/produkt\/siva-sedacka-rohova-heaven\/#breadcrumb","itemListElement":[{"@type":"ListItem","position":1,"name":"Home","item":"https:\/\/www.ikuchyne.sk\/eshop\/"},{"@type":"ListItem","position":2,"name":"Obchod","item":"https:\/\/www.ikuchyne.sk\/eshop\/obchod\/"},{"@type":"ListItem","position":3,"name":"Siv\u00e1 seda\u010dka rohov\u00e1 Heaven \u00bb"}]},{"@type":"WebSite","@id":"https:\/\/www.ikuchyne.sk\/eshop\/#website","url":"https:\/\/www.ikuchyne.sk\/eshop\/","name":"iKuchyne iSHOP s n\u00e1bytkom","description":"Jed\u00e1lensk\u00e9 stoly, stoli\u010dky, n\u00e1bytok, svietidl\u00e1...","publisher":{"@id":"https:\/\/www.ikuchyne.sk\/eshop\/#organization"},"potentialAction":[{"@type":"SearchAction","target":{"@type":"EntryPoint","urlTemplate":"https:\/\/www.ikuchyne.sk\/eshop\/?s={search_term_string}"},"query-input":"required name=search_term_string"}],"inLanguage":"sk-SK"},{"@type":"Organization","@id":"https:\/\/www.ikuchyne.sk\/eshop\/#organization","name":"ikuchyne!","url":"https:\/\/www.ikuchyne.sk\/eshop\/","logo":{"@type":"ImageObject","inLanguage":"sk-SK","@id":"https:\/\/www.ikuchyne.sk\/eshop\/#\/schema\/logo\/image\/","url":"https:\/\/www.ikuchyne.sk\/eshop\/wp-content\/uploads\/2017\/04\/ikuchyne-logo.jpg","contentUrl":"https:\/\/www.ikuchyne.sk\/eshop\/wp-content\/uploads\/2017\/04\/ikuchyne-logo.jpg","width":200,"height":48,"caption":"ikuchyne!"},"image":{"@id":"https:\/\/www.ikuchyne.sk\/eshop\/#\/schema\/logo\/image\/"},"sameAs":["https:\/\/www.facebook.com\/ikuchyne\/","https:\/\/www.instagram.com\/ikuchyne.sk\/","https:\/\/sk.pinterest.com\/ikuchynesk\/"]}]}},"_links":{"self":[{"href":"https:\/\/www.ikuchyne.sk\/eshop\/wp-json\/wp\/v2\/product\/82165"}],"collection":[{"href":"https:\/\/www.ikuchyne.sk\/eshop\/wp-json\/wp\/v2\/product"}],"about":[{"href":"https:\/\/www.ikuchyne.sk\/eshop\/wp-json\/wp\/v2\/types\/product"}],"replies":[{"embeddable":true,"href":"https:\/\/www.ikuchyne.sk\/eshop\/wp-json\/wp\/v2\/comments?post=82165"}],"wp:featuredmedia":[{"embeddable":true,"href":"https:\/\/www.ikuchyne.sk\/eshop\/wp-json\/wp\/v2\/media\/82166"}],"wp:attachment":[{"href":"https:\/\/www.ikuchyne.sk\/eshop\/wp-json\/wp\/v2\/media?parent=82165"}],"wp:term":[{"taxonomy":"product_cat","embeddable":true,"href":"https:\/\/www.ikuchyne.sk\/eshop\/wp-json\/wp\/v2\/product_cat?post=82165"},{"taxonomy":"product_tag","embeddable":true,"href":"https:\/\/www.ikuchyne.sk\/eshop\/wp-json\/wp\/v2\/product_tag?post=82165"}],"curies":[{"name":"wp","href":"https:\/\/api.w.org\/{rel}","templated":true}]}}