{"id":82193,"date":"2019-08-02T10:20:41","date_gmt":"2019-08-02T08:20:41","guid":{"rendered":"https:\/\/ikuchyne.sk\/eshop\/?post_type=product&#038;p=82193"},"modified":"2024-03-10T19:19:53","modified_gmt":"2024-03-10T18:19:53","slug":"biely-mahagonovy-stolik-la-fleur","status":"publish","type":"product","link":"https:\/\/www.ikuchyne.sk\/eshop\/produkt\/biely-mahagonovy-stolik-la-fleur\/","title":{"rendered":"Biely mahag\u00f3nov\u00fd stol\u00edk La Fleur \u00bb"},"content":{"rendered":"<h1>Biely mahag\u00f3nov\u00fd stol\u00edk La Fleur \u00bb<\/h1>\n<p><b>V\u0161eobecn\u00fd opis stola:<br \/>\n<\/b>\u0160t\u00fdlov\u00fd telef\u00f3nny stol\u00edk LA FLEUR z mahag\u00f3nov\u00e9ho dreva vy\u017earuje zo seba pr\u00edtomnos\u0165 pr\u00edrody. Stol\u00edk je vyrobeen\u00fd tak, aby p\u00f4sobil moderne, no z\u00e1rove\u0148 staro\u017eitne. Pon\u00faka v\u00e1m aj dostatok \u00falo\u017en\u00e9ho priestoru v podobe z\u00e1suvky a poli\u010dky. Vrchn\u00e1 doska stol\u00edka je v mahag\u00f3novej farbe, zatia\u013e \u010do jeho zvy\u0161ok je biely. Stol\u00edk sa ujme v r\u00f4znych \u010dastiach domu. M\u00f4\u017eete ho umiestni\u0165 do predsiene, ved\u013ea gau\u010da, no nestrat\u00ed sa ani ako zauj\u00edmav\u00fd no\u010dn\u00fd stol\u00edk.<\/p>\n<p><b>\u010eal\u0161ie inform\u00e1cie:<br \/>\n<\/b>Mas\u00edvne mahag\u00f3nov\u00e9 drevo je obzvl\u00e1\u0161\u0165 elegantn\u00e9 a vysoko kvalitn\u00e9. Av\u0161ak, aby ste podporili jeho \u017eivotnos\u0165, na \u010distenie pou\u017e\u00edvajte iba pr\u00edpravky ur\u010den\u00e9 na drevo.<\/p>\n<p><b>Rozmery:<br \/>\n<\/b><b>\u0160\u00edrka:\u00a0<\/b>\u00a033cm<br \/>\n<b>V\u00fd\u0161ka:\u00a0<\/b>\u00a051cm<b><br \/>\n<\/b><b>H\u013abka:<\/b><span style=\"font-weight: 400\">\u00a0<\/span>\u00a025cm<br \/>\n<strong>Z\u00e1suvka:<\/strong> 18, 5cm x 3, 5cm x 15cm (\u0160xVxH)<br \/>\n<strong>Priehradka:<\/strong> 29cm x 27cm x 19cm (\u0160xVxH)<\/p>\n<p><b>Farba:<\/b><span style=\"font-weight: 400\">\u00a0<\/span>biela<\/p>\n<p><b>Materi\u00e1l:<\/b><span style=\"font-weight: 400\"> mahag\u00f3nov\u00e9 drevo<\/span><\/p>\n","protected":false},"excerpt":{"rendered":"<p>Biely mahag\u00f3nov\u00fd stol\u00edk La Fleur \u00bb V\u0161eobecn\u00fd opis stola: \u0160t\u00fdlov\u00fd telef\u00f3nny stol\u00edk LA FLEUR z mahag\u00f3nov\u00e9ho dreva vy\u017earuje zo seba pr\u00edtomnos\u0165 pr\u00edrody. Stol\u00edk je vyrobeen\u00fd tak, aby p\u00f4sobil moderne, no<\/p>\n","protected":false},"featured_media":82194,"comment_status":"open","ping_status":"closed","template":"","meta":[],"product_cat":[286,293],"product_tag":[562],"yoast_head":"<!-- This site is optimized with the Yoast SEO plugin v22.1 - https:\/\/yoast.com\/wordpress\/plugins\/seo\/ -->\n<title>Biely mahag\u00f3nov\u00fd stol\u00edk La Fleur \u00bb &#187; iKuchyne iSHOP s n\u00e1bytkom<\/title>\n<meta name=\"description\" content=\"K\u00fapte si u n\u00e1s Biely mahag\u00f3nov\u00fd stol\u00edk La Fleur \u00bb za akciov\u00fa cenu. R\u00fdchle dodanie tovaru, odborn\u00e9 poradenstvo a stovky produktov skladom. Biely mahag\u00f3nov\u00fd stol\u00edk La Fleur \u00bb sa stane dominantou V\u00e1\u0161ho interi\u00e9ru. Internetov\u00fd obchod ikuchyne! pon\u00faka odber Biely mahag\u00f3nov\u00fd stol\u00edk La Fleur \u00bb u\u017e od 1 kusu.\" \/>\n<meta name=\"robots\" content=\"index, follow, max-snippet:-1, max-image-preview:large, max-video-preview:-1\" \/>\n<link rel=\"canonical\" href=\"https:\/\/www.ikuchyne.sk\/eshop\/produkt\/biely-mahagonovy-stolik-la-fleur\/\" \/>\n<meta property=\"og:locale\" content=\"sk_SK\" \/>\n<meta property=\"og:type\" content=\"article\" \/>\n<meta property=\"og:title\" content=\"Biely mahag\u00f3nov\u00fd stol\u00edk La Fleur \u00bb &#187; iKuchyne iSHOP s n\u00e1bytkom\" \/>\n<meta property=\"og:description\" content=\"K\u00fapte si u n\u00e1s Biely mahag\u00f3nov\u00fd stol\u00edk La Fleur \u00bb za akciov\u00fa cenu. R\u00fdchle dodanie tovaru, odborn\u00e9 poradenstvo a stovky produktov skladom. Biely mahag\u00f3nov\u00fd stol\u00edk La Fleur \u00bb sa stane dominantou V\u00e1\u0161ho interi\u00e9ru. Internetov\u00fd obchod ikuchyne! pon\u00faka odber Biely mahag\u00f3nov\u00fd stol\u00edk La Fleur \u00bb u\u017e od 1 kusu.\" \/>\n<meta property=\"og:url\" content=\"https:\/\/www.ikuchyne.sk\/eshop\/produkt\/biely-mahagonovy-stolik-la-fleur\/\" \/>\n<meta property=\"og:site_name\" content=\"iKuchyne iSHOP s n\u00e1bytkom\" \/>\n<meta property=\"article:publisher\" content=\"https:\/\/www.facebook.com\/ikuchyne\/\" \/>\n<meta property=\"article:modified_time\" content=\"2024-03-10T18:19:53+00:00\" \/>\n<meta property=\"og:image\" content=\"https:\/\/www.ikuchyne.sk\/eshop\/wp-content\/uploads\/2018\/11\/Telefontisch-La-Fleur-biela-mahagon-38560.jpg\" \/>\n\t<meta property=\"og:image:width\" content=\"800\" \/>\n\t<meta property=\"og:image:height\" content=\"533\" \/>\n\t<meta property=\"og:image:type\" content=\"image\/jpeg\" \/>\n<meta name=\"twitter:card\" content=\"summary_large_image\" \/>\n<meta name=\"twitter:label1\" content=\"Predpokladan\u00fd \u010das \u010d\u00edtania\" \/>\n\t<meta name=\"twitter:data1\" content=\"1 min\u00fata\" \/>\n<script type=\"application\/ld+json\" class=\"yoast-schema-graph\">{\"@context\":\"https:\/\/schema.org\",\"@graph\":[{\"@type\":\"WebPage\",\"@id\":\"https:\/\/www.ikuchyne.sk\/eshop\/produkt\/biely-mahagonovy-stolik-la-fleur\/\",\"url\":\"https:\/\/www.ikuchyne.sk\/eshop\/produkt\/biely-mahagonovy-stolik-la-fleur\/\",\"name\":\"Biely mahag\u00f3nov\u00fd stol\u00edk La Fleur \u00bb &#187; iKuchyne iSHOP s n\u00e1bytkom\",\"isPartOf\":{\"@id\":\"https:\/\/www.ikuchyne.sk\/eshop\/#website\"},\"datePublished\":\"2019-08-02T08:20:41+00:00\",\"dateModified\":\"2024-03-10T18:19:53+00:00\",\"description\":\"K\u00fapte si u n\u00e1s Biely mahag\u00f3nov\u00fd stol\u00edk La Fleur \u00bb za akciov\u00fa cenu. R\u00fdchle dodanie tovaru, odborn\u00e9 poradenstvo a stovky produktov skladom. Biely mahag\u00f3nov\u00fd stol\u00edk La Fleur \u00bb sa stane dominantou V\u00e1\u0161ho interi\u00e9ru. Internetov\u00fd obchod ikuchyne! pon\u00faka odber Biely mahag\u00f3nov\u00fd stol\u00edk La Fleur \u00bb u\u017e od 1 kusu.\",\"breadcrumb\":{\"@id\":\"https:\/\/www.ikuchyne.sk\/eshop\/produkt\/biely-mahagonovy-stolik-la-fleur\/#breadcrumb\"},\"inLanguage\":\"sk-SK\",\"potentialAction\":[{\"@type\":\"ReadAction\",\"target\":[\"https:\/\/www.ikuchyne.sk\/eshop\/produkt\/biely-mahagonovy-stolik-la-fleur\/\"]}]},{\"@type\":\"BreadcrumbList\",\"@id\":\"https:\/\/www.ikuchyne.sk\/eshop\/produkt\/biely-mahagonovy-stolik-la-fleur\/#breadcrumb\",\"itemListElement\":[{\"@type\":\"ListItem\",\"position\":1,\"name\":\"Home\",\"item\":\"https:\/\/www.ikuchyne.sk\/eshop\/\"},{\"@type\":\"ListItem\",\"position\":2,\"name\":\"Obchod\",\"item\":\"https:\/\/www.ikuchyne.sk\/eshop\/obchod\/\"},{\"@type\":\"ListItem\",\"position\":3,\"name\":\"Biely mahag\u00f3nov\u00fd stol\u00edk La Fleur \u00bb\"}]},{\"@type\":\"WebSite\",\"@id\":\"https:\/\/www.ikuchyne.sk\/eshop\/#website\",\"url\":\"https:\/\/www.ikuchyne.sk\/eshop\/\",\"name\":\"iKuchyne iSHOP s n\u00e1bytkom\",\"description\":\"Jed\u00e1lensk\u00e9 stoly, stoli\u010dky, n\u00e1bytok, svietidl\u00e1...\",\"publisher\":{\"@id\":\"https:\/\/www.ikuchyne.sk\/eshop\/#organization\"},\"potentialAction\":[{\"@type\":\"SearchAction\",\"target\":{\"@type\":\"EntryPoint\",\"urlTemplate\":\"https:\/\/www.ikuchyne.sk\/eshop\/?s={search_term_string}\"},\"query-input\":\"required name=search_term_string\"}],\"inLanguage\":\"sk-SK\"},{\"@type\":\"Organization\",\"@id\":\"https:\/\/www.ikuchyne.sk\/eshop\/#organization\",\"name\":\"ikuchyne!\",\"url\":\"https:\/\/www.ikuchyne.sk\/eshop\/\",\"logo\":{\"@type\":\"ImageObject\",\"inLanguage\":\"sk-SK\",\"@id\":\"https:\/\/www.ikuchyne.sk\/eshop\/#\/schema\/logo\/image\/\",\"url\":\"https:\/\/www.ikuchyne.sk\/eshop\/wp-content\/uploads\/2017\/04\/ikuchyne-logo.jpg\",\"contentUrl\":\"https:\/\/www.ikuchyne.sk\/eshop\/wp-content\/uploads\/2017\/04\/ikuchyne-logo.jpg\",\"width\":200,\"height\":48,\"caption\":\"ikuchyne!\"},\"image\":{\"@id\":\"https:\/\/www.ikuchyne.sk\/eshop\/#\/schema\/logo\/image\/\"},\"sameAs\":[\"https:\/\/www.facebook.com\/ikuchyne\/\",\"https:\/\/www.instagram.com\/ikuchyne.sk\/\",\"https:\/\/sk.pinterest.com\/ikuchynesk\/\"]}]}<\/script>\n<!-- \/ Yoast SEO plugin. -->","yoast_head_json":{"title":"Biely mahag\u00f3nov\u00fd stol\u00edk La Fleur \u00bb &#187; iKuchyne iSHOP s n\u00e1bytkom","description":"K\u00fapte si u n\u00e1s Biely mahag\u00f3nov\u00fd stol\u00edk La Fleur \u00bb za akciov\u00fa cenu. R\u00fdchle dodanie tovaru, odborn\u00e9 poradenstvo a stovky produktov skladom. Biely mahag\u00f3nov\u00fd stol\u00edk La Fleur \u00bb sa stane dominantou V\u00e1\u0161ho interi\u00e9ru. Internetov\u00fd obchod ikuchyne! pon\u00faka odber Biely mahag\u00f3nov\u00fd stol\u00edk La Fleur \u00bb u\u017e od 1 kusu.","robots":{"index":"index","follow":"follow","max-snippet":"max-snippet:-1","max-image-preview":"max-image-preview:large","max-video-preview":"max-video-preview:-1"},"canonical":"https:\/\/www.ikuchyne.sk\/eshop\/produkt\/biely-mahagonovy-stolik-la-fleur\/","og_locale":"sk_SK","og_type":"article","og_title":"Biely mahag\u00f3nov\u00fd stol\u00edk La Fleur \u00bb &#187; iKuchyne iSHOP s n\u00e1bytkom","og_description":"K\u00fapte si u n\u00e1s Biely mahag\u00f3nov\u00fd stol\u00edk La Fleur \u00bb za akciov\u00fa cenu. R\u00fdchle dodanie tovaru, odborn\u00e9 poradenstvo a stovky produktov skladom. Biely mahag\u00f3nov\u00fd stol\u00edk La Fleur \u00bb sa stane dominantou V\u00e1\u0161ho interi\u00e9ru. Internetov\u00fd obchod ikuchyne! pon\u00faka odber Biely mahag\u00f3nov\u00fd stol\u00edk La Fleur \u00bb u\u017e od 1 kusu.","og_url":"https:\/\/www.ikuchyne.sk\/eshop\/produkt\/biely-mahagonovy-stolik-la-fleur\/","og_site_name":"iKuchyne iSHOP s n\u00e1bytkom","article_publisher":"https:\/\/www.facebook.com\/ikuchyne\/","article_modified_time":"2024-03-10T18:19:53+00:00","og_image":[{"width":800,"height":533,"url":"https:\/\/www.ikuchyne.sk\/eshop\/wp-content\/uploads\/2018\/11\/Telefontisch-La-Fleur-biela-mahagon-38560.jpg","type":"image\/jpeg"}],"twitter_card":"summary_large_image","twitter_misc":{"Predpokladan\u00fd \u010das \u010d\u00edtania":"1 min\u00fata"},"schema":{"@context":"https:\/\/schema.org","@graph":[{"@type":"WebPage","@id":"https:\/\/www.ikuchyne.sk\/eshop\/produkt\/biely-mahagonovy-stolik-la-fleur\/","url":"https:\/\/www.ikuchyne.sk\/eshop\/produkt\/biely-mahagonovy-stolik-la-fleur\/","name":"Biely mahag\u00f3nov\u00fd stol\u00edk La Fleur \u00bb &#187; iKuchyne iSHOP s n\u00e1bytkom","isPartOf":{"@id":"https:\/\/www.ikuchyne.sk\/eshop\/#website"},"datePublished":"2019-08-02T08:20:41+00:00","dateModified":"2024-03-10T18:19:53+00:00","description":"K\u00fapte si u n\u00e1s Biely mahag\u00f3nov\u00fd stol\u00edk La Fleur \u00bb za akciov\u00fa cenu. R\u00fdchle dodanie tovaru, odborn\u00e9 poradenstvo a stovky produktov skladom. Biely mahag\u00f3nov\u00fd stol\u00edk La Fleur \u00bb sa stane dominantou V\u00e1\u0161ho interi\u00e9ru. Internetov\u00fd obchod ikuchyne! pon\u00faka odber Biely mahag\u00f3nov\u00fd stol\u00edk La Fleur \u00bb u\u017e od 1 kusu.","breadcrumb":{"@id":"https:\/\/www.ikuchyne.sk\/eshop\/produkt\/biely-mahagonovy-stolik-la-fleur\/#breadcrumb"},"inLanguage":"sk-SK","potentialAction":[{"@type":"ReadAction","target":["https:\/\/www.ikuchyne.sk\/eshop\/produkt\/biely-mahagonovy-stolik-la-fleur\/"]}]},{"@type":"BreadcrumbList","@id":"https:\/\/www.ikuchyne.sk\/eshop\/produkt\/biely-mahagonovy-stolik-la-fleur\/#breadcrumb","itemListElement":[{"@type":"ListItem","position":1,"name":"Home","item":"https:\/\/www.ikuchyne.sk\/eshop\/"},{"@type":"ListItem","position":2,"name":"Obchod","item":"https:\/\/www.ikuchyne.sk\/eshop\/obchod\/"},{"@type":"ListItem","position":3,"name":"Biely mahag\u00f3nov\u00fd stol\u00edk La Fleur \u00bb"}]},{"@type":"WebSite","@id":"https:\/\/www.ikuchyne.sk\/eshop\/#website","url":"https:\/\/www.ikuchyne.sk\/eshop\/","name":"iKuchyne iSHOP s n\u00e1bytkom","description":"Jed\u00e1lensk\u00e9 stoly, stoli\u010dky, n\u00e1bytok, svietidl\u00e1...","publisher":{"@id":"https:\/\/www.ikuchyne.sk\/eshop\/#organization"},"potentialAction":[{"@type":"SearchAction","target":{"@type":"EntryPoint","urlTemplate":"https:\/\/www.ikuchyne.sk\/eshop\/?s={search_term_string}"},"query-input":"required name=search_term_string"}],"inLanguage":"sk-SK"},{"@type":"Organization","@id":"https:\/\/www.ikuchyne.sk\/eshop\/#organization","name":"ikuchyne!","url":"https:\/\/www.ikuchyne.sk\/eshop\/","logo":{"@type":"ImageObject","inLanguage":"sk-SK","@id":"https:\/\/www.ikuchyne.sk\/eshop\/#\/schema\/logo\/image\/","url":"https:\/\/www.ikuchyne.sk\/eshop\/wp-content\/uploads\/2017\/04\/ikuchyne-logo.jpg","contentUrl":"https:\/\/www.ikuchyne.sk\/eshop\/wp-content\/uploads\/2017\/04\/ikuchyne-logo.jpg","width":200,"height":48,"caption":"ikuchyne!"},"image":{"@id":"https:\/\/www.ikuchyne.sk\/eshop\/#\/schema\/logo\/image\/"},"sameAs":["https:\/\/www.facebook.com\/ikuchyne\/","https:\/\/www.instagram.com\/ikuchyne.sk\/","https:\/\/sk.pinterest.com\/ikuchynesk\/"]}]}},"_links":{"self":[{"href":"https:\/\/www.ikuchyne.sk\/eshop\/wp-json\/wp\/v2\/product\/82193"}],"collection":[{"href":"https:\/\/www.ikuchyne.sk\/eshop\/wp-json\/wp\/v2\/product"}],"about":[{"href":"https:\/\/www.ikuchyne.sk\/eshop\/wp-json\/wp\/v2\/types\/product"}],"replies":[{"embeddable":true,"href":"https:\/\/www.ikuchyne.sk\/eshop\/wp-json\/wp\/v2\/comments?post=82193"}],"wp:featuredmedia":[{"embeddable":true,"href":"https:\/\/www.ikuchyne.sk\/eshop\/wp-json\/wp\/v2\/media\/82194"}],"wp:attachment":[{"href":"https:\/\/www.ikuchyne.sk\/eshop\/wp-json\/wp\/v2\/media?parent=82193"}],"wp:term":[{"taxonomy":"product_cat","embeddable":true,"href":"https:\/\/www.ikuchyne.sk\/eshop\/wp-json\/wp\/v2\/product_cat?post=82193"},{"taxonomy":"product_tag","embeddable":true,"href":"https:\/\/www.ikuchyne.sk\/eshop\/wp-json\/wp\/v2\/product_tag?post=82193"}],"curies":[{"name":"wp","href":"https:\/\/api.w.org\/{rel}","templated":true}]}}