{"id":82207,"date":"2018-11-28T13:24:55","date_gmt":"2018-11-28T12:24:55","guid":{"rendered":"https:\/\/ikuchyne.sk\/eshop\/?post_type=product&#038;p=82207"},"modified":"2024-03-10T19:20:00","modified_gmt":"2024-03-10T18:20:00","slug":"trojmiestna-bezova-sedacka-heaven","status":"publish","type":"product","link":"https:\/\/www.ikuchyne.sk\/eshop\/produkt\/trojmiestna-bezova-sedacka-heaven\/","title":{"rendered":"Trojmiestna b\u00e9\u017eov\u00e1 seda\u010dka Heaven \u00bb"},"content":{"rendered":"<h1>Trojmiestna b\u00e9\u017eov\u00e1 seda\u010dka Heaven \u00bb<\/h1>\n<p><b>V\u0161eobecn\u00fd opis seda\u010dky:<\/b><b><br \/>\n<\/b>Pohodln\u00e1, vkusn\u00e1, ve\u013ek\u00e1 \u2013 tri naj\u010dastej\u0161ie aspekty pre k\u00fapu ka\u017edej novej seda\u010dky. M\u00e1me pre v\u00e1s dobr\u00fa spr\u00e1vu, preto\u017ee v\u0161etky tieto tri aspekty kr\u00e1sna svetl\u00e1 b\u00e9\u017eov\u00e1 seda\u010dka Heaven sp\u013a\u0148a. Skuto\u010dne kr\u00e1sny k\u00fasok perfektne z\u00fatuln\u00ed ka\u017ed\u00fd priestor a navy\u0161e aj dokonalo zrelaxujete. K pohodliu prispieva nielen pru\u017einov\u00fd sed\u00e1k, ale aj mno\u017estvo vank\u00fa\u0161ikov, ktor\u00e9 balenie seda\u010dky obsahuje.<\/p>\n<p><b>\u010eal\u0161ie inform\u00e1cie:<\/b><b><br \/>\n<\/b>V pr\u00edpade zne\u010distenia, pou\u017e\u00edvajte iba prostriedky na b\u00e1ze vody, ur\u010dite nepou\u017e\u00edvajte bielidl\u00e1. Ak nepom\u00f4\u017ee vysu\u0161enie suchou handri\u010dkou, naneste mal\u00e9 mno\u017estvo \u010distiaceho prostriedku na zne\u010disten\u00e9 plochy. \u010cakajte 2-3 min\u00faty a z\u013eahka vy\u010distite kr\u00fa\u017eiv\u00fdmi pohybmi, k\u00fdm \u0161kvrna nezmizne.<\/p>\n<p><b>Rozmery stoli\u010dky:<\/b><b><br \/>\n<\/b>\u0160\u00edrka stoli\u010dky: 210cm<br \/>\nV\u00fd\u0161ka stoli\u010dky: 90cm<br \/>\nH\u013abka stoli\u010dky: 105cm<\/p>\n<p><b>Rozmery sedenia:<\/b>\u00a0190 x 45 x 77cm<br \/>\n<b>V\u00fd\u0161ka operadla:<\/b>\u00a040cm<br \/>\n<strong>V\u00fd\u0161ka lak\u0165ovej opierky:<\/strong>\u00a062cm<\/p>\n<p>Ve\u013ek\u00fd vank\u00fa\u0161: 5 x 55 x 55cm<br \/>\nStredn\u00fd vank\u00fa\u0161: 2 x 40 x 40cm<br \/>\nMal\u00fd vank\u00fa\u0161: 2 x 55 x 25cm<\/p>\n<p><b>Materi\u00e1l:<\/b>\u00a0vrecovina, polyester<br \/>\n<b>Farba:<\/b> b\u00e9\u017eov\u00e1<\/p>\n<p>K seda\u010dke je mo\u017en\u00e9 zak\u00fapi\u0165 <a href=\"https:\/\/ikuchyne.sk\/eshop\/produkt\/bezovy-taburet-heaven-100cm\/\">taburet<\/a> v rovnakej farbe.<\/p>\n","protected":false},"excerpt":{"rendered":"<p>Trojmiestna b\u00e9\u017eov\u00e1 seda\u010dka Heaven \u00bb V\u0161eobecn\u00fd opis seda\u010dky: Pohodln\u00e1, vkusn\u00e1, ve\u013ek\u00e1 \u2013 tri naj\u010dastej\u0161ie aspekty pre k\u00fapu ka\u017edej novej seda\u010dky. M\u00e1me pre v\u00e1s dobr\u00fa spr\u00e1vu, preto\u017ee v\u0161etky tieto tri aspekty<\/p>\n","protected":false},"featured_media":82208,"comment_status":"open","ping_status":"closed","template":"","meta":[],"product_cat":[772,600,602,601],"product_tag":[261],"yoast_head":"<!-- This site is optimized with the Yoast SEO plugin v22.1 - https:\/\/yoast.com\/wordpress\/plugins\/seo\/ -->\n<title>Trojmiestna b\u00e9\u017eov\u00e1 seda\u010dka Heaven \u00bb &#187; iKuchyne iSHOP s n\u00e1bytkom<\/title>\n<meta name=\"description\" content=\"K\u00fapte si u n\u00e1s Trojmiestna b\u00e9\u017eov\u00e1 seda\u010dka Heaven \u00bb za akciov\u00fa cenu. R\u00fdchle dodanie tovaru, odborn\u00e9 poradenstvo a stovky produktov skladom. Trojmiestna b\u00e9\u017eov\u00e1 seda\u010dka Heaven \u00bb sa stane dominantou V\u00e1\u0161ho interi\u00e9ru. Internetov\u00fd obchod ikuchyne! pon\u00faka odber Trojmiestna b\u00e9\u017eov\u00e1 seda\u010dka Heaven \u00bb u\u017e od 1 kusu.\" \/>\n<meta name=\"robots\" content=\"index, follow, max-snippet:-1, max-image-preview:large, max-video-preview:-1\" \/>\n<link rel=\"canonical\" href=\"https:\/\/www.ikuchyne.sk\/eshop\/produkt\/trojmiestna-bezova-sedacka-heaven\/\" \/>\n<meta property=\"og:locale\" content=\"sk_SK\" \/>\n<meta property=\"og:type\" content=\"article\" \/>\n<meta property=\"og:title\" content=\"Trojmiestna b\u00e9\u017eov\u00e1 seda\u010dka Heaven \u00bb &#187; iKuchyne iSHOP s n\u00e1bytkom\" \/>\n<meta property=\"og:description\" content=\"K\u00fapte si u n\u00e1s Trojmiestna b\u00e9\u017eov\u00e1 seda\u010dka Heaven \u00bb za akciov\u00fa cenu. R\u00fdchle dodanie tovaru, odborn\u00e9 poradenstvo a stovky produktov skladom. Trojmiestna b\u00e9\u017eov\u00e1 seda\u010dka Heaven \u00bb sa stane dominantou V\u00e1\u0161ho interi\u00e9ru. Internetov\u00fd obchod ikuchyne! pon\u00faka odber Trojmiestna b\u00e9\u017eov\u00e1 seda\u010dka Heaven \u00bb u\u017e od 1 kusu.\" \/>\n<meta property=\"og:url\" content=\"https:\/\/www.ikuchyne.sk\/eshop\/produkt\/trojmiestna-bezova-sedacka-heaven\/\" \/>\n<meta property=\"og:site_name\" content=\"iKuchyne iSHOP s n\u00e1bytkom\" \/>\n<meta property=\"article:publisher\" content=\"https:\/\/www.facebook.com\/ikuchyne\/\" \/>\n<meta property=\"article:modified_time\" content=\"2024-03-10T18:20:00+00:00\" \/>\n<meta property=\"og:image\" content=\"https:\/\/www.ikuchyne.sk\/eshop\/wp-content\/uploads\/2018\/11\/Sofa-Heaven-3er-platno-prirodna-22689.jpg\" \/>\n\t<meta property=\"og:image:width\" content=\"800\" \/>\n\t<meta property=\"og:image:height\" content=\"533\" \/>\n\t<meta property=\"og:image:type\" content=\"image\/jpeg\" \/>\n<meta name=\"twitter:card\" content=\"summary_large_image\" \/>\n<meta name=\"twitter:label1\" content=\"Predpokladan\u00fd \u010das \u010d\u00edtania\" \/>\n\t<meta name=\"twitter:data1\" content=\"1 min\u00fata\" \/>\n<script type=\"application\/ld+json\" class=\"yoast-schema-graph\">{\"@context\":\"https:\/\/schema.org\",\"@graph\":[{\"@type\":\"WebPage\",\"@id\":\"https:\/\/www.ikuchyne.sk\/eshop\/produkt\/trojmiestna-bezova-sedacka-heaven\/\",\"url\":\"https:\/\/www.ikuchyne.sk\/eshop\/produkt\/trojmiestna-bezova-sedacka-heaven\/\",\"name\":\"Trojmiestna b\u00e9\u017eov\u00e1 seda\u010dka Heaven \u00bb &#187; iKuchyne iSHOP s n\u00e1bytkom\",\"isPartOf\":{\"@id\":\"https:\/\/www.ikuchyne.sk\/eshop\/#website\"},\"datePublished\":\"2018-11-28T12:24:55+00:00\",\"dateModified\":\"2024-03-10T18:20:00+00:00\",\"description\":\"K\u00fapte si u n\u00e1s Trojmiestna b\u00e9\u017eov\u00e1 seda\u010dka Heaven \u00bb za akciov\u00fa cenu. R\u00fdchle dodanie tovaru, odborn\u00e9 poradenstvo a stovky produktov skladom. Trojmiestna b\u00e9\u017eov\u00e1 seda\u010dka Heaven \u00bb sa stane dominantou V\u00e1\u0161ho interi\u00e9ru. Internetov\u00fd obchod ikuchyne! pon\u00faka odber Trojmiestna b\u00e9\u017eov\u00e1 seda\u010dka Heaven \u00bb u\u017e od 1 kusu.\",\"breadcrumb\":{\"@id\":\"https:\/\/www.ikuchyne.sk\/eshop\/produkt\/trojmiestna-bezova-sedacka-heaven\/#breadcrumb\"},\"inLanguage\":\"sk-SK\",\"potentialAction\":[{\"@type\":\"ReadAction\",\"target\":[\"https:\/\/www.ikuchyne.sk\/eshop\/produkt\/trojmiestna-bezova-sedacka-heaven\/\"]}]},{\"@type\":\"BreadcrumbList\",\"@id\":\"https:\/\/www.ikuchyne.sk\/eshop\/produkt\/trojmiestna-bezova-sedacka-heaven\/#breadcrumb\",\"itemListElement\":[{\"@type\":\"ListItem\",\"position\":1,\"name\":\"Home\",\"item\":\"https:\/\/www.ikuchyne.sk\/eshop\/\"},{\"@type\":\"ListItem\",\"position\":2,\"name\":\"Obchod\",\"item\":\"https:\/\/www.ikuchyne.sk\/eshop\/obchod\/\"},{\"@type\":\"ListItem\",\"position\":3,\"name\":\"Trojmiestna b\u00e9\u017eov\u00e1 seda\u010dka Heaven \u00bb\"}]},{\"@type\":\"WebSite\",\"@id\":\"https:\/\/www.ikuchyne.sk\/eshop\/#website\",\"url\":\"https:\/\/www.ikuchyne.sk\/eshop\/\",\"name\":\"iKuchyne iSHOP s n\u00e1bytkom\",\"description\":\"Jed\u00e1lensk\u00e9 stoly, stoli\u010dky, n\u00e1bytok, svietidl\u00e1...\",\"publisher\":{\"@id\":\"https:\/\/www.ikuchyne.sk\/eshop\/#organization\"},\"potentialAction\":[{\"@type\":\"SearchAction\",\"target\":{\"@type\":\"EntryPoint\",\"urlTemplate\":\"https:\/\/www.ikuchyne.sk\/eshop\/?s={search_term_string}\"},\"query-input\":\"required name=search_term_string\"}],\"inLanguage\":\"sk-SK\"},{\"@type\":\"Organization\",\"@id\":\"https:\/\/www.ikuchyne.sk\/eshop\/#organization\",\"name\":\"ikuchyne!\",\"url\":\"https:\/\/www.ikuchyne.sk\/eshop\/\",\"logo\":{\"@type\":\"ImageObject\",\"inLanguage\":\"sk-SK\",\"@id\":\"https:\/\/www.ikuchyne.sk\/eshop\/#\/schema\/logo\/image\/\",\"url\":\"https:\/\/www.ikuchyne.sk\/eshop\/wp-content\/uploads\/2017\/04\/ikuchyne-logo.jpg\",\"contentUrl\":\"https:\/\/www.ikuchyne.sk\/eshop\/wp-content\/uploads\/2017\/04\/ikuchyne-logo.jpg\",\"width\":200,\"height\":48,\"caption\":\"ikuchyne!\"},\"image\":{\"@id\":\"https:\/\/www.ikuchyne.sk\/eshop\/#\/schema\/logo\/image\/\"},\"sameAs\":[\"https:\/\/www.facebook.com\/ikuchyne\/\",\"https:\/\/www.instagram.com\/ikuchyne.sk\/\",\"https:\/\/sk.pinterest.com\/ikuchynesk\/\"]}]}<\/script>\n<!-- \/ Yoast SEO plugin. -->","yoast_head_json":{"title":"Trojmiestna b\u00e9\u017eov\u00e1 seda\u010dka Heaven \u00bb &#187; iKuchyne iSHOP s n\u00e1bytkom","description":"K\u00fapte si u n\u00e1s Trojmiestna b\u00e9\u017eov\u00e1 seda\u010dka Heaven \u00bb za akciov\u00fa cenu. R\u00fdchle dodanie tovaru, odborn\u00e9 poradenstvo a stovky produktov skladom. Trojmiestna b\u00e9\u017eov\u00e1 seda\u010dka Heaven \u00bb sa stane dominantou V\u00e1\u0161ho interi\u00e9ru. Internetov\u00fd obchod ikuchyne! pon\u00faka odber Trojmiestna b\u00e9\u017eov\u00e1 seda\u010dka Heaven \u00bb u\u017e od 1 kusu.","robots":{"index":"index","follow":"follow","max-snippet":"max-snippet:-1","max-image-preview":"max-image-preview:large","max-video-preview":"max-video-preview:-1"},"canonical":"https:\/\/www.ikuchyne.sk\/eshop\/produkt\/trojmiestna-bezova-sedacka-heaven\/","og_locale":"sk_SK","og_type":"article","og_title":"Trojmiestna b\u00e9\u017eov\u00e1 seda\u010dka Heaven \u00bb &#187; iKuchyne iSHOP s n\u00e1bytkom","og_description":"K\u00fapte si u n\u00e1s Trojmiestna b\u00e9\u017eov\u00e1 seda\u010dka Heaven \u00bb za akciov\u00fa cenu. R\u00fdchle dodanie tovaru, odborn\u00e9 poradenstvo a stovky produktov skladom. Trojmiestna b\u00e9\u017eov\u00e1 seda\u010dka Heaven \u00bb sa stane dominantou V\u00e1\u0161ho interi\u00e9ru. Internetov\u00fd obchod ikuchyne! pon\u00faka odber Trojmiestna b\u00e9\u017eov\u00e1 seda\u010dka Heaven \u00bb u\u017e od 1 kusu.","og_url":"https:\/\/www.ikuchyne.sk\/eshop\/produkt\/trojmiestna-bezova-sedacka-heaven\/","og_site_name":"iKuchyne iSHOP s n\u00e1bytkom","article_publisher":"https:\/\/www.facebook.com\/ikuchyne\/","article_modified_time":"2024-03-10T18:20:00+00:00","og_image":[{"width":800,"height":533,"url":"https:\/\/www.ikuchyne.sk\/eshop\/wp-content\/uploads\/2018\/11\/Sofa-Heaven-3er-platno-prirodna-22689.jpg","type":"image\/jpeg"}],"twitter_card":"summary_large_image","twitter_misc":{"Predpokladan\u00fd \u010das \u010d\u00edtania":"1 min\u00fata"},"schema":{"@context":"https:\/\/schema.org","@graph":[{"@type":"WebPage","@id":"https:\/\/www.ikuchyne.sk\/eshop\/produkt\/trojmiestna-bezova-sedacka-heaven\/","url":"https:\/\/www.ikuchyne.sk\/eshop\/produkt\/trojmiestna-bezova-sedacka-heaven\/","name":"Trojmiestna b\u00e9\u017eov\u00e1 seda\u010dka Heaven \u00bb &#187; iKuchyne iSHOP s n\u00e1bytkom","isPartOf":{"@id":"https:\/\/www.ikuchyne.sk\/eshop\/#website"},"datePublished":"2018-11-28T12:24:55+00:00","dateModified":"2024-03-10T18:20:00+00:00","description":"K\u00fapte si u n\u00e1s Trojmiestna b\u00e9\u017eov\u00e1 seda\u010dka Heaven \u00bb za akciov\u00fa cenu. R\u00fdchle dodanie tovaru, odborn\u00e9 poradenstvo a stovky produktov skladom. Trojmiestna b\u00e9\u017eov\u00e1 seda\u010dka Heaven \u00bb sa stane dominantou V\u00e1\u0161ho interi\u00e9ru. Internetov\u00fd obchod ikuchyne! pon\u00faka odber Trojmiestna b\u00e9\u017eov\u00e1 seda\u010dka Heaven \u00bb u\u017e od 1 kusu.","breadcrumb":{"@id":"https:\/\/www.ikuchyne.sk\/eshop\/produkt\/trojmiestna-bezova-sedacka-heaven\/#breadcrumb"},"inLanguage":"sk-SK","potentialAction":[{"@type":"ReadAction","target":["https:\/\/www.ikuchyne.sk\/eshop\/produkt\/trojmiestna-bezova-sedacka-heaven\/"]}]},{"@type":"BreadcrumbList","@id":"https:\/\/www.ikuchyne.sk\/eshop\/produkt\/trojmiestna-bezova-sedacka-heaven\/#breadcrumb","itemListElement":[{"@type":"ListItem","position":1,"name":"Home","item":"https:\/\/www.ikuchyne.sk\/eshop\/"},{"@type":"ListItem","position":2,"name":"Obchod","item":"https:\/\/www.ikuchyne.sk\/eshop\/obchod\/"},{"@type":"ListItem","position":3,"name":"Trojmiestna b\u00e9\u017eov\u00e1 seda\u010dka Heaven \u00bb"}]},{"@type":"WebSite","@id":"https:\/\/www.ikuchyne.sk\/eshop\/#website","url":"https:\/\/www.ikuchyne.sk\/eshop\/","name":"iKuchyne iSHOP s n\u00e1bytkom","description":"Jed\u00e1lensk\u00e9 stoly, stoli\u010dky, n\u00e1bytok, svietidl\u00e1...","publisher":{"@id":"https:\/\/www.ikuchyne.sk\/eshop\/#organization"},"potentialAction":[{"@type":"SearchAction","target":{"@type":"EntryPoint","urlTemplate":"https:\/\/www.ikuchyne.sk\/eshop\/?s={search_term_string}"},"query-input":"required name=search_term_string"}],"inLanguage":"sk-SK"},{"@type":"Organization","@id":"https:\/\/www.ikuchyne.sk\/eshop\/#organization","name":"ikuchyne!","url":"https:\/\/www.ikuchyne.sk\/eshop\/","logo":{"@type":"ImageObject","inLanguage":"sk-SK","@id":"https:\/\/www.ikuchyne.sk\/eshop\/#\/schema\/logo\/image\/","url":"https:\/\/www.ikuchyne.sk\/eshop\/wp-content\/uploads\/2017\/04\/ikuchyne-logo.jpg","contentUrl":"https:\/\/www.ikuchyne.sk\/eshop\/wp-content\/uploads\/2017\/04\/ikuchyne-logo.jpg","width":200,"height":48,"caption":"ikuchyne!"},"image":{"@id":"https:\/\/www.ikuchyne.sk\/eshop\/#\/schema\/logo\/image\/"},"sameAs":["https:\/\/www.facebook.com\/ikuchyne\/","https:\/\/www.instagram.com\/ikuchyne.sk\/","https:\/\/sk.pinterest.com\/ikuchynesk\/"]}]}},"_links":{"self":[{"href":"https:\/\/www.ikuchyne.sk\/eshop\/wp-json\/wp\/v2\/product\/82207"}],"collection":[{"href":"https:\/\/www.ikuchyne.sk\/eshop\/wp-json\/wp\/v2\/product"}],"about":[{"href":"https:\/\/www.ikuchyne.sk\/eshop\/wp-json\/wp\/v2\/types\/product"}],"replies":[{"embeddable":true,"href":"https:\/\/www.ikuchyne.sk\/eshop\/wp-json\/wp\/v2\/comments?post=82207"}],"wp:featuredmedia":[{"embeddable":true,"href":"https:\/\/www.ikuchyne.sk\/eshop\/wp-json\/wp\/v2\/media\/82208"}],"wp:attachment":[{"href":"https:\/\/www.ikuchyne.sk\/eshop\/wp-json\/wp\/v2\/media?parent=82207"}],"wp:term":[{"taxonomy":"product_cat","embeddable":true,"href":"https:\/\/www.ikuchyne.sk\/eshop\/wp-json\/wp\/v2\/product_cat?post=82207"},{"taxonomy":"product_tag","embeddable":true,"href":"https:\/\/www.ikuchyne.sk\/eshop\/wp-json\/wp\/v2\/product_tag?post=82207"}],"curies":[{"name":"wp","href":"https:\/\/api.w.org\/{rel}","templated":true}]}}