{"id":82532,"date":"2018-12-07T10:51:39","date_gmt":"2018-12-07T09:51:39","guid":{"rendered":"https:\/\/ikuchyne.sk\/eshop\/?post_type=product&#038;p=82532"},"modified":"2024-03-10T19:19:59","modified_gmt":"2024-03-10T18:19:59","slug":"dreveny-jedalensky-stol-euphoria-barracuda-100-x-200-cm","status":"publish","type":"product","link":"https:\/\/www.ikuchyne.sk\/eshop\/produkt\/dreveny-jedalensky-stol-euphoria-barracuda-100-x-200-cm\/","title":{"rendered":"Dreven\u00fd jed\u00e1lensk\u00fd st\u00f4l Euphoria Barracuda 100 x 200 cm \u00bb"},"content":{"rendered":"<h1>Dreven\u00fd jed\u00e1lensk\u00fd st\u00f4l Euphoria Barracuda 100 x 200 cm \u00bb<\/h1>\n<h4><strong>V\u0161eobecn\u00fd popis:<\/strong><\/h4>\n<p>Skuto\u010dn\u00fd dizajnov\u00fd skvost pre va\u0161u jed\u00e1le\u0148 bude tento dreven\u00fd jed\u00e1lensk\u00fd st\u00f4l Euphoria Barracuda 100 x 200 cm. Ve\u013ek\u00e1 doska z bezpe\u010dnostn\u00e9ho skla poskytuje \u010dist\u00fd v\u00fdh\u013ead na jedine\u010dn\u00fa dreven\u00fa dosku. Sklo, oce\u013e a drevo tvoria \u00fa\u017easn\u00fa symbi\u00f3zu a vy\u017earuj\u00fa pr\u00edrodn\u00fd a modern\u00fd vkus. Nechajte svoju jed\u00e1le\u0148 sta\u0165 sa skuto\u010dn\u00fdm p\u00fata\u010dom pozornosti!<\/p>\n<p>Ka\u017ed\u00fd st\u00f4l je jedine\u010dn\u00fd! V\u010faka v\u00fdrazn\u00e9mu recyklovan\u00e9mu drevu teak, ktor\u00fd je formovan\u00fd desa\u0165ro\u010diami bojov s pr\u00edrodou a po\u010das\u00edm, je tento kus n\u00e1bytku nezamenite\u013en\u00fdm jednorazov\u00fdm k\u00faskom. Objavte n\u00e1bytok, z ktor\u00fdch vy\u017earuje jedine\u010dn\u00fd \u0161mrnc. Nezamenite\u013en\u00e9 farby a br\u00e1zdy teaku v kombin\u00e1cii s modernou hrubou doskou z bezpe\u010dnostn\u00e9ho skla a nehrdzavej\u00facou oce\u013eou robia tento n\u00e1bytok v\u00fdnimo\u010dn\u00fdm.<\/p>\n<p>Perfektn\u00e1 zmes materi\u00e1lov z teakov\u00e9ho dreva, skla a kovu. Mas\u00edvny jed\u00e1lensk\u00fd st\u00f4l BARRACUDA je vydarenou kombin\u00e1ciou pr\u00edrodn\u00fdch a modern\u00fdch prvkov. Rustik\u00e1lny povrch stola je tvoren\u00fd star\u00fdmi dreven\u00fdmi doskami a zaujme svoj\u00edm dizajnom miluj\u00facim pr\u00edrodu. Trhliny a br\u00e1zdy vytvoren\u00e9 pr\u00edrodou boli z\u00e1merne spracovan\u00e9 a ponechan\u00e9, \u010do rob\u00ed ka\u017ed\u00fd st\u00f4l jedine\u010dn\u00fd! Doska stola vyroben\u00e1 z teakov\u00e9ho dreva je polo\u017een\u00e1 na rovnom nerezovom r\u00e1me. To d\u00e1va jed\u00e1lensk\u00e9mu stolu bezpe\u010dn\u00e9 a stabiln\u00e9 st\u00e1tie na akomko\u013evek povrchu a kombinuje modern\u00fd dizajn s pr\u00edrodn\u00fdmi prvkami. St\u00f4l vyzer\u00e1 obzvl\u00e1\u0161\u0165 p\u00f4sobivo v spojen\u00ed s pr\u00edslu\u0161nou sklenenou doskou. Tento u\u0161\u013eachtil\u00fd, funk\u010dn\u00fd a s ohromuj\u00facim vzh\u013eadom jed\u00e1lensk\u00fd st\u00f4l sa stane \u00fastredn\u00fdm bodom v\u00e1\u0161ho domova.<\/p>\n<h4><strong>V\u0161eobecn\u00fd popis:<\/strong><\/h4>\n<p>Upozor\u0148ujeme, \u017ee dod\u00e1van\u00e9 rozpery sl\u00fa\u017eia na ulo\u017eenie sklenenej dosky a zaru\u010denie optim\u00e1lnej vzdialenosti medzi sklenenou a stolovou doskou. Preto\u017ee ide o pr\u00edrodn\u00fd produkt, m\u00f4\u017eu sa vyskytn\u00fa\u0165 aj odch\u00fdlky v rozmeroch, sklenen\u00e1 doska a stolov\u00e1 doska nemusia by\u0165 v jednej rovine. Preto\u017ee sa jedn\u00e1 o pr\u00edrodn\u00fd produkt, ka\u017ed\u00e1 tabu\u013eka je absol\u00fatne jedine\u010dn\u00e1. Nerovnosti, charizmatick\u00e9 uzly, praskliny alebo dokonca rozmerov\u00e9 rozdiely s\u00fa mo\u017en\u00e9 a vytv\u00e1raj\u00fa originalitu a vytv\u00e1raj\u00fa \u010daro mas\u00edvneho dreva. Existuj\u00face trhliny s\u00fa po\u010das procesu v\u00fdroby spojen\u00e9 a stabilizovan\u00e9 spojovac\u00edmi kusmi z rovnak\u00e9ho dreva. Preto m\u00f4\u017eu existova\u0165 farebn\u00e9 odch\u00fdlky. \u017diadny z t\u00fdchto d\u00f4vodov nie je d\u00f4vodom na s\u0165a\u017enos\u0165.<\/p>\n<p><strong>Povrch stola:<br \/>\n<\/strong>Povrch jed\u00e1lensk\u00e9ho stola je tvoren\u00fd recyklovan\u00fdm teakov\u00fdm drevom, ktor\u00e9 je \u010diasto\u010dne zvetran\u00e9.<\/p>\n<p><strong>Podno\u017e stola:<br \/>\n<\/strong>Podno\u017e stola pozost\u00e1va z pevn\u00e9ho ly\u017einov\u00e9ho podstavca z kvalitnej ocele, ktor\u00e1 je chr\u00f3movan\u00e1.<\/p>\n<p><strong>\u010eal\u0161ie inform\u00e1cie:<br \/>\n<\/strong>Vzh\u013eadom na pou\u017eit\u00e9 drevo, je ka\u017ed\u00fd st\u00f4l unik\u00e1t, tak\u017ee jednotliv\u00e9 kusy sa m\u00f4\u017eu od seba mierne l\u00ed\u0161i\u0165. Hrbole a trhliny s\u00fa \u017eiad\u00facim prvkom tejto s\u00e9rie.<br \/>\nSt\u00f4l o\u0161etrujeme vlhkou handrou a pr\u00edpravkami ur\u010den\u00fdmi na \u010distenie dreva. Dvakr\u00e1t ro\u010dne odpor\u00fa\u010dame st\u00f4l o\u0161etri\u0165 teakov\u00fdm olejom.<\/p>\n<p><b>Rozmery stola<\/b>:<br \/>\n\u0160\u00edrka stola: 100 cm<br \/>\nD\u013a\u017eka stola: 200 cm<br \/>\nV\u00fd\u0161ka stola: 75 cm<br \/>\n<strong>Hr\u00fabka dosky stola: <\/strong>35 mm<\/p>\n<p><b>Materi\u00e1l:\u00a0<\/b>drevo (mas\u00edv), recyklovan\u00e9, \u010diasto\u010dne zvetran\u00e9 teakov\u00e9 drevo, oce\u013e<\/p>\n<p><b>Farba:<\/b>\u00a0pr\u00edrodn\u00e1, ly\u017einov\u00fd podstavec \u2013 chr\u00f3movan\u00e1 oce\u013e<\/p>\n<p>Dodato\u010dn\u00e9 inform\u00e1cie:<\/p>\n<p>V pr\u00edpade z\u00e1ujmu o in\u00e9 jed\u00e1lensk\u00e9 stoly, nav\u0161t\u00edvte sekciu jed\u00e1lensk\u00e9 stoly na <a href=\"https:\/\/www.ikuchyne.sk\/eshop\/kategoria\/jedalenske-stoly\/\">www.ikuchyne.sk\/eshop<\/a><br \/>\nV pr\u00edpade z\u00e1ujmu o n\u00e1bytok na mieru n\u00e1s kontaktuje na <a href=\"http:\/\/www.ikuchyne.sk\">www.ikuchyne.sk<\/a><\/p>\n","protected":false},"excerpt":{"rendered":"<p>Dreven\u00fd jed\u00e1lensk\u00fd st\u00f4l Euphoria Barracuda 100 x 200 cm \u00bb V\u0161eobecn\u00fd popis: Skuto\u010dn\u00fd dizajnov\u00fd skvost pre va\u0161u jed\u00e1le\u0148 bude tento dreven\u00fd jed\u00e1lensk\u00fd st\u00f4l Euphoria Barracuda 100 x 200 cm. Ve\u013ek\u00e1<\/p>\n","protected":false},"featured_media":82533,"comment_status":"closed","ping_status":"closed","template":"","meta":[],"product_cat":[287,298,853,847],"product_tag":[261],"yoast_head":"<!-- This site is optimized with the Yoast SEO plugin v22.1 - https:\/\/yoast.com\/wordpress\/plugins\/seo\/ -->\n<title>Dreven\u00fd jed\u00e1lensk\u00fd st\u00f4l Euphoria Barracuda &#187; iKuchyne iSHOP s n\u00e1bytkom<\/title>\n<meta name=\"description\" content=\"Dreven\u00fd jed\u00e1lensk\u00fd st\u00f4l Euphoria Barracuda 100 x 200 cm \u00bb - r\u00fdchle dodanie, poradenstvo, n\u00e1bytok skladom v Bratislave s ikuchyne.sk - kuchyne na mieru.\" \/>\n<meta name=\"robots\" content=\"index, follow, max-snippet:-1, max-image-preview:large, max-video-preview:-1\" \/>\n<link rel=\"canonical\" href=\"https:\/\/www.ikuchyne.sk\/eshop\/produkt\/dreveny-jedalensky-stol-euphoria-barracuda-100-x-200-cm\/\" \/>\n<meta property=\"og:locale\" content=\"sk_SK\" \/>\n<meta property=\"og:type\" content=\"article\" \/>\n<meta property=\"og:title\" content=\"Dreven\u00fd jed\u00e1lensk\u00fd st\u00f4l Euphoria Barracuda &#187; iKuchyne iSHOP s n\u00e1bytkom\" \/>\n<meta property=\"og:description\" content=\"Dreven\u00fd jed\u00e1lensk\u00fd st\u00f4l Euphoria Barracuda 100 x 200 cm \u00bb - r\u00fdchle dodanie, poradenstvo, n\u00e1bytok skladom v Bratislave s ikuchyne.sk - kuchyne na mieru.\" \/>\n<meta property=\"og:url\" content=\"https:\/\/www.ikuchyne.sk\/eshop\/produkt\/dreveny-jedalensky-stol-euphoria-barracuda-100-x-200-cm\/\" \/>\n<meta property=\"og:site_name\" content=\"iKuchyne iSHOP s n\u00e1bytkom\" \/>\n<meta property=\"article:publisher\" content=\"https:\/\/www.facebook.com\/ikuchyne\/\" \/>\n<meta property=\"article:modified_time\" content=\"2024-03-10T18:19:59+00:00\" \/>\n<meta property=\"og:image\" content=\"https:\/\/www.ikuchyne.sk\/eshop\/wp-content\/uploads\/2018\/12\/Jedalensky-stol-Euphoria-Barracuda-200cm-21645.jpg\" \/>\n\t<meta property=\"og:image:width\" content=\"800\" \/>\n\t<meta property=\"og:image:height\" content=\"533\" \/>\n\t<meta property=\"og:image:type\" content=\"image\/jpeg\" \/>\n<meta name=\"twitter:card\" content=\"summary_large_image\" \/>\n<meta name=\"twitter:label1\" content=\"Predpokladan\u00fd \u010das \u010d\u00edtania\" \/>\n\t<meta name=\"twitter:data1\" content=\"2 min\u00faty\" \/>\n<script type=\"application\/ld+json\" class=\"yoast-schema-graph\">{\"@context\":\"https:\/\/schema.org\",\"@graph\":[{\"@type\":\"WebPage\",\"@id\":\"https:\/\/www.ikuchyne.sk\/eshop\/produkt\/dreveny-jedalensky-stol-euphoria-barracuda-100-x-200-cm\/\",\"url\":\"https:\/\/www.ikuchyne.sk\/eshop\/produkt\/dreveny-jedalensky-stol-euphoria-barracuda-100-x-200-cm\/\",\"name\":\"Dreven\u00fd jed\u00e1lensk\u00fd st\u00f4l Euphoria Barracuda &#187; iKuchyne iSHOP s n\u00e1bytkom\",\"isPartOf\":{\"@id\":\"https:\/\/www.ikuchyne.sk\/eshop\/#website\"},\"datePublished\":\"2018-12-07T09:51:39+00:00\",\"dateModified\":\"2024-03-10T18:19:59+00:00\",\"description\":\"Dreven\u00fd jed\u00e1lensk\u00fd st\u00f4l Euphoria Barracuda 100 x 200 cm \u00bb - r\u00fdchle dodanie, poradenstvo, n\u00e1bytok skladom v Bratislave s ikuchyne.sk - kuchyne na mieru.\",\"breadcrumb\":{\"@id\":\"https:\/\/www.ikuchyne.sk\/eshop\/produkt\/dreveny-jedalensky-stol-euphoria-barracuda-100-x-200-cm\/#breadcrumb\"},\"inLanguage\":\"sk-SK\",\"potentialAction\":[{\"@type\":\"ReadAction\",\"target\":[\"https:\/\/www.ikuchyne.sk\/eshop\/produkt\/dreveny-jedalensky-stol-euphoria-barracuda-100-x-200-cm\/\"]}]},{\"@type\":\"BreadcrumbList\",\"@id\":\"https:\/\/www.ikuchyne.sk\/eshop\/produkt\/dreveny-jedalensky-stol-euphoria-barracuda-100-x-200-cm\/#breadcrumb\",\"itemListElement\":[{\"@type\":\"ListItem\",\"position\":1,\"name\":\"Home\",\"item\":\"https:\/\/www.ikuchyne.sk\/eshop\/\"},{\"@type\":\"ListItem\",\"position\":2,\"name\":\"Obchod\",\"item\":\"https:\/\/www.ikuchyne.sk\/eshop\/obchod\/\"},{\"@type\":\"ListItem\",\"position\":3,\"name\":\"Dreven\u00fd jed\u00e1lensk\u00fd st\u00f4l Euphoria Barracuda 100 x 200 cm \u00bb\"}]},{\"@type\":\"WebSite\",\"@id\":\"https:\/\/www.ikuchyne.sk\/eshop\/#website\",\"url\":\"https:\/\/www.ikuchyne.sk\/eshop\/\",\"name\":\"iKuchyne iSHOP s n\u00e1bytkom\",\"description\":\"Jed\u00e1lensk\u00e9 stoly, stoli\u010dky, n\u00e1bytok, svietidl\u00e1...\",\"publisher\":{\"@id\":\"https:\/\/www.ikuchyne.sk\/eshop\/#organization\"},\"potentialAction\":[{\"@type\":\"SearchAction\",\"target\":{\"@type\":\"EntryPoint\",\"urlTemplate\":\"https:\/\/www.ikuchyne.sk\/eshop\/?s={search_term_string}\"},\"query-input\":\"required name=search_term_string\"}],\"inLanguage\":\"sk-SK\"},{\"@type\":\"Organization\",\"@id\":\"https:\/\/www.ikuchyne.sk\/eshop\/#organization\",\"name\":\"ikuchyne!\",\"url\":\"https:\/\/www.ikuchyne.sk\/eshop\/\",\"logo\":{\"@type\":\"ImageObject\",\"inLanguage\":\"sk-SK\",\"@id\":\"https:\/\/www.ikuchyne.sk\/eshop\/#\/schema\/logo\/image\/\",\"url\":\"https:\/\/www.ikuchyne.sk\/eshop\/wp-content\/uploads\/2017\/04\/ikuchyne-logo.jpg\",\"contentUrl\":\"https:\/\/www.ikuchyne.sk\/eshop\/wp-content\/uploads\/2017\/04\/ikuchyne-logo.jpg\",\"width\":200,\"height\":48,\"caption\":\"ikuchyne!\"},\"image\":{\"@id\":\"https:\/\/www.ikuchyne.sk\/eshop\/#\/schema\/logo\/image\/\"},\"sameAs\":[\"https:\/\/www.facebook.com\/ikuchyne\/\",\"https:\/\/www.instagram.com\/ikuchyne.sk\/\",\"https:\/\/sk.pinterest.com\/ikuchynesk\/\"]}]}<\/script>\n<!-- \/ Yoast SEO plugin. -->","yoast_head_json":{"title":"Dreven\u00fd jed\u00e1lensk\u00fd st\u00f4l Euphoria Barracuda &#187; iKuchyne iSHOP s n\u00e1bytkom","description":"Dreven\u00fd jed\u00e1lensk\u00fd st\u00f4l Euphoria Barracuda 100 x 200 cm \u00bb - r\u00fdchle dodanie, poradenstvo, n\u00e1bytok skladom v Bratislave s ikuchyne.sk - kuchyne na mieru.","robots":{"index":"index","follow":"follow","max-snippet":"max-snippet:-1","max-image-preview":"max-image-preview:large","max-video-preview":"max-video-preview:-1"},"canonical":"https:\/\/www.ikuchyne.sk\/eshop\/produkt\/dreveny-jedalensky-stol-euphoria-barracuda-100-x-200-cm\/","og_locale":"sk_SK","og_type":"article","og_title":"Dreven\u00fd jed\u00e1lensk\u00fd st\u00f4l Euphoria Barracuda &#187; iKuchyne iSHOP s n\u00e1bytkom","og_description":"Dreven\u00fd jed\u00e1lensk\u00fd st\u00f4l Euphoria Barracuda 100 x 200 cm \u00bb - r\u00fdchle dodanie, poradenstvo, n\u00e1bytok skladom v Bratislave s ikuchyne.sk - kuchyne na mieru.","og_url":"https:\/\/www.ikuchyne.sk\/eshop\/produkt\/dreveny-jedalensky-stol-euphoria-barracuda-100-x-200-cm\/","og_site_name":"iKuchyne iSHOP s n\u00e1bytkom","article_publisher":"https:\/\/www.facebook.com\/ikuchyne\/","article_modified_time":"2024-03-10T18:19:59+00:00","og_image":[{"width":800,"height":533,"url":"https:\/\/www.ikuchyne.sk\/eshop\/wp-content\/uploads\/2018\/12\/Jedalensky-stol-Euphoria-Barracuda-200cm-21645.jpg","type":"image\/jpeg"}],"twitter_card":"summary_large_image","twitter_misc":{"Predpokladan\u00fd \u010das \u010d\u00edtania":"2 min\u00faty"},"schema":{"@context":"https:\/\/schema.org","@graph":[{"@type":"WebPage","@id":"https:\/\/www.ikuchyne.sk\/eshop\/produkt\/dreveny-jedalensky-stol-euphoria-barracuda-100-x-200-cm\/","url":"https:\/\/www.ikuchyne.sk\/eshop\/produkt\/dreveny-jedalensky-stol-euphoria-barracuda-100-x-200-cm\/","name":"Dreven\u00fd jed\u00e1lensk\u00fd st\u00f4l Euphoria Barracuda &#187; iKuchyne iSHOP s n\u00e1bytkom","isPartOf":{"@id":"https:\/\/www.ikuchyne.sk\/eshop\/#website"},"datePublished":"2018-12-07T09:51:39+00:00","dateModified":"2024-03-10T18:19:59+00:00","description":"Dreven\u00fd jed\u00e1lensk\u00fd st\u00f4l Euphoria Barracuda 100 x 200 cm \u00bb - r\u00fdchle dodanie, poradenstvo, n\u00e1bytok skladom v Bratislave s ikuchyne.sk - kuchyne na mieru.","breadcrumb":{"@id":"https:\/\/www.ikuchyne.sk\/eshop\/produkt\/dreveny-jedalensky-stol-euphoria-barracuda-100-x-200-cm\/#breadcrumb"},"inLanguage":"sk-SK","potentialAction":[{"@type":"ReadAction","target":["https:\/\/www.ikuchyne.sk\/eshop\/produkt\/dreveny-jedalensky-stol-euphoria-barracuda-100-x-200-cm\/"]}]},{"@type":"BreadcrumbList","@id":"https:\/\/www.ikuchyne.sk\/eshop\/produkt\/dreveny-jedalensky-stol-euphoria-barracuda-100-x-200-cm\/#breadcrumb","itemListElement":[{"@type":"ListItem","position":1,"name":"Home","item":"https:\/\/www.ikuchyne.sk\/eshop\/"},{"@type":"ListItem","position":2,"name":"Obchod","item":"https:\/\/www.ikuchyne.sk\/eshop\/obchod\/"},{"@type":"ListItem","position":3,"name":"Dreven\u00fd jed\u00e1lensk\u00fd st\u00f4l Euphoria Barracuda 100 x 200 cm \u00bb"}]},{"@type":"WebSite","@id":"https:\/\/www.ikuchyne.sk\/eshop\/#website","url":"https:\/\/www.ikuchyne.sk\/eshop\/","name":"iKuchyne iSHOP s n\u00e1bytkom","description":"Jed\u00e1lensk\u00e9 stoly, stoli\u010dky, n\u00e1bytok, svietidl\u00e1...","publisher":{"@id":"https:\/\/www.ikuchyne.sk\/eshop\/#organization"},"potentialAction":[{"@type":"SearchAction","target":{"@type":"EntryPoint","urlTemplate":"https:\/\/www.ikuchyne.sk\/eshop\/?s={search_term_string}"},"query-input":"required name=search_term_string"}],"inLanguage":"sk-SK"},{"@type":"Organization","@id":"https:\/\/www.ikuchyne.sk\/eshop\/#organization","name":"ikuchyne!","url":"https:\/\/www.ikuchyne.sk\/eshop\/","logo":{"@type":"ImageObject","inLanguage":"sk-SK","@id":"https:\/\/www.ikuchyne.sk\/eshop\/#\/schema\/logo\/image\/","url":"https:\/\/www.ikuchyne.sk\/eshop\/wp-content\/uploads\/2017\/04\/ikuchyne-logo.jpg","contentUrl":"https:\/\/www.ikuchyne.sk\/eshop\/wp-content\/uploads\/2017\/04\/ikuchyne-logo.jpg","width":200,"height":48,"caption":"ikuchyne!"},"image":{"@id":"https:\/\/www.ikuchyne.sk\/eshop\/#\/schema\/logo\/image\/"},"sameAs":["https:\/\/www.facebook.com\/ikuchyne\/","https:\/\/www.instagram.com\/ikuchyne.sk\/","https:\/\/sk.pinterest.com\/ikuchynesk\/"]}]}},"_links":{"self":[{"href":"https:\/\/www.ikuchyne.sk\/eshop\/wp-json\/wp\/v2\/product\/82532"}],"collection":[{"href":"https:\/\/www.ikuchyne.sk\/eshop\/wp-json\/wp\/v2\/product"}],"about":[{"href":"https:\/\/www.ikuchyne.sk\/eshop\/wp-json\/wp\/v2\/types\/product"}],"replies":[{"embeddable":true,"href":"https:\/\/www.ikuchyne.sk\/eshop\/wp-json\/wp\/v2\/comments?post=82532"}],"wp:featuredmedia":[{"embeddable":true,"href":"https:\/\/www.ikuchyne.sk\/eshop\/wp-json\/wp\/v2\/media\/82533"}],"wp:attachment":[{"href":"https:\/\/www.ikuchyne.sk\/eshop\/wp-json\/wp\/v2\/media?parent=82532"}],"wp:term":[{"taxonomy":"product_cat","embeddable":true,"href":"https:\/\/www.ikuchyne.sk\/eshop\/wp-json\/wp\/v2\/product_cat?post=82532"},{"taxonomy":"product_tag","embeddable":true,"href":"https:\/\/www.ikuchyne.sk\/eshop\/wp-json\/wp\/v2\/product_tag?post=82532"}],"curies":[{"name":"wp","href":"https:\/\/api.w.org\/{rel}","templated":true}]}}