{"id":82927,"date":"2018-12-21T07:50:42","date_gmt":"2018-12-21T06:50:42","guid":{"rendered":"https:\/\/ikuchyne.sk\/eshop\/?post_type=product&#038;p=82927"},"modified":"2024-01-11T07:50:57","modified_gmt":"2024-01-11T06:50:57","slug":"pouf-filz-50cm-antracit","status":"publish","type":"product","link":"https:\/\/www.ikuchyne.sk\/eshop\/produkt\/pouf-filz-50cm-antracit\/","title":{"rendered":"Antracitov\u00fd taburet Pouf Filz \u00d8 50 cm \u00bb"},"content":{"rendered":"<h1>Antracitov\u00fd taburet Pouf Filz \u00d8 50 cm<\/h1>\n<p><strong>V\u0161eobecn\u00fd opis taburetu:<br \/>\n<\/strong>Origin\u00e1lny okr\u00fahly taburet prin\u00e1\u0161a do v\u00e1\u0161ho pr\u00edbytku komfort a jednoduch\u00fd dizajn. Skvelo sa hod\u00ed na ozvl\u00e1\u0161tnenie modern\u00e9ho interi\u00e9ru. Posl\u00fa\u017ei na sedenie, na vykladanie unaven\u00fdch n\u00f4h, ale aj ako atypick\u00fd stol\u00edk na odkladanie mali\u010dkost\u00ed. Va\u0161e deti si ho tie\u017e ob\u013e\u00fabia v\u010faka hrav\u00e9mu a obl\u00e9mu tvaru. Povrch je z tmavosivej plste, \u010do je\u00a0zlisovan\u00e1 l\u00e1tka\u00a0vyroben\u00e1 valcovan\u00edm vl\u00e1kien \u017eivo\u010d\u00ed\u0161neho p\u00f4vodu. Pozd\u013a\u017ene je popre\u0161\u00edvan\u00fd. Tento taburet je vo vkusnej antracitovej farbe, ktor\u00e1 sa d\u00e1 ve\u013emi \u013eahko kombinova\u0165.\u00a0Plsten\u00fd n\u00e1vlek sa d\u00e1 odzipsova\u0165 a vypra\u0165.<\/p>\n<p><strong>Sed\u00e1k taburetu:<br \/>\n<\/strong>Povrch sed\u00e1ka je vyroben\u00fd z m\u00e4kkej plste tmavej antracitovej farbe.<\/p>\n<p><strong>\u010eal\u0161ie inform\u00e1cie:<br \/>\n<\/strong>V pr\u00edpade zne\u010distenia, pou\u017eite vlhku handri\u010dku namo\u010den\u00fa v mydlovej vode.<\/p>\n<p><b>Rozmery taburetu:<br \/>\n<\/b>\u0160\u00edrka taburetu: 50 cm<br \/>\nD\u013a\u017eka taburetu: 50 cm<br \/>\nV\u00fd\u0161ka taburetu: 37 cm<\/p>\n<p><b>Materi\u00e1l: <\/b>filz<\/p>\n<p><b>Farba:<\/b>\u00a0antracitov\u00e1<\/p>\n","protected":false},"excerpt":{"rendered":"<p>Antracitov\u00fd taburet Pouf Filz \u00d8 50 cm V\u0161eobecn\u00fd opis taburetu: Origin\u00e1lny okr\u00fahly taburet prin\u00e1\u0161a do v\u00e1\u0161ho pr\u00edbytku komfort a jednoduch\u00fd dizajn. Skvelo sa hod\u00ed na ozvl\u00e1\u0161tnenie modern\u00e9ho interi\u00e9ru. Posl\u00fa\u017ei na<\/p>\n","protected":false},"featured_media":82928,"comment_status":"open","ping_status":"closed","template":"","meta":[],"product_cat":[604],"product_tag":[317],"yoast_head":"<!-- This site is optimized with the Yoast SEO plugin v22.1 - https:\/\/yoast.com\/wordpress\/plugins\/seo\/ -->\n<title>Antracitov\u00fd taburet Pouf Filz \u00d8 50 cm \u00bb &#187; iKuchyne iSHOP s n\u00e1bytkom<\/title>\n<meta name=\"description\" content=\"K\u00fapte si u n\u00e1s Antracitov\u00fd taburet Pouf Filz \u00d8 50 cm \u00bb za akciov\u00fa cenu. R\u00fdchle dodanie tovaru, odborn\u00e9 poradenstvo a stovky produktov skladom. Antracitov\u00fd taburet Pouf Filz \u00d8 50 cm \u00bb sa stane dominantou V\u00e1\u0161ho interi\u00e9ru. Internetov\u00fd obchod ikuchyne! pon\u00faka odber Antracitov\u00fd taburet Pouf Filz \u00d8 50 cm \u00bb u\u017e od 1 kusu.\" \/>\n<meta name=\"robots\" content=\"index, follow, max-snippet:-1, max-image-preview:large, max-video-preview:-1\" \/>\n<link rel=\"canonical\" href=\"https:\/\/www.ikuchyne.sk\/eshop\/produkt\/pouf-filz-50cm-antracit\/\" \/>\n<meta property=\"og:locale\" content=\"sk_SK\" \/>\n<meta property=\"og:type\" content=\"article\" \/>\n<meta property=\"og:title\" content=\"Antracitov\u00fd taburet Pouf Filz \u00d8 50 cm \u00bb &#187; iKuchyne iSHOP s n\u00e1bytkom\" \/>\n<meta property=\"og:description\" content=\"K\u00fapte si u n\u00e1s Antracitov\u00fd taburet Pouf Filz \u00d8 50 cm \u00bb za akciov\u00fa cenu. R\u00fdchle dodanie tovaru, odborn\u00e9 poradenstvo a stovky produktov skladom. Antracitov\u00fd taburet Pouf Filz \u00d8 50 cm \u00bb sa stane dominantou V\u00e1\u0161ho interi\u00e9ru. Internetov\u00fd obchod ikuchyne! pon\u00faka odber Antracitov\u00fd taburet Pouf Filz \u00d8 50 cm \u00bb u\u017e od 1 kusu.\" \/>\n<meta property=\"og:url\" content=\"https:\/\/www.ikuchyne.sk\/eshop\/produkt\/pouf-filz-50cm-antracit\/\" \/>\n<meta property=\"og:site_name\" content=\"iKuchyne iSHOP s n\u00e1bytkom\" \/>\n<meta property=\"article:publisher\" content=\"https:\/\/www.facebook.com\/ikuchyne\/\" \/>\n<meta property=\"article:modified_time\" content=\"2024-01-11T06:50:57+00:00\" \/>\n<meta property=\"og:image\" content=\"https:\/\/www.ikuchyne.sk\/eshop\/wp-content\/uploads\/2018\/12\/Pouf-Filz-50cm-antracit-39015.jpg\" \/>\n\t<meta property=\"og:image:width\" content=\"800\" \/>\n\t<meta property=\"og:image:height\" content=\"533\" \/>\n\t<meta property=\"og:image:type\" content=\"image\/jpeg\" \/>\n<meta name=\"twitter:card\" content=\"summary_large_image\" \/>\n<meta name=\"twitter:label1\" content=\"Predpokladan\u00fd \u010das \u010d\u00edtania\" \/>\n\t<meta name=\"twitter:data1\" content=\"1 min\u00fata\" \/>\n<script type=\"application\/ld+json\" class=\"yoast-schema-graph\">{\"@context\":\"https:\/\/schema.org\",\"@graph\":[{\"@type\":\"WebPage\",\"@id\":\"https:\/\/www.ikuchyne.sk\/eshop\/produkt\/pouf-filz-50cm-antracit\/\",\"url\":\"https:\/\/www.ikuchyne.sk\/eshop\/produkt\/pouf-filz-50cm-antracit\/\",\"name\":\"Antracitov\u00fd taburet Pouf Filz \u00d8 50 cm \u00bb &#187; iKuchyne iSHOP s n\u00e1bytkom\",\"isPartOf\":{\"@id\":\"https:\/\/www.ikuchyne.sk\/eshop\/#website\"},\"datePublished\":\"2018-12-21T06:50:42+00:00\",\"dateModified\":\"2024-01-11T06:50:57+00:00\",\"description\":\"K\u00fapte si u n\u00e1s Antracitov\u00fd taburet Pouf Filz \u00d8 50 cm \u00bb za akciov\u00fa cenu. R\u00fdchle dodanie tovaru, odborn\u00e9 poradenstvo a stovky produktov skladom. Antracitov\u00fd taburet Pouf Filz \u00d8 50 cm \u00bb sa stane dominantou V\u00e1\u0161ho interi\u00e9ru. Internetov\u00fd obchod ikuchyne! pon\u00faka odber Antracitov\u00fd taburet Pouf Filz \u00d8 50 cm \u00bb u\u017e od 1 kusu.\",\"breadcrumb\":{\"@id\":\"https:\/\/www.ikuchyne.sk\/eshop\/produkt\/pouf-filz-50cm-antracit\/#breadcrumb\"},\"inLanguage\":\"sk-SK\",\"potentialAction\":[{\"@type\":\"ReadAction\",\"target\":[\"https:\/\/www.ikuchyne.sk\/eshop\/produkt\/pouf-filz-50cm-antracit\/\"]}]},{\"@type\":\"BreadcrumbList\",\"@id\":\"https:\/\/www.ikuchyne.sk\/eshop\/produkt\/pouf-filz-50cm-antracit\/#breadcrumb\",\"itemListElement\":[{\"@type\":\"ListItem\",\"position\":1,\"name\":\"Home\",\"item\":\"https:\/\/www.ikuchyne.sk\/eshop\/\"},{\"@type\":\"ListItem\",\"position\":2,\"name\":\"Obchod\",\"item\":\"https:\/\/www.ikuchyne.sk\/eshop\/obchod\/\"},{\"@type\":\"ListItem\",\"position\":3,\"name\":\"Antracitov\u00fd taburet Pouf Filz \u00d8 50 cm \u00bb\"}]},{\"@type\":\"WebSite\",\"@id\":\"https:\/\/www.ikuchyne.sk\/eshop\/#website\",\"url\":\"https:\/\/www.ikuchyne.sk\/eshop\/\",\"name\":\"iKuchyne iSHOP s n\u00e1bytkom\",\"description\":\"Jed\u00e1lensk\u00e9 stoly, stoli\u010dky, n\u00e1bytok, svietidl\u00e1...\",\"publisher\":{\"@id\":\"https:\/\/www.ikuchyne.sk\/eshop\/#organization\"},\"potentialAction\":[{\"@type\":\"SearchAction\",\"target\":{\"@type\":\"EntryPoint\",\"urlTemplate\":\"https:\/\/www.ikuchyne.sk\/eshop\/?s={search_term_string}\"},\"query-input\":\"required name=search_term_string\"}],\"inLanguage\":\"sk-SK\"},{\"@type\":\"Organization\",\"@id\":\"https:\/\/www.ikuchyne.sk\/eshop\/#organization\",\"name\":\"ikuchyne!\",\"url\":\"https:\/\/www.ikuchyne.sk\/eshop\/\",\"logo\":{\"@type\":\"ImageObject\",\"inLanguage\":\"sk-SK\",\"@id\":\"https:\/\/www.ikuchyne.sk\/eshop\/#\/schema\/logo\/image\/\",\"url\":\"https:\/\/www.ikuchyne.sk\/eshop\/wp-content\/uploads\/2017\/04\/ikuchyne-logo.jpg\",\"contentUrl\":\"https:\/\/www.ikuchyne.sk\/eshop\/wp-content\/uploads\/2017\/04\/ikuchyne-logo.jpg\",\"width\":200,\"height\":48,\"caption\":\"ikuchyne!\"},\"image\":{\"@id\":\"https:\/\/www.ikuchyne.sk\/eshop\/#\/schema\/logo\/image\/\"},\"sameAs\":[\"https:\/\/www.facebook.com\/ikuchyne\/\",\"https:\/\/www.instagram.com\/ikuchyne.sk\/\",\"https:\/\/sk.pinterest.com\/ikuchynesk\/\"]}]}<\/script>\n<!-- \/ Yoast SEO plugin. -->","yoast_head_json":{"title":"Antracitov\u00fd taburet Pouf Filz \u00d8 50 cm \u00bb &#187; iKuchyne iSHOP s n\u00e1bytkom","description":"K\u00fapte si u n\u00e1s Antracitov\u00fd taburet Pouf Filz \u00d8 50 cm \u00bb za akciov\u00fa cenu. R\u00fdchle dodanie tovaru, odborn\u00e9 poradenstvo a stovky produktov skladom. Antracitov\u00fd taburet Pouf Filz \u00d8 50 cm \u00bb sa stane dominantou V\u00e1\u0161ho interi\u00e9ru. Internetov\u00fd obchod ikuchyne! pon\u00faka odber Antracitov\u00fd taburet Pouf Filz \u00d8 50 cm \u00bb u\u017e od 1 kusu.","robots":{"index":"index","follow":"follow","max-snippet":"max-snippet:-1","max-image-preview":"max-image-preview:large","max-video-preview":"max-video-preview:-1"},"canonical":"https:\/\/www.ikuchyne.sk\/eshop\/produkt\/pouf-filz-50cm-antracit\/","og_locale":"sk_SK","og_type":"article","og_title":"Antracitov\u00fd taburet Pouf Filz \u00d8 50 cm \u00bb &#187; iKuchyne iSHOP s n\u00e1bytkom","og_description":"K\u00fapte si u n\u00e1s Antracitov\u00fd taburet Pouf Filz \u00d8 50 cm \u00bb za akciov\u00fa cenu. R\u00fdchle dodanie tovaru, odborn\u00e9 poradenstvo a stovky produktov skladom. Antracitov\u00fd taburet Pouf Filz \u00d8 50 cm \u00bb sa stane dominantou V\u00e1\u0161ho interi\u00e9ru. Internetov\u00fd obchod ikuchyne! pon\u00faka odber Antracitov\u00fd taburet Pouf Filz \u00d8 50 cm \u00bb u\u017e od 1 kusu.","og_url":"https:\/\/www.ikuchyne.sk\/eshop\/produkt\/pouf-filz-50cm-antracit\/","og_site_name":"iKuchyne iSHOP s n\u00e1bytkom","article_publisher":"https:\/\/www.facebook.com\/ikuchyne\/","article_modified_time":"2024-01-11T06:50:57+00:00","og_image":[{"width":800,"height":533,"url":"https:\/\/www.ikuchyne.sk\/eshop\/wp-content\/uploads\/2018\/12\/Pouf-Filz-50cm-antracit-39015.jpg","type":"image\/jpeg"}],"twitter_card":"summary_large_image","twitter_misc":{"Predpokladan\u00fd \u010das \u010d\u00edtania":"1 min\u00fata"},"schema":{"@context":"https:\/\/schema.org","@graph":[{"@type":"WebPage","@id":"https:\/\/www.ikuchyne.sk\/eshop\/produkt\/pouf-filz-50cm-antracit\/","url":"https:\/\/www.ikuchyne.sk\/eshop\/produkt\/pouf-filz-50cm-antracit\/","name":"Antracitov\u00fd taburet Pouf Filz \u00d8 50 cm \u00bb &#187; iKuchyne iSHOP s n\u00e1bytkom","isPartOf":{"@id":"https:\/\/www.ikuchyne.sk\/eshop\/#website"},"datePublished":"2018-12-21T06:50:42+00:00","dateModified":"2024-01-11T06:50:57+00:00","description":"K\u00fapte si u n\u00e1s Antracitov\u00fd taburet Pouf Filz \u00d8 50 cm \u00bb za akciov\u00fa cenu. R\u00fdchle dodanie tovaru, odborn\u00e9 poradenstvo a stovky produktov skladom. Antracitov\u00fd taburet Pouf Filz \u00d8 50 cm \u00bb sa stane dominantou V\u00e1\u0161ho interi\u00e9ru. Internetov\u00fd obchod ikuchyne! pon\u00faka odber Antracitov\u00fd taburet Pouf Filz \u00d8 50 cm \u00bb u\u017e od 1 kusu.","breadcrumb":{"@id":"https:\/\/www.ikuchyne.sk\/eshop\/produkt\/pouf-filz-50cm-antracit\/#breadcrumb"},"inLanguage":"sk-SK","potentialAction":[{"@type":"ReadAction","target":["https:\/\/www.ikuchyne.sk\/eshop\/produkt\/pouf-filz-50cm-antracit\/"]}]},{"@type":"BreadcrumbList","@id":"https:\/\/www.ikuchyne.sk\/eshop\/produkt\/pouf-filz-50cm-antracit\/#breadcrumb","itemListElement":[{"@type":"ListItem","position":1,"name":"Home","item":"https:\/\/www.ikuchyne.sk\/eshop\/"},{"@type":"ListItem","position":2,"name":"Obchod","item":"https:\/\/www.ikuchyne.sk\/eshop\/obchod\/"},{"@type":"ListItem","position":3,"name":"Antracitov\u00fd taburet Pouf Filz \u00d8 50 cm \u00bb"}]},{"@type":"WebSite","@id":"https:\/\/www.ikuchyne.sk\/eshop\/#website","url":"https:\/\/www.ikuchyne.sk\/eshop\/","name":"iKuchyne iSHOP s n\u00e1bytkom","description":"Jed\u00e1lensk\u00e9 stoly, stoli\u010dky, n\u00e1bytok, svietidl\u00e1...","publisher":{"@id":"https:\/\/www.ikuchyne.sk\/eshop\/#organization"},"potentialAction":[{"@type":"SearchAction","target":{"@type":"EntryPoint","urlTemplate":"https:\/\/www.ikuchyne.sk\/eshop\/?s={search_term_string}"},"query-input":"required name=search_term_string"}],"inLanguage":"sk-SK"},{"@type":"Organization","@id":"https:\/\/www.ikuchyne.sk\/eshop\/#organization","name":"ikuchyne!","url":"https:\/\/www.ikuchyne.sk\/eshop\/","logo":{"@type":"ImageObject","inLanguage":"sk-SK","@id":"https:\/\/www.ikuchyne.sk\/eshop\/#\/schema\/logo\/image\/","url":"https:\/\/www.ikuchyne.sk\/eshop\/wp-content\/uploads\/2017\/04\/ikuchyne-logo.jpg","contentUrl":"https:\/\/www.ikuchyne.sk\/eshop\/wp-content\/uploads\/2017\/04\/ikuchyne-logo.jpg","width":200,"height":48,"caption":"ikuchyne!"},"image":{"@id":"https:\/\/www.ikuchyne.sk\/eshop\/#\/schema\/logo\/image\/"},"sameAs":["https:\/\/www.facebook.com\/ikuchyne\/","https:\/\/www.instagram.com\/ikuchyne.sk\/","https:\/\/sk.pinterest.com\/ikuchynesk\/"]}]}},"_links":{"self":[{"href":"https:\/\/www.ikuchyne.sk\/eshop\/wp-json\/wp\/v2\/product\/82927"}],"collection":[{"href":"https:\/\/www.ikuchyne.sk\/eshop\/wp-json\/wp\/v2\/product"}],"about":[{"href":"https:\/\/www.ikuchyne.sk\/eshop\/wp-json\/wp\/v2\/types\/product"}],"replies":[{"embeddable":true,"href":"https:\/\/www.ikuchyne.sk\/eshop\/wp-json\/wp\/v2\/comments?post=82927"}],"wp:featuredmedia":[{"embeddable":true,"href":"https:\/\/www.ikuchyne.sk\/eshop\/wp-json\/wp\/v2\/media\/82928"}],"wp:attachment":[{"href":"https:\/\/www.ikuchyne.sk\/eshop\/wp-json\/wp\/v2\/media?parent=82927"}],"wp:term":[{"taxonomy":"product_cat","embeddable":true,"href":"https:\/\/www.ikuchyne.sk\/eshop\/wp-json\/wp\/v2\/product_cat?post=82927"},{"taxonomy":"product_tag","embeddable":true,"href":"https:\/\/www.ikuchyne.sk\/eshop\/wp-json\/wp\/v2\/product_tag?post=82927"}],"curies":[{"name":"wp","href":"https:\/\/api.w.org\/{rel}","templated":true}]}}