{"id":83021,"date":"2019-08-01T15:45:19","date_gmt":"2019-08-01T13:45:19","guid":{"rendered":"https:\/\/ikuchyne.sk\/eshop\/?post_type=product&#038;p=83021"},"modified":"2024-03-10T19:19:54","modified_gmt":"2024-03-10T18:19:54","slug":"pisaci-stol-scorpion-100cm","status":"publish","type":"product","link":"https:\/\/www.ikuchyne.sk\/eshop\/produkt\/pisaci-stol-scorpion-100cm\/","title":{"rendered":"P\u00edsac\u00ed st\u00f4l Scorpion 100cm \u00bb"},"content":{"rendered":"<h1>P\u00edsac\u00ed st\u00f4l Scorpion 100cm \u00bb<\/h1>\n<h4><strong>V\u0161eobecn\u00fd popis:<\/strong><\/h4>\n<p>Elegantn\u00fd p\u00edsac\u00ed st\u00f4l Scorpion 100cm z mas\u00edvneho mangov\u00e9ho dreva. S dizajnovo zauj\u00edmav\u00fdmi no\u017ei\u010dkami pre \u0161ikovn\u00fd retro vzh\u013ead. S ve\u013ek\u00fdm \u00falo\u017en\u00fdm priestorom pre v\u0161etky va\u0161e kancel\u00e1rske potreby. Elegantn\u00fd st\u00f4l vyu\u017eite v kancel\u00e1rii alebo vo svojej pracovni!<\/p>\n<p>Ka\u017ed\u00e1 pracovn\u00e1 hodina v\u00e1m bleskovo ubehne! S t\u00fdmto stolom s expres\u00edvnym dizajnom sa ka\u017ed\u00e1 kancel\u00e1ria a \u0161t\u00fadio stane skuto\u010dn\u00fdm p\u00fata\u010dom pozornosti. M\u00f4\u017ee za to predov\u0161etk\u00fdm kr\u00e1sna stolov\u00e1 doska z mangov\u00e9ho dreva, ktor\u00e1 bola navrhnut\u00e1 s kvalitn\u00fdm doskov\u00fdm vzh\u013eadom. V\u00fdsledkom je, \u017ee mierne zaoblen\u00e9 dosky spolupracuj\u00fa ako jedine\u010dn\u00e1 stolov\u00e1 doska a jedine\u010dn\u00e9 zrno dreva si pr\u00edde na svoje. Dizajnovo zauj\u00edmav\u00e9 no\u017ei\u010dky z \u010dierneho kovu vytv\u00e1raj\u00fa skvel\u00fd kontrast s mas\u00edvnym drevom a dod\u00e1vaj\u00fa stolu ur\u010dit\u00fa \u013eahkos\u0165.<\/p>\n<p>Dostatok miesta pre v\u0161etky va\u0161e kancel\u00e1rske potreby a dokumenty. Okrem ve\u013ekej pracovnej plochy m\u00e1 st\u00f4l aj priechodn\u00fa odkladaciu priehradku, do ktorej m\u00f4\u017eete pohodlne ulo\u017ei\u0165 \u0161an\u00f3ny, papiere a in\u00fd kancel\u00e1rsky materi\u00e1l. V\u010faka jemn\u00e9mu dizajnu mo\u017eno st\u00f4l z mas\u00edvneho dreva \u013eahko kombinova\u0165 so \u0161irokou \u0161k\u00e1lou \u0161t\u00fdlov, farieb a materi\u00e1lov. Nechajte svoju kreativitu vo\u013en\u00fd priebeh a vytvorte okolo svojho nov\u00e9ho pracoviska skuto\u010dn\u00fa atmosf\u00e9ru.<\/p>\n<h4><strong>Detaily produktu:<\/strong><\/h4>\n<p>Preto\u017ee sa jedn\u00e1 o pr\u00edrodn\u00fd produkt, ka\u017ed\u00fd vyroben\u00fd stol\u00edk je \u00faplne jedine\u010dn\u00fd. Nerovnosti, farebn\u00e9 prechody, charizmatick\u00e9 uzly, praskliny alebo dokonca rozmerov\u00e9 rozdiely s\u00fa mo\u017en\u00e9 a vytv\u00e1raj\u00fa originalitu a vytv\u00e1raj\u00fa \u010daro mas\u00edvneho dreva. \u017diadna z t\u00fdchto skuto\u010dnost\u00ed nie je d\u00f4vodom na reklam\u00e1ciu. Vhodn\u00e9 bytov\u00e9 doplnky pre kombinovanie interi\u00e9ru s t\u00fdmto p\u00edsac\u00edm stol\u00edkom n\u00e1jdete na na\u0161om e-shope v sekcii Bytov\u00e9 doplnky. Kontaktujte n\u00e1s a my v\u00e1m radi pom\u00f4\u017eeme s v\u00fdberom vhodn\u00fdch dekor\u00e1ci\u00ed.<\/p>\n<p><strong>\u010eal\u0161ie inform\u00e1cie:<br \/>\n<\/strong>P\u00edsac\u00ed\u00a0 st\u00f4l je ru\u010dne vyroben\u00fd \u2013 preto ak\u00e9ko\u013evek ryhy, farebn\u00e9 gradienty alebo mierne rozdiely v rozmeroch nie s\u00fa d\u00f4vodom na reklam\u00e1ciu. Hladk\u00fd povrch stol\u00edka v\u00e1m zjednodu\u0161uje jeho \u00fadr\u017ebu \u2013 sta\u010d\u00ed ho pretrie\u0165 vlhkou handri\u010dkou. Handri\u010dkou prech\u00e1dzajte v smere kresby dreva.<\/p>\n<p><b>Rozmery:<br \/>\n\u0160\u00edrka:\u00a0<\/b>100 cm<b><br \/>\nV\u00fd\u0161ka: <\/b>77\u00a0cm<b><br \/>\nH\u013abka:<\/b>\u00a050 cm<\/p>\n<p><b>Farba:<\/b> pr\u00edrodn\u00e1<br \/>\n<b>Materi\u00e1l:<\/b> mangov\u00e9 drevo, kov<\/p>\n<p>Dodato\u010dn\u00e9 inform\u00e1cie:<\/p>\n<p>V pr\u00edpade z\u00e1ujmu o in\u00e9 stoly ako toaletn\u00e9, p\u00edsacie, konferen\u010dn\u00e9 stol\u00edky \u010di jed\u00e1lensk\u00e9 stoly, nav\u0161t\u00edvte sekciu stoly na <a href=\"https:\/\/www.ikuchyne.sk\/eshop\/kategoria\/stoly\/\">www.ikuchyne.sk\/eshop<\/a><br \/>\nV pr\u00edpade z\u00e1ujmu o n\u00e1bytok na mieru n\u00e1s kontaktuje na <a href=\"http:\/\/www.ikuchyne.sk\">www.ikuchyne.sk<\/a><\/p>\n","protected":false},"excerpt":{"rendered":"<p>P\u00edsac\u00ed st\u00f4l Scorpion 100cm \u00bb V\u0161eobecn\u00fd popis: Elegantn\u00fd p\u00edsac\u00ed st\u00f4l Scorpion 100cm z mas\u00edvneho mangov\u00e9ho dreva. S dizajnovo zauj\u00edmav\u00fdmi no\u017ei\u010dkami pre \u0161ikovn\u00fd retro vzh\u013ead. S ve\u013ek\u00fdm \u00falo\u017en\u00fdm priestorom pre v\u0161etky<\/p>\n","protected":false},"featured_media":116750,"comment_status":"open","ping_status":"closed","template":"","meta":[],"product_cat":[300,287],"product_tag":[256,261],"yoast_head":"<!-- This site is optimized with the Yoast SEO plugin v22.1 - https:\/\/yoast.com\/wordpress\/plugins\/seo\/ -->\n<title>P\u00edsac\u00ed st\u00f4l Scorpion 100cm \u00bb &#187; iKuchyne iSHOP s n\u00e1bytkom<\/title>\n<meta name=\"description\" content=\"P\u00edsac\u00ed st\u00f4l Scorpion 100cm \u00bb - r\u00fdchle dodanie, poradenstvo, n\u00e1bytok skladom v Bratislave s ikuchyne.sk - kuchyne na mieru.\" \/>\n<meta name=\"robots\" content=\"index, follow, max-snippet:-1, max-image-preview:large, max-video-preview:-1\" \/>\n<link rel=\"canonical\" href=\"https:\/\/www.ikuchyne.sk\/eshop\/produkt\/pisaci-stol-scorpion-100cm\/\" \/>\n<meta property=\"og:locale\" content=\"sk_SK\" \/>\n<meta property=\"og:type\" content=\"article\" \/>\n<meta property=\"og:title\" content=\"P\u00edsac\u00ed st\u00f4l Scorpion 100cm \u00bb &#187; iKuchyne iSHOP s n\u00e1bytkom\" \/>\n<meta property=\"og:description\" content=\"P\u00edsac\u00ed st\u00f4l Scorpion 100cm \u00bb - r\u00fdchle dodanie, poradenstvo, n\u00e1bytok skladom v Bratislave s ikuchyne.sk - kuchyne na mieru.\" \/>\n<meta property=\"og:url\" content=\"https:\/\/www.ikuchyne.sk\/eshop\/produkt\/pisaci-stol-scorpion-100cm\/\" \/>\n<meta property=\"og:site_name\" content=\"iKuchyne iSHOP s n\u00e1bytkom\" \/>\n<meta property=\"article:publisher\" content=\"https:\/\/www.facebook.com\/ikuchyne\/\" \/>\n<meta property=\"article:modified_time\" content=\"2024-03-10T18:19:54+00:00\" \/>\n<meta property=\"og:image\" content=\"https:\/\/www.ikuchyne.sk\/eshop\/wp-content\/uploads\/2019\/08\/mango-scorpion-stol.jpg\" \/>\n\t<meta property=\"og:image:width\" content=\"1000\" \/>\n\t<meta property=\"og:image:height\" content=\"667\" \/>\n\t<meta property=\"og:image:type\" content=\"image\/jpeg\" \/>\n<meta name=\"twitter:card\" content=\"summary_large_image\" \/>\n<meta name=\"twitter:label1\" content=\"Predpokladan\u00fd \u010das \u010d\u00edtania\" \/>\n\t<meta name=\"twitter:data1\" content=\"2 min\u00faty\" \/>\n<script type=\"application\/ld+json\" class=\"yoast-schema-graph\">{\"@context\":\"https:\/\/schema.org\",\"@graph\":[{\"@type\":\"WebPage\",\"@id\":\"https:\/\/www.ikuchyne.sk\/eshop\/produkt\/pisaci-stol-scorpion-100cm\/\",\"url\":\"https:\/\/www.ikuchyne.sk\/eshop\/produkt\/pisaci-stol-scorpion-100cm\/\",\"name\":\"P\u00edsac\u00ed st\u00f4l Scorpion 100cm \u00bb &#187; iKuchyne iSHOP s n\u00e1bytkom\",\"isPartOf\":{\"@id\":\"https:\/\/www.ikuchyne.sk\/eshop\/#website\"},\"datePublished\":\"2019-08-01T13:45:19+00:00\",\"dateModified\":\"2024-03-10T18:19:54+00:00\",\"description\":\"P\u00edsac\u00ed st\u00f4l Scorpion 100cm \u00bb - r\u00fdchle dodanie, poradenstvo, n\u00e1bytok skladom v Bratislave s ikuchyne.sk - kuchyne na mieru.\",\"breadcrumb\":{\"@id\":\"https:\/\/www.ikuchyne.sk\/eshop\/produkt\/pisaci-stol-scorpion-100cm\/#breadcrumb\"},\"inLanguage\":\"sk-SK\",\"potentialAction\":[{\"@type\":\"ReadAction\",\"target\":[\"https:\/\/www.ikuchyne.sk\/eshop\/produkt\/pisaci-stol-scorpion-100cm\/\"]}]},{\"@type\":\"BreadcrumbList\",\"@id\":\"https:\/\/www.ikuchyne.sk\/eshop\/produkt\/pisaci-stol-scorpion-100cm\/#breadcrumb\",\"itemListElement\":[{\"@type\":\"ListItem\",\"position\":1,\"name\":\"Home\",\"item\":\"https:\/\/www.ikuchyne.sk\/eshop\/\"},{\"@type\":\"ListItem\",\"position\":2,\"name\":\"Obchod\",\"item\":\"https:\/\/www.ikuchyne.sk\/eshop\/obchod\/\"},{\"@type\":\"ListItem\",\"position\":3,\"name\":\"P\u00edsac\u00ed st\u00f4l Scorpion 100cm \u00bb\"}]},{\"@type\":\"WebSite\",\"@id\":\"https:\/\/www.ikuchyne.sk\/eshop\/#website\",\"url\":\"https:\/\/www.ikuchyne.sk\/eshop\/\",\"name\":\"iKuchyne iSHOP s n\u00e1bytkom\",\"description\":\"Jed\u00e1lensk\u00e9 stoly, stoli\u010dky, n\u00e1bytok, svietidl\u00e1...\",\"publisher\":{\"@id\":\"https:\/\/www.ikuchyne.sk\/eshop\/#organization\"},\"potentialAction\":[{\"@type\":\"SearchAction\",\"target\":{\"@type\":\"EntryPoint\",\"urlTemplate\":\"https:\/\/www.ikuchyne.sk\/eshop\/?s={search_term_string}\"},\"query-input\":\"required name=search_term_string\"}],\"inLanguage\":\"sk-SK\"},{\"@type\":\"Organization\",\"@id\":\"https:\/\/www.ikuchyne.sk\/eshop\/#organization\",\"name\":\"ikuchyne!\",\"url\":\"https:\/\/www.ikuchyne.sk\/eshop\/\",\"logo\":{\"@type\":\"ImageObject\",\"inLanguage\":\"sk-SK\",\"@id\":\"https:\/\/www.ikuchyne.sk\/eshop\/#\/schema\/logo\/image\/\",\"url\":\"https:\/\/www.ikuchyne.sk\/eshop\/wp-content\/uploads\/2017\/04\/ikuchyne-logo.jpg\",\"contentUrl\":\"https:\/\/www.ikuchyne.sk\/eshop\/wp-content\/uploads\/2017\/04\/ikuchyne-logo.jpg\",\"width\":200,\"height\":48,\"caption\":\"ikuchyne!\"},\"image\":{\"@id\":\"https:\/\/www.ikuchyne.sk\/eshop\/#\/schema\/logo\/image\/\"},\"sameAs\":[\"https:\/\/www.facebook.com\/ikuchyne\/\",\"https:\/\/www.instagram.com\/ikuchyne.sk\/\",\"https:\/\/sk.pinterest.com\/ikuchynesk\/\"]}]}<\/script>\n<!-- \/ Yoast SEO plugin. -->","yoast_head_json":{"title":"P\u00edsac\u00ed st\u00f4l Scorpion 100cm \u00bb &#187; iKuchyne iSHOP s n\u00e1bytkom","description":"P\u00edsac\u00ed st\u00f4l Scorpion 100cm \u00bb - r\u00fdchle dodanie, poradenstvo, n\u00e1bytok skladom v Bratislave s ikuchyne.sk - kuchyne na mieru.","robots":{"index":"index","follow":"follow","max-snippet":"max-snippet:-1","max-image-preview":"max-image-preview:large","max-video-preview":"max-video-preview:-1"},"canonical":"https:\/\/www.ikuchyne.sk\/eshop\/produkt\/pisaci-stol-scorpion-100cm\/","og_locale":"sk_SK","og_type":"article","og_title":"P\u00edsac\u00ed st\u00f4l Scorpion 100cm \u00bb &#187; iKuchyne iSHOP s n\u00e1bytkom","og_description":"P\u00edsac\u00ed st\u00f4l Scorpion 100cm \u00bb - r\u00fdchle dodanie, poradenstvo, n\u00e1bytok skladom v Bratislave s ikuchyne.sk - kuchyne na mieru.","og_url":"https:\/\/www.ikuchyne.sk\/eshop\/produkt\/pisaci-stol-scorpion-100cm\/","og_site_name":"iKuchyne iSHOP s n\u00e1bytkom","article_publisher":"https:\/\/www.facebook.com\/ikuchyne\/","article_modified_time":"2024-03-10T18:19:54+00:00","og_image":[{"width":1000,"height":667,"url":"https:\/\/www.ikuchyne.sk\/eshop\/wp-content\/uploads\/2019\/08\/mango-scorpion-stol.jpg","type":"image\/jpeg"}],"twitter_card":"summary_large_image","twitter_misc":{"Predpokladan\u00fd \u010das \u010d\u00edtania":"2 min\u00faty"},"schema":{"@context":"https:\/\/schema.org","@graph":[{"@type":"WebPage","@id":"https:\/\/www.ikuchyne.sk\/eshop\/produkt\/pisaci-stol-scorpion-100cm\/","url":"https:\/\/www.ikuchyne.sk\/eshop\/produkt\/pisaci-stol-scorpion-100cm\/","name":"P\u00edsac\u00ed st\u00f4l Scorpion 100cm \u00bb &#187; iKuchyne iSHOP s n\u00e1bytkom","isPartOf":{"@id":"https:\/\/www.ikuchyne.sk\/eshop\/#website"},"datePublished":"2019-08-01T13:45:19+00:00","dateModified":"2024-03-10T18:19:54+00:00","description":"P\u00edsac\u00ed st\u00f4l Scorpion 100cm \u00bb - r\u00fdchle dodanie, poradenstvo, n\u00e1bytok skladom v Bratislave s ikuchyne.sk - kuchyne na mieru.","breadcrumb":{"@id":"https:\/\/www.ikuchyne.sk\/eshop\/produkt\/pisaci-stol-scorpion-100cm\/#breadcrumb"},"inLanguage":"sk-SK","potentialAction":[{"@type":"ReadAction","target":["https:\/\/www.ikuchyne.sk\/eshop\/produkt\/pisaci-stol-scorpion-100cm\/"]}]},{"@type":"BreadcrumbList","@id":"https:\/\/www.ikuchyne.sk\/eshop\/produkt\/pisaci-stol-scorpion-100cm\/#breadcrumb","itemListElement":[{"@type":"ListItem","position":1,"name":"Home","item":"https:\/\/www.ikuchyne.sk\/eshop\/"},{"@type":"ListItem","position":2,"name":"Obchod","item":"https:\/\/www.ikuchyne.sk\/eshop\/obchod\/"},{"@type":"ListItem","position":3,"name":"P\u00edsac\u00ed st\u00f4l Scorpion 100cm \u00bb"}]},{"@type":"WebSite","@id":"https:\/\/www.ikuchyne.sk\/eshop\/#website","url":"https:\/\/www.ikuchyne.sk\/eshop\/","name":"iKuchyne iSHOP s n\u00e1bytkom","description":"Jed\u00e1lensk\u00e9 stoly, stoli\u010dky, n\u00e1bytok, svietidl\u00e1...","publisher":{"@id":"https:\/\/www.ikuchyne.sk\/eshop\/#organization"},"potentialAction":[{"@type":"SearchAction","target":{"@type":"EntryPoint","urlTemplate":"https:\/\/www.ikuchyne.sk\/eshop\/?s={search_term_string}"},"query-input":"required name=search_term_string"}],"inLanguage":"sk-SK"},{"@type":"Organization","@id":"https:\/\/www.ikuchyne.sk\/eshop\/#organization","name":"ikuchyne!","url":"https:\/\/www.ikuchyne.sk\/eshop\/","logo":{"@type":"ImageObject","inLanguage":"sk-SK","@id":"https:\/\/www.ikuchyne.sk\/eshop\/#\/schema\/logo\/image\/","url":"https:\/\/www.ikuchyne.sk\/eshop\/wp-content\/uploads\/2017\/04\/ikuchyne-logo.jpg","contentUrl":"https:\/\/www.ikuchyne.sk\/eshop\/wp-content\/uploads\/2017\/04\/ikuchyne-logo.jpg","width":200,"height":48,"caption":"ikuchyne!"},"image":{"@id":"https:\/\/www.ikuchyne.sk\/eshop\/#\/schema\/logo\/image\/"},"sameAs":["https:\/\/www.facebook.com\/ikuchyne\/","https:\/\/www.instagram.com\/ikuchyne.sk\/","https:\/\/sk.pinterest.com\/ikuchynesk\/"]}]}},"_links":{"self":[{"href":"https:\/\/www.ikuchyne.sk\/eshop\/wp-json\/wp\/v2\/product\/83021"}],"collection":[{"href":"https:\/\/www.ikuchyne.sk\/eshop\/wp-json\/wp\/v2\/product"}],"about":[{"href":"https:\/\/www.ikuchyne.sk\/eshop\/wp-json\/wp\/v2\/types\/product"}],"replies":[{"embeddable":true,"href":"https:\/\/www.ikuchyne.sk\/eshop\/wp-json\/wp\/v2\/comments?post=83021"}],"wp:featuredmedia":[{"embeddable":true,"href":"https:\/\/www.ikuchyne.sk\/eshop\/wp-json\/wp\/v2\/media\/116750"}],"wp:attachment":[{"href":"https:\/\/www.ikuchyne.sk\/eshop\/wp-json\/wp\/v2\/media?parent=83021"}],"wp:term":[{"taxonomy":"product_cat","embeddable":true,"href":"https:\/\/www.ikuchyne.sk\/eshop\/wp-json\/wp\/v2\/product_cat?post=83021"},{"taxonomy":"product_tag","embeddable":true,"href":"https:\/\/www.ikuchyne.sk\/eshop\/wp-json\/wp\/v2\/product_tag?post=83021"}],"curies":[{"name":"wp","href":"https:\/\/api.w.org\/{rel}","templated":true}]}}