{"id":83091,"date":"2019-01-08T15:17:45","date_gmt":"2019-01-08T14:17:45","guid":{"rendered":"https:\/\/ikuchyne.sk\/eshop\/?post_type=product&#038;p=83091"},"modified":"2024-03-10T19:19:58","modified_gmt":"2024-03-10T18:19:58","slug":"cierny-stolik-modern-barock-54-x-144-cm","status":"publish","type":"product","link":"https:\/\/www.ikuchyne.sk\/eshop\/produkt\/cierny-stolik-modern-barock-54-x-144-cm\/","title":{"rendered":"\u010cierny stol\u00edk Modern Barock 54 x 144 cm \u00bb"},"content":{"rendered":"<h1>\u010cierny stol\u00edk Modern Barock 54 x 144 cm<\/h1>\n<p><strong>V\u0161eobecn\u00fd opis stol\u00edka:<br \/>\n<\/strong>Stol\u00edk v \u010dierno-striebornej kombin\u00e1cii je ur\u010den\u00fd pre pomp\u00e9zny a modern\u00fd \u0161t\u00fdl b\u00fdvania. Jeho zauj\u00edmav\u00e9 spracovanie in\u0161pirovan\u00e9 barokom dod\u00e1 v\u00e1\u0161mu interi\u00e9ru na exkluzivite. Strieborn\u00e9 zahnut\u00e9 nohy v kombin\u00e1cii s \u010diernym sklom p\u00f4sobia elegantne. Podno\u017e stol\u00edka tvoria zahnut\u00e9 nohy vyroben\u00e9 z chr\u00f3movanej ocele. Povrch tohto konferen\u010dn\u00e9ho stol\u00edka je vyroben\u00fd z dosky z \u010dierneho op\u00e1lov\u00e9ho kalen\u00e9ho skla. V\u010faka kalen\u00e9mu sklu je stol\u00edk aj dostato\u010dne odoln\u00fd, no nep\u00f4sob\u00ed \u0165a\u017ekop\u00e1dn. Unik\u00e1tny dizajn je s\u00edce in\u0161pirovan\u00fd hist\u00f3riou, no prostredn\u00edctvom modern\u00fdch materi\u00e1lov je nad\u010dasov\u00fd.<\/p>\n<p><strong>Povrch stol\u00edka:<br \/>\n<\/strong>Povrch tohto stol\u00edka je vyroben\u00fd z dosky z \u010dierneho op\u00e1lov\u00e9ho kalen\u00e9ho skla, ktor\u00e9 je ve\u013emi pevn\u00e9 a odoln\u00e9.<\/p>\n<p><strong>Podno\u017e stol\u00edka:<br \/>\n<\/strong>Podno\u017e stol\u00edka je tvoren\u00e1 elegantne zahnut\u00fdmi nohami vyroben\u00fdmi z chr\u00f3movanej ocele.<\/p>\n<p><strong>\u010eal\u0161ie inform\u00e1cie:\u00a0<\/strong><br \/>\nTento biely stol\u00edk nie je n\u00e1ro\u010dn\u00fd na \u0161peci\u00e1lnu \u00fadr\u017ebu. V pr\u00edpade potreby posta\u010d\u00ed vlhk\u00e1 handri\u010dka a pr\u00edpravky na le\u0161tenie skla.<\/p>\n<p><b>Rozmery stol\u00edka:<br \/>\n<\/b>\u0160\u00edrka stol\u00edka: 54 cm<br \/>\nD\u013a\u017eka stol\u00edka: 144 cm<br \/>\nV\u00fd\u0161ka stol\u00edka: 75 cm<br \/>\n<strong>Rozmery dosky stola:\u00a0<\/strong> 140 x 75 x 50 cm (\u0160xVxH)<\/p>\n<p><b>Materi\u00e1l:\u00a0<\/b>op\u00e1lov\u00e9 kalen\u00e9 sklo, chr\u00f3movan\u00e1 oce\u013e<\/p>\n<p><b>Farba:<\/b>\u00a0\u010dierna, strieborn\u00e1<\/p>\n","protected":false},"excerpt":{"rendered":"<p>\u010cierny stol\u00edk Modern Barock 54 x 144 cm V\u0161eobecn\u00fd opis stol\u00edka: Stol\u00edk v \u010dierno-striebornej kombin\u00e1cii je ur\u010den\u00fd pre pomp\u00e9zny a modern\u00fd \u0161t\u00fdl b\u00fdvania. Jeho zauj\u00edmav\u00e9 spracovanie in\u0161pirovan\u00e9 barokom dod\u00e1 v\u00e1\u0161mu<\/p>\n","protected":false},"featured_media":83092,"comment_status":"open","ping_status":"closed","template":"","meta":[],"product_cat":[832,842,304,839,835],"product_tag":[239],"yoast_head":"<!-- This site is optimized with the Yoast SEO plugin v22.1 - https:\/\/yoast.com\/wordpress\/plugins\/seo\/ -->\n<title>\u010cierny stol\u00edk Modern Barock 54 x 144 cm \u00bb &#187; iKuchyne iSHOP s n\u00e1bytkom<\/title>\n<meta name=\"description\" content=\"K\u00fapte si u n\u00e1s \u010cierny stol\u00edk Modern Barock 54 x 144 cm \u00bb za akciov\u00fa cenu. R\u00fdchle dodanie tovaru, odborn\u00e9 poradenstvo a stovky produktov skladom. \u010cierny stol\u00edk Modern Barock 54 x 144 cm \u00bb sa stane dominantou V\u00e1\u0161ho interi\u00e9ru. Internetov\u00fd obchod ikuchyne! pon\u00faka odber \u010cierny stol\u00edk Modern Barock 54 x 144 cm \u00bb u\u017e od 1 kusu.\" \/>\n<meta name=\"robots\" content=\"index, follow, max-snippet:-1, max-image-preview:large, max-video-preview:-1\" \/>\n<link rel=\"canonical\" href=\"https:\/\/www.ikuchyne.sk\/eshop\/produkt\/cierny-stolik-modern-barock-54-x-144-cm\/\" \/>\n<meta property=\"og:locale\" content=\"sk_SK\" \/>\n<meta property=\"og:type\" content=\"article\" \/>\n<meta property=\"og:title\" content=\"\u010cierny stol\u00edk Modern Barock 54 x 144 cm \u00bb &#187; iKuchyne iSHOP s n\u00e1bytkom\" \/>\n<meta property=\"og:description\" content=\"K\u00fapte si u n\u00e1s \u010cierny stol\u00edk Modern Barock 54 x 144 cm \u00bb za akciov\u00fa cenu. R\u00fdchle dodanie tovaru, odborn\u00e9 poradenstvo a stovky produktov skladom. \u010cierny stol\u00edk Modern Barock 54 x 144 cm \u00bb sa stane dominantou V\u00e1\u0161ho interi\u00e9ru. Internetov\u00fd obchod ikuchyne! pon\u00faka odber \u010cierny stol\u00edk Modern Barock 54 x 144 cm \u00bb u\u017e od 1 kusu.\" \/>\n<meta property=\"og:url\" content=\"https:\/\/www.ikuchyne.sk\/eshop\/produkt\/cierny-stolik-modern-barock-54-x-144-cm\/\" \/>\n<meta property=\"og:site_name\" content=\"iKuchyne iSHOP s n\u00e1bytkom\" \/>\n<meta property=\"article:publisher\" content=\"https:\/\/www.facebook.com\/ikuchyne\/\" \/>\n<meta property=\"article:modified_time\" content=\"2024-03-10T18:19:58+00:00\" \/>\n<meta property=\"og:image\" content=\"https:\/\/www.ikuchyne.sk\/eshop\/wp-content\/uploads\/2019\/01\/Stolik-Modern-Barock-140cm-cierna-36545.jpg\" \/>\n\t<meta property=\"og:image:width\" content=\"800\" \/>\n\t<meta property=\"og:image:height\" content=\"533\" \/>\n\t<meta property=\"og:image:type\" content=\"image\/jpeg\" \/>\n<meta name=\"twitter:card\" content=\"summary_large_image\" \/>\n<meta name=\"twitter:label1\" content=\"Predpokladan\u00fd \u010das \u010d\u00edtania\" \/>\n\t<meta name=\"twitter:data1\" content=\"1 min\u00fata\" \/>\n<script type=\"application\/ld+json\" class=\"yoast-schema-graph\">{\"@context\":\"https:\/\/schema.org\",\"@graph\":[{\"@type\":\"WebPage\",\"@id\":\"https:\/\/www.ikuchyne.sk\/eshop\/produkt\/cierny-stolik-modern-barock-54-x-144-cm\/\",\"url\":\"https:\/\/www.ikuchyne.sk\/eshop\/produkt\/cierny-stolik-modern-barock-54-x-144-cm\/\",\"name\":\"\u010cierny stol\u00edk Modern Barock 54 x 144 cm \u00bb &#187; iKuchyne iSHOP s n\u00e1bytkom\",\"isPartOf\":{\"@id\":\"https:\/\/www.ikuchyne.sk\/eshop\/#website\"},\"datePublished\":\"2019-01-08T14:17:45+00:00\",\"dateModified\":\"2024-03-10T18:19:58+00:00\",\"description\":\"K\u00fapte si u n\u00e1s \u010cierny stol\u00edk Modern Barock 54 x 144 cm \u00bb za akciov\u00fa cenu. R\u00fdchle dodanie tovaru, odborn\u00e9 poradenstvo a stovky produktov skladom. \u010cierny stol\u00edk Modern Barock 54 x 144 cm \u00bb sa stane dominantou V\u00e1\u0161ho interi\u00e9ru. Internetov\u00fd obchod ikuchyne! pon\u00faka odber \u010cierny stol\u00edk Modern Barock 54 x 144 cm \u00bb u\u017e od 1 kusu.\",\"breadcrumb\":{\"@id\":\"https:\/\/www.ikuchyne.sk\/eshop\/produkt\/cierny-stolik-modern-barock-54-x-144-cm\/#breadcrumb\"},\"inLanguage\":\"sk-SK\",\"potentialAction\":[{\"@type\":\"ReadAction\",\"target\":[\"https:\/\/www.ikuchyne.sk\/eshop\/produkt\/cierny-stolik-modern-barock-54-x-144-cm\/\"]}]},{\"@type\":\"BreadcrumbList\",\"@id\":\"https:\/\/www.ikuchyne.sk\/eshop\/produkt\/cierny-stolik-modern-barock-54-x-144-cm\/#breadcrumb\",\"itemListElement\":[{\"@type\":\"ListItem\",\"position\":1,\"name\":\"Home\",\"item\":\"https:\/\/www.ikuchyne.sk\/eshop\/\"},{\"@type\":\"ListItem\",\"position\":2,\"name\":\"Obchod\",\"item\":\"https:\/\/www.ikuchyne.sk\/eshop\/obchod\/\"},{\"@type\":\"ListItem\",\"position\":3,\"name\":\"\u010cierny stol\u00edk Modern Barock 54 x 144 cm \u00bb\"}]},{\"@type\":\"WebSite\",\"@id\":\"https:\/\/www.ikuchyne.sk\/eshop\/#website\",\"url\":\"https:\/\/www.ikuchyne.sk\/eshop\/\",\"name\":\"iKuchyne iSHOP s n\u00e1bytkom\",\"description\":\"Jed\u00e1lensk\u00e9 stoly, stoli\u010dky, n\u00e1bytok, svietidl\u00e1...\",\"publisher\":{\"@id\":\"https:\/\/www.ikuchyne.sk\/eshop\/#organization\"},\"potentialAction\":[{\"@type\":\"SearchAction\",\"target\":{\"@type\":\"EntryPoint\",\"urlTemplate\":\"https:\/\/www.ikuchyne.sk\/eshop\/?s={search_term_string}\"},\"query-input\":\"required name=search_term_string\"}],\"inLanguage\":\"sk-SK\"},{\"@type\":\"Organization\",\"@id\":\"https:\/\/www.ikuchyne.sk\/eshop\/#organization\",\"name\":\"ikuchyne!\",\"url\":\"https:\/\/www.ikuchyne.sk\/eshop\/\",\"logo\":{\"@type\":\"ImageObject\",\"inLanguage\":\"sk-SK\",\"@id\":\"https:\/\/www.ikuchyne.sk\/eshop\/#\/schema\/logo\/image\/\",\"url\":\"https:\/\/www.ikuchyne.sk\/eshop\/wp-content\/uploads\/2017\/04\/ikuchyne-logo.jpg\",\"contentUrl\":\"https:\/\/www.ikuchyne.sk\/eshop\/wp-content\/uploads\/2017\/04\/ikuchyne-logo.jpg\",\"width\":200,\"height\":48,\"caption\":\"ikuchyne!\"},\"image\":{\"@id\":\"https:\/\/www.ikuchyne.sk\/eshop\/#\/schema\/logo\/image\/\"},\"sameAs\":[\"https:\/\/www.facebook.com\/ikuchyne\/\",\"https:\/\/www.instagram.com\/ikuchyne.sk\/\",\"https:\/\/sk.pinterest.com\/ikuchynesk\/\"]}]}<\/script>\n<!-- \/ Yoast SEO plugin. -->","yoast_head_json":{"title":"\u010cierny stol\u00edk Modern Barock 54 x 144 cm \u00bb &#187; iKuchyne iSHOP s n\u00e1bytkom","description":"K\u00fapte si u n\u00e1s \u010cierny stol\u00edk Modern Barock 54 x 144 cm \u00bb za akciov\u00fa cenu. R\u00fdchle dodanie tovaru, odborn\u00e9 poradenstvo a stovky produktov skladom. \u010cierny stol\u00edk Modern Barock 54 x 144 cm \u00bb sa stane dominantou V\u00e1\u0161ho interi\u00e9ru. Internetov\u00fd obchod ikuchyne! pon\u00faka odber \u010cierny stol\u00edk Modern Barock 54 x 144 cm \u00bb u\u017e od 1 kusu.","robots":{"index":"index","follow":"follow","max-snippet":"max-snippet:-1","max-image-preview":"max-image-preview:large","max-video-preview":"max-video-preview:-1"},"canonical":"https:\/\/www.ikuchyne.sk\/eshop\/produkt\/cierny-stolik-modern-barock-54-x-144-cm\/","og_locale":"sk_SK","og_type":"article","og_title":"\u010cierny stol\u00edk Modern Barock 54 x 144 cm \u00bb &#187; iKuchyne iSHOP s n\u00e1bytkom","og_description":"K\u00fapte si u n\u00e1s \u010cierny stol\u00edk Modern Barock 54 x 144 cm \u00bb za akciov\u00fa cenu. R\u00fdchle dodanie tovaru, odborn\u00e9 poradenstvo a stovky produktov skladom. \u010cierny stol\u00edk Modern Barock 54 x 144 cm \u00bb sa stane dominantou V\u00e1\u0161ho interi\u00e9ru. Internetov\u00fd obchod ikuchyne! pon\u00faka odber \u010cierny stol\u00edk Modern Barock 54 x 144 cm \u00bb u\u017e od 1 kusu.","og_url":"https:\/\/www.ikuchyne.sk\/eshop\/produkt\/cierny-stolik-modern-barock-54-x-144-cm\/","og_site_name":"iKuchyne iSHOP s n\u00e1bytkom","article_publisher":"https:\/\/www.facebook.com\/ikuchyne\/","article_modified_time":"2024-03-10T18:19:58+00:00","og_image":[{"width":800,"height":533,"url":"https:\/\/www.ikuchyne.sk\/eshop\/wp-content\/uploads\/2019\/01\/Stolik-Modern-Barock-140cm-cierna-36545.jpg","type":"image\/jpeg"}],"twitter_card":"summary_large_image","twitter_misc":{"Predpokladan\u00fd \u010das \u010d\u00edtania":"1 min\u00fata"},"schema":{"@context":"https:\/\/schema.org","@graph":[{"@type":"WebPage","@id":"https:\/\/www.ikuchyne.sk\/eshop\/produkt\/cierny-stolik-modern-barock-54-x-144-cm\/","url":"https:\/\/www.ikuchyne.sk\/eshop\/produkt\/cierny-stolik-modern-barock-54-x-144-cm\/","name":"\u010cierny stol\u00edk Modern Barock 54 x 144 cm \u00bb &#187; iKuchyne iSHOP s n\u00e1bytkom","isPartOf":{"@id":"https:\/\/www.ikuchyne.sk\/eshop\/#website"},"datePublished":"2019-01-08T14:17:45+00:00","dateModified":"2024-03-10T18:19:58+00:00","description":"K\u00fapte si u n\u00e1s \u010cierny stol\u00edk Modern Barock 54 x 144 cm \u00bb za akciov\u00fa cenu. R\u00fdchle dodanie tovaru, odborn\u00e9 poradenstvo a stovky produktov skladom. \u010cierny stol\u00edk Modern Barock 54 x 144 cm \u00bb sa stane dominantou V\u00e1\u0161ho interi\u00e9ru. Internetov\u00fd obchod ikuchyne! pon\u00faka odber \u010cierny stol\u00edk Modern Barock 54 x 144 cm \u00bb u\u017e od 1 kusu.","breadcrumb":{"@id":"https:\/\/www.ikuchyne.sk\/eshop\/produkt\/cierny-stolik-modern-barock-54-x-144-cm\/#breadcrumb"},"inLanguage":"sk-SK","potentialAction":[{"@type":"ReadAction","target":["https:\/\/www.ikuchyne.sk\/eshop\/produkt\/cierny-stolik-modern-barock-54-x-144-cm\/"]}]},{"@type":"BreadcrumbList","@id":"https:\/\/www.ikuchyne.sk\/eshop\/produkt\/cierny-stolik-modern-barock-54-x-144-cm\/#breadcrumb","itemListElement":[{"@type":"ListItem","position":1,"name":"Home","item":"https:\/\/www.ikuchyne.sk\/eshop\/"},{"@type":"ListItem","position":2,"name":"Obchod","item":"https:\/\/www.ikuchyne.sk\/eshop\/obchod\/"},{"@type":"ListItem","position":3,"name":"\u010cierny stol\u00edk Modern Barock 54 x 144 cm \u00bb"}]},{"@type":"WebSite","@id":"https:\/\/www.ikuchyne.sk\/eshop\/#website","url":"https:\/\/www.ikuchyne.sk\/eshop\/","name":"iKuchyne iSHOP s n\u00e1bytkom","description":"Jed\u00e1lensk\u00e9 stoly, stoli\u010dky, n\u00e1bytok, svietidl\u00e1...","publisher":{"@id":"https:\/\/www.ikuchyne.sk\/eshop\/#organization"},"potentialAction":[{"@type":"SearchAction","target":{"@type":"EntryPoint","urlTemplate":"https:\/\/www.ikuchyne.sk\/eshop\/?s={search_term_string}"},"query-input":"required name=search_term_string"}],"inLanguage":"sk-SK"},{"@type":"Organization","@id":"https:\/\/www.ikuchyne.sk\/eshop\/#organization","name":"ikuchyne!","url":"https:\/\/www.ikuchyne.sk\/eshop\/","logo":{"@type":"ImageObject","inLanguage":"sk-SK","@id":"https:\/\/www.ikuchyne.sk\/eshop\/#\/schema\/logo\/image\/","url":"https:\/\/www.ikuchyne.sk\/eshop\/wp-content\/uploads\/2017\/04\/ikuchyne-logo.jpg","contentUrl":"https:\/\/www.ikuchyne.sk\/eshop\/wp-content\/uploads\/2017\/04\/ikuchyne-logo.jpg","width":200,"height":48,"caption":"ikuchyne!"},"image":{"@id":"https:\/\/www.ikuchyne.sk\/eshop\/#\/schema\/logo\/image\/"},"sameAs":["https:\/\/www.facebook.com\/ikuchyne\/","https:\/\/www.instagram.com\/ikuchyne.sk\/","https:\/\/sk.pinterest.com\/ikuchynesk\/"]}]}},"_links":{"self":[{"href":"https:\/\/www.ikuchyne.sk\/eshop\/wp-json\/wp\/v2\/product\/83091"}],"collection":[{"href":"https:\/\/www.ikuchyne.sk\/eshop\/wp-json\/wp\/v2\/product"}],"about":[{"href":"https:\/\/www.ikuchyne.sk\/eshop\/wp-json\/wp\/v2\/types\/product"}],"replies":[{"embeddable":true,"href":"https:\/\/www.ikuchyne.sk\/eshop\/wp-json\/wp\/v2\/comments?post=83091"}],"wp:featuredmedia":[{"embeddable":true,"href":"https:\/\/www.ikuchyne.sk\/eshop\/wp-json\/wp\/v2\/media\/83092"}],"wp:attachment":[{"href":"https:\/\/www.ikuchyne.sk\/eshop\/wp-json\/wp\/v2\/media?parent=83091"}],"wp:term":[{"taxonomy":"product_cat","embeddable":true,"href":"https:\/\/www.ikuchyne.sk\/eshop\/wp-json\/wp\/v2\/product_cat?post=83091"},{"taxonomy":"product_tag","embeddable":true,"href":"https:\/\/www.ikuchyne.sk\/eshop\/wp-json\/wp\/v2\/product_tag?post=83091"}],"curies":[{"name":"wp","href":"https:\/\/api.w.org\/{rel}","templated":true}]}}