{"id":83960,"date":"2019-02-11T13:23:01","date_gmt":"2019-02-11T12:23:01","guid":{"rendered":"https:\/\/ikuchyne.sk\/eshop\/?post_type=product&#038;p=83960"},"modified":"2024-03-10T19:19:57","modified_gmt":"2024-03-10T18:19:57","slug":"betonovy-jedalensky-stol-loft-90-x-160-cm-40-mm","status":"publish","type":"product","link":"https:\/\/www.ikuchyne.sk\/eshop\/produkt\/betonovy-jedalensky-stol-loft-90-x-160-cm-40-mm\/","title":{"rendered":"Bet\u00f3nov\u00fd jed\u00e1lensk\u00fd st\u00f4l Loft 90 x 160 cm \u2013 40 mm \u00bb"},"content":{"rendered":"<h1>Bet\u00f3nov\u00fd jed\u00e1lensk\u00fd st\u00f4l Loft 90 x 160 cm \u2013 40 mm \u00bb<\/h1>\n<h4><strong>V\u0161eobecn\u00fd popis:<\/strong><\/h4>\n<p>Nad\u010dasov\u00fd bet\u00f3nov\u00fd jed\u00e1lensk\u00fd st\u00f4l Loft 90 x 160 cm \u2013 40 mm s bet\u00f3nov\u00fdm vzh\u013eadom. Za st\u00f4l sa m\u00f4\u017ee pohodlne usadi\u0165 a\u017e osem os\u00f4b. Kovov\u00fd ly\u017einov\u00fd r\u00e1m vytv\u00e1ra harmonick\u00fd kontrast s doskou stola. Te\u0161te sa na nov\u00fd p\u00fata\u010d pozornosti vo va\u0161ej jed\u00e1lni!<\/p>\n<p>Nov\u00e9 centrum va\u0161ej jed\u00e1lne. Kvalitn\u00fd jed\u00e1lensk\u00fd st\u00f4l je bezpochyby jedn\u00fdm z najd\u00f4le\u017eitej\u0161\u00edch kusov n\u00e1bytku vo va\u0161ej dom\u00e1cnosti. Pri tomto jed\u00e1lenskom stole si m\u00f4\u017eete vychutna\u0165 nede\u013en\u00e9 ra\u0148ajky spolu s rodinou, zorganizova\u0165 hern\u00fd ve\u010der s priate\u013emi alebo si v int\u00edmnom zv\u00e4zku vypi\u0165 poh\u00e1r v\u00edna. N\u00e1\u0161 jed\u00e1lensk\u00fd st\u00f4l LOFT v p\u00f4sobivom bet\u00f3novom vzh\u013eade je k tomu v\u0161etk\u00e9mu ide\u00e1lny a vo va\u0161ej jed\u00e1lni sa okam\u017eite st\u00e1vame p\u00fata\u010dom pozornosti &#8211; za\u017eite to sami!<\/p>\n<p>Nad\u010dasov\u00fd dizajn jed\u00e1lensk\u00e9ho stola sa hod\u00ed do ka\u017ed\u00e9ho prostredia. Ve\u013ek\u00e1 stolov\u00e1 doska spo\u010d\u00edva na dvoch ly\u017einov\u00fdch r\u00e1moch. Kombin\u00e1cia bet\u00f3nov\u00e9ho vzh\u013eadu a drsn\u00e9ho kovu sa dokonale hod\u00ed k industri\u00e1lnemu \u0161t\u00fdlu, ale d\u00e1 sa \u013eahko kombinova\u0165 s mnoh\u00fdmi in\u00fdmi \u0161t\u00fdlmi b\u00fdvania vo va\u0161ej dom\u00e1cnosti. N\u00e1\u0161 tip: skombinujte st\u00f4l s \u010diernymi stoli\u010dkami alebo \u010diernou stropnou lampou &#8211; v\u010faka tomu bude doska stola v bet\u00f3novom vzh\u013eade e\u0161te viac v\u00fdraznej\u0161ia.<\/p>\n<h4><strong>Detaily produktu:<\/strong><\/h4>\n<p>Romantick\u00fd dizajn nie je v\u00e1\u0161 \u0161\u00e1lok k\u00e1vy? Potom je priemyseln\u00fd \u0161t\u00fdl pre v\u00e1s to prav\u00e9. Hlavn\u00fdmi postavami s\u00fa drevo, kov \u010di bet\u00f3n. Vhodn\u00e9 bytov\u00e9 doplnky pre kombinovanie interi\u00e9ru s t\u00fdmto jed\u00e1lensk\u00fdm stolom n\u00e1jdete na na\u0161om e-shope v sekcii Bytov\u00e9 doplnky. Kontaktujte n\u00e1s a my v\u00e1m radi pom\u00f4\u017eeme s v\u00fdberom vhodn\u00fdch dekor\u00e1ci\u00ed.<\/p>\n<p><strong>Podno\u017e jed\u00e1lensk\u00e9ho stola:<\/strong><br \/>\n\u010cierny ly\u017einov\u00fd r\u00e1m je vyroben\u00fd z kovu. V\u010faka svojmu vzh\u013eadu dokonalo ladia s interi\u00e9rom v industri\u00e1lnom \u0161t\u00fdle.<\/p>\n<p><strong>\u010eal\u0161ie inform\u00e1cie:<br \/>\n<\/strong>Na be\u017en\u00fa starostlivos\u0165 v\u00e1m \u00faplne posta\u010d\u00ed\u00a0such\u00e1 bavlnen\u00e1 handri\u010dka. V pr\u00edpade v\u00e4\u010d\u0161ieho zne\u010distenia pou\u017eite handri\u010dku navlh\u010den\u00fa v mydlovej vode.<\/p>\n<p><b>Rozmery<\/b>:<br \/>\n\u0160\u00edrka stola: 90 cm<br \/>\nD\u013a\u017eka stola: 160 cm<br \/>\nV\u00fd\u0161ka stola: 77 cm<br \/>\n<strong>Hr\u00fabka dosky:<\/strong>\u00a040 mm<br \/>\n<strong>Rozmer nohy stola:<\/strong> 5 x 2 cm (\u0160xH)<\/p>\n<p><b>Materi\u00e1l:<\/b>\u00a0MDF, f\u00f3lia v bet\u00f3novom dizajne, kov<\/p>\n<p><b>Farba:<\/b>\u00a0bet\u00f3nov\u00e1, ly\u017einov\u00fd podstavec \u2013 \u017eelezo v Industrial Looku<\/p>\n<p>V pr\u00edpade z\u00e1ujmu o in\u00e9 stoly ako toaletn\u00e9, p\u00edsacie, konferen\u010dn\u00e9 stol\u00edky \u010di jed\u00e1lensk\u00e9 stoly, nav\u0161t\u00edvte sekciu stoly na <a href=\"https:\/\/www.ikuchyne.sk\/eshop\/kategoria\/stoly\/\">www.ikuchyne.sk\/eshop<\/a><br \/>\nV pr\u00edpade z\u00e1ujmu o n\u00e1bytok na mieru n\u00e1s kontaktuje na <a href=\"http:\/\/www.ikuchyne.sk\">www.ikuchyne.sk<\/a><\/p>\n","protected":false},"excerpt":{"rendered":"<p>Bet\u00f3nov\u00fd jed\u00e1lensk\u00fd st\u00f4l Loft 90 x 160 cm \u2013 40 mm \u00bb V\u0161eobecn\u00fd popis: Nad\u010dasov\u00fd bet\u00f3nov\u00fd jed\u00e1lensk\u00fd st\u00f4l Loft 90 x 160 cm \u2013 40 mm s bet\u00f3nov\u00fdm vzh\u013eadom. Za<\/p>\n","protected":false},"featured_media":83961,"comment_status":"open","ping_status":"closed","template":"","meta":[],"product_cat":[287,298,855,846],"product_tag":[2962,256,257],"yoast_head":"<!-- This site is optimized with the Yoast SEO plugin v22.1 - https:\/\/yoast.com\/wordpress\/plugins\/seo\/ -->\n<title>Bet\u00f3nov\u00fd jed\u00e1lensk\u00fd st\u00f4l Loft 90 x 160 cm &#187; iKuchyne iSHOP s n\u00e1bytkom<\/title>\n<meta name=\"description\" content=\"Bet\u00f3nov\u00fd jed\u00e1lensk\u00fd st\u00f4l Loft 90 x 160 cm \u2013 40 mm \u00bb - r\u00fdchle dodanie, poradenstvo, n\u00e1bytok skladom v Bratislave s ikuchyne.sk - kuchyne na mieru.\" \/>\n<meta name=\"robots\" content=\"index, follow, max-snippet:-1, max-image-preview:large, max-video-preview:-1\" \/>\n<link rel=\"canonical\" href=\"https:\/\/www.ikuchyne.sk\/eshop\/produkt\/betonovy-jedalensky-stol-loft-90-x-160-cm-40-mm\/\" \/>\n<meta property=\"og:locale\" content=\"sk_SK\" \/>\n<meta property=\"og:type\" content=\"article\" \/>\n<meta property=\"og:title\" content=\"Bet\u00f3nov\u00fd jed\u00e1lensk\u00fd st\u00f4l Loft 90 x 160 cm &#187; iKuchyne iSHOP s n\u00e1bytkom\" \/>\n<meta property=\"og:description\" content=\"Bet\u00f3nov\u00fd jed\u00e1lensk\u00fd st\u00f4l Loft 90 x 160 cm \u2013 40 mm \u00bb - r\u00fdchle dodanie, poradenstvo, n\u00e1bytok skladom v Bratislave s ikuchyne.sk - kuchyne na mieru.\" \/>\n<meta property=\"og:url\" content=\"https:\/\/www.ikuchyne.sk\/eshop\/produkt\/betonovy-jedalensky-stol-loft-90-x-160-cm-40-mm\/\" \/>\n<meta property=\"og:site_name\" content=\"iKuchyne iSHOP s n\u00e1bytkom\" \/>\n<meta property=\"article:publisher\" content=\"https:\/\/www.facebook.com\/ikuchyne\/\" \/>\n<meta property=\"article:modified_time\" content=\"2024-03-10T18:19:57+00:00\" \/>\n<meta property=\"og:image\" content=\"https:\/\/www.ikuchyne.sk\/eshop\/wp-content\/uploads\/2019\/02\/Jedalensky-stol-Loft-160cm-beton-Optik-38956.jpg\" \/>\n\t<meta property=\"og:image:width\" content=\"800\" \/>\n\t<meta property=\"og:image:height\" content=\"533\" \/>\n\t<meta property=\"og:image:type\" content=\"image\/jpeg\" \/>\n<meta name=\"twitter:card\" content=\"summary_large_image\" \/>\n<meta name=\"twitter:label1\" content=\"Predpokladan\u00fd \u010das \u010d\u00edtania\" \/>\n\t<meta name=\"twitter:data1\" content=\"2 min\u00faty\" \/>\n<script type=\"application\/ld+json\" class=\"yoast-schema-graph\">{\"@context\":\"https:\/\/schema.org\",\"@graph\":[{\"@type\":\"WebPage\",\"@id\":\"https:\/\/www.ikuchyne.sk\/eshop\/produkt\/betonovy-jedalensky-stol-loft-90-x-160-cm-40-mm\/\",\"url\":\"https:\/\/www.ikuchyne.sk\/eshop\/produkt\/betonovy-jedalensky-stol-loft-90-x-160-cm-40-mm\/\",\"name\":\"Bet\u00f3nov\u00fd jed\u00e1lensk\u00fd st\u00f4l Loft 90 x 160 cm &#187; iKuchyne iSHOP s n\u00e1bytkom\",\"isPartOf\":{\"@id\":\"https:\/\/www.ikuchyne.sk\/eshop\/#website\"},\"datePublished\":\"2019-02-11T12:23:01+00:00\",\"dateModified\":\"2024-03-10T18:19:57+00:00\",\"description\":\"Bet\u00f3nov\u00fd jed\u00e1lensk\u00fd st\u00f4l Loft 90 x 160 cm \u2013 40 mm \u00bb - r\u00fdchle dodanie, poradenstvo, n\u00e1bytok skladom v Bratislave s ikuchyne.sk - kuchyne na mieru.\",\"breadcrumb\":{\"@id\":\"https:\/\/www.ikuchyne.sk\/eshop\/produkt\/betonovy-jedalensky-stol-loft-90-x-160-cm-40-mm\/#breadcrumb\"},\"inLanguage\":\"sk-SK\",\"potentialAction\":[{\"@type\":\"ReadAction\",\"target\":[\"https:\/\/www.ikuchyne.sk\/eshop\/produkt\/betonovy-jedalensky-stol-loft-90-x-160-cm-40-mm\/\"]}]},{\"@type\":\"BreadcrumbList\",\"@id\":\"https:\/\/www.ikuchyne.sk\/eshop\/produkt\/betonovy-jedalensky-stol-loft-90-x-160-cm-40-mm\/#breadcrumb\",\"itemListElement\":[{\"@type\":\"ListItem\",\"position\":1,\"name\":\"Home\",\"item\":\"https:\/\/www.ikuchyne.sk\/eshop\/\"},{\"@type\":\"ListItem\",\"position\":2,\"name\":\"Obchod\",\"item\":\"https:\/\/www.ikuchyne.sk\/eshop\/obchod\/\"},{\"@type\":\"ListItem\",\"position\":3,\"name\":\"Bet\u00f3nov\u00fd jed\u00e1lensk\u00fd st\u00f4l Loft 90 x 160 cm \u2013 40 mm \u00bb\"}]},{\"@type\":\"WebSite\",\"@id\":\"https:\/\/www.ikuchyne.sk\/eshop\/#website\",\"url\":\"https:\/\/www.ikuchyne.sk\/eshop\/\",\"name\":\"iKuchyne iSHOP s n\u00e1bytkom\",\"description\":\"Jed\u00e1lensk\u00e9 stoly, stoli\u010dky, n\u00e1bytok, svietidl\u00e1...\",\"publisher\":{\"@id\":\"https:\/\/www.ikuchyne.sk\/eshop\/#organization\"},\"potentialAction\":[{\"@type\":\"SearchAction\",\"target\":{\"@type\":\"EntryPoint\",\"urlTemplate\":\"https:\/\/www.ikuchyne.sk\/eshop\/?s={search_term_string}\"},\"query-input\":\"required name=search_term_string\"}],\"inLanguage\":\"sk-SK\"},{\"@type\":\"Organization\",\"@id\":\"https:\/\/www.ikuchyne.sk\/eshop\/#organization\",\"name\":\"ikuchyne!\",\"url\":\"https:\/\/www.ikuchyne.sk\/eshop\/\",\"logo\":{\"@type\":\"ImageObject\",\"inLanguage\":\"sk-SK\",\"@id\":\"https:\/\/www.ikuchyne.sk\/eshop\/#\/schema\/logo\/image\/\",\"url\":\"https:\/\/www.ikuchyne.sk\/eshop\/wp-content\/uploads\/2017\/04\/ikuchyne-logo.jpg\",\"contentUrl\":\"https:\/\/www.ikuchyne.sk\/eshop\/wp-content\/uploads\/2017\/04\/ikuchyne-logo.jpg\",\"width\":200,\"height\":48,\"caption\":\"ikuchyne!\"},\"image\":{\"@id\":\"https:\/\/www.ikuchyne.sk\/eshop\/#\/schema\/logo\/image\/\"},\"sameAs\":[\"https:\/\/www.facebook.com\/ikuchyne\/\",\"https:\/\/www.instagram.com\/ikuchyne.sk\/\",\"https:\/\/sk.pinterest.com\/ikuchynesk\/\"]}]}<\/script>\n<!-- \/ Yoast SEO plugin. -->","yoast_head_json":{"title":"Bet\u00f3nov\u00fd jed\u00e1lensk\u00fd st\u00f4l Loft 90 x 160 cm &#187; iKuchyne iSHOP s n\u00e1bytkom","description":"Bet\u00f3nov\u00fd jed\u00e1lensk\u00fd st\u00f4l Loft 90 x 160 cm \u2013 40 mm \u00bb - r\u00fdchle dodanie, poradenstvo, n\u00e1bytok skladom v Bratislave s ikuchyne.sk - kuchyne na mieru.","robots":{"index":"index","follow":"follow","max-snippet":"max-snippet:-1","max-image-preview":"max-image-preview:large","max-video-preview":"max-video-preview:-1"},"canonical":"https:\/\/www.ikuchyne.sk\/eshop\/produkt\/betonovy-jedalensky-stol-loft-90-x-160-cm-40-mm\/","og_locale":"sk_SK","og_type":"article","og_title":"Bet\u00f3nov\u00fd jed\u00e1lensk\u00fd st\u00f4l Loft 90 x 160 cm &#187; iKuchyne iSHOP s n\u00e1bytkom","og_description":"Bet\u00f3nov\u00fd jed\u00e1lensk\u00fd st\u00f4l Loft 90 x 160 cm \u2013 40 mm \u00bb - r\u00fdchle dodanie, poradenstvo, n\u00e1bytok skladom v Bratislave s ikuchyne.sk - kuchyne na mieru.","og_url":"https:\/\/www.ikuchyne.sk\/eshop\/produkt\/betonovy-jedalensky-stol-loft-90-x-160-cm-40-mm\/","og_site_name":"iKuchyne iSHOP s n\u00e1bytkom","article_publisher":"https:\/\/www.facebook.com\/ikuchyne\/","article_modified_time":"2024-03-10T18:19:57+00:00","og_image":[{"width":800,"height":533,"url":"https:\/\/www.ikuchyne.sk\/eshop\/wp-content\/uploads\/2019\/02\/Jedalensky-stol-Loft-160cm-beton-Optik-38956.jpg","type":"image\/jpeg"}],"twitter_card":"summary_large_image","twitter_misc":{"Predpokladan\u00fd \u010das \u010d\u00edtania":"2 min\u00faty"},"schema":{"@context":"https:\/\/schema.org","@graph":[{"@type":"WebPage","@id":"https:\/\/www.ikuchyne.sk\/eshop\/produkt\/betonovy-jedalensky-stol-loft-90-x-160-cm-40-mm\/","url":"https:\/\/www.ikuchyne.sk\/eshop\/produkt\/betonovy-jedalensky-stol-loft-90-x-160-cm-40-mm\/","name":"Bet\u00f3nov\u00fd jed\u00e1lensk\u00fd st\u00f4l Loft 90 x 160 cm &#187; iKuchyne iSHOP s n\u00e1bytkom","isPartOf":{"@id":"https:\/\/www.ikuchyne.sk\/eshop\/#website"},"datePublished":"2019-02-11T12:23:01+00:00","dateModified":"2024-03-10T18:19:57+00:00","description":"Bet\u00f3nov\u00fd jed\u00e1lensk\u00fd st\u00f4l Loft 90 x 160 cm \u2013 40 mm \u00bb - r\u00fdchle dodanie, poradenstvo, n\u00e1bytok skladom v Bratislave s ikuchyne.sk - kuchyne na mieru.","breadcrumb":{"@id":"https:\/\/www.ikuchyne.sk\/eshop\/produkt\/betonovy-jedalensky-stol-loft-90-x-160-cm-40-mm\/#breadcrumb"},"inLanguage":"sk-SK","potentialAction":[{"@type":"ReadAction","target":["https:\/\/www.ikuchyne.sk\/eshop\/produkt\/betonovy-jedalensky-stol-loft-90-x-160-cm-40-mm\/"]}]},{"@type":"BreadcrumbList","@id":"https:\/\/www.ikuchyne.sk\/eshop\/produkt\/betonovy-jedalensky-stol-loft-90-x-160-cm-40-mm\/#breadcrumb","itemListElement":[{"@type":"ListItem","position":1,"name":"Home","item":"https:\/\/www.ikuchyne.sk\/eshop\/"},{"@type":"ListItem","position":2,"name":"Obchod","item":"https:\/\/www.ikuchyne.sk\/eshop\/obchod\/"},{"@type":"ListItem","position":3,"name":"Bet\u00f3nov\u00fd jed\u00e1lensk\u00fd st\u00f4l Loft 90 x 160 cm \u2013 40 mm \u00bb"}]},{"@type":"WebSite","@id":"https:\/\/www.ikuchyne.sk\/eshop\/#website","url":"https:\/\/www.ikuchyne.sk\/eshop\/","name":"iKuchyne iSHOP s n\u00e1bytkom","description":"Jed\u00e1lensk\u00e9 stoly, stoli\u010dky, n\u00e1bytok, svietidl\u00e1...","publisher":{"@id":"https:\/\/www.ikuchyne.sk\/eshop\/#organization"},"potentialAction":[{"@type":"SearchAction","target":{"@type":"EntryPoint","urlTemplate":"https:\/\/www.ikuchyne.sk\/eshop\/?s={search_term_string}"},"query-input":"required name=search_term_string"}],"inLanguage":"sk-SK"},{"@type":"Organization","@id":"https:\/\/www.ikuchyne.sk\/eshop\/#organization","name":"ikuchyne!","url":"https:\/\/www.ikuchyne.sk\/eshop\/","logo":{"@type":"ImageObject","inLanguage":"sk-SK","@id":"https:\/\/www.ikuchyne.sk\/eshop\/#\/schema\/logo\/image\/","url":"https:\/\/www.ikuchyne.sk\/eshop\/wp-content\/uploads\/2017\/04\/ikuchyne-logo.jpg","contentUrl":"https:\/\/www.ikuchyne.sk\/eshop\/wp-content\/uploads\/2017\/04\/ikuchyne-logo.jpg","width":200,"height":48,"caption":"ikuchyne!"},"image":{"@id":"https:\/\/www.ikuchyne.sk\/eshop\/#\/schema\/logo\/image\/"},"sameAs":["https:\/\/www.facebook.com\/ikuchyne\/","https:\/\/www.instagram.com\/ikuchyne.sk\/","https:\/\/sk.pinterest.com\/ikuchynesk\/"]}]}},"_links":{"self":[{"href":"https:\/\/www.ikuchyne.sk\/eshop\/wp-json\/wp\/v2\/product\/83960"}],"collection":[{"href":"https:\/\/www.ikuchyne.sk\/eshop\/wp-json\/wp\/v2\/product"}],"about":[{"href":"https:\/\/www.ikuchyne.sk\/eshop\/wp-json\/wp\/v2\/types\/product"}],"replies":[{"embeddable":true,"href":"https:\/\/www.ikuchyne.sk\/eshop\/wp-json\/wp\/v2\/comments?post=83960"}],"wp:featuredmedia":[{"embeddable":true,"href":"https:\/\/www.ikuchyne.sk\/eshop\/wp-json\/wp\/v2\/media\/83961"}],"wp:attachment":[{"href":"https:\/\/www.ikuchyne.sk\/eshop\/wp-json\/wp\/v2\/media?parent=83960"}],"wp:term":[{"taxonomy":"product_cat","embeddable":true,"href":"https:\/\/www.ikuchyne.sk\/eshop\/wp-json\/wp\/v2\/product_cat?post=83960"},{"taxonomy":"product_tag","embeddable":true,"href":"https:\/\/www.ikuchyne.sk\/eshop\/wp-json\/wp\/v2\/product_tag?post=83960"}],"curies":[{"name":"wp","href":"https:\/\/api.w.org\/{rel}","templated":true}]}}