{"id":84358,"date":"2019-03-08T01:00:51","date_gmt":"2019-03-08T00:00:51","guid":{"rendered":"https:\/\/ikuchyne.sk\/eshop\/?post_type=product&#038;p=84358"},"modified":"2024-03-10T19:19:57","modified_gmt":"2024-03-10T18:19:57","slug":"nastenne-zrkadlo-euphoria-zlata-85-cm","status":"publish","type":"product","link":"https:\/\/www.ikuchyne.sk\/eshop\/produkt\/nastenne-zrkadlo-euphoria-zlata-85-cm\/","title":{"rendered":"N\u00e1stenn\u00e9 zrkadlo Euphoria zlat\u00e1 85 cm \u00bb"},"content":{"rendered":"<h1>N\u00e1stenn\u00e9 zrkadlo Euphoria zlat\u00e1 85 cm \u00bb<\/h1>\n<h4><strong>V\u0161eobecn\u00fd popis:<\/strong><\/h4>\n<p>Extravagantn\u00e9 n\u00e1stenn\u00e9 zrkadlo Euphoria zlat\u00e1 85 cm\u00e1 so zlat\u00fdm r\u00e1mom. Prepracovan\u00fd dizajn r\u00e1mu vyzer\u00e1 ako slne\u010dn\u00e9 l\u00fa\u010de okolo zrkadla. Nechajte sa in\u0161pirova\u0165 t\u00fdmto o\u010daruj\u00facim n\u00e1stenn\u00fdm zrkadlom!<\/p>\n<p>Mimoriadne zrkadlo vytv\u00e1ra v miestnosti, ktor\u00fa zdob\u00ed, zlat\u00e9 akcenty. St\u00e1le v\u00e1m doma ch\u00fdba extravagantn\u00fd p\u00fata\u010d o\u010d\u00ed? Potom m\u00f4\u017ee by\u0165 na\u0161e n\u00e1stenn\u00e9 zrkadlo Euphoria zlat\u00e1 85 cm pre v\u00e1s to prav\u00e9. Ve\u013ek\u00e9 okr\u00fahle n\u00e1stenn\u00e9 zrkadlo zaujme zlat\u00fdm r\u00e1mom, ktor\u00e9ho dizajn pripom\u00edna starogr\u00e9cku kult\u00faru. Zlat\u00fd r\u00e1m sa vnor\u00ed okolo zrkadlov\u00e9ho povrchu ako \u017eiariace slne\u010dn\u00e9 l\u00fa\u010de a pritiahne pozornos\u0165 v\u0161etk\u00fdch. V\u010faka elegantn\u00e9mu dizajnu sa zo zrkadla stane \u017eiariv\u00e1 dekor\u00e1cia na stenu, ktor\u00e1 dod\u00e1 ka\u017edej ob\u00fdvacej izbe n\u00e1dych extravagancie.<\/p>\n<p>N\u00e1stenn\u00e9 zrkadlo Euphoria sa stane l\u00e1kadlom vo va\u0161ej dom\u00e1cnosti. Kam zaves\u00edte svoje nov\u00e9 zrkadlo, je v\u00fdlu\u010dne na v\u00e1s. Preto\u017ee aj napriek svojmu mimoriadnemu dizajnu ho mo\u017eno kombinova\u0165 a umiestni\u0165 kdeko\u013evek vo va\u0161ej dom\u00e1cnosti. Vyzer\u00e1 obzvl\u00e1\u0161\u0165 dobre, ak je kombinovan\u00fd s in\u00fdmi zlat\u00fdmi doplnkami, ktor\u00e9 zv\u00fdraz\u0148uj\u00fa a vylep\u0161uj\u00fa \u017eiariv\u00fd vzh\u013ead zrkadla. \u010ci u\u017e v sp\u00e1lni, v ob\u00fdvacej izbe alebo na chodbe: p\u00f4sobiv\u00e9 zrkadlo sa stane skuto\u010dn\u00fdm dizajnov\u00fdm vrcholom v ka\u017edej miestnosti.<\/p>\n<h4>Dedaily produktu:<\/h4>\n<p>Gr\u00e9cky dizajn r\u00e1mu je skuto\u010dn\u00fdm p\u00fata\u010dom pozornosti a ur\u010dite zaujme ka\u017ed\u00fa va\u0161u n\u00e1v\u0161tevu. Ve\u013ek\u00e9 zrkadlo je mo\u017en\u00e9 efekt\u00edvne zavesi\u0165 v ktorejko\u013evek miestnosti. Zlat\u00fd r\u00e1m vyzer\u00e1 obzvl\u00e1\u0161\u0165 vzne\u0161ene.<\/p>\n<h4><strong>Detaily produktu:<\/strong><\/h4>\n<p>Vhodn\u00e9 in\u00e9 bytov\u00e9 doplnky pre kombinovanie interi\u00e9ru s t\u00fdmto zrkadlom n\u00e1jdete na na\u0161om e-shope v sekcii Bytov\u00e9 doplnky. Kontaktujte n\u00e1s a my v\u00e1m radi pom\u00f4\u017eeme s v\u00fdberom vhodn\u00fdch dekor\u00e1ci\u00ed a n\u00e1bytku.<\/p>\n<p><strong>Rozmery (cca):<br \/>\n<\/strong>58cm x 81-91cm x 61cm (\u0160xVxH)<\/p>\n<p><b>Rozmery<\/b> (cca): 85 x 85 x 2 cm (\u0160xVxH)<br \/>\nrozmer zrkadla: 45 cm<br \/>\n<b>Farba:<\/b> zlat\u00e1<br \/>\n<b>Materi\u00e1l:<\/b> kov-hlin\u00edk-zliatina, zrkadlo<\/p>\n<p><strong>T\u00fato stoli\u010dku m\u00f4\u017eete n\u00e1js\u0165 aj v in\u00fdch farebn\u00fdch prevedeniach:<\/strong><\/p>\n<ul>\n<li>strieborn\u00e1<\/li>\n<\/ul>\n<p>Dodato\u010dn\u00e9 inform\u00e1cie:<\/p>\n<p>V pr\u00edpade z\u00e1ujmu o in\u00e9 zrkadl\u00e1 \u010di in\u00e9 bytov\u00e9 doplnky nav\u0161t\u00edvte sekciu bytov\u00e9 doplnky, podsekcia zrkadl\u00e1 na <a href=\"https:\/\/www.ikuchyne.sk\/eshop\/kategoria\/bytove-doplnky\/\">www.ikuchyne.sk\/eshop<\/a><br \/>\nV pr\u00edpade z\u00e1ujmu o n\u00e1bytok na mieru n\u00e1s kontaktuje na <a href=\"http:\/\/www.ikuchyne.sk\">www.ikuchyne.sk<\/a><\/p>\n","protected":false},"excerpt":{"rendered":"<p>N\u00e1stenn\u00e9 zrkadlo Euphoria zlat\u00e1 85 cm \u00bb V\u0161eobecn\u00fd popis: Extravagantn\u00e9 n\u00e1stenn\u00e9 zrkadlo Euphoria zlat\u00e1 85 cm\u00e1 so zlat\u00fdm r\u00e1mom. Prepracovan\u00fd dizajn r\u00e1mu vyzer\u00e1 ako slne\u010dn\u00e9 l\u00fa\u010de okolo zrkadla. Nechajte sa<\/p>\n","protected":false},"featured_media":84359,"comment_status":"open","ping_status":"closed","template":"","meta":[],"product_cat":[316],"product_tag":[188],"yoast_head":"<!-- This site is optimized with the Yoast SEO plugin v22.1 - https:\/\/yoast.com\/wordpress\/plugins\/seo\/ -->\n<title>N\u00e1stenn\u00e9 zrkadlo Euphoria zlat\u00e1 85 cm \u00bb &#187; iKuchyne iSHOP s n\u00e1bytkom<\/title>\n<meta name=\"description\" content=\"N\u00e1stenn\u00e9 zrkadlo Euphoria zlat\u00e1 85 cm \u00bb r\u00fdchle dodanie, poradenstvo, n\u00e1bytok skladom, ktor\u00e1 bude dominantou dom\u00e1cnosti s ikuchyne.sk\" \/>\n<meta name=\"robots\" content=\"index, follow, max-snippet:-1, max-image-preview:large, max-video-preview:-1\" \/>\n<link rel=\"canonical\" href=\"https:\/\/www.ikuchyne.sk\/eshop\/produkt\/nastenne-zrkadlo-euphoria-zlata-85-cm\/\" \/>\n<meta property=\"og:locale\" content=\"sk_SK\" \/>\n<meta property=\"og:type\" content=\"article\" \/>\n<meta property=\"og:title\" content=\"N\u00e1stenn\u00e9 zrkadlo Euphoria zlat\u00e1 85 cm \u00bb &#187; iKuchyne iSHOP s n\u00e1bytkom\" \/>\n<meta property=\"og:description\" content=\"N\u00e1stenn\u00e9 zrkadlo Euphoria zlat\u00e1 85 cm \u00bb r\u00fdchle dodanie, poradenstvo, n\u00e1bytok skladom, ktor\u00e1 bude dominantou dom\u00e1cnosti s ikuchyne.sk\" \/>\n<meta property=\"og:url\" content=\"https:\/\/www.ikuchyne.sk\/eshop\/produkt\/nastenne-zrkadlo-euphoria-zlata-85-cm\/\" \/>\n<meta property=\"og:site_name\" content=\"iKuchyne iSHOP s n\u00e1bytkom\" \/>\n<meta property=\"article:publisher\" content=\"https:\/\/www.facebook.com\/ikuchyne\/\" \/>\n<meta property=\"article:modified_time\" content=\"2024-03-10T18:19:57+00:00\" \/>\n<meta property=\"og:image\" content=\"https:\/\/www.ikuchyne.sk\/eshop\/wp-content\/uploads\/2019\/03\/Nastenne-zrkadlo-Euphoria-85cm-zlata-38744.jpg\" \/>\n\t<meta property=\"og:image:width\" content=\"800\" \/>\n\t<meta property=\"og:image:height\" content=\"533\" \/>\n\t<meta property=\"og:image:type\" content=\"image\/jpeg\" \/>\n<meta name=\"twitter:card\" content=\"summary_large_image\" \/>\n<meta name=\"twitter:label1\" content=\"Predpokladan\u00fd \u010das \u010d\u00edtania\" \/>\n\t<meta name=\"twitter:data1\" content=\"2 min\u00faty\" \/>\n<script type=\"application\/ld+json\" class=\"yoast-schema-graph\">{\"@context\":\"https:\/\/schema.org\",\"@graph\":[{\"@type\":\"WebPage\",\"@id\":\"https:\/\/www.ikuchyne.sk\/eshop\/produkt\/nastenne-zrkadlo-euphoria-zlata-85-cm\/\",\"url\":\"https:\/\/www.ikuchyne.sk\/eshop\/produkt\/nastenne-zrkadlo-euphoria-zlata-85-cm\/\",\"name\":\"N\u00e1stenn\u00e9 zrkadlo Euphoria zlat\u00e1 85 cm \u00bb &#187; iKuchyne iSHOP s n\u00e1bytkom\",\"isPartOf\":{\"@id\":\"https:\/\/www.ikuchyne.sk\/eshop\/#website\"},\"datePublished\":\"2019-03-08T00:00:51+00:00\",\"dateModified\":\"2024-03-10T18:19:57+00:00\",\"description\":\"N\u00e1stenn\u00e9 zrkadlo Euphoria zlat\u00e1 85 cm \u00bb r\u00fdchle dodanie, poradenstvo, n\u00e1bytok skladom, ktor\u00e1 bude dominantou dom\u00e1cnosti s ikuchyne.sk\",\"breadcrumb\":{\"@id\":\"https:\/\/www.ikuchyne.sk\/eshop\/produkt\/nastenne-zrkadlo-euphoria-zlata-85-cm\/#breadcrumb\"},\"inLanguage\":\"sk-SK\",\"potentialAction\":[{\"@type\":\"ReadAction\",\"target\":[\"https:\/\/www.ikuchyne.sk\/eshop\/produkt\/nastenne-zrkadlo-euphoria-zlata-85-cm\/\"]}]},{\"@type\":\"BreadcrumbList\",\"@id\":\"https:\/\/www.ikuchyne.sk\/eshop\/produkt\/nastenne-zrkadlo-euphoria-zlata-85-cm\/#breadcrumb\",\"itemListElement\":[{\"@type\":\"ListItem\",\"position\":1,\"name\":\"Home\",\"item\":\"https:\/\/www.ikuchyne.sk\/eshop\/\"},{\"@type\":\"ListItem\",\"position\":2,\"name\":\"Obchod\",\"item\":\"https:\/\/www.ikuchyne.sk\/eshop\/obchod\/\"},{\"@type\":\"ListItem\",\"position\":3,\"name\":\"N\u00e1stenn\u00e9 zrkadlo Euphoria zlat\u00e1 85 cm \u00bb\"}]},{\"@type\":\"WebSite\",\"@id\":\"https:\/\/www.ikuchyne.sk\/eshop\/#website\",\"url\":\"https:\/\/www.ikuchyne.sk\/eshop\/\",\"name\":\"iKuchyne iSHOP s n\u00e1bytkom\",\"description\":\"Jed\u00e1lensk\u00e9 stoly, stoli\u010dky, n\u00e1bytok, svietidl\u00e1...\",\"publisher\":{\"@id\":\"https:\/\/www.ikuchyne.sk\/eshop\/#organization\"},\"potentialAction\":[{\"@type\":\"SearchAction\",\"target\":{\"@type\":\"EntryPoint\",\"urlTemplate\":\"https:\/\/www.ikuchyne.sk\/eshop\/?s={search_term_string}\"},\"query-input\":\"required name=search_term_string\"}],\"inLanguage\":\"sk-SK\"},{\"@type\":\"Organization\",\"@id\":\"https:\/\/www.ikuchyne.sk\/eshop\/#organization\",\"name\":\"ikuchyne!\",\"url\":\"https:\/\/www.ikuchyne.sk\/eshop\/\",\"logo\":{\"@type\":\"ImageObject\",\"inLanguage\":\"sk-SK\",\"@id\":\"https:\/\/www.ikuchyne.sk\/eshop\/#\/schema\/logo\/image\/\",\"url\":\"https:\/\/www.ikuchyne.sk\/eshop\/wp-content\/uploads\/2017\/04\/ikuchyne-logo.jpg\",\"contentUrl\":\"https:\/\/www.ikuchyne.sk\/eshop\/wp-content\/uploads\/2017\/04\/ikuchyne-logo.jpg\",\"width\":200,\"height\":48,\"caption\":\"ikuchyne!\"},\"image\":{\"@id\":\"https:\/\/www.ikuchyne.sk\/eshop\/#\/schema\/logo\/image\/\"},\"sameAs\":[\"https:\/\/www.facebook.com\/ikuchyne\/\",\"https:\/\/www.instagram.com\/ikuchyne.sk\/\",\"https:\/\/sk.pinterest.com\/ikuchynesk\/\"]}]}<\/script>\n<!-- \/ Yoast SEO plugin. -->","yoast_head_json":{"title":"N\u00e1stenn\u00e9 zrkadlo Euphoria zlat\u00e1 85 cm \u00bb &#187; iKuchyne iSHOP s n\u00e1bytkom","description":"N\u00e1stenn\u00e9 zrkadlo Euphoria zlat\u00e1 85 cm \u00bb r\u00fdchle dodanie, poradenstvo, n\u00e1bytok skladom, ktor\u00e1 bude dominantou dom\u00e1cnosti s ikuchyne.sk","robots":{"index":"index","follow":"follow","max-snippet":"max-snippet:-1","max-image-preview":"max-image-preview:large","max-video-preview":"max-video-preview:-1"},"canonical":"https:\/\/www.ikuchyne.sk\/eshop\/produkt\/nastenne-zrkadlo-euphoria-zlata-85-cm\/","og_locale":"sk_SK","og_type":"article","og_title":"N\u00e1stenn\u00e9 zrkadlo Euphoria zlat\u00e1 85 cm \u00bb &#187; iKuchyne iSHOP s n\u00e1bytkom","og_description":"N\u00e1stenn\u00e9 zrkadlo Euphoria zlat\u00e1 85 cm \u00bb r\u00fdchle dodanie, poradenstvo, n\u00e1bytok skladom, ktor\u00e1 bude dominantou dom\u00e1cnosti s ikuchyne.sk","og_url":"https:\/\/www.ikuchyne.sk\/eshop\/produkt\/nastenne-zrkadlo-euphoria-zlata-85-cm\/","og_site_name":"iKuchyne iSHOP s n\u00e1bytkom","article_publisher":"https:\/\/www.facebook.com\/ikuchyne\/","article_modified_time":"2024-03-10T18:19:57+00:00","og_image":[{"width":800,"height":533,"url":"https:\/\/www.ikuchyne.sk\/eshop\/wp-content\/uploads\/2019\/03\/Nastenne-zrkadlo-Euphoria-85cm-zlata-38744.jpg","type":"image\/jpeg"}],"twitter_card":"summary_large_image","twitter_misc":{"Predpokladan\u00fd \u010das \u010d\u00edtania":"2 min\u00faty"},"schema":{"@context":"https:\/\/schema.org","@graph":[{"@type":"WebPage","@id":"https:\/\/www.ikuchyne.sk\/eshop\/produkt\/nastenne-zrkadlo-euphoria-zlata-85-cm\/","url":"https:\/\/www.ikuchyne.sk\/eshop\/produkt\/nastenne-zrkadlo-euphoria-zlata-85-cm\/","name":"N\u00e1stenn\u00e9 zrkadlo Euphoria zlat\u00e1 85 cm \u00bb &#187; iKuchyne iSHOP s n\u00e1bytkom","isPartOf":{"@id":"https:\/\/www.ikuchyne.sk\/eshop\/#website"},"datePublished":"2019-03-08T00:00:51+00:00","dateModified":"2024-03-10T18:19:57+00:00","description":"N\u00e1stenn\u00e9 zrkadlo Euphoria zlat\u00e1 85 cm \u00bb r\u00fdchle dodanie, poradenstvo, n\u00e1bytok skladom, ktor\u00e1 bude dominantou dom\u00e1cnosti s ikuchyne.sk","breadcrumb":{"@id":"https:\/\/www.ikuchyne.sk\/eshop\/produkt\/nastenne-zrkadlo-euphoria-zlata-85-cm\/#breadcrumb"},"inLanguage":"sk-SK","potentialAction":[{"@type":"ReadAction","target":["https:\/\/www.ikuchyne.sk\/eshop\/produkt\/nastenne-zrkadlo-euphoria-zlata-85-cm\/"]}]},{"@type":"BreadcrumbList","@id":"https:\/\/www.ikuchyne.sk\/eshop\/produkt\/nastenne-zrkadlo-euphoria-zlata-85-cm\/#breadcrumb","itemListElement":[{"@type":"ListItem","position":1,"name":"Home","item":"https:\/\/www.ikuchyne.sk\/eshop\/"},{"@type":"ListItem","position":2,"name":"Obchod","item":"https:\/\/www.ikuchyne.sk\/eshop\/obchod\/"},{"@type":"ListItem","position":3,"name":"N\u00e1stenn\u00e9 zrkadlo Euphoria zlat\u00e1 85 cm \u00bb"}]},{"@type":"WebSite","@id":"https:\/\/www.ikuchyne.sk\/eshop\/#website","url":"https:\/\/www.ikuchyne.sk\/eshop\/","name":"iKuchyne iSHOP s n\u00e1bytkom","description":"Jed\u00e1lensk\u00e9 stoly, stoli\u010dky, n\u00e1bytok, svietidl\u00e1...","publisher":{"@id":"https:\/\/www.ikuchyne.sk\/eshop\/#organization"},"potentialAction":[{"@type":"SearchAction","target":{"@type":"EntryPoint","urlTemplate":"https:\/\/www.ikuchyne.sk\/eshop\/?s={search_term_string}"},"query-input":"required name=search_term_string"}],"inLanguage":"sk-SK"},{"@type":"Organization","@id":"https:\/\/www.ikuchyne.sk\/eshop\/#organization","name":"ikuchyne!","url":"https:\/\/www.ikuchyne.sk\/eshop\/","logo":{"@type":"ImageObject","inLanguage":"sk-SK","@id":"https:\/\/www.ikuchyne.sk\/eshop\/#\/schema\/logo\/image\/","url":"https:\/\/www.ikuchyne.sk\/eshop\/wp-content\/uploads\/2017\/04\/ikuchyne-logo.jpg","contentUrl":"https:\/\/www.ikuchyne.sk\/eshop\/wp-content\/uploads\/2017\/04\/ikuchyne-logo.jpg","width":200,"height":48,"caption":"ikuchyne!"},"image":{"@id":"https:\/\/www.ikuchyne.sk\/eshop\/#\/schema\/logo\/image\/"},"sameAs":["https:\/\/www.facebook.com\/ikuchyne\/","https:\/\/www.instagram.com\/ikuchyne.sk\/","https:\/\/sk.pinterest.com\/ikuchynesk\/"]}]}},"_links":{"self":[{"href":"https:\/\/www.ikuchyne.sk\/eshop\/wp-json\/wp\/v2\/product\/84358"}],"collection":[{"href":"https:\/\/www.ikuchyne.sk\/eshop\/wp-json\/wp\/v2\/product"}],"about":[{"href":"https:\/\/www.ikuchyne.sk\/eshop\/wp-json\/wp\/v2\/types\/product"}],"replies":[{"embeddable":true,"href":"https:\/\/www.ikuchyne.sk\/eshop\/wp-json\/wp\/v2\/comments?post=84358"}],"wp:featuredmedia":[{"embeddable":true,"href":"https:\/\/www.ikuchyne.sk\/eshop\/wp-json\/wp\/v2\/media\/84359"}],"wp:attachment":[{"href":"https:\/\/www.ikuchyne.sk\/eshop\/wp-json\/wp\/v2\/media?parent=84358"}],"wp:term":[{"taxonomy":"product_cat","embeddable":true,"href":"https:\/\/www.ikuchyne.sk\/eshop\/wp-json\/wp\/v2\/product_cat?post=84358"},{"taxonomy":"product_tag","embeddable":true,"href":"https:\/\/www.ikuchyne.sk\/eshop\/wp-json\/wp\/v2\/product_tag?post=84358"}],"curies":[{"name":"wp","href":"https:\/\/api.w.org\/{rel}","templated":true}]}}