{"id":84504,"date":"2019-03-15T02:14:52","date_gmt":"2019-03-15T01:14:52","guid":{"rendered":"https:\/\/ikuchyne.sk\/eshop\/?post_type=product&#038;p=84504"},"modified":"2024-03-10T19:19:57","modified_gmt":"2024-03-10T18:19:57","slug":"barova-stolicka-loft-taupe-siva-s-podrucou","status":"publish","type":"product","link":"https:\/\/www.ikuchyne.sk\/eshop\/produkt\/barova-stolicka-loft-taupe-siva-s-podrucou\/","title":{"rendered":"Barov\u00e1 stoli\u010dka Loft taupe siv\u00e1 s podru\u010dou \u00bb"},"content":{"rendered":"<h1>Barov\u00e1 stoli\u010dka Loft taupe siv\u00e1 s podru\u010dou \u00bb<\/h1>\n<h4><strong>V\u0161eobecn\u00fd popis:<\/strong><\/h4>\n<p>Elegantn\u00e1 barov\u00e1 stoli\u010dka Loft taupe siv\u00e1 s podru\u010dou s odoln\u00fdm po\u0165ahom z mikrovl\u00e1kna. S pohodln\u00fdmi lak\u0165ov\u00fdmi opierkami a stabilnou opierkou n\u00f4h. Ozdobn\u00e9 pre\u0161\u00edvanie operadla je \u010fal\u0161\u00edm p\u00fata\u010dom pozornosti. Urobte si pohodlie pri svojom novom barovom pulte v retro \u0161t\u00fdle!<\/p>\n<p>Nov\u00fd p\u00fata\u010d o\u010d\u00ed pre v\u00e1\u0161 dom\u00e1ci bar. Prajete si trochu osvie\u017eenia pri va\u0161om barovom stole v podobne novej stoli\u010dky? S na\u0161imi barov\u00fdmi stoli\u010dkami LOFT je to jednoduch\u00e9! Nad\u010dasov\u00fd dizajn stoli\u010dky mo\u017eno \u013eahko integrova\u0165 do ka\u017ed\u00e9ho prostredia. Dizajnov\u00fd retro vzh\u013ead stoli\u010dky dotv\u00e1ra ozdobn\u00e9 pre\u0161\u00edvanie, ktor\u00e9 sa tiahne pozd\u013a\u017e pohodlne polstrovan\u00e9ho operadla. Aby zostala pohodln\u00e1 aj po\u010das dlh\u00fdch koktailov\u00fdch ve\u010derov, barov\u00e1 stoli\u010dka m\u00e1 tie\u017e dve podr\u00fa\u010dky a podno\u017eku.<\/p>\n<p>Barov\u00e1 stoli\u010dka sa d\u00e1 kombinova\u0165 r\u00f4znymi sp\u00f4sobmi. \u010cierne, ku\u017ee\u013eovit\u00e9 nohy dod\u00e1vaj\u00fa barovej stoli\u010dke n\u00e1dych retro pocitu. Kr\u00e1sny retro vzh\u013ead vynikne pri ka\u017edom barovom stole alebo kuchynskej linke. V\u010faka mo\u017enostiam kombin\u00e1cie so stolmi a in\u00fdm n\u00e1bytkom sa m\u00f4\u017eete rozhodn\u00fa\u0165 pod\u013ea v\u00e1\u0161ho vkusu. N\u00e1\u0161 tip: barov\u00fd st\u00f4l alebo stojan na v\u00edno s \u010diernymi no\u017ei\u010dkami sa dokonale hod\u00ed k dizajnu barovej stoli\u010dky!<\/p>\n<h4><strong>Detaily produktu:<\/strong><\/h4>\n<p>Tvary, materi\u00e1ly a farby z posledn\u00fdch desa\u0165ro\u010d\u00ed si \u010doraz viac nach\u00e1dzaj\u00fa cestu do na\u0161ich domovov. \u010ci u\u017e barov\u00fd st\u00f4l v kombin\u00e1cii so zodpovedaj\u00facimi stoli\u010dkami alebo pr\u00edborn\u00edk s charakteristick\u00fdmi roztiahnut\u00fdmi nohami: retro vzh\u013ead je absol\u00fatne nad\u010dasov\u00fd. Po\u0165ah tejto stoli\u010dky je vyroben\u00fd z odoln\u00e9ho mikrovl\u00e1kna. Tkaniny z mikrovl\u00e1kien s\u00fa ve\u013emi m\u00e4kk\u00e9 a mimoriadne tvarovo st\u00e1le. Po\u0165ah r\u00fdchlo schne, ve\u013emi dobre sa \u010dist\u00ed. Ozdobn\u00e9 pre\u0161\u00edvanie zdob\u00ed cel\u00fa sedaciu \u010das\u0165 stoli\u010dky. Trendy retro vzh\u013ead v\u010faka \u010diernym noh\u00e1m. \u010cierne kovov\u00e9 nohy vytv\u00e1raj\u00fa ve\u013ek\u00fd kontrast s po\u0165ahom. S pohodln\u00fdmi podr\u00fa\u010dkami a pohodlnou opierkou na nohy. Po\u0165ah z mikrovl\u00e1kna je obzvl\u00e1\u0161\u0165 odoln\u00fd proti oderu. Max. nosnos\u0165: cca 120 kg. Vhodn\u00e9 bytov\u00e9 doplnky pre kombinovanie interi\u00e9ru s touto jed\u00e1lenskou stoli\u010dkou n\u00e1jdete na na\u0161om e-shope v sekcii Bytov\u00e9 doplnky. Kontaktujte n\u00e1s a my v\u00e1m radi pom\u00f4\u017eeme s v\u00fdberom vhodn\u00fdch dekor\u00e1ci\u00ed do va\u0161ej dom\u00e1cnosti v akomko\u013evek \u0161t\u00fdle.<\/p>\n<p><strong>\u010eal\u0161ie inform\u00e1cie:<br \/>\n<\/strong>V pr\u00edpade zne\u010distenia\u00a0 pou\u017e\u00edvajte iba prostriedky na b\u00e1ze vody, ur\u010dite nepou\u017e\u00edvajte bielidl\u00e1. Ak nepom\u00f4\u017ee vysu\u0161enie suchou handri\u010dkou, naneste mal\u00e9 mno\u017estvo \u010distiaceho prostriedku na zne\u010disten\u00e9 plochy.<\/p>\n<p><b>Rozmery<\/b> (cca): 57cm x 100cm x 53cm (\u0160xVxH)<br \/>\nsedenie: 39cm x 76cm x 36cm (\u0160xVxH)<br \/>\nv\u00fd\u0161ka chrbtovej opierky: 30cm<br \/>\nv\u00fd\u0161ka lak\u0165ovej opierky: 17cm<br \/>\n<b>Farba:<\/b> taupe siv\u00e1<br \/>\n<b>Materi\u00e1l:<\/b> mikrovl\u00e1kno<\/p>\n<p>Dodato\u010dn\u00e9 inform\u00e1cie:<\/p>\n<p>V pr\u00edpade z\u00e1ujmu o in\u00e9 stoli\u010dky &#8211; jed\u00e1lensk\u00e9, barov\u00e9, kancel\u00e1rske, nav\u0161t\u00edvte sekciu stoli\u010dky na <a href=\"https:\/\/www.ikuchyne.sk\/eshop\/kategoria\/stolicky\/\">www.ikuchyne.sk\/eshop<\/a><br \/>\nV pr\u00edpade z\u00e1ujmu o n\u00e1bytok na mieru n\u00e1s kontaktuje na <a href=\"http:\/\/www.ikuchyne.sk\">www.ikuchyne.sk<\/a><\/p>\n","protected":false},"excerpt":{"rendered":"<p>Barov\u00e1 stoli\u010dka Loft taupe siv\u00e1 s podru\u010dou \u00bb V\u0161eobecn\u00fd popis: Elegantn\u00e1 barov\u00e1 stoli\u010dka Loft taupe siv\u00e1 s podru\u010dou s odoln\u00fdm po\u0165ahom z mikrovl\u00e1kna. S pohodln\u00fdmi lak\u0165ov\u00fdmi opierkami a stabilnou opierkou<\/p>\n","protected":false},"featured_media":84505,"comment_status":"open","ping_status":"closed","template":"","meta":[],"product_cat":[288],"product_tag":[982],"yoast_head":"<!-- This site is optimized with the Yoast SEO plugin v22.1 - https:\/\/yoast.com\/wordpress\/plugins\/seo\/ -->\n<title>Barov\u00e1 stoli\u010dka Loft taupe siv\u00e1 &#187; iKuchyne iSHOP s n\u00e1bytkom<\/title>\n<meta name=\"description\" content=\"Barov\u00e1 stoli\u010dka Loft taupe siv\u00e1 s podru\u010dou \u00bb - r\u00fdchle dodanie, poradenstvo, n\u00e1bytok skladom v Bratislave s ikuchyne.sk - kuchyne na mieru.\" \/>\n<meta name=\"robots\" content=\"index, follow, max-snippet:-1, max-image-preview:large, max-video-preview:-1\" \/>\n<link rel=\"canonical\" href=\"https:\/\/www.ikuchyne.sk\/eshop\/produkt\/barova-stolicka-loft-taupe-siva-s-podrucou\/\" \/>\n<meta property=\"og:locale\" content=\"sk_SK\" \/>\n<meta property=\"og:type\" content=\"article\" \/>\n<meta property=\"og:title\" content=\"Barov\u00e1 stoli\u010dka Loft taupe siv\u00e1 &#187; iKuchyne iSHOP s n\u00e1bytkom\" \/>\n<meta property=\"og:description\" content=\"Barov\u00e1 stoli\u010dka Loft taupe siv\u00e1 s podru\u010dou \u00bb - r\u00fdchle dodanie, poradenstvo, n\u00e1bytok skladom v Bratislave s ikuchyne.sk - kuchyne na mieru.\" \/>\n<meta property=\"og:url\" content=\"https:\/\/www.ikuchyne.sk\/eshop\/produkt\/barova-stolicka-loft-taupe-siva-s-podrucou\/\" \/>\n<meta property=\"og:site_name\" content=\"iKuchyne iSHOP s n\u00e1bytkom\" \/>\n<meta property=\"article:publisher\" content=\"https:\/\/www.facebook.com\/ikuchyne\/\" \/>\n<meta property=\"article:modified_time\" content=\"2024-03-10T18:19:57+00:00\" \/>\n<meta property=\"og:image\" content=\"https:\/\/www.ikuchyne.sk\/eshop\/wp-content\/uploads\/2019\/03\/Barstuhl-Loft-taupe-siva-Armlehne-39080.jpg\" \/>\n\t<meta property=\"og:image:width\" content=\"800\" \/>\n\t<meta property=\"og:image:height\" content=\"533\" \/>\n\t<meta property=\"og:image:type\" content=\"image\/jpeg\" \/>\n<meta name=\"twitter:card\" content=\"summary_large_image\" \/>\n<meta name=\"twitter:label1\" content=\"Predpokladan\u00fd \u010das \u010d\u00edtania\" \/>\n\t<meta name=\"twitter:data1\" content=\"2 min\u00faty\" \/>\n<script type=\"application\/ld+json\" class=\"yoast-schema-graph\">{\"@context\":\"https:\/\/schema.org\",\"@graph\":[{\"@type\":\"WebPage\",\"@id\":\"https:\/\/www.ikuchyne.sk\/eshop\/produkt\/barova-stolicka-loft-taupe-siva-s-podrucou\/\",\"url\":\"https:\/\/www.ikuchyne.sk\/eshop\/produkt\/barova-stolicka-loft-taupe-siva-s-podrucou\/\",\"name\":\"Barov\u00e1 stoli\u010dka Loft taupe siv\u00e1 &#187; iKuchyne iSHOP s n\u00e1bytkom\",\"isPartOf\":{\"@id\":\"https:\/\/www.ikuchyne.sk\/eshop\/#website\"},\"datePublished\":\"2019-03-15T01:14:52+00:00\",\"dateModified\":\"2024-03-10T18:19:57+00:00\",\"description\":\"Barov\u00e1 stoli\u010dka Loft taupe siv\u00e1 s podru\u010dou \u00bb - r\u00fdchle dodanie, poradenstvo, n\u00e1bytok skladom v Bratislave s ikuchyne.sk - kuchyne na mieru.\",\"breadcrumb\":{\"@id\":\"https:\/\/www.ikuchyne.sk\/eshop\/produkt\/barova-stolicka-loft-taupe-siva-s-podrucou\/#breadcrumb\"},\"inLanguage\":\"sk-SK\",\"potentialAction\":[{\"@type\":\"ReadAction\",\"target\":[\"https:\/\/www.ikuchyne.sk\/eshop\/produkt\/barova-stolicka-loft-taupe-siva-s-podrucou\/\"]}]},{\"@type\":\"BreadcrumbList\",\"@id\":\"https:\/\/www.ikuchyne.sk\/eshop\/produkt\/barova-stolicka-loft-taupe-siva-s-podrucou\/#breadcrumb\",\"itemListElement\":[{\"@type\":\"ListItem\",\"position\":1,\"name\":\"Home\",\"item\":\"https:\/\/www.ikuchyne.sk\/eshop\/\"},{\"@type\":\"ListItem\",\"position\":2,\"name\":\"Obchod\",\"item\":\"https:\/\/www.ikuchyne.sk\/eshop\/obchod\/\"},{\"@type\":\"ListItem\",\"position\":3,\"name\":\"Barov\u00e1 stoli\u010dka Loft taupe siv\u00e1 s podru\u010dou \u00bb\"}]},{\"@type\":\"WebSite\",\"@id\":\"https:\/\/www.ikuchyne.sk\/eshop\/#website\",\"url\":\"https:\/\/www.ikuchyne.sk\/eshop\/\",\"name\":\"iKuchyne iSHOP s n\u00e1bytkom\",\"description\":\"Jed\u00e1lensk\u00e9 stoly, stoli\u010dky, n\u00e1bytok, svietidl\u00e1...\",\"publisher\":{\"@id\":\"https:\/\/www.ikuchyne.sk\/eshop\/#organization\"},\"potentialAction\":[{\"@type\":\"SearchAction\",\"target\":{\"@type\":\"EntryPoint\",\"urlTemplate\":\"https:\/\/www.ikuchyne.sk\/eshop\/?s={search_term_string}\"},\"query-input\":\"required name=search_term_string\"}],\"inLanguage\":\"sk-SK\"},{\"@type\":\"Organization\",\"@id\":\"https:\/\/www.ikuchyne.sk\/eshop\/#organization\",\"name\":\"ikuchyne!\",\"url\":\"https:\/\/www.ikuchyne.sk\/eshop\/\",\"logo\":{\"@type\":\"ImageObject\",\"inLanguage\":\"sk-SK\",\"@id\":\"https:\/\/www.ikuchyne.sk\/eshop\/#\/schema\/logo\/image\/\",\"url\":\"https:\/\/www.ikuchyne.sk\/eshop\/wp-content\/uploads\/2017\/04\/ikuchyne-logo.jpg\",\"contentUrl\":\"https:\/\/www.ikuchyne.sk\/eshop\/wp-content\/uploads\/2017\/04\/ikuchyne-logo.jpg\",\"width\":200,\"height\":48,\"caption\":\"ikuchyne!\"},\"image\":{\"@id\":\"https:\/\/www.ikuchyne.sk\/eshop\/#\/schema\/logo\/image\/\"},\"sameAs\":[\"https:\/\/www.facebook.com\/ikuchyne\/\",\"https:\/\/www.instagram.com\/ikuchyne.sk\/\",\"https:\/\/sk.pinterest.com\/ikuchynesk\/\"]}]}<\/script>\n<!-- \/ Yoast SEO plugin. -->","yoast_head_json":{"title":"Barov\u00e1 stoli\u010dka Loft taupe siv\u00e1 &#187; iKuchyne iSHOP s n\u00e1bytkom","description":"Barov\u00e1 stoli\u010dka Loft taupe siv\u00e1 s podru\u010dou \u00bb - r\u00fdchle dodanie, poradenstvo, n\u00e1bytok skladom v Bratislave s ikuchyne.sk - kuchyne na mieru.","robots":{"index":"index","follow":"follow","max-snippet":"max-snippet:-1","max-image-preview":"max-image-preview:large","max-video-preview":"max-video-preview:-1"},"canonical":"https:\/\/www.ikuchyne.sk\/eshop\/produkt\/barova-stolicka-loft-taupe-siva-s-podrucou\/","og_locale":"sk_SK","og_type":"article","og_title":"Barov\u00e1 stoli\u010dka Loft taupe siv\u00e1 &#187; iKuchyne iSHOP s n\u00e1bytkom","og_description":"Barov\u00e1 stoli\u010dka Loft taupe siv\u00e1 s podru\u010dou \u00bb - r\u00fdchle dodanie, poradenstvo, n\u00e1bytok skladom v Bratislave s ikuchyne.sk - kuchyne na mieru.","og_url":"https:\/\/www.ikuchyne.sk\/eshop\/produkt\/barova-stolicka-loft-taupe-siva-s-podrucou\/","og_site_name":"iKuchyne iSHOP s n\u00e1bytkom","article_publisher":"https:\/\/www.facebook.com\/ikuchyne\/","article_modified_time":"2024-03-10T18:19:57+00:00","og_image":[{"width":800,"height":533,"url":"https:\/\/www.ikuchyne.sk\/eshop\/wp-content\/uploads\/2019\/03\/Barstuhl-Loft-taupe-siva-Armlehne-39080.jpg","type":"image\/jpeg"}],"twitter_card":"summary_large_image","twitter_misc":{"Predpokladan\u00fd \u010das \u010d\u00edtania":"2 min\u00faty"},"schema":{"@context":"https:\/\/schema.org","@graph":[{"@type":"WebPage","@id":"https:\/\/www.ikuchyne.sk\/eshop\/produkt\/barova-stolicka-loft-taupe-siva-s-podrucou\/","url":"https:\/\/www.ikuchyne.sk\/eshop\/produkt\/barova-stolicka-loft-taupe-siva-s-podrucou\/","name":"Barov\u00e1 stoli\u010dka Loft taupe siv\u00e1 &#187; iKuchyne iSHOP s n\u00e1bytkom","isPartOf":{"@id":"https:\/\/www.ikuchyne.sk\/eshop\/#website"},"datePublished":"2019-03-15T01:14:52+00:00","dateModified":"2024-03-10T18:19:57+00:00","description":"Barov\u00e1 stoli\u010dka Loft taupe siv\u00e1 s podru\u010dou \u00bb - r\u00fdchle dodanie, poradenstvo, n\u00e1bytok skladom v Bratislave s ikuchyne.sk - kuchyne na mieru.","breadcrumb":{"@id":"https:\/\/www.ikuchyne.sk\/eshop\/produkt\/barova-stolicka-loft-taupe-siva-s-podrucou\/#breadcrumb"},"inLanguage":"sk-SK","potentialAction":[{"@type":"ReadAction","target":["https:\/\/www.ikuchyne.sk\/eshop\/produkt\/barova-stolicka-loft-taupe-siva-s-podrucou\/"]}]},{"@type":"BreadcrumbList","@id":"https:\/\/www.ikuchyne.sk\/eshop\/produkt\/barova-stolicka-loft-taupe-siva-s-podrucou\/#breadcrumb","itemListElement":[{"@type":"ListItem","position":1,"name":"Home","item":"https:\/\/www.ikuchyne.sk\/eshop\/"},{"@type":"ListItem","position":2,"name":"Obchod","item":"https:\/\/www.ikuchyne.sk\/eshop\/obchod\/"},{"@type":"ListItem","position":3,"name":"Barov\u00e1 stoli\u010dka Loft taupe siv\u00e1 s podru\u010dou \u00bb"}]},{"@type":"WebSite","@id":"https:\/\/www.ikuchyne.sk\/eshop\/#website","url":"https:\/\/www.ikuchyne.sk\/eshop\/","name":"iKuchyne iSHOP s n\u00e1bytkom","description":"Jed\u00e1lensk\u00e9 stoly, stoli\u010dky, n\u00e1bytok, svietidl\u00e1...","publisher":{"@id":"https:\/\/www.ikuchyne.sk\/eshop\/#organization"},"potentialAction":[{"@type":"SearchAction","target":{"@type":"EntryPoint","urlTemplate":"https:\/\/www.ikuchyne.sk\/eshop\/?s={search_term_string}"},"query-input":"required name=search_term_string"}],"inLanguage":"sk-SK"},{"@type":"Organization","@id":"https:\/\/www.ikuchyne.sk\/eshop\/#organization","name":"ikuchyne!","url":"https:\/\/www.ikuchyne.sk\/eshop\/","logo":{"@type":"ImageObject","inLanguage":"sk-SK","@id":"https:\/\/www.ikuchyne.sk\/eshop\/#\/schema\/logo\/image\/","url":"https:\/\/www.ikuchyne.sk\/eshop\/wp-content\/uploads\/2017\/04\/ikuchyne-logo.jpg","contentUrl":"https:\/\/www.ikuchyne.sk\/eshop\/wp-content\/uploads\/2017\/04\/ikuchyne-logo.jpg","width":200,"height":48,"caption":"ikuchyne!"},"image":{"@id":"https:\/\/www.ikuchyne.sk\/eshop\/#\/schema\/logo\/image\/"},"sameAs":["https:\/\/www.facebook.com\/ikuchyne\/","https:\/\/www.instagram.com\/ikuchyne.sk\/","https:\/\/sk.pinterest.com\/ikuchynesk\/"]}]}},"_links":{"self":[{"href":"https:\/\/www.ikuchyne.sk\/eshop\/wp-json\/wp\/v2\/product\/84504"}],"collection":[{"href":"https:\/\/www.ikuchyne.sk\/eshop\/wp-json\/wp\/v2\/product"}],"about":[{"href":"https:\/\/www.ikuchyne.sk\/eshop\/wp-json\/wp\/v2\/types\/product"}],"replies":[{"embeddable":true,"href":"https:\/\/www.ikuchyne.sk\/eshop\/wp-json\/wp\/v2\/comments?post=84504"}],"wp:featuredmedia":[{"embeddable":true,"href":"https:\/\/www.ikuchyne.sk\/eshop\/wp-json\/wp\/v2\/media\/84505"}],"wp:attachment":[{"href":"https:\/\/www.ikuchyne.sk\/eshop\/wp-json\/wp\/v2\/media?parent=84504"}],"wp:term":[{"taxonomy":"product_cat","embeddable":true,"href":"https:\/\/www.ikuchyne.sk\/eshop\/wp-json\/wp\/v2\/product_cat?post=84504"},{"taxonomy":"product_tag","embeddable":true,"href":"https:\/\/www.ikuchyne.sk\/eshop\/wp-json\/wp\/v2\/product_tag?post=84504"}],"curies":[{"name":"wp","href":"https:\/\/api.w.org\/{rel}","templated":true}]}}