{"id":85507,"date":"2019-07-30T12:09:09","date_gmt":"2019-07-30T10:09:09","guid":{"rendered":"https:\/\/ikuchyne.sk\/eshop\/?post_type=product&#038;p=85507"},"modified":"2024-03-10T19:19:55","modified_gmt":"2024-03-10T18:19:55","slug":"tmavosiva-jedalenska-stolicka-the-dutch-comfort","status":"publish","type":"product","link":"https:\/\/www.ikuchyne.sk\/eshop\/produkt\/tmavosiva-jedalenska-stolicka-the-dutch-comfort\/","title":{"rendered":"Tmavosiv\u00e1 jed\u00e1lensk\u00e1 stoli\u010dka The Dutch Comfort \u00bb"},"content":{"rendered":"<h1>Tmavosiv\u00e1 jed\u00e1lensk\u00e1 stoli\u010dka The Dutch Comfort \u00bb<\/h1>\n<h4><strong>V\u0161eobecn\u00fd popis:<\/strong><\/h4>\n<p>Elegantn\u00e1 tmavosiv\u00e1 jed\u00e1lensk\u00e1 stoli\u010dka The Dutch Comfort s extravagantn\u00fdm zamatov\u00fdm po\u0165ahom. Vysoko kvalitn\u00e9 \u010dal\u00fanenie zais\u0165uje maxim\u00e1lny komfort sedenia. Kovov\u00e9 nohy dod\u00e1vaj\u00fa stoli\u010dke n\u00e1dych retro \u0161t\u00fdlu. Za\u017eite, ako sa pre v\u00e1s stoli\u010dka stane mimoriadnym p\u00fata\u010dom pozornosti!<\/p>\n<p>Jed\u00e1lensk\u00e1 stoli\u010dka nielen do jed\u00e1lne s jemn\u00fdm zamatov\u00fdm po\u0165ahom. Ak h\u013ead\u00e1te obzvl\u00e1\u0161\u0165 pohodln\u00fa stoli\u010dku so skvel\u00fdm dizajnom, mali by ste sa teraz pozrie\u0165 bli\u017e\u0161ie. Na\u0161a pohodln\u00e1 retro klasika s extra hrub\u00fdm po\u0165ahom na sedadle a operadle zaujme nad\u010dasov\u00fdm a trendov\u00fdm dizajnom a pre\u0161\u00edvan\u00edm, ktor\u00e9 vytv\u00e1ra pohodln\u00e9 vank\u00fa\u0161iky. \u010cierne kovov\u00e9 nohy vytv\u00e1raj\u00fa skvel\u00fd kontrast so sedacou \u010das\u0165ou a s tmavosiv\u00fdm zamatom. Posa\u010fte sa a vysk\u00fa\u0161ajte, ako sa ka\u017ed\u00e9 rodinn\u00e9 stretnutie st\u00e1va skuto\u010dnou rados\u0165ou!<\/p>\n<p>Kombinuje sa tu vynikaj\u00faci dizajn a v\u0161estrannos\u0165. St\u00e1le vo va\u0161ej jed\u00e1lni ch\u00fdba nie\u010do pre dotvorenie celkov\u00e9ho vzh\u013eadu? Ak si nechcete necha\u0165 ujs\u0165 punc retro v kombin\u00e1cii s trochou extravagancie, jed\u00e1lensk\u00e9 stoli\u010dky DUTCH s\u00fa presne tou spr\u00e1vnou vo\u013ebou. Dobre ladia s stolmi z mas\u00edvneho dreva, ale skvele vyzeraj\u00fa aj ved\u013ea elegantn\u00fdch kovov\u00fdch stolov. A kancel\u00e1rsky st\u00f4l sa r\u00fdchlo stane va\u0161im nov\u00fdm ob\u013e\u00faben\u00fdm miestom s t\u00fdmto dizajnov\u00fdm zv\u00fdraznen\u00edm &#8211; \u010das v pr\u00e1ci ute\u010die ako voda a vy si u\u017eijete pohodlie sedenia a skvel\u00fd dizajn s\u00fa\u010dasne!<\/p>\n<h4>Dopl\u0148uj\u00face inform\u00e1cie:<\/h4>\n<p>Zamat je ve\u013emi \u0161peci\u00e1lna po\u0165ahov\u00e1 l\u00e1tka s jedine\u010dn\u00fdmi vlastnos\u0165ami. Jas a intenzita farby sa m\u00f4\u017eu l\u00ed\u0161i\u0165 a na l\u00e1tke je mo\u017en\u00e9 vytv\u00e1ra\u0165 jedine\u010dn\u00e9 vzory &#8211; pod\u013ea toho, v akom smere s\u00fa jemn\u00e9 vl\u00e1kna ma\u013eovan\u00e9 a ako je l\u00e1tka osvetlen\u00e1. V\u00fdsledkom je individu\u00e1lna kompoz\u00edcia farebn\u00fdch odtie\u0148ov a povrchov\u00fdch \u0161trukt\u00far, ktor\u00e9 v\u017edy premenia v\u00e1\u0161 n\u00e1bytok na fascinuj\u00faci poh\u013ead. Max. nosnos\u0165 120 kg. Vhodn\u00e9 bytov\u00e9 doplnky pre kombinovanie interi\u00e9ru s touto jed\u00e1lenskou stoli\u010dkou n\u00e1jdete na na\u0161om e-shope v sekcii Bytov\u00e9 doplnky. Kontaktujte n\u00e1s a my v\u00e1m radi pom\u00f4\u017eeme s v\u00fdberom vhodn\u00fdch dekor\u00e1ci\u00ed a n\u00e1bytku do va\u0161ej dom\u00e1cnosti.<\/p>\n<p><strong>\u010eal\u0161ie inform\u00e1cie:<br \/>\n<\/strong>Zamatov\u00fd materi\u00e1l potrebuje trochu in\u00fa starostlivos\u0165 ako mikrovl\u00e1kno, \u010di vrecovina. Pokia\u013e nechcete strati\u0165 typick\u00e9 strieborn\u00e9 odlesky zamatu, dbajte na jeho \u0161pecifick\u00fa \u00fadr\u017ebu \u2013 nepou\u017e\u00edvajte chemick\u00e9 prostriedky! Rozsypte so\u013e po zne\u010distenej ploche a prekefujte jemnou kefkou.<\/p>\n<p><b>Rozmery stoli\u010dky:<br \/>\n<\/b>\u0160\u00edrka stoli\u010dky: 67cm<br \/>\nV\u00fd\u0161ka stoli\u010dky: 82cm<br \/>\nH\u013abka stoli\u010dky: 63cm<\/p>\n<p><strong>Rozmery sedenia:<\/strong>\u00a034 x 47 x 45 cm<br \/>\n<strong>V\u00fd\u0161ka operadla:\u00a0<\/strong>39cm<br \/>\n<strong>V\u00fd\u0161ka lak\u0165ovej opierky:<\/strong>\u00a019cm<\/p>\n<p><b>Materi\u00e1l:\u00a0<\/b>zamat, kov<br \/>\n<b>Farba: <\/b>tmavosiv\u00e1, \u010dierna<\/p>\n<p>Dodato\u010dn\u00e9 inform\u00e1cie:<\/p>\n<p>V pr\u00edpade z\u00e1ujmu o in\u00e9 stoli\u010dky &#8211; jed\u00e1lensk\u00e9, barov\u00e9, kancel\u00e1rske, nav\u0161t\u00edvte sekciu stoli\u010dky na <a href=\"https:\/\/www.ikuchyne.sk\/eshop\/kategoria\/stolicky\/\">www.ikuchyne.sk\/eshop<\/a><br \/>\nV pr\u00edpade z\u00e1ujmu o n\u00e1bytok na mieru n\u00e1s kontaktuje na <a href=\"http:\/\/www.ikuchyne.sk\">www.ikuchyne.sk<\/a><\/p>\n","protected":false},"excerpt":{"rendered":"<p>Tmavosiv\u00e1 jed\u00e1lensk\u00e1 stoli\u010dka The Dutch Comfort \u00bb V\u0161eobecn\u00fd popis: Elegantn\u00e1 tmavosiv\u00e1 jed\u00e1lensk\u00e1 stoli\u010dka The Dutch Comfort s extravagantn\u00fdm zamatov\u00fdm po\u0165ahom. Vysoko kvalitn\u00e9 \u010dal\u00fanenie zais\u0165uje maxim\u00e1lny komfort sedenia. Kovov\u00e9 nohy dod\u00e1vaj\u00fa<\/p>\n","protected":false},"featured_media":85508,"comment_status":"open","ping_status":"closed","template":"","meta":[],"product_cat":[310,823,826,820,830,772,288],"product_tag":[1035],"yoast_head":"<!-- This site is optimized with the Yoast SEO plugin v22.1 - https:\/\/yoast.com\/wordpress\/plugins\/seo\/ -->\n<title>Tmavosiv\u00e1 stoli\u010dka The Dutch Comfort &#187; iKuchyne iSHOP s n\u00e1bytkom<\/title>\n<meta name=\"description\" content=\"Tmavosiv\u00e1 jed\u00e1lensk\u00e1 stoli\u010dka The Dutch Comfort \u00bb - r\u00fdchle dodanie, poradenstvo, n\u00e1bytok skladom v Bratislave s ikuchyne.sk - kuchyne na mieru.\" \/>\n<meta name=\"robots\" content=\"index, follow, max-snippet:-1, max-image-preview:large, max-video-preview:-1\" \/>\n<link rel=\"canonical\" href=\"https:\/\/www.ikuchyne.sk\/eshop\/produkt\/tmavosiva-jedalenska-stolicka-the-dutch-comfort\/\" \/>\n<meta property=\"og:locale\" content=\"sk_SK\" \/>\n<meta property=\"og:type\" content=\"article\" \/>\n<meta property=\"og:title\" content=\"Tmavosiv\u00e1 stoli\u010dka The Dutch Comfort &#187; iKuchyne iSHOP s n\u00e1bytkom\" \/>\n<meta property=\"og:description\" content=\"Tmavosiv\u00e1 jed\u00e1lensk\u00e1 stoli\u010dka The Dutch Comfort \u00bb - r\u00fdchle dodanie, poradenstvo, n\u00e1bytok skladom v Bratislave s ikuchyne.sk - kuchyne na mieru.\" \/>\n<meta property=\"og:url\" content=\"https:\/\/www.ikuchyne.sk\/eshop\/produkt\/tmavosiva-jedalenska-stolicka-the-dutch-comfort\/\" \/>\n<meta property=\"og:site_name\" content=\"iKuchyne iSHOP s n\u00e1bytkom\" \/>\n<meta property=\"article:publisher\" content=\"https:\/\/www.facebook.com\/ikuchyne\/\" \/>\n<meta property=\"article:modified_time\" content=\"2024-03-10T18:19:55+00:00\" \/>\n<meta property=\"og:image\" content=\"https:\/\/www.ikuchyne.sk\/eshop\/wp-content\/uploads\/2019\/03\/Stolicka-The-Dutch-Comfort-taupe-Arml.-38618.jpg\" \/>\n\t<meta property=\"og:image:width\" content=\"800\" \/>\n\t<meta property=\"og:image:height\" content=\"533\" \/>\n\t<meta property=\"og:image:type\" content=\"image\/jpeg\" \/>\n<meta name=\"twitter:card\" content=\"summary_large_image\" \/>\n<meta name=\"twitter:label1\" content=\"Predpokladan\u00fd \u010das \u010d\u00edtania\" \/>\n\t<meta name=\"twitter:data1\" content=\"2 min\u00faty\" \/>\n<script type=\"application\/ld+json\" class=\"yoast-schema-graph\">{\"@context\":\"https:\/\/schema.org\",\"@graph\":[{\"@type\":\"WebPage\",\"@id\":\"https:\/\/www.ikuchyne.sk\/eshop\/produkt\/tmavosiva-jedalenska-stolicka-the-dutch-comfort\/\",\"url\":\"https:\/\/www.ikuchyne.sk\/eshop\/produkt\/tmavosiva-jedalenska-stolicka-the-dutch-comfort\/\",\"name\":\"Tmavosiv\u00e1 stoli\u010dka The Dutch Comfort &#187; iKuchyne iSHOP s n\u00e1bytkom\",\"isPartOf\":{\"@id\":\"https:\/\/www.ikuchyne.sk\/eshop\/#website\"},\"datePublished\":\"2019-07-30T10:09:09+00:00\",\"dateModified\":\"2024-03-10T18:19:55+00:00\",\"description\":\"Tmavosiv\u00e1 jed\u00e1lensk\u00e1 stoli\u010dka The Dutch Comfort \u00bb - r\u00fdchle dodanie, poradenstvo, n\u00e1bytok skladom v Bratislave s ikuchyne.sk - kuchyne na mieru.\",\"breadcrumb\":{\"@id\":\"https:\/\/www.ikuchyne.sk\/eshop\/produkt\/tmavosiva-jedalenska-stolicka-the-dutch-comfort\/#breadcrumb\"},\"inLanguage\":\"sk-SK\",\"potentialAction\":[{\"@type\":\"ReadAction\",\"target\":[\"https:\/\/www.ikuchyne.sk\/eshop\/produkt\/tmavosiva-jedalenska-stolicka-the-dutch-comfort\/\"]}]},{\"@type\":\"BreadcrumbList\",\"@id\":\"https:\/\/www.ikuchyne.sk\/eshop\/produkt\/tmavosiva-jedalenska-stolicka-the-dutch-comfort\/#breadcrumb\",\"itemListElement\":[{\"@type\":\"ListItem\",\"position\":1,\"name\":\"Home\",\"item\":\"https:\/\/www.ikuchyne.sk\/eshop\/\"},{\"@type\":\"ListItem\",\"position\":2,\"name\":\"Obchod\",\"item\":\"https:\/\/www.ikuchyne.sk\/eshop\/obchod\/\"},{\"@type\":\"ListItem\",\"position\":3,\"name\":\"Tmavosiv\u00e1 jed\u00e1lensk\u00e1 stoli\u010dka The Dutch Comfort \u00bb\"}]},{\"@type\":\"WebSite\",\"@id\":\"https:\/\/www.ikuchyne.sk\/eshop\/#website\",\"url\":\"https:\/\/www.ikuchyne.sk\/eshop\/\",\"name\":\"iKuchyne iSHOP s n\u00e1bytkom\",\"description\":\"Jed\u00e1lensk\u00e9 stoly, stoli\u010dky, n\u00e1bytok, svietidl\u00e1...\",\"publisher\":{\"@id\":\"https:\/\/www.ikuchyne.sk\/eshop\/#organization\"},\"potentialAction\":[{\"@type\":\"SearchAction\",\"target\":{\"@type\":\"EntryPoint\",\"urlTemplate\":\"https:\/\/www.ikuchyne.sk\/eshop\/?s={search_term_string}\"},\"query-input\":\"required name=search_term_string\"}],\"inLanguage\":\"sk-SK\"},{\"@type\":\"Organization\",\"@id\":\"https:\/\/www.ikuchyne.sk\/eshop\/#organization\",\"name\":\"ikuchyne!\",\"url\":\"https:\/\/www.ikuchyne.sk\/eshop\/\",\"logo\":{\"@type\":\"ImageObject\",\"inLanguage\":\"sk-SK\",\"@id\":\"https:\/\/www.ikuchyne.sk\/eshop\/#\/schema\/logo\/image\/\",\"url\":\"https:\/\/www.ikuchyne.sk\/eshop\/wp-content\/uploads\/2017\/04\/ikuchyne-logo.jpg\",\"contentUrl\":\"https:\/\/www.ikuchyne.sk\/eshop\/wp-content\/uploads\/2017\/04\/ikuchyne-logo.jpg\",\"width\":200,\"height\":48,\"caption\":\"ikuchyne!\"},\"image\":{\"@id\":\"https:\/\/www.ikuchyne.sk\/eshop\/#\/schema\/logo\/image\/\"},\"sameAs\":[\"https:\/\/www.facebook.com\/ikuchyne\/\",\"https:\/\/www.instagram.com\/ikuchyne.sk\/\",\"https:\/\/sk.pinterest.com\/ikuchynesk\/\"]}]}<\/script>\n<!-- \/ Yoast SEO plugin. -->","yoast_head_json":{"title":"Tmavosiv\u00e1 stoli\u010dka The Dutch Comfort &#187; iKuchyne iSHOP s n\u00e1bytkom","description":"Tmavosiv\u00e1 jed\u00e1lensk\u00e1 stoli\u010dka The Dutch Comfort \u00bb - r\u00fdchle dodanie, poradenstvo, n\u00e1bytok skladom v Bratislave s ikuchyne.sk - kuchyne na mieru.","robots":{"index":"index","follow":"follow","max-snippet":"max-snippet:-1","max-image-preview":"max-image-preview:large","max-video-preview":"max-video-preview:-1"},"canonical":"https:\/\/www.ikuchyne.sk\/eshop\/produkt\/tmavosiva-jedalenska-stolicka-the-dutch-comfort\/","og_locale":"sk_SK","og_type":"article","og_title":"Tmavosiv\u00e1 stoli\u010dka The Dutch Comfort &#187; iKuchyne iSHOP s n\u00e1bytkom","og_description":"Tmavosiv\u00e1 jed\u00e1lensk\u00e1 stoli\u010dka The Dutch Comfort \u00bb - r\u00fdchle dodanie, poradenstvo, n\u00e1bytok skladom v Bratislave s ikuchyne.sk - kuchyne na mieru.","og_url":"https:\/\/www.ikuchyne.sk\/eshop\/produkt\/tmavosiva-jedalenska-stolicka-the-dutch-comfort\/","og_site_name":"iKuchyne iSHOP s n\u00e1bytkom","article_publisher":"https:\/\/www.facebook.com\/ikuchyne\/","article_modified_time":"2024-03-10T18:19:55+00:00","og_image":[{"width":800,"height":533,"url":"https:\/\/www.ikuchyne.sk\/eshop\/wp-content\/uploads\/2019\/03\/Stolicka-The-Dutch-Comfort-taupe-Arml.-38618.jpg","type":"image\/jpeg"}],"twitter_card":"summary_large_image","twitter_misc":{"Predpokladan\u00fd \u010das \u010d\u00edtania":"2 min\u00faty"},"schema":{"@context":"https:\/\/schema.org","@graph":[{"@type":"WebPage","@id":"https:\/\/www.ikuchyne.sk\/eshop\/produkt\/tmavosiva-jedalenska-stolicka-the-dutch-comfort\/","url":"https:\/\/www.ikuchyne.sk\/eshop\/produkt\/tmavosiva-jedalenska-stolicka-the-dutch-comfort\/","name":"Tmavosiv\u00e1 stoli\u010dka The Dutch Comfort &#187; iKuchyne iSHOP s n\u00e1bytkom","isPartOf":{"@id":"https:\/\/www.ikuchyne.sk\/eshop\/#website"},"datePublished":"2019-07-30T10:09:09+00:00","dateModified":"2024-03-10T18:19:55+00:00","description":"Tmavosiv\u00e1 jed\u00e1lensk\u00e1 stoli\u010dka The Dutch Comfort \u00bb - r\u00fdchle dodanie, poradenstvo, n\u00e1bytok skladom v Bratislave s ikuchyne.sk - kuchyne na mieru.","breadcrumb":{"@id":"https:\/\/www.ikuchyne.sk\/eshop\/produkt\/tmavosiva-jedalenska-stolicka-the-dutch-comfort\/#breadcrumb"},"inLanguage":"sk-SK","potentialAction":[{"@type":"ReadAction","target":["https:\/\/www.ikuchyne.sk\/eshop\/produkt\/tmavosiva-jedalenska-stolicka-the-dutch-comfort\/"]}]},{"@type":"BreadcrumbList","@id":"https:\/\/www.ikuchyne.sk\/eshop\/produkt\/tmavosiva-jedalenska-stolicka-the-dutch-comfort\/#breadcrumb","itemListElement":[{"@type":"ListItem","position":1,"name":"Home","item":"https:\/\/www.ikuchyne.sk\/eshop\/"},{"@type":"ListItem","position":2,"name":"Obchod","item":"https:\/\/www.ikuchyne.sk\/eshop\/obchod\/"},{"@type":"ListItem","position":3,"name":"Tmavosiv\u00e1 jed\u00e1lensk\u00e1 stoli\u010dka The Dutch Comfort \u00bb"}]},{"@type":"WebSite","@id":"https:\/\/www.ikuchyne.sk\/eshop\/#website","url":"https:\/\/www.ikuchyne.sk\/eshop\/","name":"iKuchyne iSHOP s n\u00e1bytkom","description":"Jed\u00e1lensk\u00e9 stoly, stoli\u010dky, n\u00e1bytok, svietidl\u00e1...","publisher":{"@id":"https:\/\/www.ikuchyne.sk\/eshop\/#organization"},"potentialAction":[{"@type":"SearchAction","target":{"@type":"EntryPoint","urlTemplate":"https:\/\/www.ikuchyne.sk\/eshop\/?s={search_term_string}"},"query-input":"required name=search_term_string"}],"inLanguage":"sk-SK"},{"@type":"Organization","@id":"https:\/\/www.ikuchyne.sk\/eshop\/#organization","name":"ikuchyne!","url":"https:\/\/www.ikuchyne.sk\/eshop\/","logo":{"@type":"ImageObject","inLanguage":"sk-SK","@id":"https:\/\/www.ikuchyne.sk\/eshop\/#\/schema\/logo\/image\/","url":"https:\/\/www.ikuchyne.sk\/eshop\/wp-content\/uploads\/2017\/04\/ikuchyne-logo.jpg","contentUrl":"https:\/\/www.ikuchyne.sk\/eshop\/wp-content\/uploads\/2017\/04\/ikuchyne-logo.jpg","width":200,"height":48,"caption":"ikuchyne!"},"image":{"@id":"https:\/\/www.ikuchyne.sk\/eshop\/#\/schema\/logo\/image\/"},"sameAs":["https:\/\/www.facebook.com\/ikuchyne\/","https:\/\/www.instagram.com\/ikuchyne.sk\/","https:\/\/sk.pinterest.com\/ikuchynesk\/"]}]}},"_links":{"self":[{"href":"https:\/\/www.ikuchyne.sk\/eshop\/wp-json\/wp\/v2\/product\/85507"}],"collection":[{"href":"https:\/\/www.ikuchyne.sk\/eshop\/wp-json\/wp\/v2\/product"}],"about":[{"href":"https:\/\/www.ikuchyne.sk\/eshop\/wp-json\/wp\/v2\/types\/product"}],"replies":[{"embeddable":true,"href":"https:\/\/www.ikuchyne.sk\/eshop\/wp-json\/wp\/v2\/comments?post=85507"}],"wp:featuredmedia":[{"embeddable":true,"href":"https:\/\/www.ikuchyne.sk\/eshop\/wp-json\/wp\/v2\/media\/85508"}],"wp:attachment":[{"href":"https:\/\/www.ikuchyne.sk\/eshop\/wp-json\/wp\/v2\/media?parent=85507"}],"wp:term":[{"taxonomy":"product_cat","embeddable":true,"href":"https:\/\/www.ikuchyne.sk\/eshop\/wp-json\/wp\/v2\/product_cat?post=85507"},{"taxonomy":"product_tag","embeddable":true,"href":"https:\/\/www.ikuchyne.sk\/eshop\/wp-json\/wp\/v2\/product_tag?post=85507"}],"curies":[{"name":"wp","href":"https:\/\/api.w.org\/{rel}","templated":true}]}}