{"id":85602,"date":"2019-04-03T07:50:16","date_gmt":"2019-04-03T05:50:16","guid":{"rendered":"https:\/\/ikuchyne.sk\/eshop\/?post_type=product&#038;p=85602"},"modified":"2024-01-10T10:50:46","modified_gmt":"2024-01-10T09:50:46","slug":"strieborna-zavesna-lampa-elegance-118cm","status":"publish","type":"product","link":"https:\/\/www.ikuchyne.sk\/eshop\/produkt\/strieborna-zavesna-lampa-elegance-118cm\/","title":{"rendered":"Strieborn\u00e1 z\u00e1vesn\u00e1 lampa Elegance 118cm \u00bb"},"content":{"rendered":"<h1><b>Strieborn\u00e1 z\u00e1vesn\u00e1 lampa Elegance 118cm<\/b><b><\/b><b><\/b><\/h1>\n<p><strong>V\u0161eobecn\u00fd popis z\u00e1vesnej lampy:<\/strong><br \/>\nExtravagantn\u00e1 a elegantn\u00e1 z\u00e1vesn\u00e1 lampa zaru\u010dene pritiahne poh\u013ead ka\u017ed\u00e9ho, kto ju spozoruje \u2013 najm\u00e4 svojim mimoriadnym dizajnom, ktor\u00fdm sa vyzna\u010duje. Tis\u00edce drobn\u00fdch retiazok po obvode svietidla zabezpe\u010duj\u00fa dokonal\u00e9 \u017eiarenie cel\u00e9ho objektu. Z\u00e1vesn\u00e1 lampa sa stane \u0161perkom va\u0161ej jed\u00e1lne alebo ob\u00fdvacej izby aj ke\u010f pr\u00e1ve nesvieti. Jej strieborn\u00e9 retiazky, v ktor\u00fdch je osaden\u00fdch 7 \u017eiaroviek a s\u00fa upevnen\u00e9 na vlnovitej kovovej kon\u0161trukcii, pripom\u00ednaj\u00fa ak\u00fdsi obl\u00e1\u010dik vzn\u00e1\u0161aj\u00faci sa v priestore.<b><\/b><\/p>\n<p><b>\u010eal\u0161ie inform\u00e1cie:<br \/>\n<\/b>V pr\u00edpade zne\u010distenia, pou\u017eite prachovku, pr\u00edpadne pretrite vlhkou handri\u010dkou \u2013 nikdy nepou\u017e\u00edvajte ni\u010d na b\u00e1ze vody pod nap\u00e4t\u00edm!<b><\/b><\/p>\n<p><b>Rozmery<\/b>:<br \/>\n\u0160\u00edrka: 118cm<br \/>\nV\u00fd\u0161ka: 38cm<br \/>\nH\u013abka: 34cm<\/p>\n<p><strong>Zavesenie:<\/strong> 55cm x 2cm x 9cm<br \/>\n<strong>Celkov\u00e1 v\u00fd\u0161ka:<\/strong> 90cm<br \/>\n<strong>\u017diarovka<\/strong>: 7 x E14 max. 40W<\/p>\n<p><b>Farba:<\/b>\u00a0strieborn\u00e1<br \/>\n<b>Materi\u00e1l:<\/b>\u00a0kov<\/p>\n<p><em>Balenie neobsahuje \u017eiarovky.<\/em><\/p>\n","protected":false},"excerpt":{"rendered":"<p>Strieborn\u00e1 z\u00e1vesn\u00e1 lampa Elegance 118cm V\u0161eobecn\u00fd popis z\u00e1vesnej lampy: Extravagantn\u00e1 a elegantn\u00e1 z\u00e1vesn\u00e1 lampa zaru\u010dene pritiahne poh\u013ead ka\u017ed\u00e9ho, kto ju spozoruje \u2013 najm\u00e4 svojim mimoriadnym dizajnom, ktor\u00fdm sa vyzna\u010duje. Tis\u00edce<\/p>\n","protected":false},"featured_media":85603,"comment_status":"open","ping_status":"closed","template":"","meta":[],"product_cat":[772,182,183,890],"product_tag":[610],"yoast_head":"<!-- This site is optimized with the Yoast SEO plugin v22.1 - https:\/\/yoast.com\/wordpress\/plugins\/seo\/ -->\n<title>Strieborn\u00e1 z\u00e1vesn\u00e1 lampa Elegance 118cm \u00bb &#187; iKuchyne iSHOP s n\u00e1bytkom<\/title>\n<meta name=\"description\" content=\"K\u00fapte si u n\u00e1s Strieborn\u00e1 z\u00e1vesn\u00e1 lampa Elegance 118cm \u00bb za akciov\u00fa cenu. R\u00fdchle dodanie tovaru, odborn\u00e9 poradenstvo a stovky produktov skladom. Strieborn\u00e1 z\u00e1vesn\u00e1 lampa Elegance 118cm \u00bb sa stane dominantou V\u00e1\u0161ho interi\u00e9ru. Internetov\u00fd obchod ikuchyne! pon\u00faka odber Strieborn\u00e1 z\u00e1vesn\u00e1 lampa Elegance 118cm \u00bb u\u017e od 1 kusu.\" \/>\n<meta name=\"robots\" content=\"index, follow, max-snippet:-1, max-image-preview:large, max-video-preview:-1\" \/>\n<link rel=\"canonical\" href=\"https:\/\/www.ikuchyne.sk\/eshop\/produkt\/strieborna-zavesna-lampa-elegance-118cm\/\" \/>\n<meta property=\"og:locale\" content=\"sk_SK\" \/>\n<meta property=\"og:type\" content=\"article\" \/>\n<meta property=\"og:title\" content=\"Strieborn\u00e1 z\u00e1vesn\u00e1 lampa Elegance 118cm \u00bb &#187; iKuchyne iSHOP s n\u00e1bytkom\" \/>\n<meta property=\"og:description\" content=\"K\u00fapte si u n\u00e1s Strieborn\u00e1 z\u00e1vesn\u00e1 lampa Elegance 118cm \u00bb za akciov\u00fa cenu. R\u00fdchle dodanie tovaru, odborn\u00e9 poradenstvo a stovky produktov skladom. Strieborn\u00e1 z\u00e1vesn\u00e1 lampa Elegance 118cm \u00bb sa stane dominantou V\u00e1\u0161ho interi\u00e9ru. Internetov\u00fd obchod ikuchyne! pon\u00faka odber Strieborn\u00e1 z\u00e1vesn\u00e1 lampa Elegance 118cm \u00bb u\u017e od 1 kusu.\" \/>\n<meta property=\"og:url\" content=\"https:\/\/www.ikuchyne.sk\/eshop\/produkt\/strieborna-zavesna-lampa-elegance-118cm\/\" \/>\n<meta property=\"og:site_name\" content=\"iKuchyne iSHOP s n\u00e1bytkom\" \/>\n<meta property=\"article:publisher\" content=\"https:\/\/www.facebook.com\/ikuchyne\/\" \/>\n<meta property=\"article:modified_time\" content=\"2024-01-10T09:50:46+00:00\" \/>\n<meta property=\"og:image\" content=\"https:\/\/www.ikuchyne.sk\/eshop\/wp-content\/uploads\/2019\/04\/Zavesna-lampa-Elegance-118cm-strieborna-39107.jpg\" \/>\n\t<meta property=\"og:image:width\" content=\"800\" \/>\n\t<meta property=\"og:image:height\" content=\"533\" \/>\n\t<meta property=\"og:image:type\" content=\"image\/jpeg\" \/>\n<meta name=\"twitter:card\" content=\"summary_large_image\" \/>\n<meta name=\"twitter:label1\" content=\"Predpokladan\u00fd \u010das \u010d\u00edtania\" \/>\n\t<meta name=\"twitter:data1\" content=\"1 min\u00fata\" \/>\n<script type=\"application\/ld+json\" class=\"yoast-schema-graph\">{\"@context\":\"https:\/\/schema.org\",\"@graph\":[{\"@type\":\"WebPage\",\"@id\":\"https:\/\/www.ikuchyne.sk\/eshop\/produkt\/strieborna-zavesna-lampa-elegance-118cm\/\",\"url\":\"https:\/\/www.ikuchyne.sk\/eshop\/produkt\/strieborna-zavesna-lampa-elegance-118cm\/\",\"name\":\"Strieborn\u00e1 z\u00e1vesn\u00e1 lampa Elegance 118cm \u00bb &#187; iKuchyne iSHOP s n\u00e1bytkom\",\"isPartOf\":{\"@id\":\"https:\/\/www.ikuchyne.sk\/eshop\/#website\"},\"datePublished\":\"2019-04-03T05:50:16+00:00\",\"dateModified\":\"2024-01-10T09:50:46+00:00\",\"description\":\"K\u00fapte si u n\u00e1s Strieborn\u00e1 z\u00e1vesn\u00e1 lampa Elegance 118cm \u00bb za akciov\u00fa cenu. R\u00fdchle dodanie tovaru, odborn\u00e9 poradenstvo a stovky produktov skladom. Strieborn\u00e1 z\u00e1vesn\u00e1 lampa Elegance 118cm \u00bb sa stane dominantou V\u00e1\u0161ho interi\u00e9ru. Internetov\u00fd obchod ikuchyne! pon\u00faka odber Strieborn\u00e1 z\u00e1vesn\u00e1 lampa Elegance 118cm \u00bb u\u017e od 1 kusu.\",\"breadcrumb\":{\"@id\":\"https:\/\/www.ikuchyne.sk\/eshop\/produkt\/strieborna-zavesna-lampa-elegance-118cm\/#breadcrumb\"},\"inLanguage\":\"sk-SK\",\"potentialAction\":[{\"@type\":\"ReadAction\",\"target\":[\"https:\/\/www.ikuchyne.sk\/eshop\/produkt\/strieborna-zavesna-lampa-elegance-118cm\/\"]}]},{\"@type\":\"BreadcrumbList\",\"@id\":\"https:\/\/www.ikuchyne.sk\/eshop\/produkt\/strieborna-zavesna-lampa-elegance-118cm\/#breadcrumb\",\"itemListElement\":[{\"@type\":\"ListItem\",\"position\":1,\"name\":\"Home\",\"item\":\"https:\/\/www.ikuchyne.sk\/eshop\/\"},{\"@type\":\"ListItem\",\"position\":2,\"name\":\"Obchod\",\"item\":\"https:\/\/www.ikuchyne.sk\/eshop\/obchod\/\"},{\"@type\":\"ListItem\",\"position\":3,\"name\":\"Strieborn\u00e1 z\u00e1vesn\u00e1 lampa Elegance 118cm \u00bb\"}]},{\"@type\":\"WebSite\",\"@id\":\"https:\/\/www.ikuchyne.sk\/eshop\/#website\",\"url\":\"https:\/\/www.ikuchyne.sk\/eshop\/\",\"name\":\"iKuchyne iSHOP s n\u00e1bytkom\",\"description\":\"Jed\u00e1lensk\u00e9 stoly, stoli\u010dky, n\u00e1bytok, svietidl\u00e1...\",\"publisher\":{\"@id\":\"https:\/\/www.ikuchyne.sk\/eshop\/#organization\"},\"potentialAction\":[{\"@type\":\"SearchAction\",\"target\":{\"@type\":\"EntryPoint\",\"urlTemplate\":\"https:\/\/www.ikuchyne.sk\/eshop\/?s={search_term_string}\"},\"query-input\":\"required name=search_term_string\"}],\"inLanguage\":\"sk-SK\"},{\"@type\":\"Organization\",\"@id\":\"https:\/\/www.ikuchyne.sk\/eshop\/#organization\",\"name\":\"ikuchyne!\",\"url\":\"https:\/\/www.ikuchyne.sk\/eshop\/\",\"logo\":{\"@type\":\"ImageObject\",\"inLanguage\":\"sk-SK\",\"@id\":\"https:\/\/www.ikuchyne.sk\/eshop\/#\/schema\/logo\/image\/\",\"url\":\"https:\/\/www.ikuchyne.sk\/eshop\/wp-content\/uploads\/2017\/04\/ikuchyne-logo.jpg\",\"contentUrl\":\"https:\/\/www.ikuchyne.sk\/eshop\/wp-content\/uploads\/2017\/04\/ikuchyne-logo.jpg\",\"width\":200,\"height\":48,\"caption\":\"ikuchyne!\"},\"image\":{\"@id\":\"https:\/\/www.ikuchyne.sk\/eshop\/#\/schema\/logo\/image\/\"},\"sameAs\":[\"https:\/\/www.facebook.com\/ikuchyne\/\",\"https:\/\/www.instagram.com\/ikuchyne.sk\/\",\"https:\/\/sk.pinterest.com\/ikuchynesk\/\"]}]}<\/script>\n<!-- \/ Yoast SEO plugin. -->","yoast_head_json":{"title":"Strieborn\u00e1 z\u00e1vesn\u00e1 lampa Elegance 118cm \u00bb &#187; iKuchyne iSHOP s n\u00e1bytkom","description":"K\u00fapte si u n\u00e1s Strieborn\u00e1 z\u00e1vesn\u00e1 lampa Elegance 118cm \u00bb za akciov\u00fa cenu. R\u00fdchle dodanie tovaru, odborn\u00e9 poradenstvo a stovky produktov skladom. Strieborn\u00e1 z\u00e1vesn\u00e1 lampa Elegance 118cm \u00bb sa stane dominantou V\u00e1\u0161ho interi\u00e9ru. Internetov\u00fd obchod ikuchyne! pon\u00faka odber Strieborn\u00e1 z\u00e1vesn\u00e1 lampa Elegance 118cm \u00bb u\u017e od 1 kusu.","robots":{"index":"index","follow":"follow","max-snippet":"max-snippet:-1","max-image-preview":"max-image-preview:large","max-video-preview":"max-video-preview:-1"},"canonical":"https:\/\/www.ikuchyne.sk\/eshop\/produkt\/strieborna-zavesna-lampa-elegance-118cm\/","og_locale":"sk_SK","og_type":"article","og_title":"Strieborn\u00e1 z\u00e1vesn\u00e1 lampa Elegance 118cm \u00bb &#187; iKuchyne iSHOP s n\u00e1bytkom","og_description":"K\u00fapte si u n\u00e1s Strieborn\u00e1 z\u00e1vesn\u00e1 lampa Elegance 118cm \u00bb za akciov\u00fa cenu. R\u00fdchle dodanie tovaru, odborn\u00e9 poradenstvo a stovky produktov skladom. Strieborn\u00e1 z\u00e1vesn\u00e1 lampa Elegance 118cm \u00bb sa stane dominantou V\u00e1\u0161ho interi\u00e9ru. Internetov\u00fd obchod ikuchyne! pon\u00faka odber Strieborn\u00e1 z\u00e1vesn\u00e1 lampa Elegance 118cm \u00bb u\u017e od 1 kusu.","og_url":"https:\/\/www.ikuchyne.sk\/eshop\/produkt\/strieborna-zavesna-lampa-elegance-118cm\/","og_site_name":"iKuchyne iSHOP s n\u00e1bytkom","article_publisher":"https:\/\/www.facebook.com\/ikuchyne\/","article_modified_time":"2024-01-10T09:50:46+00:00","og_image":[{"width":800,"height":533,"url":"https:\/\/www.ikuchyne.sk\/eshop\/wp-content\/uploads\/2019\/04\/Zavesna-lampa-Elegance-118cm-strieborna-39107.jpg","type":"image\/jpeg"}],"twitter_card":"summary_large_image","twitter_misc":{"Predpokladan\u00fd \u010das \u010d\u00edtania":"1 min\u00fata"},"schema":{"@context":"https:\/\/schema.org","@graph":[{"@type":"WebPage","@id":"https:\/\/www.ikuchyne.sk\/eshop\/produkt\/strieborna-zavesna-lampa-elegance-118cm\/","url":"https:\/\/www.ikuchyne.sk\/eshop\/produkt\/strieborna-zavesna-lampa-elegance-118cm\/","name":"Strieborn\u00e1 z\u00e1vesn\u00e1 lampa Elegance 118cm \u00bb &#187; iKuchyne iSHOP s n\u00e1bytkom","isPartOf":{"@id":"https:\/\/www.ikuchyne.sk\/eshop\/#website"},"datePublished":"2019-04-03T05:50:16+00:00","dateModified":"2024-01-10T09:50:46+00:00","description":"K\u00fapte si u n\u00e1s Strieborn\u00e1 z\u00e1vesn\u00e1 lampa Elegance 118cm \u00bb za akciov\u00fa cenu. R\u00fdchle dodanie tovaru, odborn\u00e9 poradenstvo a stovky produktov skladom. Strieborn\u00e1 z\u00e1vesn\u00e1 lampa Elegance 118cm \u00bb sa stane dominantou V\u00e1\u0161ho interi\u00e9ru. Internetov\u00fd obchod ikuchyne! pon\u00faka odber Strieborn\u00e1 z\u00e1vesn\u00e1 lampa Elegance 118cm \u00bb u\u017e od 1 kusu.","breadcrumb":{"@id":"https:\/\/www.ikuchyne.sk\/eshop\/produkt\/strieborna-zavesna-lampa-elegance-118cm\/#breadcrumb"},"inLanguage":"sk-SK","potentialAction":[{"@type":"ReadAction","target":["https:\/\/www.ikuchyne.sk\/eshop\/produkt\/strieborna-zavesna-lampa-elegance-118cm\/"]}]},{"@type":"BreadcrumbList","@id":"https:\/\/www.ikuchyne.sk\/eshop\/produkt\/strieborna-zavesna-lampa-elegance-118cm\/#breadcrumb","itemListElement":[{"@type":"ListItem","position":1,"name":"Home","item":"https:\/\/www.ikuchyne.sk\/eshop\/"},{"@type":"ListItem","position":2,"name":"Obchod","item":"https:\/\/www.ikuchyne.sk\/eshop\/obchod\/"},{"@type":"ListItem","position":3,"name":"Strieborn\u00e1 z\u00e1vesn\u00e1 lampa Elegance 118cm \u00bb"}]},{"@type":"WebSite","@id":"https:\/\/www.ikuchyne.sk\/eshop\/#website","url":"https:\/\/www.ikuchyne.sk\/eshop\/","name":"iKuchyne iSHOP s n\u00e1bytkom","description":"Jed\u00e1lensk\u00e9 stoly, stoli\u010dky, n\u00e1bytok, svietidl\u00e1...","publisher":{"@id":"https:\/\/www.ikuchyne.sk\/eshop\/#organization"},"potentialAction":[{"@type":"SearchAction","target":{"@type":"EntryPoint","urlTemplate":"https:\/\/www.ikuchyne.sk\/eshop\/?s={search_term_string}"},"query-input":"required name=search_term_string"}],"inLanguage":"sk-SK"},{"@type":"Organization","@id":"https:\/\/www.ikuchyne.sk\/eshop\/#organization","name":"ikuchyne!","url":"https:\/\/www.ikuchyne.sk\/eshop\/","logo":{"@type":"ImageObject","inLanguage":"sk-SK","@id":"https:\/\/www.ikuchyne.sk\/eshop\/#\/schema\/logo\/image\/","url":"https:\/\/www.ikuchyne.sk\/eshop\/wp-content\/uploads\/2017\/04\/ikuchyne-logo.jpg","contentUrl":"https:\/\/www.ikuchyne.sk\/eshop\/wp-content\/uploads\/2017\/04\/ikuchyne-logo.jpg","width":200,"height":48,"caption":"ikuchyne!"},"image":{"@id":"https:\/\/www.ikuchyne.sk\/eshop\/#\/schema\/logo\/image\/"},"sameAs":["https:\/\/www.facebook.com\/ikuchyne\/","https:\/\/www.instagram.com\/ikuchyne.sk\/","https:\/\/sk.pinterest.com\/ikuchynesk\/"]}]}},"_links":{"self":[{"href":"https:\/\/www.ikuchyne.sk\/eshop\/wp-json\/wp\/v2\/product\/85602"}],"collection":[{"href":"https:\/\/www.ikuchyne.sk\/eshop\/wp-json\/wp\/v2\/product"}],"about":[{"href":"https:\/\/www.ikuchyne.sk\/eshop\/wp-json\/wp\/v2\/types\/product"}],"replies":[{"embeddable":true,"href":"https:\/\/www.ikuchyne.sk\/eshop\/wp-json\/wp\/v2\/comments?post=85602"}],"wp:featuredmedia":[{"embeddable":true,"href":"https:\/\/www.ikuchyne.sk\/eshop\/wp-json\/wp\/v2\/media\/85603"}],"wp:attachment":[{"href":"https:\/\/www.ikuchyne.sk\/eshop\/wp-json\/wp\/v2\/media?parent=85602"}],"wp:term":[{"taxonomy":"product_cat","embeddable":true,"href":"https:\/\/www.ikuchyne.sk\/eshop\/wp-json\/wp\/v2\/product_cat?post=85602"},{"taxonomy":"product_tag","embeddable":true,"href":"https:\/\/www.ikuchyne.sk\/eshop\/wp-json\/wp\/v2\/product_tag?post=85602"}],"curies":[{"name":"wp","href":"https:\/\/api.w.org\/{rel}","templated":true}]}}