{"id":85609,"date":"2019-04-03T07:50:19","date_gmt":"2019-04-03T05:50:19","guid":{"rendered":"https:\/\/ikuchyne.sk\/eshop\/?post_type=product&#038;p=85609"},"modified":"2022-09-19T08:02:32","modified_gmt":"2022-09-19T06:02:32","slug":"zlata-zavesna-lampa-sunlight-50cm","status":"publish","type":"product","link":"https:\/\/www.ikuchyne.sk\/eshop\/produkt\/zlata-zavesna-lampa-sunlight-50cm\/","title":{"rendered":"Zlat\u00e1 z\u00e1vesn\u00e1 lampa Sunlight 50cm \u00bb"},"content":{"rendered":"<h1><b>Zlat\u00e1 z\u00e1vesn\u00e1 lampa Sunlight 50cm<\/b><b><\/b><b><\/b><\/h1>\n<p><strong>V\u0161eobecn\u00fd popis z\u00e1vesnej lampy:<br \/>\n<\/strong>Z\u00e1vesn\u00e1 lampa Sunlight je pomenovan\u00e1 naozaj pr\u00edzna\u010dne. Nespo\u010detn\u00e9 mno\u017estvo zlat\u00fdch l\u00fa\u010dov sp\u00f4sobuj\u00fa, \u017ee tienidlo vyzer\u00e1 ako \u0161tylizovan\u00e9 slnko, ktor\u00e9 vytv\u00e1ra dokonal\u00e9 osvetlenie stropu. Osem \u017eiaroviek je rovnako ako kovov\u00e9 l\u00fa\u010de, asymetricky namontovan\u00fdch a e\u0161te viac pod\u010diarkuj\u00fa vzh\u013ead lampy. T\u00fdmto sp\u00f4sobom je zabezpe\u010den\u00e9 rovnomern\u00e9 vy\u017earovanie svetla do v\u0161etk\u00fdch smerov a lampa tak dokonale osvet\u00ed v\u00e1\u0161 obytn\u00fd priestor. Neobvykl\u00fd dizajn svietidla je bezpochyby to, \u010do v\u00e1s up\u00fata, a ktor\u00fd v\u00e1m prinesie ve\u013ea pote\u0161enia. Napriek t\u00fdmto faktom je z\u00e1vesn\u00fa lampu ve\u013emi \u013eahk\u00e9 kombinova\u0165\u00a0 s r\u00f4znymi \u0161t\u00fdlmi a n\u00e1bytkom. Na vytvorenie obzvl\u00e1\u0161\u0165 ucelen\u00e9ho obrazu interi\u00e9ru, odpor\u00fa\u010dame doplni\u0165 priestor \u010fal\u0161\u00edmi zlat\u00fdmi prvkami, ktor\u00e9 taktie\u017e n\u00e1jdete na na\u0161om eshope.<\/p>\n<p><b>\u010eal\u0161ie inform\u00e1cie:<br \/>\n<\/b>V pr\u00edpade zne\u010distenia, pou\u017eite prachovku, pr\u00edpadne pretrite vlhkou handri\u010dkou \u2013 nikdy nepou\u017e\u00edvajte ni\u010d na b\u00e1ze vody pod nap\u00e4t\u00edm!<b><\/b><\/p>\n<p><b>Rozmery<\/b>:<br \/>\n\u0160\u00edrka: 50cm<br \/>\nV\u00fd\u0161ka: 50cm<br \/>\nH\u013abka: 50cm<\/p>\n<p><strong>Zavesenie:<\/strong> 12cm x 8cm x 12cm<br \/>\n<strong>Celkov\u00e1 v\u00fd\u0161ka:<\/strong> 78cm<br \/>\n<strong>\u017diarovka<\/strong>: 8 x E14 max. 40W<\/p>\n<p><b>Farba:<\/b> zlat\u00e1<br \/>\n<b>Materi\u00e1l:<\/b> kov<\/p>\n<p><em>Balenie neobsahuje \u017eiarovky.<\/em><\/p>\n","protected":false},"excerpt":{"rendered":"<p>Zlat\u00e1 z\u00e1vesn\u00e1 lampa Sunlight 50cm V\u0161eobecn\u00fd popis z\u00e1vesnej lampy: Z\u00e1vesn\u00e1 lampa Sunlight je pomenovan\u00e1 naozaj pr\u00edzna\u010dne. Nespo\u010detn\u00e9 mno\u017estvo zlat\u00fdch l\u00fa\u010dov sp\u00f4sobuj\u00fa, \u017ee tienidlo vyzer\u00e1 ako \u0161tylizovan\u00e9 slnko, ktor\u00e9 vytv\u00e1ra dokonal\u00e9<\/p>\n","protected":false},"featured_media":85610,"comment_status":"open","ping_status":"closed","template":"","meta":[],"product_cat":[772,182,183,888],"product_tag":[188],"yoast_head":"<!-- This site is optimized with the Yoast SEO plugin v22.1 - https:\/\/yoast.com\/wordpress\/plugins\/seo\/ -->\n<title>Zlat\u00e1 z\u00e1vesn\u00e1 lampa Sunlight 50cm \u00bb &#187; iKuchyne iSHOP s n\u00e1bytkom<\/title>\n<meta name=\"description\" content=\"K\u00fapte si u n\u00e1s Zlat\u00e1 z\u00e1vesn\u00e1 lampa Sunlight 50cm \u00bb za akciov\u00fa cenu. R\u00fdchle dodanie tovaru, odborn\u00e9 poradenstvo a stovky produktov skladom. Zlat\u00e1 z\u00e1vesn\u00e1 lampa Sunlight 50cm \u00bb sa stane dominantou V\u00e1\u0161ho interi\u00e9ru. Internetov\u00fd obchod ikuchyne! pon\u00faka odber Zlat\u00e1 z\u00e1vesn\u00e1 lampa Sunlight 50cm \u00bb u\u017e od 1 kusu.\" \/>\n<meta name=\"robots\" content=\"index, follow, max-snippet:-1, max-image-preview:large, max-video-preview:-1\" \/>\n<link rel=\"canonical\" href=\"https:\/\/www.ikuchyne.sk\/eshop\/produkt\/zlata-zavesna-lampa-sunlight-50cm\/\" \/>\n<meta property=\"og:locale\" content=\"sk_SK\" \/>\n<meta property=\"og:type\" content=\"article\" \/>\n<meta property=\"og:title\" content=\"Zlat\u00e1 z\u00e1vesn\u00e1 lampa Sunlight 50cm \u00bb &#187; iKuchyne iSHOP s n\u00e1bytkom\" \/>\n<meta property=\"og:description\" content=\"K\u00fapte si u n\u00e1s Zlat\u00e1 z\u00e1vesn\u00e1 lampa Sunlight 50cm \u00bb za akciov\u00fa cenu. R\u00fdchle dodanie tovaru, odborn\u00e9 poradenstvo a stovky produktov skladom. Zlat\u00e1 z\u00e1vesn\u00e1 lampa Sunlight 50cm \u00bb sa stane dominantou V\u00e1\u0161ho interi\u00e9ru. Internetov\u00fd obchod ikuchyne! pon\u00faka odber Zlat\u00e1 z\u00e1vesn\u00e1 lampa Sunlight 50cm \u00bb u\u017e od 1 kusu.\" \/>\n<meta property=\"og:url\" content=\"https:\/\/www.ikuchyne.sk\/eshop\/produkt\/zlata-zavesna-lampa-sunlight-50cm\/\" \/>\n<meta property=\"og:site_name\" content=\"iKuchyne iSHOP s n\u00e1bytkom\" \/>\n<meta property=\"article:publisher\" content=\"https:\/\/www.facebook.com\/ikuchyne\/\" \/>\n<meta property=\"article:modified_time\" content=\"2022-09-19T06:02:32+00:00\" \/>\n<meta property=\"og:image\" content=\"https:\/\/www.ikuchyne.sk\/eshop\/wp-content\/uploads\/2019\/04\/Zavesna-lampa-Sunlight-50cm-zlata-39106.jpg\" \/>\n\t<meta property=\"og:image:width\" content=\"800\" \/>\n\t<meta property=\"og:image:height\" content=\"533\" \/>\n\t<meta property=\"og:image:type\" content=\"image\/jpeg\" \/>\n<meta name=\"twitter:card\" content=\"summary_large_image\" \/>\n<meta name=\"twitter:label1\" content=\"Predpokladan\u00fd \u010das \u010d\u00edtania\" \/>\n\t<meta name=\"twitter:data1\" content=\"1 min\u00fata\" \/>\n<script type=\"application\/ld+json\" class=\"yoast-schema-graph\">{\"@context\":\"https:\/\/schema.org\",\"@graph\":[{\"@type\":\"WebPage\",\"@id\":\"https:\/\/www.ikuchyne.sk\/eshop\/produkt\/zlata-zavesna-lampa-sunlight-50cm\/\",\"url\":\"https:\/\/www.ikuchyne.sk\/eshop\/produkt\/zlata-zavesna-lampa-sunlight-50cm\/\",\"name\":\"Zlat\u00e1 z\u00e1vesn\u00e1 lampa Sunlight 50cm \u00bb &#187; iKuchyne iSHOP s n\u00e1bytkom\",\"isPartOf\":{\"@id\":\"https:\/\/www.ikuchyne.sk\/eshop\/#website\"},\"datePublished\":\"2019-04-03T05:50:19+00:00\",\"dateModified\":\"2022-09-19T06:02:32+00:00\",\"description\":\"K\u00fapte si u n\u00e1s Zlat\u00e1 z\u00e1vesn\u00e1 lampa Sunlight 50cm \u00bb za akciov\u00fa cenu. R\u00fdchle dodanie tovaru, odborn\u00e9 poradenstvo a stovky produktov skladom. Zlat\u00e1 z\u00e1vesn\u00e1 lampa Sunlight 50cm \u00bb sa stane dominantou V\u00e1\u0161ho interi\u00e9ru. Internetov\u00fd obchod ikuchyne! pon\u00faka odber Zlat\u00e1 z\u00e1vesn\u00e1 lampa Sunlight 50cm \u00bb u\u017e od 1 kusu.\",\"breadcrumb\":{\"@id\":\"https:\/\/www.ikuchyne.sk\/eshop\/produkt\/zlata-zavesna-lampa-sunlight-50cm\/#breadcrumb\"},\"inLanguage\":\"sk-SK\",\"potentialAction\":[{\"@type\":\"ReadAction\",\"target\":[\"https:\/\/www.ikuchyne.sk\/eshop\/produkt\/zlata-zavesna-lampa-sunlight-50cm\/\"]}]},{\"@type\":\"BreadcrumbList\",\"@id\":\"https:\/\/www.ikuchyne.sk\/eshop\/produkt\/zlata-zavesna-lampa-sunlight-50cm\/#breadcrumb\",\"itemListElement\":[{\"@type\":\"ListItem\",\"position\":1,\"name\":\"Home\",\"item\":\"https:\/\/www.ikuchyne.sk\/eshop\/\"},{\"@type\":\"ListItem\",\"position\":2,\"name\":\"Obchod\",\"item\":\"https:\/\/www.ikuchyne.sk\/eshop\/obchod\/\"},{\"@type\":\"ListItem\",\"position\":3,\"name\":\"Zlat\u00e1 z\u00e1vesn\u00e1 lampa Sunlight 50cm \u00bb\"}]},{\"@type\":\"WebSite\",\"@id\":\"https:\/\/www.ikuchyne.sk\/eshop\/#website\",\"url\":\"https:\/\/www.ikuchyne.sk\/eshop\/\",\"name\":\"iKuchyne iSHOP s n\u00e1bytkom\",\"description\":\"Jed\u00e1lensk\u00e9 stoly, stoli\u010dky, n\u00e1bytok, svietidl\u00e1...\",\"publisher\":{\"@id\":\"https:\/\/www.ikuchyne.sk\/eshop\/#organization\"},\"potentialAction\":[{\"@type\":\"SearchAction\",\"target\":{\"@type\":\"EntryPoint\",\"urlTemplate\":\"https:\/\/www.ikuchyne.sk\/eshop\/?s={search_term_string}\"},\"query-input\":\"required name=search_term_string\"}],\"inLanguage\":\"sk-SK\"},{\"@type\":\"Organization\",\"@id\":\"https:\/\/www.ikuchyne.sk\/eshop\/#organization\",\"name\":\"ikuchyne!\",\"url\":\"https:\/\/www.ikuchyne.sk\/eshop\/\",\"logo\":{\"@type\":\"ImageObject\",\"inLanguage\":\"sk-SK\",\"@id\":\"https:\/\/www.ikuchyne.sk\/eshop\/#\/schema\/logo\/image\/\",\"url\":\"https:\/\/www.ikuchyne.sk\/eshop\/wp-content\/uploads\/2017\/04\/ikuchyne-logo.jpg\",\"contentUrl\":\"https:\/\/www.ikuchyne.sk\/eshop\/wp-content\/uploads\/2017\/04\/ikuchyne-logo.jpg\",\"width\":200,\"height\":48,\"caption\":\"ikuchyne!\"},\"image\":{\"@id\":\"https:\/\/www.ikuchyne.sk\/eshop\/#\/schema\/logo\/image\/\"},\"sameAs\":[\"https:\/\/www.facebook.com\/ikuchyne\/\",\"https:\/\/www.instagram.com\/ikuchyne.sk\/\",\"https:\/\/sk.pinterest.com\/ikuchynesk\/\"]}]}<\/script>\n<!-- \/ Yoast SEO plugin. -->","yoast_head_json":{"title":"Zlat\u00e1 z\u00e1vesn\u00e1 lampa Sunlight 50cm \u00bb &#187; iKuchyne iSHOP s n\u00e1bytkom","description":"K\u00fapte si u n\u00e1s Zlat\u00e1 z\u00e1vesn\u00e1 lampa Sunlight 50cm \u00bb za akciov\u00fa cenu. R\u00fdchle dodanie tovaru, odborn\u00e9 poradenstvo a stovky produktov skladom. Zlat\u00e1 z\u00e1vesn\u00e1 lampa Sunlight 50cm \u00bb sa stane dominantou V\u00e1\u0161ho interi\u00e9ru. Internetov\u00fd obchod ikuchyne! pon\u00faka odber Zlat\u00e1 z\u00e1vesn\u00e1 lampa Sunlight 50cm \u00bb u\u017e od 1 kusu.","robots":{"index":"index","follow":"follow","max-snippet":"max-snippet:-1","max-image-preview":"max-image-preview:large","max-video-preview":"max-video-preview:-1"},"canonical":"https:\/\/www.ikuchyne.sk\/eshop\/produkt\/zlata-zavesna-lampa-sunlight-50cm\/","og_locale":"sk_SK","og_type":"article","og_title":"Zlat\u00e1 z\u00e1vesn\u00e1 lampa Sunlight 50cm \u00bb &#187; iKuchyne iSHOP s n\u00e1bytkom","og_description":"K\u00fapte si u n\u00e1s Zlat\u00e1 z\u00e1vesn\u00e1 lampa Sunlight 50cm \u00bb za akciov\u00fa cenu. R\u00fdchle dodanie tovaru, odborn\u00e9 poradenstvo a stovky produktov skladom. Zlat\u00e1 z\u00e1vesn\u00e1 lampa Sunlight 50cm \u00bb sa stane dominantou V\u00e1\u0161ho interi\u00e9ru. Internetov\u00fd obchod ikuchyne! pon\u00faka odber Zlat\u00e1 z\u00e1vesn\u00e1 lampa Sunlight 50cm \u00bb u\u017e od 1 kusu.","og_url":"https:\/\/www.ikuchyne.sk\/eshop\/produkt\/zlata-zavesna-lampa-sunlight-50cm\/","og_site_name":"iKuchyne iSHOP s n\u00e1bytkom","article_publisher":"https:\/\/www.facebook.com\/ikuchyne\/","article_modified_time":"2022-09-19T06:02:32+00:00","og_image":[{"width":800,"height":533,"url":"https:\/\/www.ikuchyne.sk\/eshop\/wp-content\/uploads\/2019\/04\/Zavesna-lampa-Sunlight-50cm-zlata-39106.jpg","type":"image\/jpeg"}],"twitter_card":"summary_large_image","twitter_misc":{"Predpokladan\u00fd \u010das \u010d\u00edtania":"1 min\u00fata"},"schema":{"@context":"https:\/\/schema.org","@graph":[{"@type":"WebPage","@id":"https:\/\/www.ikuchyne.sk\/eshop\/produkt\/zlata-zavesna-lampa-sunlight-50cm\/","url":"https:\/\/www.ikuchyne.sk\/eshop\/produkt\/zlata-zavesna-lampa-sunlight-50cm\/","name":"Zlat\u00e1 z\u00e1vesn\u00e1 lampa Sunlight 50cm \u00bb &#187; iKuchyne iSHOP s n\u00e1bytkom","isPartOf":{"@id":"https:\/\/www.ikuchyne.sk\/eshop\/#website"},"datePublished":"2019-04-03T05:50:19+00:00","dateModified":"2022-09-19T06:02:32+00:00","description":"K\u00fapte si u n\u00e1s Zlat\u00e1 z\u00e1vesn\u00e1 lampa Sunlight 50cm \u00bb za akciov\u00fa cenu. R\u00fdchle dodanie tovaru, odborn\u00e9 poradenstvo a stovky produktov skladom. Zlat\u00e1 z\u00e1vesn\u00e1 lampa Sunlight 50cm \u00bb sa stane dominantou V\u00e1\u0161ho interi\u00e9ru. Internetov\u00fd obchod ikuchyne! pon\u00faka odber Zlat\u00e1 z\u00e1vesn\u00e1 lampa Sunlight 50cm \u00bb u\u017e od 1 kusu.","breadcrumb":{"@id":"https:\/\/www.ikuchyne.sk\/eshop\/produkt\/zlata-zavesna-lampa-sunlight-50cm\/#breadcrumb"},"inLanguage":"sk-SK","potentialAction":[{"@type":"ReadAction","target":["https:\/\/www.ikuchyne.sk\/eshop\/produkt\/zlata-zavesna-lampa-sunlight-50cm\/"]}]},{"@type":"BreadcrumbList","@id":"https:\/\/www.ikuchyne.sk\/eshop\/produkt\/zlata-zavesna-lampa-sunlight-50cm\/#breadcrumb","itemListElement":[{"@type":"ListItem","position":1,"name":"Home","item":"https:\/\/www.ikuchyne.sk\/eshop\/"},{"@type":"ListItem","position":2,"name":"Obchod","item":"https:\/\/www.ikuchyne.sk\/eshop\/obchod\/"},{"@type":"ListItem","position":3,"name":"Zlat\u00e1 z\u00e1vesn\u00e1 lampa Sunlight 50cm \u00bb"}]},{"@type":"WebSite","@id":"https:\/\/www.ikuchyne.sk\/eshop\/#website","url":"https:\/\/www.ikuchyne.sk\/eshop\/","name":"iKuchyne iSHOP s n\u00e1bytkom","description":"Jed\u00e1lensk\u00e9 stoly, stoli\u010dky, n\u00e1bytok, svietidl\u00e1...","publisher":{"@id":"https:\/\/www.ikuchyne.sk\/eshop\/#organization"},"potentialAction":[{"@type":"SearchAction","target":{"@type":"EntryPoint","urlTemplate":"https:\/\/www.ikuchyne.sk\/eshop\/?s={search_term_string}"},"query-input":"required name=search_term_string"}],"inLanguage":"sk-SK"},{"@type":"Organization","@id":"https:\/\/www.ikuchyne.sk\/eshop\/#organization","name":"ikuchyne!","url":"https:\/\/www.ikuchyne.sk\/eshop\/","logo":{"@type":"ImageObject","inLanguage":"sk-SK","@id":"https:\/\/www.ikuchyne.sk\/eshop\/#\/schema\/logo\/image\/","url":"https:\/\/www.ikuchyne.sk\/eshop\/wp-content\/uploads\/2017\/04\/ikuchyne-logo.jpg","contentUrl":"https:\/\/www.ikuchyne.sk\/eshop\/wp-content\/uploads\/2017\/04\/ikuchyne-logo.jpg","width":200,"height":48,"caption":"ikuchyne!"},"image":{"@id":"https:\/\/www.ikuchyne.sk\/eshop\/#\/schema\/logo\/image\/"},"sameAs":["https:\/\/www.facebook.com\/ikuchyne\/","https:\/\/www.instagram.com\/ikuchyne.sk\/","https:\/\/sk.pinterest.com\/ikuchynesk\/"]}]}},"_links":{"self":[{"href":"https:\/\/www.ikuchyne.sk\/eshop\/wp-json\/wp\/v2\/product\/85609"}],"collection":[{"href":"https:\/\/www.ikuchyne.sk\/eshop\/wp-json\/wp\/v2\/product"}],"about":[{"href":"https:\/\/www.ikuchyne.sk\/eshop\/wp-json\/wp\/v2\/types\/product"}],"replies":[{"embeddable":true,"href":"https:\/\/www.ikuchyne.sk\/eshop\/wp-json\/wp\/v2\/comments?post=85609"}],"wp:featuredmedia":[{"embeddable":true,"href":"https:\/\/www.ikuchyne.sk\/eshop\/wp-json\/wp\/v2\/media\/85610"}],"wp:attachment":[{"href":"https:\/\/www.ikuchyne.sk\/eshop\/wp-json\/wp\/v2\/media?parent=85609"}],"wp:term":[{"taxonomy":"product_cat","embeddable":true,"href":"https:\/\/www.ikuchyne.sk\/eshop\/wp-json\/wp\/v2\/product_cat?post=85609"},{"taxonomy":"product_tag","embeddable":true,"href":"https:\/\/www.ikuchyne.sk\/eshop\/wp-json\/wp\/v2\/product_tag?post=85609"}],"curies":[{"name":"wp","href":"https:\/\/api.w.org\/{rel}","templated":true}]}}