{"id":85736,"date":"2019-08-01T11:09:23","date_gmt":"2019-08-01T09:09:23","guid":{"rendered":"https:\/\/ikuchyne.sk\/eshop\/?post_type=product&#038;p=85736"},"modified":"2024-03-10T19:19:54","modified_gmt":"2024-03-10T18:19:54","slug":"hnedy-jedalensky-stol-spider-80cm","status":"publish","type":"product","link":"https:\/\/www.ikuchyne.sk\/eshop\/produkt\/hnedy-jedalensky-stol-spider-80cm\/","title":{"rendered":"Hned\u00fd jed\u00e1lensk\u00fd st\u00f4l Spider 80cm \u00bb"},"content":{"rendered":"<h1>Hned\u00fd jed\u00e1lensk\u00fd st\u00f4l Spider 80cm \u00bb<\/h1>\n<h4><strong>V\u0161eobecn\u00fd popis:<\/strong><\/h4>\n<p>Mas\u00edvny hned\u00fd jed\u00e1lensk\u00fd st\u00f4l Spider 80cm so stolovou doskou z ag\u00e1tov\u00e9ho dreva. Doska stola m\u00e1 zvetran\u00fd povrchov\u00fd dizajn a je v\u017edy jedine\u010dn\u00e1. Dizajnovo zauj\u00edmav\u00e9 no\u017ei\u010dky dod\u00e1vaj\u00fa stolu retro n\u00e1dych. Umiestnite hned\u00fd jed\u00e1lensk\u00fd st\u00f4l Spider do va\u0161ej jed\u00e1lne!<\/p>\n<p>Ka\u017ed\u00fd st\u00f4l je jedine\u010dn\u00fd, formovan\u00fd pr\u00edrodou. Tento kr\u00e1sny jed\u00e1lensk\u00fd st\u00f4l sa stane prirodzen\u00fdm p\u00fata\u010dom pozornosti vo va\u0161ej dom\u00e1cnosti. Doska stola je vyroben\u00e1 z mas\u00edvneho ak\u00e1ciov\u00e9ho dreva, ktor\u00e9mu je pr\u00edrodn\u00fdm zvetran\u00edm dodan\u00fd ve\u013emi zvl\u00e1\u0161tny vzh\u013ead. Ka\u017ed\u00e1 doska stola sa teda st\u00e1va n\u00e1dhern\u00fdm unik\u00e1tnym k\u00faskom, ktor\u00fd sa d\u00e1 n\u00e1js\u0165 iba raz. Vrchn\u00e1 \u010das\u0165 z ak\u00e1cie spo\u010d\u00edva na \u0161tyroch dizajnovo zauj\u00edmav\u00fdch no\u017ei\u010dk\u00e1ch, ktor\u00e9 dod\u00e1vaj\u00fa stolu n\u00e1dych retro dizajnu a zais\u0165uj\u00fa tie\u017e ur\u010dit\u00fa \u013eahkos\u0165 prevedenia.<\/p>\n<p>Kam umiestni\u0165 v\u00e1\u0161 nov\u00fd st\u00f4l z ag\u00e1tov\u00e9ho dreva? V\u010faka svojim kompaktn\u00fdm rozmerom 80 x 80 cm m\u00f4\u017ee by\u0165 tento kr\u00e1sny dreven\u00fd st\u00f4l Spider \u00fa\u017easne integrovan\u00fd do akejko\u013evek miestnosti. \u010ci u\u017e ako doplnkov\u00fd mal\u00fd jed\u00e1lensk\u00fd st\u00f4l v kuchyni alebo v jed\u00e1lenskej \u010dasti kancel\u00e1rie: st\u00f4l SCORPION v\u017edy up\u00fata pozornos\u0165 v\u0161etk\u00fdch svojim rustik\u00e1lnym dizajnom. N\u00e1\u0161 tip: v kombin\u00e1cii so stoli\u010dkami, ktor\u00e9 vych\u00e1dzaj\u00fa tie\u017e z retro dizajnu, vyzer\u00e1 st\u00f4l obzvl\u00e1\u0161\u0165 kr\u00e1sne a vytv\u00e1ra jednotn\u00fd dizajn miestnosti.<\/p>\n<h4><strong>Detaily produktu:<\/strong><\/h4>\n<p>Preto\u017ee sa jedn\u00e1 o pr\u00edrodn\u00fd produkt, ka\u017ed\u00fd vyroben\u00fd stol\u00edk je \u00faplne jedine\u010dn\u00fd. Nerovnosti, farebn\u00e9 prechody, charizmatick\u00e9 uzly, praskliny alebo dokonca rozmerov\u00e9 rozdiely s\u00fa mo\u017en\u00e9 a vytv\u00e1raj\u00fa originalitu a vytv\u00e1raj\u00fa \u010daro mas\u00edvneho dreva. \u017diadna z t\u00fdchto skuto\u010dnost\u00ed nie je d\u00f4vodom na reklam\u00e1ciu. Vhodn\u00e9 bytov\u00e9 doplnky pre kombinovanie interi\u00e9ru s t\u00fdmto jed\u00e1lensk\u00fdm stolom n\u00e1jdete na na\u0161om e-shope v sekcii Bytov\u00e9 doplnky. Kontaktujte n\u00e1s a my v\u00e1m radi pom\u00f4\u017eeme s v\u00fdberom vhodn\u00fdch dekor\u00e1ci\u00ed.<\/p>\n<p><strong>Podno\u017e jed\u00e1lensk\u00e9ho stola:<\/strong><br \/>\n\u010cierne nohy stola s\u00fa vyroben\u00e9 z kovu, s\u00fa tenk\u00e9 a minimalistick\u00e9 &#8211; skuto\u010dne origin\u00e1lne. V\u010faka ich jednoduch\u00e9mu prevedeniu m\u00f4\u017ee svetlo prenika\u0165 pomedzi ne, \u010do opticky zv\u00e4\u010d\u0161uje a neza\u0165a\u017euje priestor.<\/p>\n<p><strong>\u010eal\u0161ie inform\u00e1cie:<\/strong><br \/>\nProdukt je pr\u00edrodn\u00fd a ru\u010dne vyroben\u00fd, preto m\u00f4\u017eu nasta\u0165 farebn\u00e9 rozdiely v jednotliv\u00fdch kusoch &#8211; nie je to v\u00fdrobn\u00e1 chyba, len to pod\u010diarkuje originalitu v\u00fdrobku.<\/p>\n<p><b>Rozmery:<br \/>\n<\/b><strong>\u0160\u00edrka:<\/strong> 80cm<br \/>\n<strong>V\u00fd\u0161ka:<\/strong> 75cm<br \/>\n<strong>H\u013abka:<\/strong> 80cm<\/p>\n<p><strong>Farba:<\/strong>\u00a0hned\u00e1, pr\u00edrodn\u00e1,<br \/>\n<strong>Materi\u00e1l:<\/strong>\u00a0ag\u00e1tov\u00e9 drevo, kovov\u00e9 nohy<\/p>\n<p>Jed\u00e1lensk\u00fd st\u00f4l m\u00e1me aj vo ve\u013ekostiach\u00a0<a href=\"https:\/\/ikuchyne.sk\/eshop\/produkt\/hnedy-jedalensky-stol-spider-160cm\/\" class=\"broken_link\">160cm<\/a> a\u00a0<a href=\"https:\/\/ikuchyne.sk\/eshop\/produkt\/hnedy-jedalensky-stol-spider-120cm\/\" class=\"broken_link\">120cm<\/a>.<\/p>\n<p>V pr\u00edpade z\u00e1ujmu o in\u00e9 stoly ako toaletn\u00e9, p\u00edsacie, konferen\u010dn\u00e9 stol\u00edky \u010di jed\u00e1lensk\u00e9 stoly, nav\u0161t\u00edvte sekciu stoly na <a href=\"https:\/\/www.ikuchyne.sk\/eshop\/kategoria\/stoly\/\">www.ikuchyne.sk\/eshop<\/a><br \/>\nV pr\u00edpade z\u00e1ujmu o n\u00e1bytok na mieru n\u00e1s kontaktuje na <a href=\"http:\/\/www.ikuchyne.sk\">www.ikuchyne.sk<\/a><\/p>\n","protected":false},"excerpt":{"rendered":"<p>Hned\u00fd jed\u00e1lensk\u00fd st\u00f4l Spider 80cm \u00bb V\u0161eobecn\u00fd popis: Mas\u00edvny hned\u00fd jed\u00e1lensk\u00fd st\u00f4l Spider 80cm so stolovou doskou z ag\u00e1tov\u00e9ho dreva. Doska stola m\u00e1 zvetran\u00fd povrchov\u00fd dizajn a je v\u017edy jedine\u010dn\u00e1.<\/p>\n","protected":false},"featured_media":116676,"comment_status":"open","ping_status":"closed","template":"","meta":[],"product_cat":[772,287,591,298,855,847,846],"product_tag":[256,192],"yoast_head":"<!-- This site is optimized with the Yoast SEO plugin v22.1 - https:\/\/yoast.com\/wordpress\/plugins\/seo\/ -->\n<title>Hned\u00fd jed\u00e1lensk\u00fd st\u00f4l Spider 80cm \u00bb &#187; iKuchyne iSHOP s n\u00e1bytkom<\/title>\n<meta name=\"description\" content=\"Hned\u00fd jed\u00e1lensk\u00fd st\u00f4l Spider 80cm \u00bb - r\u00fdchle dodanie, poradenstvo, n\u00e1bytok skladom v Bratislave s ikuchyne.sk - kuchyne na mieru.\" \/>\n<meta name=\"robots\" content=\"index, follow, max-snippet:-1, max-image-preview:large, max-video-preview:-1\" \/>\n<link rel=\"canonical\" href=\"https:\/\/www.ikuchyne.sk\/eshop\/produkt\/hnedy-jedalensky-stol-spider-80cm\/\" \/>\n<meta property=\"og:locale\" content=\"sk_SK\" \/>\n<meta property=\"og:type\" content=\"article\" \/>\n<meta property=\"og:title\" content=\"Hned\u00fd jed\u00e1lensk\u00fd st\u00f4l Spider 80cm \u00bb &#187; iKuchyne iSHOP s n\u00e1bytkom\" \/>\n<meta property=\"og:description\" content=\"Hned\u00fd jed\u00e1lensk\u00fd st\u00f4l Spider 80cm \u00bb - r\u00fdchle dodanie, poradenstvo, n\u00e1bytok skladom v Bratislave s ikuchyne.sk - kuchyne na mieru.\" \/>\n<meta property=\"og:url\" content=\"https:\/\/www.ikuchyne.sk\/eshop\/produkt\/hnedy-jedalensky-stol-spider-80cm\/\" \/>\n<meta property=\"og:site_name\" content=\"iKuchyne iSHOP s n\u00e1bytkom\" \/>\n<meta property=\"article:publisher\" content=\"https:\/\/www.facebook.com\/ikuchyne\/\" \/>\n<meta property=\"article:modified_time\" content=\"2024-03-10T18:19:54+00:00\" \/>\n<meta property=\"og:image\" content=\"https:\/\/www.ikuchyne.sk\/eshop\/wp-content\/uploads\/2019\/08\/Spider2.jpg\" \/>\n\t<meta property=\"og:image:width\" content=\"1000\" \/>\n\t<meta property=\"og:image:height\" content=\"667\" \/>\n\t<meta property=\"og:image:type\" content=\"image\/jpeg\" \/>\n<meta name=\"twitter:card\" content=\"summary_large_image\" \/>\n<meta name=\"twitter:label1\" content=\"Predpokladan\u00fd \u010das \u010d\u00edtania\" \/>\n\t<meta name=\"twitter:data1\" content=\"2 min\u00faty\" \/>\n<script type=\"application\/ld+json\" class=\"yoast-schema-graph\">{\"@context\":\"https:\/\/schema.org\",\"@graph\":[{\"@type\":\"WebPage\",\"@id\":\"https:\/\/www.ikuchyne.sk\/eshop\/produkt\/hnedy-jedalensky-stol-spider-80cm\/\",\"url\":\"https:\/\/www.ikuchyne.sk\/eshop\/produkt\/hnedy-jedalensky-stol-spider-80cm\/\",\"name\":\"Hned\u00fd jed\u00e1lensk\u00fd st\u00f4l Spider 80cm \u00bb &#187; iKuchyne iSHOP s n\u00e1bytkom\",\"isPartOf\":{\"@id\":\"https:\/\/www.ikuchyne.sk\/eshop\/#website\"},\"datePublished\":\"2019-08-01T09:09:23+00:00\",\"dateModified\":\"2024-03-10T18:19:54+00:00\",\"description\":\"Hned\u00fd jed\u00e1lensk\u00fd st\u00f4l Spider 80cm \u00bb - r\u00fdchle dodanie, poradenstvo, n\u00e1bytok skladom v Bratislave s ikuchyne.sk - kuchyne na mieru.\",\"breadcrumb\":{\"@id\":\"https:\/\/www.ikuchyne.sk\/eshop\/produkt\/hnedy-jedalensky-stol-spider-80cm\/#breadcrumb\"},\"inLanguage\":\"sk-SK\",\"potentialAction\":[{\"@type\":\"ReadAction\",\"target\":[\"https:\/\/www.ikuchyne.sk\/eshop\/produkt\/hnedy-jedalensky-stol-spider-80cm\/\"]}]},{\"@type\":\"BreadcrumbList\",\"@id\":\"https:\/\/www.ikuchyne.sk\/eshop\/produkt\/hnedy-jedalensky-stol-spider-80cm\/#breadcrumb\",\"itemListElement\":[{\"@type\":\"ListItem\",\"position\":1,\"name\":\"Home\",\"item\":\"https:\/\/www.ikuchyne.sk\/eshop\/\"},{\"@type\":\"ListItem\",\"position\":2,\"name\":\"Obchod\",\"item\":\"https:\/\/www.ikuchyne.sk\/eshop\/obchod\/\"},{\"@type\":\"ListItem\",\"position\":3,\"name\":\"Hned\u00fd jed\u00e1lensk\u00fd st\u00f4l Spider 80cm \u00bb\"}]},{\"@type\":\"WebSite\",\"@id\":\"https:\/\/www.ikuchyne.sk\/eshop\/#website\",\"url\":\"https:\/\/www.ikuchyne.sk\/eshop\/\",\"name\":\"iKuchyne iSHOP s n\u00e1bytkom\",\"description\":\"Jed\u00e1lensk\u00e9 stoly, stoli\u010dky, n\u00e1bytok, svietidl\u00e1...\",\"publisher\":{\"@id\":\"https:\/\/www.ikuchyne.sk\/eshop\/#organization\"},\"potentialAction\":[{\"@type\":\"SearchAction\",\"target\":{\"@type\":\"EntryPoint\",\"urlTemplate\":\"https:\/\/www.ikuchyne.sk\/eshop\/?s={search_term_string}\"},\"query-input\":\"required name=search_term_string\"}],\"inLanguage\":\"sk-SK\"},{\"@type\":\"Organization\",\"@id\":\"https:\/\/www.ikuchyne.sk\/eshop\/#organization\",\"name\":\"ikuchyne!\",\"url\":\"https:\/\/www.ikuchyne.sk\/eshop\/\",\"logo\":{\"@type\":\"ImageObject\",\"inLanguage\":\"sk-SK\",\"@id\":\"https:\/\/www.ikuchyne.sk\/eshop\/#\/schema\/logo\/image\/\",\"url\":\"https:\/\/www.ikuchyne.sk\/eshop\/wp-content\/uploads\/2017\/04\/ikuchyne-logo.jpg\",\"contentUrl\":\"https:\/\/www.ikuchyne.sk\/eshop\/wp-content\/uploads\/2017\/04\/ikuchyne-logo.jpg\",\"width\":200,\"height\":48,\"caption\":\"ikuchyne!\"},\"image\":{\"@id\":\"https:\/\/www.ikuchyne.sk\/eshop\/#\/schema\/logo\/image\/\"},\"sameAs\":[\"https:\/\/www.facebook.com\/ikuchyne\/\",\"https:\/\/www.instagram.com\/ikuchyne.sk\/\",\"https:\/\/sk.pinterest.com\/ikuchynesk\/\"]}]}<\/script>\n<!-- \/ Yoast SEO plugin. -->","yoast_head_json":{"title":"Hned\u00fd jed\u00e1lensk\u00fd st\u00f4l Spider 80cm \u00bb &#187; iKuchyne iSHOP s n\u00e1bytkom","description":"Hned\u00fd jed\u00e1lensk\u00fd st\u00f4l Spider 80cm \u00bb - r\u00fdchle dodanie, poradenstvo, n\u00e1bytok skladom v Bratislave s ikuchyne.sk - kuchyne na mieru.","robots":{"index":"index","follow":"follow","max-snippet":"max-snippet:-1","max-image-preview":"max-image-preview:large","max-video-preview":"max-video-preview:-1"},"canonical":"https:\/\/www.ikuchyne.sk\/eshop\/produkt\/hnedy-jedalensky-stol-spider-80cm\/","og_locale":"sk_SK","og_type":"article","og_title":"Hned\u00fd jed\u00e1lensk\u00fd st\u00f4l Spider 80cm \u00bb &#187; iKuchyne iSHOP s n\u00e1bytkom","og_description":"Hned\u00fd jed\u00e1lensk\u00fd st\u00f4l Spider 80cm \u00bb - r\u00fdchle dodanie, poradenstvo, n\u00e1bytok skladom v Bratislave s ikuchyne.sk - kuchyne na mieru.","og_url":"https:\/\/www.ikuchyne.sk\/eshop\/produkt\/hnedy-jedalensky-stol-spider-80cm\/","og_site_name":"iKuchyne iSHOP s n\u00e1bytkom","article_publisher":"https:\/\/www.facebook.com\/ikuchyne\/","article_modified_time":"2024-03-10T18:19:54+00:00","og_image":[{"width":1000,"height":667,"url":"https:\/\/www.ikuchyne.sk\/eshop\/wp-content\/uploads\/2019\/08\/Spider2.jpg","type":"image\/jpeg"}],"twitter_card":"summary_large_image","twitter_misc":{"Predpokladan\u00fd \u010das \u010d\u00edtania":"2 min\u00faty"},"schema":{"@context":"https:\/\/schema.org","@graph":[{"@type":"WebPage","@id":"https:\/\/www.ikuchyne.sk\/eshop\/produkt\/hnedy-jedalensky-stol-spider-80cm\/","url":"https:\/\/www.ikuchyne.sk\/eshop\/produkt\/hnedy-jedalensky-stol-spider-80cm\/","name":"Hned\u00fd jed\u00e1lensk\u00fd st\u00f4l Spider 80cm \u00bb &#187; iKuchyne iSHOP s n\u00e1bytkom","isPartOf":{"@id":"https:\/\/www.ikuchyne.sk\/eshop\/#website"},"datePublished":"2019-08-01T09:09:23+00:00","dateModified":"2024-03-10T18:19:54+00:00","description":"Hned\u00fd jed\u00e1lensk\u00fd st\u00f4l Spider 80cm \u00bb - r\u00fdchle dodanie, poradenstvo, n\u00e1bytok skladom v Bratislave s ikuchyne.sk - kuchyne na mieru.","breadcrumb":{"@id":"https:\/\/www.ikuchyne.sk\/eshop\/produkt\/hnedy-jedalensky-stol-spider-80cm\/#breadcrumb"},"inLanguage":"sk-SK","potentialAction":[{"@type":"ReadAction","target":["https:\/\/www.ikuchyne.sk\/eshop\/produkt\/hnedy-jedalensky-stol-spider-80cm\/"]}]},{"@type":"BreadcrumbList","@id":"https:\/\/www.ikuchyne.sk\/eshop\/produkt\/hnedy-jedalensky-stol-spider-80cm\/#breadcrumb","itemListElement":[{"@type":"ListItem","position":1,"name":"Home","item":"https:\/\/www.ikuchyne.sk\/eshop\/"},{"@type":"ListItem","position":2,"name":"Obchod","item":"https:\/\/www.ikuchyne.sk\/eshop\/obchod\/"},{"@type":"ListItem","position":3,"name":"Hned\u00fd jed\u00e1lensk\u00fd st\u00f4l Spider 80cm \u00bb"}]},{"@type":"WebSite","@id":"https:\/\/www.ikuchyne.sk\/eshop\/#website","url":"https:\/\/www.ikuchyne.sk\/eshop\/","name":"iKuchyne iSHOP s n\u00e1bytkom","description":"Jed\u00e1lensk\u00e9 stoly, stoli\u010dky, n\u00e1bytok, svietidl\u00e1...","publisher":{"@id":"https:\/\/www.ikuchyne.sk\/eshop\/#organization"},"potentialAction":[{"@type":"SearchAction","target":{"@type":"EntryPoint","urlTemplate":"https:\/\/www.ikuchyne.sk\/eshop\/?s={search_term_string}"},"query-input":"required name=search_term_string"}],"inLanguage":"sk-SK"},{"@type":"Organization","@id":"https:\/\/www.ikuchyne.sk\/eshop\/#organization","name":"ikuchyne!","url":"https:\/\/www.ikuchyne.sk\/eshop\/","logo":{"@type":"ImageObject","inLanguage":"sk-SK","@id":"https:\/\/www.ikuchyne.sk\/eshop\/#\/schema\/logo\/image\/","url":"https:\/\/www.ikuchyne.sk\/eshop\/wp-content\/uploads\/2017\/04\/ikuchyne-logo.jpg","contentUrl":"https:\/\/www.ikuchyne.sk\/eshop\/wp-content\/uploads\/2017\/04\/ikuchyne-logo.jpg","width":200,"height":48,"caption":"ikuchyne!"},"image":{"@id":"https:\/\/www.ikuchyne.sk\/eshop\/#\/schema\/logo\/image\/"},"sameAs":["https:\/\/www.facebook.com\/ikuchyne\/","https:\/\/www.instagram.com\/ikuchyne.sk\/","https:\/\/sk.pinterest.com\/ikuchynesk\/"]}]}},"_links":{"self":[{"href":"https:\/\/www.ikuchyne.sk\/eshop\/wp-json\/wp\/v2\/product\/85736"}],"collection":[{"href":"https:\/\/www.ikuchyne.sk\/eshop\/wp-json\/wp\/v2\/product"}],"about":[{"href":"https:\/\/www.ikuchyne.sk\/eshop\/wp-json\/wp\/v2\/types\/product"}],"replies":[{"embeddable":true,"href":"https:\/\/www.ikuchyne.sk\/eshop\/wp-json\/wp\/v2\/comments?post=85736"}],"wp:featuredmedia":[{"embeddable":true,"href":"https:\/\/www.ikuchyne.sk\/eshop\/wp-json\/wp\/v2\/media\/116676"}],"wp:attachment":[{"href":"https:\/\/www.ikuchyne.sk\/eshop\/wp-json\/wp\/v2\/media?parent=85736"}],"wp:term":[{"taxonomy":"product_cat","embeddable":true,"href":"https:\/\/www.ikuchyne.sk\/eshop\/wp-json\/wp\/v2\/product_cat?post=85736"},{"taxonomy":"product_tag","embeddable":true,"href":"https:\/\/www.ikuchyne.sk\/eshop\/wp-json\/wp\/v2\/product_tag?post=85736"}],"curies":[{"name":"wp","href":"https:\/\/api.w.org\/{rel}","templated":true}]}}