{"id":85758,"date":"2019-06-07T10:12:03","date_gmt":"2019-06-07T08:12:03","guid":{"rendered":"https:\/\/ikuchyne.sk\/eshop\/?post_type=product&#038;p=85758"},"modified":"2024-03-10T19:19:56","modified_gmt":"2024-03-10T18:19:56","slug":"dreveny-jedalensky-stol-thor-100-x-200-cm","status":"publish","type":"product","link":"https:\/\/www.ikuchyne.sk\/eshop\/produkt\/dreveny-jedalensky-stol-thor-100-x-200-cm\/","title":{"rendered":"Dreven\u00fd jed\u00e1lensk\u00fd st\u00f4l Thor 100 x 200 cm \u00bb"},"content":{"rendered":"<h1>Dreven\u00fd jed\u00e1lensk\u00fd st\u00f4l Thor 100 x 200 cm \u00bb<\/h1>\n<h4><strong>V\u0161eobecn\u00fd popis:<\/strong><\/h4>\n<p>Impozantn\u00fd dreven\u00fd jed\u00e1lensk\u00fd st\u00f4l Thor 100 x 200 cm z mas\u00edvu vyroben\u00fd z naolejovan\u00e9ho divok\u00e9ho duba. Praskliny, z\u00e1rezy a uzly dod\u00e1vaj\u00fa drevu jeho prirodzen\u00e9 \u010daro. Mohutn\u00fd kovov\u00fd r\u00e1m dod\u00e1va stolu industri\u00e1lny vzh\u013ead. Nechajte jed\u00e1lensk\u00fd st\u00f4l sta\u0165 sa \u00fastredn\u00fdm bodom va\u0161ej jed\u00e1lne!<\/p>\n<p>V\u00e1\u0161 nov\u00fd jed\u00e1lensk\u00fd st\u00f4l vyroben\u00fd z divok\u00e9ho duba. Jed\u00e1lensk\u00fd st\u00f4l THOR je \u00fa\u017easn\u00fdm pr\u00edkladom toho, ako m\u00f4\u017ee \u00eds\u0165 ruka v ruke priemyseln\u00fd vzh\u013ead a n\u00e1dych vidieckeho \u017eivota. S t\u00fdmto jed\u00e1lensk\u00fdm stolom z mas\u00edvneho divok\u00e9ho dubu z\u00edskate jedine\u010dn\u00fd k\u00fasok, ktor\u00fd vyzer\u00e1 obzvl\u00e1\u0161\u0165 autenticky so svojou prirodzene s hrubou \u0161trukt\u00farou dosky. Pri spracovan\u00ed stolovej dosky sa pripisoval ve\u013ek\u00fd v\u00fdznam originalite dreva. Charakteristick\u00e9 zrno, vzru\u0161uj\u00face praskliny, uzliny, farebn\u00e9 prechody, drsn\u00e9 \u010dasti a pr\u00edrodn\u00e9 vruby sa sp\u00e1jaj\u00fa a vytv\u00e1raj\u00fa p\u00f4sobiv\u00fd obraz, ktor\u00fd rob\u00ed z ka\u017ed\u00e9ho jed\u00e1lensk\u00e9ho stola osobit\u00fd samostatn\u00fd kus. Vrchn\u00e1 doska z pr\u00edrodn\u00e9ho divok\u00e9ho duba je samozrejme starostlivo opracovan\u00e1 a utesnen\u00e1 pre ka\u017edodenn\u00e9 pou\u017eitie.<\/p>\n<p>Jed\u00e1lensk\u00fd st\u00f4l z divok\u00e9ho duba sa stane vo va\u0161ej dom\u00e1cnosti l\u00e1kadlom. Dub divok\u00fd je ide\u00e1lny na pou\u017eitie ako stolov\u00e1 doska, preto\u017ee je mimoriadne odoln\u00fd, tak\u017ee sa neni\u010d\u00ed pri ka\u017edodennom pou\u017e\u00edvan\u00ed. St\u00f4l na cel\u00fd \u017eivot &#8211; takto by sa dal op\u00edsa\u0165 jed\u00e1lensk\u00fd st\u00f4l THOR. Mas\u00edvna stolov\u00e1 doska zaujme nielen svojou robustnos\u0165ou, ale zabezpe\u010d\u00ed aj pr\u00edrodn\u00fd vzh\u013ead s charakteristick\u00fdmi vlastnos\u0165ami dreva. D\u00e1 sa kombinova\u0165 s r\u00f4znymi stoli\u010dkami a skvele funguje v kombin\u00e1cii s modern\u00fdmi kusmi n\u00e1bytku. Sadnite si k jednoduch\u00e9mu, rafinovan\u00e9mu stolu, ktor\u00fd sa r\u00fdchlo stane \u00fastredn\u00fdm bodom va\u0161ej jed\u00e1lne!<\/p>\n<h4><strong>Detaily produktu:<\/strong><\/h4>\n<p>Preto\u017ee sa jedn\u00e1 o pr\u00edrodn\u00fd produkt, ka\u017ed\u00e1 tabu\u013eka je absol\u00fatne jedine\u010dn\u00e1. Nerovnosti, charizmatick\u00e9 uzly, praskliny alebo dokonca rozmerov\u00e9 rozdiely s\u00fa mo\u017en\u00e9 a vytv\u00e1raj\u00fa originalitu a vytv\u00e1raj\u00fa \u010daro mas\u00edvneho dreva. Existuj\u00face trhliny s\u00fa po\u010das procesu v\u00fdroby spojen\u00e9 a stabilizovan\u00e9 spojovac\u00edmi kusmi z rovnak\u00e9ho dreva. Preto m\u00f4\u017eu existova\u0165 farebn\u00e9 odch\u00fdlky. \u017diadny z t\u00fdchto d\u00f4vodov nie je d\u00f4vodom na s\u0165a\u017enos\u0165. Vhodn\u00e9 bytov\u00e9 doplnky pre kombinovanie interi\u00e9ru s t\u00fdmto jed\u00e1lensk\u00fdm stolom n\u00e1jdete na na\u0161om e-shope v sekcii Bytov\u00e9 doplnky. Kontaktujte n\u00e1s a my v\u00e1m radi pom\u00f4\u017eeme s v\u00fdberom vhodn\u00fdch dekor\u00e1ci\u00ed.<\/p>\n<div class=\"electro-description\">\n<p><b>Podno\u017e stola:<\/b><b><br \/>\n<\/b>Podno\u017e stola je tvoren\u00e1 kovov\u00fdmi nohami v tvare X na oboch stran\u00e1ch<\/p>\n<p><b>\u010eal\u0161ie inform\u00e1cie:<\/b><b><br \/>\n<\/b>Vhodne zvolen\u00fd v\u00fdber materi\u00e1lov rob\u00ed z tohto jed\u00e1lensk\u00e9ho stola ve\u013emi jednoduch\u00fd k\u00fasok na udr\u017eiavanie. O\u0161etrujeme vlhkou handri\u010dkou namo\u010denou v mydlovej vode v smere kresby dreva.<\/p>\n<p><b>Rozmery<\/b> (cca): 200cm x 76cm x 100cm (\u0160xVxH)<br \/>\nnohy stola: 10cm x 10cm (\u0160xH)<br \/>\nhr\u00fabka dosky stola au\u00dfen: 40mm<br \/>\n<b>Farba:<\/b> pr\u00edrodn\u00e1<br \/>\n<b>Materi\u00e1l:<\/b> drevo (mas\u00edv), div\u00fd dub, olejovan\u00e9<\/p>\n<\/div>\n<p>Dodato\u010dn\u00e9 inform\u00e1cie:<\/p>\n<p>V pr\u00edpade z\u00e1ujmu o in\u00e9 jed\u00e1lensk\u00e9 stoly, nav\u0161t\u00edvte sekciu jed\u00e1lensk\u00e9 stoly na <a href=\"https:\/\/www.ikuchyne.sk\/eshop\/kategoria\/jedalenske-stoly\/\">www.ikuchyne.sk\/eshop<\/a><br \/>\nV pr\u00edpade z\u00e1ujmu o n\u00e1bytok na mieru n\u00e1s kontaktuje na <a href=\"http:\/\/www.ikuchyne.sk\">www.ikuchyne.sk<\/a><\/p>\n","protected":false},"excerpt":{"rendered":"<p>Dreven\u00fd jed\u00e1lensk\u00fd st\u00f4l Thor 100 x 200 cm \u00bb V\u0161eobecn\u00fd popis: Impozantn\u00fd dreven\u00fd jed\u00e1lensk\u00fd st\u00f4l Thor 100 x 200 cm z mas\u00edvu vyroben\u00fd z naolejovan\u00e9ho divok\u00e9ho duba. Praskliny, z\u00e1rezy a<\/p>\n","protected":false},"featured_media":85759,"comment_status":"open","ping_status":"closed","template":"","meta":[],"product_cat":[591,298,855,847,845,848],"product_tag":[256,261],"yoast_head":"<!-- This site is optimized with the Yoast SEO plugin v22.1 - https:\/\/yoast.com\/wordpress\/plugins\/seo\/ -->\n<title>Dreven\u00fd jed\u00e1lensk\u00fd st\u00f4l Thor 100 x 200 cm &#187; iKuchyne iSHOP s n\u00e1bytkom<\/title>\n<meta name=\"description\" content=\"Dreven\u00fd jed\u00e1lensk\u00fd st\u00f4l Thor 100 x 200 cm - r\u00fdchle dodanie, poradenstvo, n\u00e1bytok skladom v Bratislave s ikuchyne.sk - kuchyne na mieru.\" \/>\n<meta name=\"robots\" content=\"index, follow, max-snippet:-1, max-image-preview:large, max-video-preview:-1\" \/>\n<link rel=\"canonical\" href=\"https:\/\/www.ikuchyne.sk\/eshop\/produkt\/dreveny-jedalensky-stol-thor-100-x-200-cm\/\" \/>\n<meta property=\"og:locale\" content=\"sk_SK\" \/>\n<meta property=\"og:type\" content=\"article\" \/>\n<meta property=\"og:title\" content=\"Dreven\u00fd jed\u00e1lensk\u00fd st\u00f4l Thor 100 x 200 cm &#187; iKuchyne iSHOP s n\u00e1bytkom\" \/>\n<meta property=\"og:description\" content=\"Dreven\u00fd jed\u00e1lensk\u00fd st\u00f4l Thor 100 x 200 cm - r\u00fdchle dodanie, poradenstvo, n\u00e1bytok skladom v Bratislave s ikuchyne.sk - kuchyne na mieru.\" \/>\n<meta property=\"og:url\" content=\"https:\/\/www.ikuchyne.sk\/eshop\/produkt\/dreveny-jedalensky-stol-thor-100-x-200-cm\/\" \/>\n<meta property=\"og:site_name\" content=\"iKuchyne iSHOP s n\u00e1bytkom\" \/>\n<meta property=\"article:publisher\" content=\"https:\/\/www.facebook.com\/ikuchyne\/\" \/>\n<meta property=\"article:modified_time\" content=\"2024-03-10T18:19:56+00:00\" \/>\n<meta property=\"og:image\" content=\"https:\/\/www.ikuchyne.sk\/eshop\/wp-content\/uploads\/2019\/04\/Jedalensky-stol-Thor-200cm-divy-dub-38460.jpg\" \/>\n\t<meta property=\"og:image:width\" content=\"800\" \/>\n\t<meta property=\"og:image:height\" content=\"533\" \/>\n\t<meta property=\"og:image:type\" content=\"image\/jpeg\" \/>\n<meta name=\"twitter:card\" content=\"summary_large_image\" \/>\n<meta name=\"twitter:label1\" content=\"Predpokladan\u00fd \u010das \u010d\u00edtania\" \/>\n\t<meta name=\"twitter:data1\" content=\"2 min\u00faty\" \/>\n<script type=\"application\/ld+json\" class=\"yoast-schema-graph\">{\"@context\":\"https:\/\/schema.org\",\"@graph\":[{\"@type\":\"WebPage\",\"@id\":\"https:\/\/www.ikuchyne.sk\/eshop\/produkt\/dreveny-jedalensky-stol-thor-100-x-200-cm\/\",\"url\":\"https:\/\/www.ikuchyne.sk\/eshop\/produkt\/dreveny-jedalensky-stol-thor-100-x-200-cm\/\",\"name\":\"Dreven\u00fd jed\u00e1lensk\u00fd st\u00f4l Thor 100 x 200 cm &#187; iKuchyne iSHOP s n\u00e1bytkom\",\"isPartOf\":{\"@id\":\"https:\/\/www.ikuchyne.sk\/eshop\/#website\"},\"datePublished\":\"2019-06-07T08:12:03+00:00\",\"dateModified\":\"2024-03-10T18:19:56+00:00\",\"description\":\"Dreven\u00fd jed\u00e1lensk\u00fd st\u00f4l Thor 100 x 200 cm - r\u00fdchle dodanie, poradenstvo, n\u00e1bytok skladom v Bratislave s ikuchyne.sk - kuchyne na mieru.\",\"breadcrumb\":{\"@id\":\"https:\/\/www.ikuchyne.sk\/eshop\/produkt\/dreveny-jedalensky-stol-thor-100-x-200-cm\/#breadcrumb\"},\"inLanguage\":\"sk-SK\",\"potentialAction\":[{\"@type\":\"ReadAction\",\"target\":[\"https:\/\/www.ikuchyne.sk\/eshop\/produkt\/dreveny-jedalensky-stol-thor-100-x-200-cm\/\"]}]},{\"@type\":\"BreadcrumbList\",\"@id\":\"https:\/\/www.ikuchyne.sk\/eshop\/produkt\/dreveny-jedalensky-stol-thor-100-x-200-cm\/#breadcrumb\",\"itemListElement\":[{\"@type\":\"ListItem\",\"position\":1,\"name\":\"Home\",\"item\":\"https:\/\/www.ikuchyne.sk\/eshop\/\"},{\"@type\":\"ListItem\",\"position\":2,\"name\":\"Obchod\",\"item\":\"https:\/\/www.ikuchyne.sk\/eshop\/obchod\/\"},{\"@type\":\"ListItem\",\"position\":3,\"name\":\"Dreven\u00fd jed\u00e1lensk\u00fd st\u00f4l Thor 100 x 200 cm \u00bb\"}]},{\"@type\":\"WebSite\",\"@id\":\"https:\/\/www.ikuchyne.sk\/eshop\/#website\",\"url\":\"https:\/\/www.ikuchyne.sk\/eshop\/\",\"name\":\"iKuchyne iSHOP s n\u00e1bytkom\",\"description\":\"Jed\u00e1lensk\u00e9 stoly, stoli\u010dky, n\u00e1bytok, svietidl\u00e1...\",\"publisher\":{\"@id\":\"https:\/\/www.ikuchyne.sk\/eshop\/#organization\"},\"potentialAction\":[{\"@type\":\"SearchAction\",\"target\":{\"@type\":\"EntryPoint\",\"urlTemplate\":\"https:\/\/www.ikuchyne.sk\/eshop\/?s={search_term_string}\"},\"query-input\":\"required name=search_term_string\"}],\"inLanguage\":\"sk-SK\"},{\"@type\":\"Organization\",\"@id\":\"https:\/\/www.ikuchyne.sk\/eshop\/#organization\",\"name\":\"ikuchyne!\",\"url\":\"https:\/\/www.ikuchyne.sk\/eshop\/\",\"logo\":{\"@type\":\"ImageObject\",\"inLanguage\":\"sk-SK\",\"@id\":\"https:\/\/www.ikuchyne.sk\/eshop\/#\/schema\/logo\/image\/\",\"url\":\"https:\/\/www.ikuchyne.sk\/eshop\/wp-content\/uploads\/2017\/04\/ikuchyne-logo.jpg\",\"contentUrl\":\"https:\/\/www.ikuchyne.sk\/eshop\/wp-content\/uploads\/2017\/04\/ikuchyne-logo.jpg\",\"width\":200,\"height\":48,\"caption\":\"ikuchyne!\"},\"image\":{\"@id\":\"https:\/\/www.ikuchyne.sk\/eshop\/#\/schema\/logo\/image\/\"},\"sameAs\":[\"https:\/\/www.facebook.com\/ikuchyne\/\",\"https:\/\/www.instagram.com\/ikuchyne.sk\/\",\"https:\/\/sk.pinterest.com\/ikuchynesk\/\"]}]}<\/script>\n<!-- \/ Yoast SEO plugin. -->","yoast_head_json":{"title":"Dreven\u00fd jed\u00e1lensk\u00fd st\u00f4l Thor 100 x 200 cm &#187; iKuchyne iSHOP s n\u00e1bytkom","description":"Dreven\u00fd jed\u00e1lensk\u00fd st\u00f4l Thor 100 x 200 cm - r\u00fdchle dodanie, poradenstvo, n\u00e1bytok skladom v Bratislave s ikuchyne.sk - kuchyne na mieru.","robots":{"index":"index","follow":"follow","max-snippet":"max-snippet:-1","max-image-preview":"max-image-preview:large","max-video-preview":"max-video-preview:-1"},"canonical":"https:\/\/www.ikuchyne.sk\/eshop\/produkt\/dreveny-jedalensky-stol-thor-100-x-200-cm\/","og_locale":"sk_SK","og_type":"article","og_title":"Dreven\u00fd jed\u00e1lensk\u00fd st\u00f4l Thor 100 x 200 cm &#187; iKuchyne iSHOP s n\u00e1bytkom","og_description":"Dreven\u00fd jed\u00e1lensk\u00fd st\u00f4l Thor 100 x 200 cm - r\u00fdchle dodanie, poradenstvo, n\u00e1bytok skladom v Bratislave s ikuchyne.sk - kuchyne na mieru.","og_url":"https:\/\/www.ikuchyne.sk\/eshop\/produkt\/dreveny-jedalensky-stol-thor-100-x-200-cm\/","og_site_name":"iKuchyne iSHOP s n\u00e1bytkom","article_publisher":"https:\/\/www.facebook.com\/ikuchyne\/","article_modified_time":"2024-03-10T18:19:56+00:00","og_image":[{"width":800,"height":533,"url":"https:\/\/www.ikuchyne.sk\/eshop\/wp-content\/uploads\/2019\/04\/Jedalensky-stol-Thor-200cm-divy-dub-38460.jpg","type":"image\/jpeg"}],"twitter_card":"summary_large_image","twitter_misc":{"Predpokladan\u00fd \u010das \u010d\u00edtania":"2 min\u00faty"},"schema":{"@context":"https:\/\/schema.org","@graph":[{"@type":"WebPage","@id":"https:\/\/www.ikuchyne.sk\/eshop\/produkt\/dreveny-jedalensky-stol-thor-100-x-200-cm\/","url":"https:\/\/www.ikuchyne.sk\/eshop\/produkt\/dreveny-jedalensky-stol-thor-100-x-200-cm\/","name":"Dreven\u00fd jed\u00e1lensk\u00fd st\u00f4l Thor 100 x 200 cm &#187; iKuchyne iSHOP s n\u00e1bytkom","isPartOf":{"@id":"https:\/\/www.ikuchyne.sk\/eshop\/#website"},"datePublished":"2019-06-07T08:12:03+00:00","dateModified":"2024-03-10T18:19:56+00:00","description":"Dreven\u00fd jed\u00e1lensk\u00fd st\u00f4l Thor 100 x 200 cm - r\u00fdchle dodanie, poradenstvo, n\u00e1bytok skladom v Bratislave s ikuchyne.sk - kuchyne na mieru.","breadcrumb":{"@id":"https:\/\/www.ikuchyne.sk\/eshop\/produkt\/dreveny-jedalensky-stol-thor-100-x-200-cm\/#breadcrumb"},"inLanguage":"sk-SK","potentialAction":[{"@type":"ReadAction","target":["https:\/\/www.ikuchyne.sk\/eshop\/produkt\/dreveny-jedalensky-stol-thor-100-x-200-cm\/"]}]},{"@type":"BreadcrumbList","@id":"https:\/\/www.ikuchyne.sk\/eshop\/produkt\/dreveny-jedalensky-stol-thor-100-x-200-cm\/#breadcrumb","itemListElement":[{"@type":"ListItem","position":1,"name":"Home","item":"https:\/\/www.ikuchyne.sk\/eshop\/"},{"@type":"ListItem","position":2,"name":"Obchod","item":"https:\/\/www.ikuchyne.sk\/eshop\/obchod\/"},{"@type":"ListItem","position":3,"name":"Dreven\u00fd jed\u00e1lensk\u00fd st\u00f4l Thor 100 x 200 cm \u00bb"}]},{"@type":"WebSite","@id":"https:\/\/www.ikuchyne.sk\/eshop\/#website","url":"https:\/\/www.ikuchyne.sk\/eshop\/","name":"iKuchyne iSHOP s n\u00e1bytkom","description":"Jed\u00e1lensk\u00e9 stoly, stoli\u010dky, n\u00e1bytok, svietidl\u00e1...","publisher":{"@id":"https:\/\/www.ikuchyne.sk\/eshop\/#organization"},"potentialAction":[{"@type":"SearchAction","target":{"@type":"EntryPoint","urlTemplate":"https:\/\/www.ikuchyne.sk\/eshop\/?s={search_term_string}"},"query-input":"required name=search_term_string"}],"inLanguage":"sk-SK"},{"@type":"Organization","@id":"https:\/\/www.ikuchyne.sk\/eshop\/#organization","name":"ikuchyne!","url":"https:\/\/www.ikuchyne.sk\/eshop\/","logo":{"@type":"ImageObject","inLanguage":"sk-SK","@id":"https:\/\/www.ikuchyne.sk\/eshop\/#\/schema\/logo\/image\/","url":"https:\/\/www.ikuchyne.sk\/eshop\/wp-content\/uploads\/2017\/04\/ikuchyne-logo.jpg","contentUrl":"https:\/\/www.ikuchyne.sk\/eshop\/wp-content\/uploads\/2017\/04\/ikuchyne-logo.jpg","width":200,"height":48,"caption":"ikuchyne!"},"image":{"@id":"https:\/\/www.ikuchyne.sk\/eshop\/#\/schema\/logo\/image\/"},"sameAs":["https:\/\/www.facebook.com\/ikuchyne\/","https:\/\/www.instagram.com\/ikuchyne.sk\/","https:\/\/sk.pinterest.com\/ikuchynesk\/"]}]}},"_links":{"self":[{"href":"https:\/\/www.ikuchyne.sk\/eshop\/wp-json\/wp\/v2\/product\/85758"}],"collection":[{"href":"https:\/\/www.ikuchyne.sk\/eshop\/wp-json\/wp\/v2\/product"}],"about":[{"href":"https:\/\/www.ikuchyne.sk\/eshop\/wp-json\/wp\/v2\/types\/product"}],"replies":[{"embeddable":true,"href":"https:\/\/www.ikuchyne.sk\/eshop\/wp-json\/wp\/v2\/comments?post=85758"}],"wp:featuredmedia":[{"embeddable":true,"href":"https:\/\/www.ikuchyne.sk\/eshop\/wp-json\/wp\/v2\/media\/85759"}],"wp:attachment":[{"href":"https:\/\/www.ikuchyne.sk\/eshop\/wp-json\/wp\/v2\/media?parent=85758"}],"wp:term":[{"taxonomy":"product_cat","embeddable":true,"href":"https:\/\/www.ikuchyne.sk\/eshop\/wp-json\/wp\/v2\/product_cat?post=85758"},{"taxonomy":"product_tag","embeddable":true,"href":"https:\/\/www.ikuchyne.sk\/eshop\/wp-json\/wp\/v2\/product_tag?post=85758"}],"curies":[{"name":"wp","href":"https:\/\/api.w.org\/{rel}","templated":true}]}}