{"id":86171,"date":"2019-07-30T15:11:46","date_gmt":"2019-07-30T13:11:46","guid":{"rendered":"https:\/\/ikuchyne.sk\/eshop\/?post_type=product&#038;p=86171"},"modified":"2024-09-17T10:58:44","modified_gmt":"2024-09-17T08:58:44","slug":"tmavomodry-zamatovy-vankusik-so-zlatou-potlacou-paprad","status":"publish","type":"product","link":"https:\/\/www.ikuchyne.sk\/eshop\/produkt\/tmavomodry-zamatovy-vankusik-so-zlatou-potlacou-paprad\/","title":{"rendered":"Kr\u00e1\u013eovsky modr\u00fd zamatov\u00fd vank\u00fa\u0161ik so zlatou potla\u010dou &#8211; papra\u010f \u00bb"},"content":{"rendered":"<h1>Kr\u00e1\u013eovsky modr\u00fd zamatov\u00fd vank\u00fa\u0161ik so zlatou potla\u010dou &#8211; papra\u010f<\/h1>\n<p><strong>V\u0161eobecn\u00fd opis dekorat\u00edvneho v\u00e1nk\u00fa\u0161a:<br \/>\n<\/strong>Ka\u017ed\u00fd z n\u00e1s sa u\u017e na chv\u00ed\u013eu zamyslel nad t\u00fdm, ak\u00e9 by to bolo, keby sa stal kr\u00e1\u013eom. S\u00edce v\u00e1m nevieme poveda\u0165 ak\u00e9 by to bolo, zato v\u00e1m vieme s ur\u010ditos\u0165ou poveda\u0165 ak\u00e9 to bude, ke\u010f budete vlastni\u0165 kr\u00e1\u013eovsky modr\u00fd dekorat\u00edvny vank\u00fa\u0161ik so zlatou papra\u010fou &#8211; budete s istotou spokojn\u00fd. Dekorat\u00edvny vank\u00fa\u0161 je ve\u013emi pr\u00edjemn\u00fd na dotyk, za \u010do v\u010fa\u010d\u00ed zamatov\u00e9mu prevedeniu, v ktorom je n\u00e1vlek vyroben\u00fd. Vank\u00fa\u0161ik m\u00e1 zakomponovan\u00fd zips, tak\u017ee ho v pr\u00edpade zne\u010distenia viete ve\u013emi jednoducho zvliec\u0165.<\/p>\n<p><strong>Rozmery dekorat\u00edvneho v\u00e1nk\u00fa\u0161a:<\/strong><br \/>\n\u0160\u00edrka: 40 cm<br \/>\nV\u00fd\u0161ka: 40 cm<br \/>\nH\u013abka: 10 cm<\/p>\n<p><strong>Farba:<\/strong> kr\u00e1\u013eovsk\u00e1 modr\u00e1, zlat\u00e1<br \/>\n<strong>Po\u0165ah:<\/strong>\u00a0zamat (100% polyester)<br \/>\n<strong>V\u00fdpl\u0148:<\/strong>\u00a0pena (100% polyuret\u00e1n)<\/p>\n<p><em>Vr\u00e1tane v\u00fdplne.<\/em><\/p>\n","protected":false},"excerpt":{"rendered":"<p>Kr\u00e1\u013eovsky modr\u00fd zamatov\u00fd vank\u00fa\u0161ik so zlatou potla\u010dou &#8211; papra\u010f V\u0161eobecn\u00fd opis dekorat\u00edvneho v\u00e1nk\u00fa\u0161a: Ka\u017ed\u00fd z n\u00e1s sa u\u017e na chv\u00ed\u013eu zamyslel nad t\u00fdm, ak\u00e9 by to bolo, keby sa stal<\/p>\n","protected":false},"featured_media":86172,"comment_status":"open","ping_status":"closed","template":"","meta":[],"product_cat":[289,319,772],"product_tag":[],"yoast_head":"<!-- This site is optimized with the Yoast SEO plugin v22.1 - https:\/\/yoast.com\/wordpress\/plugins\/seo\/ -->\n<title>Kr\u00e1\u013eovsky modr\u00fd zamatov\u00fd vank\u00fa\u0161ik so zlatou potla\u010dou - papra\u010f \u00bb &#187; iKuchyne iSHOP s n\u00e1bytkom<\/title>\n<meta name=\"description\" content=\"K\u00fapte si u n\u00e1s Kr\u00e1\u013eovsky modr\u00fd zamatov\u00fd vank\u00fa\u0161ik so zlatou potla\u010dou - papra\u010f \u00bb za akciov\u00fa cenu. R\u00fdchle dodanie tovaru, odborn\u00e9 poradenstvo a stovky produktov skladom. Kr\u00e1\u013eovsky modr\u00fd zamatov\u00fd vank\u00fa\u0161ik so zlatou potla\u010dou - papra\u010f \u00bb sa stane dominantou V\u00e1\u0161ho interi\u00e9ru. Internetov\u00fd obchod ikuchyne! pon\u00faka odber Kr\u00e1\u013eovsky modr\u00fd zamatov\u00fd vank\u00fa\u0161ik so zlatou potla\u010dou - papra\u010f \u00bb u\u017e od 1 kusu.\" \/>\n<meta name=\"robots\" content=\"index, follow, max-snippet:-1, max-image-preview:large, max-video-preview:-1\" \/>\n<link rel=\"canonical\" href=\"https:\/\/www.ikuchyne.sk\/eshop\/produkt\/tmavomodry-zamatovy-vankusik-so-zlatou-potlacou-paprad\/\" \/>\n<meta property=\"og:locale\" content=\"sk_SK\" \/>\n<meta property=\"og:type\" content=\"article\" \/>\n<meta property=\"og:title\" content=\"Kr\u00e1\u013eovsky modr\u00fd zamatov\u00fd vank\u00fa\u0161ik so zlatou potla\u010dou - papra\u010f \u00bb &#187; iKuchyne iSHOP s n\u00e1bytkom\" \/>\n<meta property=\"og:description\" content=\"K\u00fapte si u n\u00e1s Kr\u00e1\u013eovsky modr\u00fd zamatov\u00fd vank\u00fa\u0161ik so zlatou potla\u010dou - papra\u010f \u00bb za akciov\u00fa cenu. R\u00fdchle dodanie tovaru, odborn\u00e9 poradenstvo a stovky produktov skladom. Kr\u00e1\u013eovsky modr\u00fd zamatov\u00fd vank\u00fa\u0161ik so zlatou potla\u010dou - papra\u010f \u00bb sa stane dominantou V\u00e1\u0161ho interi\u00e9ru. Internetov\u00fd obchod ikuchyne! pon\u00faka odber Kr\u00e1\u013eovsky modr\u00fd zamatov\u00fd vank\u00fa\u0161ik so zlatou potla\u010dou - papra\u010f \u00bb u\u017e od 1 kusu.\" \/>\n<meta property=\"og:url\" content=\"https:\/\/www.ikuchyne.sk\/eshop\/produkt\/tmavomodry-zamatovy-vankusik-so-zlatou-potlacou-paprad\/\" \/>\n<meta property=\"og:site_name\" content=\"iKuchyne iSHOP s n\u00e1bytkom\" \/>\n<meta property=\"article:publisher\" content=\"https:\/\/www.facebook.com\/ikuchyne\/\" \/>\n<meta property=\"article:modified_time\" content=\"2024-09-17T08:58:44+00:00\" \/>\n<meta property=\"og:image\" content=\"https:\/\/www.ikuchyne.sk\/eshop\/wp-content\/uploads\/2019\/04\/zamatkissen-zlataenes-Farnblatt-dunkelblau-39215.jpg\" \/>\n\t<meta property=\"og:image:width\" content=\"800\" \/>\n\t<meta property=\"og:image:height\" content=\"533\" \/>\n\t<meta property=\"og:image:type\" content=\"image\/jpeg\" \/>\n<meta name=\"twitter:card\" content=\"summary_large_image\" \/>\n<meta name=\"twitter:label1\" content=\"Predpokladan\u00fd \u010das \u010d\u00edtania\" \/>\n\t<meta name=\"twitter:data1\" content=\"1 min\u00fata\" \/>\n<script type=\"application\/ld+json\" class=\"yoast-schema-graph\">{\"@context\":\"https:\/\/schema.org\",\"@graph\":[{\"@type\":\"WebPage\",\"@id\":\"https:\/\/www.ikuchyne.sk\/eshop\/produkt\/tmavomodry-zamatovy-vankusik-so-zlatou-potlacou-paprad\/\",\"url\":\"https:\/\/www.ikuchyne.sk\/eshop\/produkt\/tmavomodry-zamatovy-vankusik-so-zlatou-potlacou-paprad\/\",\"name\":\"Kr\u00e1\u013eovsky modr\u00fd zamatov\u00fd vank\u00fa\u0161ik so zlatou potla\u010dou - papra\u010f \u00bb &#187; iKuchyne iSHOP s n\u00e1bytkom\",\"isPartOf\":{\"@id\":\"https:\/\/www.ikuchyne.sk\/eshop\/#website\"},\"datePublished\":\"2019-07-30T13:11:46+00:00\",\"dateModified\":\"2024-09-17T08:58:44+00:00\",\"description\":\"K\u00fapte si u n\u00e1s Kr\u00e1\u013eovsky modr\u00fd zamatov\u00fd vank\u00fa\u0161ik so zlatou potla\u010dou - papra\u010f \u00bb za akciov\u00fa cenu. R\u00fdchle dodanie tovaru, odborn\u00e9 poradenstvo a stovky produktov skladom. Kr\u00e1\u013eovsky modr\u00fd zamatov\u00fd vank\u00fa\u0161ik so zlatou potla\u010dou - papra\u010f \u00bb sa stane dominantou V\u00e1\u0161ho interi\u00e9ru. Internetov\u00fd obchod ikuchyne! pon\u00faka odber Kr\u00e1\u013eovsky modr\u00fd zamatov\u00fd vank\u00fa\u0161ik so zlatou potla\u010dou - papra\u010f \u00bb u\u017e od 1 kusu.\",\"breadcrumb\":{\"@id\":\"https:\/\/www.ikuchyne.sk\/eshop\/produkt\/tmavomodry-zamatovy-vankusik-so-zlatou-potlacou-paprad\/#breadcrumb\"},\"inLanguage\":\"sk-SK\",\"potentialAction\":[{\"@type\":\"ReadAction\",\"target\":[\"https:\/\/www.ikuchyne.sk\/eshop\/produkt\/tmavomodry-zamatovy-vankusik-so-zlatou-potlacou-paprad\/\"]}]},{\"@type\":\"BreadcrumbList\",\"@id\":\"https:\/\/www.ikuchyne.sk\/eshop\/produkt\/tmavomodry-zamatovy-vankusik-so-zlatou-potlacou-paprad\/#breadcrumb\",\"itemListElement\":[{\"@type\":\"ListItem\",\"position\":1,\"name\":\"Home\",\"item\":\"https:\/\/www.ikuchyne.sk\/eshop\/\"},{\"@type\":\"ListItem\",\"position\":2,\"name\":\"Obchod\",\"item\":\"https:\/\/www.ikuchyne.sk\/eshop\/obchod\/\"},{\"@type\":\"ListItem\",\"position\":3,\"name\":\"Kr\u00e1\u013eovsky modr\u00fd zamatov\u00fd vank\u00fa\u0161ik so zlatou potla\u010dou &#8211; papra\u010f \u00bb\"}]},{\"@type\":\"WebSite\",\"@id\":\"https:\/\/www.ikuchyne.sk\/eshop\/#website\",\"url\":\"https:\/\/www.ikuchyne.sk\/eshop\/\",\"name\":\"iKuchyne iSHOP s n\u00e1bytkom\",\"description\":\"Jed\u00e1lensk\u00e9 stoly, stoli\u010dky, n\u00e1bytok, svietidl\u00e1...\",\"publisher\":{\"@id\":\"https:\/\/www.ikuchyne.sk\/eshop\/#organization\"},\"potentialAction\":[{\"@type\":\"SearchAction\",\"target\":{\"@type\":\"EntryPoint\",\"urlTemplate\":\"https:\/\/www.ikuchyne.sk\/eshop\/?s={search_term_string}\"},\"query-input\":\"required name=search_term_string\"}],\"inLanguage\":\"sk-SK\"},{\"@type\":\"Organization\",\"@id\":\"https:\/\/www.ikuchyne.sk\/eshop\/#organization\",\"name\":\"ikuchyne!\",\"url\":\"https:\/\/www.ikuchyne.sk\/eshop\/\",\"logo\":{\"@type\":\"ImageObject\",\"inLanguage\":\"sk-SK\",\"@id\":\"https:\/\/www.ikuchyne.sk\/eshop\/#\/schema\/logo\/image\/\",\"url\":\"https:\/\/www.ikuchyne.sk\/eshop\/wp-content\/uploads\/2017\/04\/ikuchyne-logo.jpg\",\"contentUrl\":\"https:\/\/www.ikuchyne.sk\/eshop\/wp-content\/uploads\/2017\/04\/ikuchyne-logo.jpg\",\"width\":200,\"height\":48,\"caption\":\"ikuchyne!\"},\"image\":{\"@id\":\"https:\/\/www.ikuchyne.sk\/eshop\/#\/schema\/logo\/image\/\"},\"sameAs\":[\"https:\/\/www.facebook.com\/ikuchyne\/\",\"https:\/\/www.instagram.com\/ikuchyne.sk\/\",\"https:\/\/sk.pinterest.com\/ikuchynesk\/\"]}]}<\/script>\n<!-- \/ Yoast SEO plugin. -->","yoast_head_json":{"title":"Kr\u00e1\u013eovsky modr\u00fd zamatov\u00fd vank\u00fa\u0161ik so zlatou potla\u010dou - papra\u010f \u00bb &#187; iKuchyne iSHOP s n\u00e1bytkom","description":"K\u00fapte si u n\u00e1s Kr\u00e1\u013eovsky modr\u00fd zamatov\u00fd vank\u00fa\u0161ik so zlatou potla\u010dou - papra\u010f \u00bb za akciov\u00fa cenu. R\u00fdchle dodanie tovaru, odborn\u00e9 poradenstvo a stovky produktov skladom. Kr\u00e1\u013eovsky modr\u00fd zamatov\u00fd vank\u00fa\u0161ik so zlatou potla\u010dou - papra\u010f \u00bb sa stane dominantou V\u00e1\u0161ho interi\u00e9ru. Internetov\u00fd obchod ikuchyne! pon\u00faka odber Kr\u00e1\u013eovsky modr\u00fd zamatov\u00fd vank\u00fa\u0161ik so zlatou potla\u010dou - papra\u010f \u00bb u\u017e od 1 kusu.","robots":{"index":"index","follow":"follow","max-snippet":"max-snippet:-1","max-image-preview":"max-image-preview:large","max-video-preview":"max-video-preview:-1"},"canonical":"https:\/\/www.ikuchyne.sk\/eshop\/produkt\/tmavomodry-zamatovy-vankusik-so-zlatou-potlacou-paprad\/","og_locale":"sk_SK","og_type":"article","og_title":"Kr\u00e1\u013eovsky modr\u00fd zamatov\u00fd vank\u00fa\u0161ik so zlatou potla\u010dou - papra\u010f \u00bb &#187; iKuchyne iSHOP s n\u00e1bytkom","og_description":"K\u00fapte si u n\u00e1s Kr\u00e1\u013eovsky modr\u00fd zamatov\u00fd vank\u00fa\u0161ik so zlatou potla\u010dou - papra\u010f \u00bb za akciov\u00fa cenu. R\u00fdchle dodanie tovaru, odborn\u00e9 poradenstvo a stovky produktov skladom. Kr\u00e1\u013eovsky modr\u00fd zamatov\u00fd vank\u00fa\u0161ik so zlatou potla\u010dou - papra\u010f \u00bb sa stane dominantou V\u00e1\u0161ho interi\u00e9ru. Internetov\u00fd obchod ikuchyne! pon\u00faka odber Kr\u00e1\u013eovsky modr\u00fd zamatov\u00fd vank\u00fa\u0161ik so zlatou potla\u010dou - papra\u010f \u00bb u\u017e od 1 kusu.","og_url":"https:\/\/www.ikuchyne.sk\/eshop\/produkt\/tmavomodry-zamatovy-vankusik-so-zlatou-potlacou-paprad\/","og_site_name":"iKuchyne iSHOP s n\u00e1bytkom","article_publisher":"https:\/\/www.facebook.com\/ikuchyne\/","article_modified_time":"2024-09-17T08:58:44+00:00","og_image":[{"width":800,"height":533,"url":"https:\/\/www.ikuchyne.sk\/eshop\/wp-content\/uploads\/2019\/04\/zamatkissen-zlataenes-Farnblatt-dunkelblau-39215.jpg","type":"image\/jpeg"}],"twitter_card":"summary_large_image","twitter_misc":{"Predpokladan\u00fd \u010das \u010d\u00edtania":"1 min\u00fata"},"schema":{"@context":"https:\/\/schema.org","@graph":[{"@type":"WebPage","@id":"https:\/\/www.ikuchyne.sk\/eshop\/produkt\/tmavomodry-zamatovy-vankusik-so-zlatou-potlacou-paprad\/","url":"https:\/\/www.ikuchyne.sk\/eshop\/produkt\/tmavomodry-zamatovy-vankusik-so-zlatou-potlacou-paprad\/","name":"Kr\u00e1\u013eovsky modr\u00fd zamatov\u00fd vank\u00fa\u0161ik so zlatou potla\u010dou - papra\u010f \u00bb &#187; iKuchyne iSHOP s n\u00e1bytkom","isPartOf":{"@id":"https:\/\/www.ikuchyne.sk\/eshop\/#website"},"datePublished":"2019-07-30T13:11:46+00:00","dateModified":"2024-09-17T08:58:44+00:00","description":"K\u00fapte si u n\u00e1s Kr\u00e1\u013eovsky modr\u00fd zamatov\u00fd vank\u00fa\u0161ik so zlatou potla\u010dou - papra\u010f \u00bb za akciov\u00fa cenu. R\u00fdchle dodanie tovaru, odborn\u00e9 poradenstvo a stovky produktov skladom. Kr\u00e1\u013eovsky modr\u00fd zamatov\u00fd vank\u00fa\u0161ik so zlatou potla\u010dou - papra\u010f \u00bb sa stane dominantou V\u00e1\u0161ho interi\u00e9ru. Internetov\u00fd obchod ikuchyne! pon\u00faka odber Kr\u00e1\u013eovsky modr\u00fd zamatov\u00fd vank\u00fa\u0161ik so zlatou potla\u010dou - papra\u010f \u00bb u\u017e od 1 kusu.","breadcrumb":{"@id":"https:\/\/www.ikuchyne.sk\/eshop\/produkt\/tmavomodry-zamatovy-vankusik-so-zlatou-potlacou-paprad\/#breadcrumb"},"inLanguage":"sk-SK","potentialAction":[{"@type":"ReadAction","target":["https:\/\/www.ikuchyne.sk\/eshop\/produkt\/tmavomodry-zamatovy-vankusik-so-zlatou-potlacou-paprad\/"]}]},{"@type":"BreadcrumbList","@id":"https:\/\/www.ikuchyne.sk\/eshop\/produkt\/tmavomodry-zamatovy-vankusik-so-zlatou-potlacou-paprad\/#breadcrumb","itemListElement":[{"@type":"ListItem","position":1,"name":"Home","item":"https:\/\/www.ikuchyne.sk\/eshop\/"},{"@type":"ListItem","position":2,"name":"Obchod","item":"https:\/\/www.ikuchyne.sk\/eshop\/obchod\/"},{"@type":"ListItem","position":3,"name":"Kr\u00e1\u013eovsky modr\u00fd zamatov\u00fd vank\u00fa\u0161ik so zlatou potla\u010dou &#8211; papra\u010f \u00bb"}]},{"@type":"WebSite","@id":"https:\/\/www.ikuchyne.sk\/eshop\/#website","url":"https:\/\/www.ikuchyne.sk\/eshop\/","name":"iKuchyne iSHOP s n\u00e1bytkom","description":"Jed\u00e1lensk\u00e9 stoly, stoli\u010dky, n\u00e1bytok, svietidl\u00e1...","publisher":{"@id":"https:\/\/www.ikuchyne.sk\/eshop\/#organization"},"potentialAction":[{"@type":"SearchAction","target":{"@type":"EntryPoint","urlTemplate":"https:\/\/www.ikuchyne.sk\/eshop\/?s={search_term_string}"},"query-input":"required name=search_term_string"}],"inLanguage":"sk-SK"},{"@type":"Organization","@id":"https:\/\/www.ikuchyne.sk\/eshop\/#organization","name":"ikuchyne!","url":"https:\/\/www.ikuchyne.sk\/eshop\/","logo":{"@type":"ImageObject","inLanguage":"sk-SK","@id":"https:\/\/www.ikuchyne.sk\/eshop\/#\/schema\/logo\/image\/","url":"https:\/\/www.ikuchyne.sk\/eshop\/wp-content\/uploads\/2017\/04\/ikuchyne-logo.jpg","contentUrl":"https:\/\/www.ikuchyne.sk\/eshop\/wp-content\/uploads\/2017\/04\/ikuchyne-logo.jpg","width":200,"height":48,"caption":"ikuchyne!"},"image":{"@id":"https:\/\/www.ikuchyne.sk\/eshop\/#\/schema\/logo\/image\/"},"sameAs":["https:\/\/www.facebook.com\/ikuchyne\/","https:\/\/www.instagram.com\/ikuchyne.sk\/","https:\/\/sk.pinterest.com\/ikuchynesk\/"]}]}},"_links":{"self":[{"href":"https:\/\/www.ikuchyne.sk\/eshop\/wp-json\/wp\/v2\/product\/86171"}],"collection":[{"href":"https:\/\/www.ikuchyne.sk\/eshop\/wp-json\/wp\/v2\/product"}],"about":[{"href":"https:\/\/www.ikuchyne.sk\/eshop\/wp-json\/wp\/v2\/types\/product"}],"replies":[{"embeddable":true,"href":"https:\/\/www.ikuchyne.sk\/eshop\/wp-json\/wp\/v2\/comments?post=86171"}],"wp:featuredmedia":[{"embeddable":true,"href":"https:\/\/www.ikuchyne.sk\/eshop\/wp-json\/wp\/v2\/media\/86172"}],"wp:attachment":[{"href":"https:\/\/www.ikuchyne.sk\/eshop\/wp-json\/wp\/v2\/media?parent=86171"}],"wp:term":[{"taxonomy":"product_cat","embeddable":true,"href":"https:\/\/www.ikuchyne.sk\/eshop\/wp-json\/wp\/v2\/product_cat?post=86171"},{"taxonomy":"product_tag","embeddable":true,"href":"https:\/\/www.ikuchyne.sk\/eshop\/wp-json\/wp\/v2\/product_tag?post=86171"}],"curies":[{"name":"wp","href":"https:\/\/api.w.org\/{rel}","templated":true}]}}