{"id":86569,"date":"2019-05-15T13:31:03","date_gmt":"2019-05-15T11:31:03","guid":{"rendered":"https:\/\/ikuchyne.sk\/eshop\/?post_type=product&#038;p=86569"},"modified":"2024-03-10T19:19:56","modified_gmt":"2024-03-10T18:19:56","slug":"zavesna-lampa-seven-seas-ii-120cm","status":"publish","type":"product","link":"https:\/\/www.ikuchyne.sk\/eshop\/produkt\/zavesna-lampa-seven-seas-ii-120cm\/","title":{"rendered":"Z\u00e1vesn\u00e1 lampa Seven Seas II 120cm \u00bb"},"content":{"rendered":"<h1>Z\u00e1vesn\u00e1 lampa Seven Seas II 120cm<\/h1>\n<p><strong>V\u0161eobecn\u00fd opis stojanovej lampy:<\/strong><br \/>\nVe\u013ek\u00e9 svietidlo v\u00e1s zaujme hlavne osobit\u00fdm n\u00e1morn\u00fdm dizajnom. Desa\u0165 \u017eiaroviek je pripevnen\u00fdch na siln\u00e9 lan\u00e1 vo\u013ene umiestnen\u00e9 okolo kovovej pru\u017einy. Lan\u00e1 m\u00f4\u017eu by\u0165 obmotan\u00e9 na kovovej ty\u010di presne pod\u013ea v\u00e1\u0161ho vkusu &#8211; ka\u017ed\u00e9 svietidlo tak m\u00f4\u017ee by\u0165 \u00faplny origin\u00e1l.<\/p>\n<p><em>N\u00e1\u0161 tip:<\/em> Skombinujte z\u00e1vesn\u00fa lampu s podlahovou alebo stolovou lampou z tejto s\u00e9rie!<\/p>\n<p><strong>\u010eal\u0161ie inform\u00e1cie:<\/strong><br \/>\nV pr\u00edpade zne\u010distenia, pou\u017eite prachovku alebo pr\u00edpravky na \u010distenie svietidiel a m\u00e4kk\u00fa handri\u010dku. Nikdy nemanipulujte so svietidlom pod nap\u00e4t\u00edm.<\/p>\n<p><strong>Rozmery stojanovej lampy<\/strong>:<br \/>\n\u0160\u00edrka: 120cm<br \/>\nV\u00fd\u0161ka: 62cm<br \/>\nH\u013abka: 13cm<\/p>\n<p><strong>Celkov\u00e1 v\u00fd\u0161ka:<\/strong> 92cm<\/p>\n<p><strong>Technick\u00e9 parametre:<\/strong><br \/>\nZdroj: 10 x E27 max. 40W<br \/>\n(energetick\u00e1 trieda A++ a\u017e E)<\/p>\n<p><strong>Materi\u00e1l:<\/strong><br \/>\nZ\u00e1vesn\u00e1 ty\u010d: kov<br \/>\nLan\u00e1: abaca<\/p>\n<p><strong>Farba:<\/strong> pr\u00edrodn\u00e1<\/p>\n","protected":false},"excerpt":{"rendered":"<p>Z\u00e1vesn\u00e1 lampa Seven Seas II 120cm V\u0161eobecn\u00fd opis stojanovej lampy: Ve\u013ek\u00e9 svietidlo v\u00e1s zaujme hlavne osobit\u00fdm n\u00e1morn\u00fdm dizajnom. Desa\u0165 \u017eiaroviek je pripevnen\u00fdch na siln\u00e9 lan\u00e1 vo\u013ene umiestnen\u00e9 okolo kovovej pru\u017einy.<\/p>\n","protected":false},"featured_media":86570,"comment_status":"open","ping_status":"closed","template":"","meta":[],"product_cat":[772,182],"product_tag":[261],"yoast_head":"<!-- This site is optimized with the Yoast SEO plugin v22.1 - https:\/\/yoast.com\/wordpress\/plugins\/seo\/ -->\n<title>Z\u00e1vesn\u00e1 lampa Seven Seas II 120cm \u00bb &#187; iKuchyne iSHOP s n\u00e1bytkom<\/title>\n<meta name=\"description\" content=\"K\u00fapte si u n\u00e1s Z\u00e1vesn\u00e1 lampa Seven Seas II 120cm \u00bb za akciov\u00fa cenu. R\u00fdchle dodanie tovaru, odborn\u00e9 poradenstvo a stovky produktov skladom. Z\u00e1vesn\u00e1 lampa Seven Seas II 120cm \u00bb sa stane dominantou V\u00e1\u0161ho interi\u00e9ru. Internetov\u00fd obchod ikuchyne! pon\u00faka odber Z\u00e1vesn\u00e1 lampa Seven Seas II 120cm \u00bb u\u017e od 1 kusu.\" \/>\n<meta name=\"robots\" content=\"index, follow, max-snippet:-1, max-image-preview:large, max-video-preview:-1\" \/>\n<link rel=\"canonical\" href=\"https:\/\/www.ikuchyne.sk\/eshop\/produkt\/zavesna-lampa-seven-seas-ii-120cm\/\" \/>\n<meta property=\"og:locale\" content=\"sk_SK\" \/>\n<meta property=\"og:type\" content=\"article\" \/>\n<meta property=\"og:title\" content=\"Z\u00e1vesn\u00e1 lampa Seven Seas II 120cm \u00bb &#187; iKuchyne iSHOP s n\u00e1bytkom\" \/>\n<meta property=\"og:description\" content=\"K\u00fapte si u n\u00e1s Z\u00e1vesn\u00e1 lampa Seven Seas II 120cm \u00bb za akciov\u00fa cenu. R\u00fdchle dodanie tovaru, odborn\u00e9 poradenstvo a stovky produktov skladom. Z\u00e1vesn\u00e1 lampa Seven Seas II 120cm \u00bb sa stane dominantou V\u00e1\u0161ho interi\u00e9ru. Internetov\u00fd obchod ikuchyne! pon\u00faka odber Z\u00e1vesn\u00e1 lampa Seven Seas II 120cm \u00bb u\u017e od 1 kusu.\" \/>\n<meta property=\"og:url\" content=\"https:\/\/www.ikuchyne.sk\/eshop\/produkt\/zavesna-lampa-seven-seas-ii-120cm\/\" \/>\n<meta property=\"og:site_name\" content=\"iKuchyne iSHOP s n\u00e1bytkom\" \/>\n<meta property=\"article:publisher\" content=\"https:\/\/www.facebook.com\/ikuchyne\/\" \/>\n<meta property=\"article:modified_time\" content=\"2024-03-10T18:19:56+00:00\" \/>\n<meta property=\"og:image\" content=\"https:\/\/www.ikuchyne.sk\/eshop\/wp-content\/uploads\/2019\/05\/Zavesna-lampa-Seven-Seas-II-120cm-39315.jpg\" \/>\n\t<meta property=\"og:image:width\" content=\"800\" \/>\n\t<meta property=\"og:image:height\" content=\"533\" \/>\n\t<meta property=\"og:image:type\" content=\"image\/jpeg\" \/>\n<meta name=\"twitter:card\" content=\"summary_large_image\" \/>\n<meta name=\"twitter:label1\" content=\"Predpokladan\u00fd \u010das \u010d\u00edtania\" \/>\n\t<meta name=\"twitter:data1\" content=\"1 min\u00fata\" \/>\n<script type=\"application\/ld+json\" class=\"yoast-schema-graph\">{\"@context\":\"https:\/\/schema.org\",\"@graph\":[{\"@type\":\"WebPage\",\"@id\":\"https:\/\/www.ikuchyne.sk\/eshop\/produkt\/zavesna-lampa-seven-seas-ii-120cm\/\",\"url\":\"https:\/\/www.ikuchyne.sk\/eshop\/produkt\/zavesna-lampa-seven-seas-ii-120cm\/\",\"name\":\"Z\u00e1vesn\u00e1 lampa Seven Seas II 120cm \u00bb &#187; iKuchyne iSHOP s n\u00e1bytkom\",\"isPartOf\":{\"@id\":\"https:\/\/www.ikuchyne.sk\/eshop\/#website\"},\"datePublished\":\"2019-05-15T11:31:03+00:00\",\"dateModified\":\"2024-03-10T18:19:56+00:00\",\"description\":\"K\u00fapte si u n\u00e1s Z\u00e1vesn\u00e1 lampa Seven Seas II 120cm \u00bb za akciov\u00fa cenu. R\u00fdchle dodanie tovaru, odborn\u00e9 poradenstvo a stovky produktov skladom. Z\u00e1vesn\u00e1 lampa Seven Seas II 120cm \u00bb sa stane dominantou V\u00e1\u0161ho interi\u00e9ru. Internetov\u00fd obchod ikuchyne! pon\u00faka odber Z\u00e1vesn\u00e1 lampa Seven Seas II 120cm \u00bb u\u017e od 1 kusu.\",\"breadcrumb\":{\"@id\":\"https:\/\/www.ikuchyne.sk\/eshop\/produkt\/zavesna-lampa-seven-seas-ii-120cm\/#breadcrumb\"},\"inLanguage\":\"sk-SK\",\"potentialAction\":[{\"@type\":\"ReadAction\",\"target\":[\"https:\/\/www.ikuchyne.sk\/eshop\/produkt\/zavesna-lampa-seven-seas-ii-120cm\/\"]}]},{\"@type\":\"BreadcrumbList\",\"@id\":\"https:\/\/www.ikuchyne.sk\/eshop\/produkt\/zavesna-lampa-seven-seas-ii-120cm\/#breadcrumb\",\"itemListElement\":[{\"@type\":\"ListItem\",\"position\":1,\"name\":\"Home\",\"item\":\"https:\/\/www.ikuchyne.sk\/eshop\/\"},{\"@type\":\"ListItem\",\"position\":2,\"name\":\"Obchod\",\"item\":\"https:\/\/www.ikuchyne.sk\/eshop\/obchod\/\"},{\"@type\":\"ListItem\",\"position\":3,\"name\":\"Z\u00e1vesn\u00e1 lampa Seven Seas II 120cm \u00bb\"}]},{\"@type\":\"WebSite\",\"@id\":\"https:\/\/www.ikuchyne.sk\/eshop\/#website\",\"url\":\"https:\/\/www.ikuchyne.sk\/eshop\/\",\"name\":\"iKuchyne iSHOP s n\u00e1bytkom\",\"description\":\"Jed\u00e1lensk\u00e9 stoly, stoli\u010dky, n\u00e1bytok, svietidl\u00e1...\",\"publisher\":{\"@id\":\"https:\/\/www.ikuchyne.sk\/eshop\/#organization\"},\"potentialAction\":[{\"@type\":\"SearchAction\",\"target\":{\"@type\":\"EntryPoint\",\"urlTemplate\":\"https:\/\/www.ikuchyne.sk\/eshop\/?s={search_term_string}\"},\"query-input\":\"required name=search_term_string\"}],\"inLanguage\":\"sk-SK\"},{\"@type\":\"Organization\",\"@id\":\"https:\/\/www.ikuchyne.sk\/eshop\/#organization\",\"name\":\"ikuchyne!\",\"url\":\"https:\/\/www.ikuchyne.sk\/eshop\/\",\"logo\":{\"@type\":\"ImageObject\",\"inLanguage\":\"sk-SK\",\"@id\":\"https:\/\/www.ikuchyne.sk\/eshop\/#\/schema\/logo\/image\/\",\"url\":\"https:\/\/www.ikuchyne.sk\/eshop\/wp-content\/uploads\/2017\/04\/ikuchyne-logo.jpg\",\"contentUrl\":\"https:\/\/www.ikuchyne.sk\/eshop\/wp-content\/uploads\/2017\/04\/ikuchyne-logo.jpg\",\"width\":200,\"height\":48,\"caption\":\"ikuchyne!\"},\"image\":{\"@id\":\"https:\/\/www.ikuchyne.sk\/eshop\/#\/schema\/logo\/image\/\"},\"sameAs\":[\"https:\/\/www.facebook.com\/ikuchyne\/\",\"https:\/\/www.instagram.com\/ikuchyne.sk\/\",\"https:\/\/sk.pinterest.com\/ikuchynesk\/\"]}]}<\/script>\n<!-- \/ Yoast SEO plugin. -->","yoast_head_json":{"title":"Z\u00e1vesn\u00e1 lampa Seven Seas II 120cm \u00bb &#187; iKuchyne iSHOP s n\u00e1bytkom","description":"K\u00fapte si u n\u00e1s Z\u00e1vesn\u00e1 lampa Seven Seas II 120cm \u00bb za akciov\u00fa cenu. R\u00fdchle dodanie tovaru, odborn\u00e9 poradenstvo a stovky produktov skladom. Z\u00e1vesn\u00e1 lampa Seven Seas II 120cm \u00bb sa stane dominantou V\u00e1\u0161ho interi\u00e9ru. Internetov\u00fd obchod ikuchyne! pon\u00faka odber Z\u00e1vesn\u00e1 lampa Seven Seas II 120cm \u00bb u\u017e od 1 kusu.","robots":{"index":"index","follow":"follow","max-snippet":"max-snippet:-1","max-image-preview":"max-image-preview:large","max-video-preview":"max-video-preview:-1"},"canonical":"https:\/\/www.ikuchyne.sk\/eshop\/produkt\/zavesna-lampa-seven-seas-ii-120cm\/","og_locale":"sk_SK","og_type":"article","og_title":"Z\u00e1vesn\u00e1 lampa Seven Seas II 120cm \u00bb &#187; iKuchyne iSHOP s n\u00e1bytkom","og_description":"K\u00fapte si u n\u00e1s Z\u00e1vesn\u00e1 lampa Seven Seas II 120cm \u00bb za akciov\u00fa cenu. R\u00fdchle dodanie tovaru, odborn\u00e9 poradenstvo a stovky produktov skladom. Z\u00e1vesn\u00e1 lampa Seven Seas II 120cm \u00bb sa stane dominantou V\u00e1\u0161ho interi\u00e9ru. Internetov\u00fd obchod ikuchyne! pon\u00faka odber Z\u00e1vesn\u00e1 lampa Seven Seas II 120cm \u00bb u\u017e od 1 kusu.","og_url":"https:\/\/www.ikuchyne.sk\/eshop\/produkt\/zavesna-lampa-seven-seas-ii-120cm\/","og_site_name":"iKuchyne iSHOP s n\u00e1bytkom","article_publisher":"https:\/\/www.facebook.com\/ikuchyne\/","article_modified_time":"2024-03-10T18:19:56+00:00","og_image":[{"width":800,"height":533,"url":"https:\/\/www.ikuchyne.sk\/eshop\/wp-content\/uploads\/2019\/05\/Zavesna-lampa-Seven-Seas-II-120cm-39315.jpg","type":"image\/jpeg"}],"twitter_card":"summary_large_image","twitter_misc":{"Predpokladan\u00fd \u010das \u010d\u00edtania":"1 min\u00fata"},"schema":{"@context":"https:\/\/schema.org","@graph":[{"@type":"WebPage","@id":"https:\/\/www.ikuchyne.sk\/eshop\/produkt\/zavesna-lampa-seven-seas-ii-120cm\/","url":"https:\/\/www.ikuchyne.sk\/eshop\/produkt\/zavesna-lampa-seven-seas-ii-120cm\/","name":"Z\u00e1vesn\u00e1 lampa Seven Seas II 120cm \u00bb &#187; iKuchyne iSHOP s n\u00e1bytkom","isPartOf":{"@id":"https:\/\/www.ikuchyne.sk\/eshop\/#website"},"datePublished":"2019-05-15T11:31:03+00:00","dateModified":"2024-03-10T18:19:56+00:00","description":"K\u00fapte si u n\u00e1s Z\u00e1vesn\u00e1 lampa Seven Seas II 120cm \u00bb za akciov\u00fa cenu. R\u00fdchle dodanie tovaru, odborn\u00e9 poradenstvo a stovky produktov skladom. Z\u00e1vesn\u00e1 lampa Seven Seas II 120cm \u00bb sa stane dominantou V\u00e1\u0161ho interi\u00e9ru. Internetov\u00fd obchod ikuchyne! pon\u00faka odber Z\u00e1vesn\u00e1 lampa Seven Seas II 120cm \u00bb u\u017e od 1 kusu.","breadcrumb":{"@id":"https:\/\/www.ikuchyne.sk\/eshop\/produkt\/zavesna-lampa-seven-seas-ii-120cm\/#breadcrumb"},"inLanguage":"sk-SK","potentialAction":[{"@type":"ReadAction","target":["https:\/\/www.ikuchyne.sk\/eshop\/produkt\/zavesna-lampa-seven-seas-ii-120cm\/"]}]},{"@type":"BreadcrumbList","@id":"https:\/\/www.ikuchyne.sk\/eshop\/produkt\/zavesna-lampa-seven-seas-ii-120cm\/#breadcrumb","itemListElement":[{"@type":"ListItem","position":1,"name":"Home","item":"https:\/\/www.ikuchyne.sk\/eshop\/"},{"@type":"ListItem","position":2,"name":"Obchod","item":"https:\/\/www.ikuchyne.sk\/eshop\/obchod\/"},{"@type":"ListItem","position":3,"name":"Z\u00e1vesn\u00e1 lampa Seven Seas II 120cm \u00bb"}]},{"@type":"WebSite","@id":"https:\/\/www.ikuchyne.sk\/eshop\/#website","url":"https:\/\/www.ikuchyne.sk\/eshop\/","name":"iKuchyne iSHOP s n\u00e1bytkom","description":"Jed\u00e1lensk\u00e9 stoly, stoli\u010dky, n\u00e1bytok, svietidl\u00e1...","publisher":{"@id":"https:\/\/www.ikuchyne.sk\/eshop\/#organization"},"potentialAction":[{"@type":"SearchAction","target":{"@type":"EntryPoint","urlTemplate":"https:\/\/www.ikuchyne.sk\/eshop\/?s={search_term_string}"},"query-input":"required name=search_term_string"}],"inLanguage":"sk-SK"},{"@type":"Organization","@id":"https:\/\/www.ikuchyne.sk\/eshop\/#organization","name":"ikuchyne!","url":"https:\/\/www.ikuchyne.sk\/eshop\/","logo":{"@type":"ImageObject","inLanguage":"sk-SK","@id":"https:\/\/www.ikuchyne.sk\/eshop\/#\/schema\/logo\/image\/","url":"https:\/\/www.ikuchyne.sk\/eshop\/wp-content\/uploads\/2017\/04\/ikuchyne-logo.jpg","contentUrl":"https:\/\/www.ikuchyne.sk\/eshop\/wp-content\/uploads\/2017\/04\/ikuchyne-logo.jpg","width":200,"height":48,"caption":"ikuchyne!"},"image":{"@id":"https:\/\/www.ikuchyne.sk\/eshop\/#\/schema\/logo\/image\/"},"sameAs":["https:\/\/www.facebook.com\/ikuchyne\/","https:\/\/www.instagram.com\/ikuchyne.sk\/","https:\/\/sk.pinterest.com\/ikuchynesk\/"]}]}},"_links":{"self":[{"href":"https:\/\/www.ikuchyne.sk\/eshop\/wp-json\/wp\/v2\/product\/86569"}],"collection":[{"href":"https:\/\/www.ikuchyne.sk\/eshop\/wp-json\/wp\/v2\/product"}],"about":[{"href":"https:\/\/www.ikuchyne.sk\/eshop\/wp-json\/wp\/v2\/types\/product"}],"replies":[{"embeddable":true,"href":"https:\/\/www.ikuchyne.sk\/eshop\/wp-json\/wp\/v2\/comments?post=86569"}],"wp:featuredmedia":[{"embeddable":true,"href":"https:\/\/www.ikuchyne.sk\/eshop\/wp-json\/wp\/v2\/media\/86570"}],"wp:attachment":[{"href":"https:\/\/www.ikuchyne.sk\/eshop\/wp-json\/wp\/v2\/media?parent=86569"}],"wp:term":[{"taxonomy":"product_cat","embeddable":true,"href":"https:\/\/www.ikuchyne.sk\/eshop\/wp-json\/wp\/v2\/product_cat?post=86569"},{"taxonomy":"product_tag","embeddable":true,"href":"https:\/\/www.ikuchyne.sk\/eshop\/wp-json\/wp\/v2\/product_tag?post=86569"}],"curies":[{"name":"wp","href":"https:\/\/api.w.org\/{rel}","templated":true}]}}