{"id":86627,"date":"2019-07-19T15:37:37","date_gmt":"2019-07-19T13:37:37","guid":{"rendered":"https:\/\/ikuchyne.sk\/eshop\/?post_type=product&#038;p=86627"},"modified":"2019-09-10T15:09:31","modified_gmt":"2019-09-10T13:09:31","slug":"siva-stolicka-lounger","status":"publish","type":"product","link":"https:\/\/www.ikuchyne.sk\/eshop\/produkt\/siva-stolicka-lounger\/","title":{"rendered":"Siv\u00e1 jed\u00e1lensk\u00e1 stoli\u010dka Lounger \u00bb"},"content":{"rendered":"<h1><b>Antracitov\u00e1 jed\u00e1lensk\u00e1 stoli\u010dka Lounger<\/b><\/h1>\n<p><b><br \/>\n<\/b><b>V\u0161eobecn\u00fd opis kresla:<\/b><b><br \/>\n<\/b>Jed\u00e1lensk\u00e1 stoli\u010dka Lounger pon\u00faka modern\u00fd dizajn a maxim\u00e1lne pohodlie pri seden\u00ed. \u010cal\u00fanen\u00e9 sedadlo je navrhnut\u00e9 v sivej farbe. Ozdobn\u00e9 \u0161vy dotv\u00e1raj\u00fa celkov\u00fd elegantn\u00fd dizajn stoli\u010dky. Rozprestret\u00e9 nohy stoli\u010dky pripom\u00ednaj\u00fa popul\u00e1rny retro dizajn, ktor\u00fd sa st\u00e1le viac dost\u00e1va do popredia. V\u010faka univerz\u00e1lnej sivej farbe\u00a0 je jed\u00e1lensk\u00e1 stoli\u010dka Lounger \u013eahko kombinovate\u013en\u00e1 s in\u00fdmi kusmi n\u00e1bytku v interi\u00e9ri.<\/p>\n<p><b>Rozmery kresla:<br \/>\n<\/b>\u0160\u00edrka: 63cm<br \/>\nV\u00fd\u0161ka: 85cm<br \/>\nH\u013abka: 62cm\u00a0<b><br \/>\n<\/b><\/p>\n<p><b>Rozmery sedenia:<\/b>\u00a038cm x 48cm x 42cm<br \/>\n<strong>Rozmery operadla:<\/strong>\u00a041cm<br \/>\n<strong>Rozmery lak\u0165ovej opierky:<\/strong>\u00a017cm<\/p>\n<p><b>Materi\u00e1l:<\/b> vrecovina<br \/>\n<b>Farba:<\/b> siv\u00e1<\/p>\n","protected":false},"excerpt":{"rendered":"<p>Antracitov\u00e1 jed\u00e1lensk\u00e1 stoli\u010dka Lounger V\u0161eobecn\u00fd opis kresla: Jed\u00e1lensk\u00e1 stoli\u010dka Lounger pon\u00faka modern\u00fd dizajn a maxim\u00e1lne pohodlie pri seden\u00ed. \u010cal\u00fanen\u00e9 sedadlo je navrhnut\u00e9 v sivej farbe. Ozdobn\u00e9 \u0161vy dotv\u00e1raj\u00fa celkov\u00fd elegantn\u00fd<\/p>\n","protected":false},"featured_media":86628,"comment_status":"open","ping_status":"closed","template":"","meta":[],"product_cat":[772,288,310,823,820],"product_tag":[204],"yoast_head":"<!-- This site is optimized with the Yoast SEO plugin v22.1 - https:\/\/yoast.com\/wordpress\/plugins\/seo\/ -->\n<title>Siv\u00e1 jed\u00e1lensk\u00e1 stoli\u010dka Lounger \u00bb &#187; iKuchyne iSHOP s n\u00e1bytkom<\/title>\n<meta name=\"description\" content=\"K\u00fapte si u n\u00e1s Siv\u00e1 jed\u00e1lensk\u00e1 stoli\u010dka Lounger \u00bb za akciov\u00fa cenu. R\u00fdchle dodanie tovaru, odborn\u00e9 poradenstvo a stovky produktov skladom. Siv\u00e1 jed\u00e1lensk\u00e1 stoli\u010dka Lounger \u00bb sa stane dominantou V\u00e1\u0161ho interi\u00e9ru. Internetov\u00fd obchod ikuchyne! pon\u00faka odber Siv\u00e1 jed\u00e1lensk\u00e1 stoli\u010dka Lounger \u00bb u\u017e od 1 kusu.\" \/>\n<meta name=\"robots\" content=\"index, follow, max-snippet:-1, max-image-preview:large, max-video-preview:-1\" \/>\n<link rel=\"canonical\" href=\"https:\/\/www.ikuchyne.sk\/eshop\/produkt\/siva-stolicka-lounger\/\" \/>\n<meta property=\"og:locale\" content=\"sk_SK\" \/>\n<meta property=\"og:type\" content=\"article\" \/>\n<meta property=\"og:title\" content=\"Siv\u00e1 jed\u00e1lensk\u00e1 stoli\u010dka Lounger \u00bb &#187; iKuchyne iSHOP s n\u00e1bytkom\" \/>\n<meta property=\"og:description\" content=\"K\u00fapte si u n\u00e1s Siv\u00e1 jed\u00e1lensk\u00e1 stoli\u010dka Lounger \u00bb za akciov\u00fa cenu. R\u00fdchle dodanie tovaru, odborn\u00e9 poradenstvo a stovky produktov skladom. Siv\u00e1 jed\u00e1lensk\u00e1 stoli\u010dka Lounger \u00bb sa stane dominantou V\u00e1\u0161ho interi\u00e9ru. Internetov\u00fd obchod ikuchyne! pon\u00faka odber Siv\u00e1 jed\u00e1lensk\u00e1 stoli\u010dka Lounger \u00bb u\u017e od 1 kusu.\" \/>\n<meta property=\"og:url\" content=\"https:\/\/www.ikuchyne.sk\/eshop\/produkt\/siva-stolicka-lounger\/\" \/>\n<meta property=\"og:site_name\" content=\"iKuchyne iSHOP s n\u00e1bytkom\" \/>\n<meta property=\"article:publisher\" content=\"https:\/\/www.facebook.com\/ikuchyne\/\" \/>\n<meta property=\"article:modified_time\" content=\"2019-09-10T13:09:31+00:00\" \/>\n<meta property=\"og:image\" content=\"https:\/\/www.ikuchyne.sk\/eshop\/wp-content\/uploads\/2019\/05\/Stolicka-Lounger-siva-Armlehne-39352.jpg\" \/>\n\t<meta property=\"og:image:width\" content=\"800\" \/>\n\t<meta property=\"og:image:height\" content=\"533\" \/>\n\t<meta property=\"og:image:type\" content=\"image\/jpeg\" \/>\n<meta name=\"twitter:card\" content=\"summary_large_image\" \/>\n<meta name=\"twitter:label1\" content=\"Predpokladan\u00fd \u010das \u010d\u00edtania\" \/>\n\t<meta name=\"twitter:data1\" content=\"1 min\u00fata\" \/>\n<script type=\"application\/ld+json\" class=\"yoast-schema-graph\">{\"@context\":\"https:\/\/schema.org\",\"@graph\":[{\"@type\":\"WebPage\",\"@id\":\"https:\/\/www.ikuchyne.sk\/eshop\/produkt\/siva-stolicka-lounger\/\",\"url\":\"https:\/\/www.ikuchyne.sk\/eshop\/produkt\/siva-stolicka-lounger\/\",\"name\":\"Siv\u00e1 jed\u00e1lensk\u00e1 stoli\u010dka Lounger \u00bb &#187; iKuchyne iSHOP s n\u00e1bytkom\",\"isPartOf\":{\"@id\":\"https:\/\/www.ikuchyne.sk\/eshop\/#website\"},\"datePublished\":\"2019-07-19T13:37:37+00:00\",\"dateModified\":\"2019-09-10T13:09:31+00:00\",\"description\":\"K\u00fapte si u n\u00e1s Siv\u00e1 jed\u00e1lensk\u00e1 stoli\u010dka Lounger \u00bb za akciov\u00fa cenu. R\u00fdchle dodanie tovaru, odborn\u00e9 poradenstvo a stovky produktov skladom. Siv\u00e1 jed\u00e1lensk\u00e1 stoli\u010dka Lounger \u00bb sa stane dominantou V\u00e1\u0161ho interi\u00e9ru. Internetov\u00fd obchod ikuchyne! pon\u00faka odber Siv\u00e1 jed\u00e1lensk\u00e1 stoli\u010dka Lounger \u00bb u\u017e od 1 kusu.\",\"breadcrumb\":{\"@id\":\"https:\/\/www.ikuchyne.sk\/eshop\/produkt\/siva-stolicka-lounger\/#breadcrumb\"},\"inLanguage\":\"sk-SK\",\"potentialAction\":[{\"@type\":\"ReadAction\",\"target\":[\"https:\/\/www.ikuchyne.sk\/eshop\/produkt\/siva-stolicka-lounger\/\"]}]},{\"@type\":\"BreadcrumbList\",\"@id\":\"https:\/\/www.ikuchyne.sk\/eshop\/produkt\/siva-stolicka-lounger\/#breadcrumb\",\"itemListElement\":[{\"@type\":\"ListItem\",\"position\":1,\"name\":\"Home\",\"item\":\"https:\/\/www.ikuchyne.sk\/eshop\/\"},{\"@type\":\"ListItem\",\"position\":2,\"name\":\"Obchod\",\"item\":\"https:\/\/www.ikuchyne.sk\/eshop\/obchod\/\"},{\"@type\":\"ListItem\",\"position\":3,\"name\":\"Siv\u00e1 jed\u00e1lensk\u00e1 stoli\u010dka Lounger \u00bb\"}]},{\"@type\":\"WebSite\",\"@id\":\"https:\/\/www.ikuchyne.sk\/eshop\/#website\",\"url\":\"https:\/\/www.ikuchyne.sk\/eshop\/\",\"name\":\"iKuchyne iSHOP s n\u00e1bytkom\",\"description\":\"Jed\u00e1lensk\u00e9 stoly, stoli\u010dky, n\u00e1bytok, svietidl\u00e1...\",\"publisher\":{\"@id\":\"https:\/\/www.ikuchyne.sk\/eshop\/#organization\"},\"potentialAction\":[{\"@type\":\"SearchAction\",\"target\":{\"@type\":\"EntryPoint\",\"urlTemplate\":\"https:\/\/www.ikuchyne.sk\/eshop\/?s={search_term_string}\"},\"query-input\":\"required name=search_term_string\"}],\"inLanguage\":\"sk-SK\"},{\"@type\":\"Organization\",\"@id\":\"https:\/\/www.ikuchyne.sk\/eshop\/#organization\",\"name\":\"ikuchyne!\",\"url\":\"https:\/\/www.ikuchyne.sk\/eshop\/\",\"logo\":{\"@type\":\"ImageObject\",\"inLanguage\":\"sk-SK\",\"@id\":\"https:\/\/www.ikuchyne.sk\/eshop\/#\/schema\/logo\/image\/\",\"url\":\"https:\/\/www.ikuchyne.sk\/eshop\/wp-content\/uploads\/2017\/04\/ikuchyne-logo.jpg\",\"contentUrl\":\"https:\/\/www.ikuchyne.sk\/eshop\/wp-content\/uploads\/2017\/04\/ikuchyne-logo.jpg\",\"width\":200,\"height\":48,\"caption\":\"ikuchyne!\"},\"image\":{\"@id\":\"https:\/\/www.ikuchyne.sk\/eshop\/#\/schema\/logo\/image\/\"},\"sameAs\":[\"https:\/\/www.facebook.com\/ikuchyne\/\",\"https:\/\/www.instagram.com\/ikuchyne.sk\/\",\"https:\/\/sk.pinterest.com\/ikuchynesk\/\"]}]}<\/script>\n<!-- \/ Yoast SEO plugin. -->","yoast_head_json":{"title":"Siv\u00e1 jed\u00e1lensk\u00e1 stoli\u010dka Lounger \u00bb &#187; iKuchyne iSHOP s n\u00e1bytkom","description":"K\u00fapte si u n\u00e1s Siv\u00e1 jed\u00e1lensk\u00e1 stoli\u010dka Lounger \u00bb za akciov\u00fa cenu. R\u00fdchle dodanie tovaru, odborn\u00e9 poradenstvo a stovky produktov skladom. Siv\u00e1 jed\u00e1lensk\u00e1 stoli\u010dka Lounger \u00bb sa stane dominantou V\u00e1\u0161ho interi\u00e9ru. Internetov\u00fd obchod ikuchyne! pon\u00faka odber Siv\u00e1 jed\u00e1lensk\u00e1 stoli\u010dka Lounger \u00bb u\u017e od 1 kusu.","robots":{"index":"index","follow":"follow","max-snippet":"max-snippet:-1","max-image-preview":"max-image-preview:large","max-video-preview":"max-video-preview:-1"},"canonical":"https:\/\/www.ikuchyne.sk\/eshop\/produkt\/siva-stolicka-lounger\/","og_locale":"sk_SK","og_type":"article","og_title":"Siv\u00e1 jed\u00e1lensk\u00e1 stoli\u010dka Lounger \u00bb &#187; iKuchyne iSHOP s n\u00e1bytkom","og_description":"K\u00fapte si u n\u00e1s Siv\u00e1 jed\u00e1lensk\u00e1 stoli\u010dka Lounger \u00bb za akciov\u00fa cenu. R\u00fdchle dodanie tovaru, odborn\u00e9 poradenstvo a stovky produktov skladom. Siv\u00e1 jed\u00e1lensk\u00e1 stoli\u010dka Lounger \u00bb sa stane dominantou V\u00e1\u0161ho interi\u00e9ru. Internetov\u00fd obchod ikuchyne! pon\u00faka odber Siv\u00e1 jed\u00e1lensk\u00e1 stoli\u010dka Lounger \u00bb u\u017e od 1 kusu.","og_url":"https:\/\/www.ikuchyne.sk\/eshop\/produkt\/siva-stolicka-lounger\/","og_site_name":"iKuchyne iSHOP s n\u00e1bytkom","article_publisher":"https:\/\/www.facebook.com\/ikuchyne\/","article_modified_time":"2019-09-10T13:09:31+00:00","og_image":[{"width":800,"height":533,"url":"https:\/\/www.ikuchyne.sk\/eshop\/wp-content\/uploads\/2019\/05\/Stolicka-Lounger-siva-Armlehne-39352.jpg","type":"image\/jpeg"}],"twitter_card":"summary_large_image","twitter_misc":{"Predpokladan\u00fd \u010das \u010d\u00edtania":"1 min\u00fata"},"schema":{"@context":"https:\/\/schema.org","@graph":[{"@type":"WebPage","@id":"https:\/\/www.ikuchyne.sk\/eshop\/produkt\/siva-stolicka-lounger\/","url":"https:\/\/www.ikuchyne.sk\/eshop\/produkt\/siva-stolicka-lounger\/","name":"Siv\u00e1 jed\u00e1lensk\u00e1 stoli\u010dka Lounger \u00bb &#187; iKuchyne iSHOP s n\u00e1bytkom","isPartOf":{"@id":"https:\/\/www.ikuchyne.sk\/eshop\/#website"},"datePublished":"2019-07-19T13:37:37+00:00","dateModified":"2019-09-10T13:09:31+00:00","description":"K\u00fapte si u n\u00e1s Siv\u00e1 jed\u00e1lensk\u00e1 stoli\u010dka Lounger \u00bb za akciov\u00fa cenu. R\u00fdchle dodanie tovaru, odborn\u00e9 poradenstvo a stovky produktov skladom. Siv\u00e1 jed\u00e1lensk\u00e1 stoli\u010dka Lounger \u00bb sa stane dominantou V\u00e1\u0161ho interi\u00e9ru. Internetov\u00fd obchod ikuchyne! pon\u00faka odber Siv\u00e1 jed\u00e1lensk\u00e1 stoli\u010dka Lounger \u00bb u\u017e od 1 kusu.","breadcrumb":{"@id":"https:\/\/www.ikuchyne.sk\/eshop\/produkt\/siva-stolicka-lounger\/#breadcrumb"},"inLanguage":"sk-SK","potentialAction":[{"@type":"ReadAction","target":["https:\/\/www.ikuchyne.sk\/eshop\/produkt\/siva-stolicka-lounger\/"]}]},{"@type":"BreadcrumbList","@id":"https:\/\/www.ikuchyne.sk\/eshop\/produkt\/siva-stolicka-lounger\/#breadcrumb","itemListElement":[{"@type":"ListItem","position":1,"name":"Home","item":"https:\/\/www.ikuchyne.sk\/eshop\/"},{"@type":"ListItem","position":2,"name":"Obchod","item":"https:\/\/www.ikuchyne.sk\/eshop\/obchod\/"},{"@type":"ListItem","position":3,"name":"Siv\u00e1 jed\u00e1lensk\u00e1 stoli\u010dka Lounger \u00bb"}]},{"@type":"WebSite","@id":"https:\/\/www.ikuchyne.sk\/eshop\/#website","url":"https:\/\/www.ikuchyne.sk\/eshop\/","name":"iKuchyne iSHOP s n\u00e1bytkom","description":"Jed\u00e1lensk\u00e9 stoly, stoli\u010dky, n\u00e1bytok, svietidl\u00e1...","publisher":{"@id":"https:\/\/www.ikuchyne.sk\/eshop\/#organization"},"potentialAction":[{"@type":"SearchAction","target":{"@type":"EntryPoint","urlTemplate":"https:\/\/www.ikuchyne.sk\/eshop\/?s={search_term_string}"},"query-input":"required name=search_term_string"}],"inLanguage":"sk-SK"},{"@type":"Organization","@id":"https:\/\/www.ikuchyne.sk\/eshop\/#organization","name":"ikuchyne!","url":"https:\/\/www.ikuchyne.sk\/eshop\/","logo":{"@type":"ImageObject","inLanguage":"sk-SK","@id":"https:\/\/www.ikuchyne.sk\/eshop\/#\/schema\/logo\/image\/","url":"https:\/\/www.ikuchyne.sk\/eshop\/wp-content\/uploads\/2017\/04\/ikuchyne-logo.jpg","contentUrl":"https:\/\/www.ikuchyne.sk\/eshop\/wp-content\/uploads\/2017\/04\/ikuchyne-logo.jpg","width":200,"height":48,"caption":"ikuchyne!"},"image":{"@id":"https:\/\/www.ikuchyne.sk\/eshop\/#\/schema\/logo\/image\/"},"sameAs":["https:\/\/www.facebook.com\/ikuchyne\/","https:\/\/www.instagram.com\/ikuchyne.sk\/","https:\/\/sk.pinterest.com\/ikuchynesk\/"]}]}},"_links":{"self":[{"href":"https:\/\/www.ikuchyne.sk\/eshop\/wp-json\/wp\/v2\/product\/86627"}],"collection":[{"href":"https:\/\/www.ikuchyne.sk\/eshop\/wp-json\/wp\/v2\/product"}],"about":[{"href":"https:\/\/www.ikuchyne.sk\/eshop\/wp-json\/wp\/v2\/types\/product"}],"replies":[{"embeddable":true,"href":"https:\/\/www.ikuchyne.sk\/eshop\/wp-json\/wp\/v2\/comments?post=86627"}],"wp:featuredmedia":[{"embeddable":true,"href":"https:\/\/www.ikuchyne.sk\/eshop\/wp-json\/wp\/v2\/media\/86628"}],"wp:attachment":[{"href":"https:\/\/www.ikuchyne.sk\/eshop\/wp-json\/wp\/v2\/media?parent=86627"}],"wp:term":[{"taxonomy":"product_cat","embeddable":true,"href":"https:\/\/www.ikuchyne.sk\/eshop\/wp-json\/wp\/v2\/product_cat?post=86627"},{"taxonomy":"product_tag","embeddable":true,"href":"https:\/\/www.ikuchyne.sk\/eshop\/wp-json\/wp\/v2\/product_tag?post=86627"}],"curies":[{"name":"wp","href":"https:\/\/api.w.org\/{rel}","templated":true}]}}