{"id":87751,"date":"2019-07-19T11:13:19","date_gmt":"2019-07-19T09:13:19","guid":{"rendered":"https:\/\/ikuchyne.sk\/eshop\/?post_type=product&#038;p=87751"},"modified":"2024-02-02T10:07:55","modified_gmt":"2024-02-02T09:07:55","slug":"zlata-zavesna-lampa-golden-ball-30cm","status":"publish","type":"product","link":"https:\/\/www.ikuchyne.sk\/eshop\/produkt\/zlata-zavesna-lampa-golden-ball-30cm\/","title":{"rendered":"Zlat\u00e1 z\u00e1vesn\u00e1 lampa Golden Ball \u00d8 30cm \u00bb"},"content":{"rendered":"<h1>Zlat\u00e1 z\u00e1vesn\u00e1 lampa Golden Ball \u00d8 30 cm<\/h1>\n<p><strong>V\u0161eobecn\u00fd opis z\u00e1vesnej lampy:<br \/>\n<\/strong>Z\u00e1vesn\u00e1 lampa Golden Ball zlatej farby je vhodn\u00e1 do dom\u00e1cnost\u00ed, ktor\u00e9 maj\u00fa radi nad\u010dasov\u00fd dizajn. Jej elegantnos\u0165 a pr\u00edjemn\u00e9 sfarbenie kr\u00e1sne z\u00fatuln\u00ed v\u00e1\u0161 domov. Dostato\u010dne osvetl\u00ed jed\u00e1le\u0148, \u010di kuchy\u0148u v modernej dom\u00e1cnosti. Pr\u00edvodn\u00e1 \u0161n\u00fara sa d\u00e1 pri in\u0161tal\u00e1cii skr\u00e1ti\u0165. Svietidlo je prisp\u00f4soben\u00e9 na \u017eiarovku so z\u00e1vitom E27. Dod\u00e1va sa bez \u017eiaroviek.<\/p>\n<p><strong>\u010eal\u0161ie inform\u00e1cie:<br \/>\n<\/strong>V pr\u00edpade zne\u010distenia, pou\u017eite prachovku alebo pr\u00edpravky na \u010distenie svietidiel a m\u00e4kk\u00fa handri\u010dku. Nikdy nemanipulujte so svietidlom pod nap\u00e4t\u00edm.<\/p>\n<p><b>Rozmery z\u00e1vesnej lampy:<br \/>\n<\/b>\u0160\u00edrka lampy: 30 cm<br \/>\nV\u00fd\u0161ka lampy: 22 cm<br \/>\nH\u013abka lampy: 30 cm<br \/>\n<strong>Celkov\u00e1 v\u00fd\u0161ka: <\/strong>132\u00a0cm<\/p>\n<p><strong>Technick\u00e9 parametre:<br \/>\n<\/strong>zdroj: 1 x E27 max. 60W<\/p>\n<p><b>Materi\u00e1l:\u00a0<\/b>kov<\/p>\n<p><b>Farba:<\/b> zlat\u00e1<\/p>\n","protected":false},"excerpt":{"rendered":"<p>Zlat\u00e1 z\u00e1vesn\u00e1 lampa Golden Ball \u00d8 30 cm V\u0161eobecn\u00fd opis z\u00e1vesnej lampy: Z\u00e1vesn\u00e1 lampa Golden Ball zlatej farby je vhodn\u00e1 do dom\u00e1cnost\u00ed, ktor\u00e9 maj\u00fa radi nad\u010dasov\u00fd dizajn. Jej elegantnos\u0165 a<\/p>\n","protected":false},"featured_media":87752,"comment_status":"closed","ping_status":"closed","template":"","meta":[],"product_cat":[772,182,183,886,887,888],"product_tag":[188],"yoast_head":"<!-- This site is optimized with the Yoast SEO plugin v22.1 - https:\/\/yoast.com\/wordpress\/plugins\/seo\/ -->\n<title>Zlat\u00e1 z\u00e1vesn\u00e1 lampa Golden Ball \u00d8 30cm \u00bb &#187; iKuchyne iSHOP s n\u00e1bytkom<\/title>\n<meta name=\"description\" content=\"K\u00fapte si u n\u00e1s Zlat\u00e1 z\u00e1vesn\u00e1 lampa Golden Ball \u00d8 30cm \u00bb za akciov\u00fa cenu. R\u00fdchle dodanie tovaru, odborn\u00e9 poradenstvo a stovky produktov skladom. Zlat\u00e1 z\u00e1vesn\u00e1 lampa Golden Ball \u00d8 30cm \u00bb sa stane dominantou V\u00e1\u0161ho interi\u00e9ru. Internetov\u00fd obchod ikuchyne! pon\u00faka odber Zlat\u00e1 z\u00e1vesn\u00e1 lampa Golden Ball \u00d8 30cm \u00bb u\u017e od 1 kusu.\" \/>\n<meta name=\"robots\" content=\"index, follow, max-snippet:-1, max-image-preview:large, max-video-preview:-1\" \/>\n<link rel=\"canonical\" href=\"https:\/\/www.ikuchyne.sk\/eshop\/produkt\/zlata-zavesna-lampa-golden-ball-30cm\/\" \/>\n<meta property=\"og:locale\" content=\"sk_SK\" \/>\n<meta property=\"og:type\" content=\"article\" \/>\n<meta property=\"og:title\" content=\"Zlat\u00e1 z\u00e1vesn\u00e1 lampa Golden Ball \u00d8 30cm \u00bb &#187; iKuchyne iSHOP s n\u00e1bytkom\" \/>\n<meta property=\"og:description\" content=\"K\u00fapte si u n\u00e1s Zlat\u00e1 z\u00e1vesn\u00e1 lampa Golden Ball \u00d8 30cm \u00bb za akciov\u00fa cenu. R\u00fdchle dodanie tovaru, odborn\u00e9 poradenstvo a stovky produktov skladom. Zlat\u00e1 z\u00e1vesn\u00e1 lampa Golden Ball \u00d8 30cm \u00bb sa stane dominantou V\u00e1\u0161ho interi\u00e9ru. Internetov\u00fd obchod ikuchyne! pon\u00faka odber Zlat\u00e1 z\u00e1vesn\u00e1 lampa Golden Ball \u00d8 30cm \u00bb u\u017e od 1 kusu.\" \/>\n<meta property=\"og:url\" content=\"https:\/\/www.ikuchyne.sk\/eshop\/produkt\/zlata-zavesna-lampa-golden-ball-30cm\/\" \/>\n<meta property=\"og:site_name\" content=\"iKuchyne iSHOP s n\u00e1bytkom\" \/>\n<meta property=\"article:publisher\" content=\"https:\/\/www.facebook.com\/ikuchyne\/\" \/>\n<meta property=\"article:modified_time\" content=\"2024-02-02T09:07:55+00:00\" \/>\n<meta property=\"og:image\" content=\"https:\/\/www.ikuchyne.sk\/eshop\/wp-content\/uploads\/2019\/07\/Zavesna-lampa-Golden-Ball-30cm-zlata-39439.jpg\" \/>\n\t<meta property=\"og:image:width\" content=\"800\" \/>\n\t<meta property=\"og:image:height\" content=\"533\" \/>\n\t<meta property=\"og:image:type\" content=\"image\/jpeg\" \/>\n<meta name=\"twitter:card\" content=\"summary_large_image\" \/>\n<meta name=\"twitter:label1\" content=\"Predpokladan\u00fd \u010das \u010d\u00edtania\" \/>\n\t<meta name=\"twitter:data1\" content=\"1 min\u00fata\" \/>\n<script type=\"application\/ld+json\" class=\"yoast-schema-graph\">{\"@context\":\"https:\/\/schema.org\",\"@graph\":[{\"@type\":\"WebPage\",\"@id\":\"https:\/\/www.ikuchyne.sk\/eshop\/produkt\/zlata-zavesna-lampa-golden-ball-30cm\/\",\"url\":\"https:\/\/www.ikuchyne.sk\/eshop\/produkt\/zlata-zavesna-lampa-golden-ball-30cm\/\",\"name\":\"Zlat\u00e1 z\u00e1vesn\u00e1 lampa Golden Ball \u00d8 30cm \u00bb &#187; iKuchyne iSHOP s n\u00e1bytkom\",\"isPartOf\":{\"@id\":\"https:\/\/www.ikuchyne.sk\/eshop\/#website\"},\"datePublished\":\"2019-07-19T09:13:19+00:00\",\"dateModified\":\"2024-02-02T09:07:55+00:00\",\"description\":\"K\u00fapte si u n\u00e1s Zlat\u00e1 z\u00e1vesn\u00e1 lampa Golden Ball \u00d8 30cm \u00bb za akciov\u00fa cenu. R\u00fdchle dodanie tovaru, odborn\u00e9 poradenstvo a stovky produktov skladom. Zlat\u00e1 z\u00e1vesn\u00e1 lampa Golden Ball \u00d8 30cm \u00bb sa stane dominantou V\u00e1\u0161ho interi\u00e9ru. Internetov\u00fd obchod ikuchyne! pon\u00faka odber Zlat\u00e1 z\u00e1vesn\u00e1 lampa Golden Ball \u00d8 30cm \u00bb u\u017e od 1 kusu.\",\"breadcrumb\":{\"@id\":\"https:\/\/www.ikuchyne.sk\/eshop\/produkt\/zlata-zavesna-lampa-golden-ball-30cm\/#breadcrumb\"},\"inLanguage\":\"sk-SK\",\"potentialAction\":[{\"@type\":\"ReadAction\",\"target\":[\"https:\/\/www.ikuchyne.sk\/eshop\/produkt\/zlata-zavesna-lampa-golden-ball-30cm\/\"]}]},{\"@type\":\"BreadcrumbList\",\"@id\":\"https:\/\/www.ikuchyne.sk\/eshop\/produkt\/zlata-zavesna-lampa-golden-ball-30cm\/#breadcrumb\",\"itemListElement\":[{\"@type\":\"ListItem\",\"position\":1,\"name\":\"Home\",\"item\":\"https:\/\/www.ikuchyne.sk\/eshop\/\"},{\"@type\":\"ListItem\",\"position\":2,\"name\":\"Obchod\",\"item\":\"https:\/\/www.ikuchyne.sk\/eshop\/obchod\/\"},{\"@type\":\"ListItem\",\"position\":3,\"name\":\"Zlat\u00e1 z\u00e1vesn\u00e1 lampa Golden Ball \u00d8 30cm \u00bb\"}]},{\"@type\":\"WebSite\",\"@id\":\"https:\/\/www.ikuchyne.sk\/eshop\/#website\",\"url\":\"https:\/\/www.ikuchyne.sk\/eshop\/\",\"name\":\"iKuchyne iSHOP s n\u00e1bytkom\",\"description\":\"Jed\u00e1lensk\u00e9 stoly, stoli\u010dky, n\u00e1bytok, svietidl\u00e1...\",\"publisher\":{\"@id\":\"https:\/\/www.ikuchyne.sk\/eshop\/#organization\"},\"potentialAction\":[{\"@type\":\"SearchAction\",\"target\":{\"@type\":\"EntryPoint\",\"urlTemplate\":\"https:\/\/www.ikuchyne.sk\/eshop\/?s={search_term_string}\"},\"query-input\":\"required name=search_term_string\"}],\"inLanguage\":\"sk-SK\"},{\"@type\":\"Organization\",\"@id\":\"https:\/\/www.ikuchyne.sk\/eshop\/#organization\",\"name\":\"ikuchyne!\",\"url\":\"https:\/\/www.ikuchyne.sk\/eshop\/\",\"logo\":{\"@type\":\"ImageObject\",\"inLanguage\":\"sk-SK\",\"@id\":\"https:\/\/www.ikuchyne.sk\/eshop\/#\/schema\/logo\/image\/\",\"url\":\"https:\/\/www.ikuchyne.sk\/eshop\/wp-content\/uploads\/2017\/04\/ikuchyne-logo.jpg\",\"contentUrl\":\"https:\/\/www.ikuchyne.sk\/eshop\/wp-content\/uploads\/2017\/04\/ikuchyne-logo.jpg\",\"width\":200,\"height\":48,\"caption\":\"ikuchyne!\"},\"image\":{\"@id\":\"https:\/\/www.ikuchyne.sk\/eshop\/#\/schema\/logo\/image\/\"},\"sameAs\":[\"https:\/\/www.facebook.com\/ikuchyne\/\",\"https:\/\/www.instagram.com\/ikuchyne.sk\/\",\"https:\/\/sk.pinterest.com\/ikuchynesk\/\"]}]}<\/script>\n<!-- \/ Yoast SEO plugin. -->","yoast_head_json":{"title":"Zlat\u00e1 z\u00e1vesn\u00e1 lampa Golden Ball \u00d8 30cm \u00bb &#187; iKuchyne iSHOP s n\u00e1bytkom","description":"K\u00fapte si u n\u00e1s Zlat\u00e1 z\u00e1vesn\u00e1 lampa Golden Ball \u00d8 30cm \u00bb za akciov\u00fa cenu. R\u00fdchle dodanie tovaru, odborn\u00e9 poradenstvo a stovky produktov skladom. Zlat\u00e1 z\u00e1vesn\u00e1 lampa Golden Ball \u00d8 30cm \u00bb sa stane dominantou V\u00e1\u0161ho interi\u00e9ru. Internetov\u00fd obchod ikuchyne! pon\u00faka odber Zlat\u00e1 z\u00e1vesn\u00e1 lampa Golden Ball \u00d8 30cm \u00bb u\u017e od 1 kusu.","robots":{"index":"index","follow":"follow","max-snippet":"max-snippet:-1","max-image-preview":"max-image-preview:large","max-video-preview":"max-video-preview:-1"},"canonical":"https:\/\/www.ikuchyne.sk\/eshop\/produkt\/zlata-zavesna-lampa-golden-ball-30cm\/","og_locale":"sk_SK","og_type":"article","og_title":"Zlat\u00e1 z\u00e1vesn\u00e1 lampa Golden Ball \u00d8 30cm \u00bb &#187; iKuchyne iSHOP s n\u00e1bytkom","og_description":"K\u00fapte si u n\u00e1s Zlat\u00e1 z\u00e1vesn\u00e1 lampa Golden Ball \u00d8 30cm \u00bb za akciov\u00fa cenu. R\u00fdchle dodanie tovaru, odborn\u00e9 poradenstvo a stovky produktov skladom. Zlat\u00e1 z\u00e1vesn\u00e1 lampa Golden Ball \u00d8 30cm \u00bb sa stane dominantou V\u00e1\u0161ho interi\u00e9ru. Internetov\u00fd obchod ikuchyne! pon\u00faka odber Zlat\u00e1 z\u00e1vesn\u00e1 lampa Golden Ball \u00d8 30cm \u00bb u\u017e od 1 kusu.","og_url":"https:\/\/www.ikuchyne.sk\/eshop\/produkt\/zlata-zavesna-lampa-golden-ball-30cm\/","og_site_name":"iKuchyne iSHOP s n\u00e1bytkom","article_publisher":"https:\/\/www.facebook.com\/ikuchyne\/","article_modified_time":"2024-02-02T09:07:55+00:00","og_image":[{"width":800,"height":533,"url":"https:\/\/www.ikuchyne.sk\/eshop\/wp-content\/uploads\/2019\/07\/Zavesna-lampa-Golden-Ball-30cm-zlata-39439.jpg","type":"image\/jpeg"}],"twitter_card":"summary_large_image","twitter_misc":{"Predpokladan\u00fd \u010das \u010d\u00edtania":"1 min\u00fata"},"schema":{"@context":"https:\/\/schema.org","@graph":[{"@type":"WebPage","@id":"https:\/\/www.ikuchyne.sk\/eshop\/produkt\/zlata-zavesna-lampa-golden-ball-30cm\/","url":"https:\/\/www.ikuchyne.sk\/eshop\/produkt\/zlata-zavesna-lampa-golden-ball-30cm\/","name":"Zlat\u00e1 z\u00e1vesn\u00e1 lampa Golden Ball \u00d8 30cm \u00bb &#187; iKuchyne iSHOP s n\u00e1bytkom","isPartOf":{"@id":"https:\/\/www.ikuchyne.sk\/eshop\/#website"},"datePublished":"2019-07-19T09:13:19+00:00","dateModified":"2024-02-02T09:07:55+00:00","description":"K\u00fapte si u n\u00e1s Zlat\u00e1 z\u00e1vesn\u00e1 lampa Golden Ball \u00d8 30cm \u00bb za akciov\u00fa cenu. R\u00fdchle dodanie tovaru, odborn\u00e9 poradenstvo a stovky produktov skladom. Zlat\u00e1 z\u00e1vesn\u00e1 lampa Golden Ball \u00d8 30cm \u00bb sa stane dominantou V\u00e1\u0161ho interi\u00e9ru. Internetov\u00fd obchod ikuchyne! pon\u00faka odber Zlat\u00e1 z\u00e1vesn\u00e1 lampa Golden Ball \u00d8 30cm \u00bb u\u017e od 1 kusu.","breadcrumb":{"@id":"https:\/\/www.ikuchyne.sk\/eshop\/produkt\/zlata-zavesna-lampa-golden-ball-30cm\/#breadcrumb"},"inLanguage":"sk-SK","potentialAction":[{"@type":"ReadAction","target":["https:\/\/www.ikuchyne.sk\/eshop\/produkt\/zlata-zavesna-lampa-golden-ball-30cm\/"]}]},{"@type":"BreadcrumbList","@id":"https:\/\/www.ikuchyne.sk\/eshop\/produkt\/zlata-zavesna-lampa-golden-ball-30cm\/#breadcrumb","itemListElement":[{"@type":"ListItem","position":1,"name":"Home","item":"https:\/\/www.ikuchyne.sk\/eshop\/"},{"@type":"ListItem","position":2,"name":"Obchod","item":"https:\/\/www.ikuchyne.sk\/eshop\/obchod\/"},{"@type":"ListItem","position":3,"name":"Zlat\u00e1 z\u00e1vesn\u00e1 lampa Golden Ball \u00d8 30cm \u00bb"}]},{"@type":"WebSite","@id":"https:\/\/www.ikuchyne.sk\/eshop\/#website","url":"https:\/\/www.ikuchyne.sk\/eshop\/","name":"iKuchyne iSHOP s n\u00e1bytkom","description":"Jed\u00e1lensk\u00e9 stoly, stoli\u010dky, n\u00e1bytok, svietidl\u00e1...","publisher":{"@id":"https:\/\/www.ikuchyne.sk\/eshop\/#organization"},"potentialAction":[{"@type":"SearchAction","target":{"@type":"EntryPoint","urlTemplate":"https:\/\/www.ikuchyne.sk\/eshop\/?s={search_term_string}"},"query-input":"required name=search_term_string"}],"inLanguage":"sk-SK"},{"@type":"Organization","@id":"https:\/\/www.ikuchyne.sk\/eshop\/#organization","name":"ikuchyne!","url":"https:\/\/www.ikuchyne.sk\/eshop\/","logo":{"@type":"ImageObject","inLanguage":"sk-SK","@id":"https:\/\/www.ikuchyne.sk\/eshop\/#\/schema\/logo\/image\/","url":"https:\/\/www.ikuchyne.sk\/eshop\/wp-content\/uploads\/2017\/04\/ikuchyne-logo.jpg","contentUrl":"https:\/\/www.ikuchyne.sk\/eshop\/wp-content\/uploads\/2017\/04\/ikuchyne-logo.jpg","width":200,"height":48,"caption":"ikuchyne!"},"image":{"@id":"https:\/\/www.ikuchyne.sk\/eshop\/#\/schema\/logo\/image\/"},"sameAs":["https:\/\/www.facebook.com\/ikuchyne\/","https:\/\/www.instagram.com\/ikuchyne.sk\/","https:\/\/sk.pinterest.com\/ikuchynesk\/"]}]}},"_links":{"self":[{"href":"https:\/\/www.ikuchyne.sk\/eshop\/wp-json\/wp\/v2\/product\/87751"}],"collection":[{"href":"https:\/\/www.ikuchyne.sk\/eshop\/wp-json\/wp\/v2\/product"}],"about":[{"href":"https:\/\/www.ikuchyne.sk\/eshop\/wp-json\/wp\/v2\/types\/product"}],"replies":[{"embeddable":true,"href":"https:\/\/www.ikuchyne.sk\/eshop\/wp-json\/wp\/v2\/comments?post=87751"}],"wp:featuredmedia":[{"embeddable":true,"href":"https:\/\/www.ikuchyne.sk\/eshop\/wp-json\/wp\/v2\/media\/87752"}],"wp:attachment":[{"href":"https:\/\/www.ikuchyne.sk\/eshop\/wp-json\/wp\/v2\/media?parent=87751"}],"wp:term":[{"taxonomy":"product_cat","embeddable":true,"href":"https:\/\/www.ikuchyne.sk\/eshop\/wp-json\/wp\/v2\/product_cat?post=87751"},{"taxonomy":"product_tag","embeddable":true,"href":"https:\/\/www.ikuchyne.sk\/eshop\/wp-json\/wp\/v2\/product_tag?post=87751"}],"curies":[{"name":"wp","href":"https:\/\/api.w.org\/{rel}","templated":true}]}}