{"id":9479,"date":"2017-04-25T16:27:57","date_gmt":"2017-04-25T14:27:57","guid":{"rendered":"http:\/\/potocan.com\/eshop\/produkt\/konferencny-stolik-multi-talent-45cm-biela\/"},"modified":"2024-01-11T09:44:28","modified_gmt":"2024-01-11T08:44:28","slug":"konferencny-stolik-multi-talent-45cm-biela","status":"publish","type":"product","link":"https:\/\/www.ikuchyne.sk\/eshop\/produkt\/konferencny-stolik-multi-talent-45cm-biela\/","title":{"rendered":"Biely dreven\u00fd konferen\u010dn\u00fd stol\u00edk Multi Talent 40 x 45 cm \u00bb"},"content":{"rendered":"<h1>Biely dreven\u00fd konferen\u010dn\u00fd stol\u00edk Multi Talent 40 x 45 cm<\/h1>\n<div class=\"electro-description\">\n<p><b><strong>V\u0161eobecn\u00fd opis stol\u00edka:<br \/>\n<\/strong><\/b>Biely dreven\u00fd konferen\u010dn\u00fd stol\u00edk Multi Talent reprezentuje \u0161kandin\u00e1vsky \u0161t\u00fdl b\u00fdvania. \u00datuln\u00fd minimalistick\u00fd dizajn je pr\u00edzna\u010dn\u00fd pre seversk\u00fd typ b\u00fdvania. Ako napoved\u00e1 n\u00e1zov, stol\u00edk je multifunk\u010dn\u00fd. Povrch stol\u00edka je odn\u00edmate\u013en\u00fd a pod n\u00edm sa ukr\u00fdva \u00falo\u017en\u00fd priestor. Povrch stol\u00edka je vyroben\u00fd z drevovl\u00e1knitej dosky v tvare kruhu s vyv\u00fd\u0161en\u00fdm\u00a0okrajom, ktor\u00fd zabezpe\u010d\u00ed, \u017ee v\u00e1m ni\u010d zo stol\u00edka nesk\u013azne. Jedn\u00e1 sa o pr\u00edrodn\u00fd materi\u00e1l, preto\u017ee sa vyr\u00e1ba bez pou\u017eitia lepidiel. T\u00e1to doska je biela a lakovan\u00e1 matn\u00fdm lakom. Podno\u017e konferen\u010dn\u00e9ho stol\u00edka tvoria tri \u00fazke dreven\u00e9 nohy v pr\u00edrodnej farbe. Stol\u00edk je jednoduch\u00fd na \u00fadr\u017ebu v\u010faka starostlivo vybran\u00fdm materi\u00e1lom a hladk\u00e9mu povrchu. Kombin\u00e1cia bielej a hnedej skvelo zapadne do ka\u017ed\u00e9ho interi\u00e9ru a d\u00e1 sa \u013eahko kombinova\u0165.<\/p>\n<p><strong>Povrch stol\u00edka:<br \/>\n<\/strong>Povrch konferen\u010dn\u00e9ho stol\u00edka\u00a0tvor\u00ed drevovl\u00e1knit\u00e1 MDF doska v bielej farbe pokryt\u00e1 matn\u00fdm lakom.<\/p>\n<p><strong>Podno\u017e stol\u00edka:<br \/>\n<\/strong>Podno\u017e stol\u00edka pozost\u00e1va z troch \u0161t\u00edhlych dreven\u00fdch n\u00f4h v pr\u00edrodnej farbe.<\/p>\n<p><strong>\u010eal\u0161ie inform\u00e1cie:<br \/>\n<\/strong>V\u010faka hladk\u00e9mu povrchu je tento konferen\u010dn\u00fd stol\u00edk nen\u00e1ro\u010dn\u00fd na \u00fadr\u017ebu. Sta\u010d\u00ed ho pretrie\u0165 vlhkou handri\u010dkou namo\u010denou v jemnej mydlovej vode. Nikdy nepou\u017e\u00edvajte \u010distiaci prostriedok obsahuj\u00faci alkohol, chlorid am\u00f3nny alebo riedidlo. Tie\u017e nepou\u017e\u00edvajte utierku z mikrovl\u00e1kna.<\/p>\n<p><b>Rozmery stol\u00edka<\/b>:<br \/>\n\u0160\u00edrka stol\u00edka: 40 cm<br \/>\nD\u013a\u017eka stol\u00edka: 40 cm<br \/>\nV\u00fd\u0161ka stol\u00edka: 45 cm<br \/>\nVe\u013ekos\u0165 priehradky:\u00a036, 5 cm x 16, 5 cm x 36, 5 cm (\u0160xVxH)<\/p>\n<p><b>Materi\u00e1l:\u00a0\u00a0<\/b>drevo \u2013 borovica,\u00a0 MDF, matn\u00fd lak<\/p>\n<p><b>Farba:<\/b>\u00a0biela, pr\u00edrodn\u00e1<\/p>\n<\/div>\n","protected":false},"excerpt":{"rendered":"<p>Biely dreven\u00fd konferen\u010dn\u00fd stol\u00edk Multi Talent 40 x 45 cm V\u0161eobecn\u00fd opis stol\u00edka: Biely dreven\u00fd konferen\u010dn\u00fd stol\u00edk Multi Talent reprezentuje \u0161kandin\u00e1vsky \u0161t\u00fdl b\u00fdvania. \u00datuln\u00fd minimalistick\u00fd dizajn je pr\u00edzna\u010dn\u00fd pre seversk\u00fd<\/p>\n","protected":false},"featured_media":9480,"comment_status":"open","ping_status":"closed","template":"","meta":[],"product_cat":[304,831,836,841,840],"product_tag":[562,909],"yoast_head":"<!-- This site is optimized with the Yoast SEO plugin v22.1 - https:\/\/yoast.com\/wordpress\/plugins\/seo\/ -->\n<title>Biely dreven\u00fd konferen\u010dn\u00fd stol\u00edk Multi Talent 40 x 45 cm \u00bb &#187; iKuchyne iSHOP s n\u00e1bytkom<\/title>\n<meta name=\"description\" content=\"K\u00fapte si u n\u00e1s Biely dreven\u00fd konferen\u010dn\u00fd stol\u00edk Multi Talent 40 x 45 cm \u00bb za akciov\u00fa cenu. R\u00fdchle dodanie tovaru, odborn\u00e9 poradenstvo a stovky produktov skladom. Biely dreven\u00fd konferen\u010dn\u00fd stol\u00edk Multi Talent 40 x 45 cm \u00bb sa stane dominantou V\u00e1\u0161ho interi\u00e9ru. Internetov\u00fd obchod ikuchyne! pon\u00faka odber Biely dreven\u00fd konferen\u010dn\u00fd stol\u00edk Multi Talent 40 x 45 cm \u00bb u\u017e od 1 kusu.\" \/>\n<meta name=\"robots\" content=\"index, follow, max-snippet:-1, max-image-preview:large, max-video-preview:-1\" \/>\n<link rel=\"canonical\" href=\"https:\/\/www.ikuchyne.sk\/eshop\/produkt\/konferencny-stolik-multi-talent-45cm-biela\/\" \/>\n<meta property=\"og:locale\" content=\"sk_SK\" \/>\n<meta property=\"og:type\" content=\"article\" \/>\n<meta property=\"og:title\" content=\"Biely dreven\u00fd konferen\u010dn\u00fd stol\u00edk Multi Talent 40 x 45 cm \u00bb &#187; iKuchyne iSHOP s n\u00e1bytkom\" \/>\n<meta property=\"og:description\" content=\"K\u00fapte si u n\u00e1s Biely dreven\u00fd konferen\u010dn\u00fd stol\u00edk Multi Talent 40 x 45 cm \u00bb za akciov\u00fa cenu. R\u00fdchle dodanie tovaru, odborn\u00e9 poradenstvo a stovky produktov skladom. Biely dreven\u00fd konferen\u010dn\u00fd stol\u00edk Multi Talent 40 x 45 cm \u00bb sa stane dominantou V\u00e1\u0161ho interi\u00e9ru. Internetov\u00fd obchod ikuchyne! pon\u00faka odber Biely dreven\u00fd konferen\u010dn\u00fd stol\u00edk Multi Talent 40 x 45 cm \u00bb u\u017e od 1 kusu.\" \/>\n<meta property=\"og:url\" content=\"https:\/\/www.ikuchyne.sk\/eshop\/produkt\/konferencny-stolik-multi-talent-45cm-biela\/\" \/>\n<meta property=\"og:site_name\" content=\"iKuchyne iSHOP s n\u00e1bytkom\" \/>\n<meta property=\"article:publisher\" content=\"https:\/\/www.facebook.com\/ikuchyne\/\" \/>\n<meta property=\"article:modified_time\" content=\"2024-01-11T08:44:28+00:00\" \/>\n<meta property=\"og:image\" content=\"https:\/\/www.ikuchyne.sk\/eshop\/wp-content\/uploads\/2017\/04\/konferencny-stolik-multi-talent-45cm-biela.jpg\" \/>\n\t<meta property=\"og:image:width\" content=\"800\" \/>\n\t<meta property=\"og:image:height\" content=\"533\" \/>\n\t<meta property=\"og:image:type\" content=\"image\/jpeg\" \/>\n<meta name=\"twitter:card\" content=\"summary_large_image\" \/>\n<meta name=\"twitter:label1\" content=\"Predpokladan\u00fd \u010das \u010d\u00edtania\" \/>\n\t<meta name=\"twitter:data1\" content=\"2 min\u00faty\" \/>\n<script type=\"application\/ld+json\" class=\"yoast-schema-graph\">{\"@context\":\"https:\/\/schema.org\",\"@graph\":[{\"@type\":\"WebPage\",\"@id\":\"https:\/\/www.ikuchyne.sk\/eshop\/produkt\/konferencny-stolik-multi-talent-45cm-biela\/\",\"url\":\"https:\/\/www.ikuchyne.sk\/eshop\/produkt\/konferencny-stolik-multi-talent-45cm-biela\/\",\"name\":\"Biely dreven\u00fd konferen\u010dn\u00fd stol\u00edk Multi Talent 40 x 45 cm \u00bb &#187; iKuchyne iSHOP s n\u00e1bytkom\",\"isPartOf\":{\"@id\":\"https:\/\/www.ikuchyne.sk\/eshop\/#website\"},\"datePublished\":\"2017-04-25T14:27:57+00:00\",\"dateModified\":\"2024-01-11T08:44:28+00:00\",\"description\":\"K\u00fapte si u n\u00e1s Biely dreven\u00fd konferen\u010dn\u00fd stol\u00edk Multi Talent 40 x 45 cm \u00bb za akciov\u00fa cenu. R\u00fdchle dodanie tovaru, odborn\u00e9 poradenstvo a stovky produktov skladom. Biely dreven\u00fd konferen\u010dn\u00fd stol\u00edk Multi Talent 40 x 45 cm \u00bb sa stane dominantou V\u00e1\u0161ho interi\u00e9ru. Internetov\u00fd obchod ikuchyne! pon\u00faka odber Biely dreven\u00fd konferen\u010dn\u00fd stol\u00edk Multi Talent 40 x 45 cm \u00bb u\u017e od 1 kusu.\",\"breadcrumb\":{\"@id\":\"https:\/\/www.ikuchyne.sk\/eshop\/produkt\/konferencny-stolik-multi-talent-45cm-biela\/#breadcrumb\"},\"inLanguage\":\"sk-SK\",\"potentialAction\":[{\"@type\":\"ReadAction\",\"target\":[\"https:\/\/www.ikuchyne.sk\/eshop\/produkt\/konferencny-stolik-multi-talent-45cm-biela\/\"]}]},{\"@type\":\"BreadcrumbList\",\"@id\":\"https:\/\/www.ikuchyne.sk\/eshop\/produkt\/konferencny-stolik-multi-talent-45cm-biela\/#breadcrumb\",\"itemListElement\":[{\"@type\":\"ListItem\",\"position\":1,\"name\":\"Home\",\"item\":\"https:\/\/www.ikuchyne.sk\/eshop\/\"},{\"@type\":\"ListItem\",\"position\":2,\"name\":\"Obchod\",\"item\":\"https:\/\/www.ikuchyne.sk\/eshop\/obchod\/\"},{\"@type\":\"ListItem\",\"position\":3,\"name\":\"Biely dreven\u00fd konferen\u010dn\u00fd stol\u00edk Multi Talent 40 x 45 cm \u00bb\"}]},{\"@type\":\"WebSite\",\"@id\":\"https:\/\/www.ikuchyne.sk\/eshop\/#website\",\"url\":\"https:\/\/www.ikuchyne.sk\/eshop\/\",\"name\":\"iKuchyne iSHOP s n\u00e1bytkom\",\"description\":\"Jed\u00e1lensk\u00e9 stoly, stoli\u010dky, n\u00e1bytok, svietidl\u00e1...\",\"publisher\":{\"@id\":\"https:\/\/www.ikuchyne.sk\/eshop\/#organization\"},\"potentialAction\":[{\"@type\":\"SearchAction\",\"target\":{\"@type\":\"EntryPoint\",\"urlTemplate\":\"https:\/\/www.ikuchyne.sk\/eshop\/?s={search_term_string}\"},\"query-input\":\"required name=search_term_string\"}],\"inLanguage\":\"sk-SK\"},{\"@type\":\"Organization\",\"@id\":\"https:\/\/www.ikuchyne.sk\/eshop\/#organization\",\"name\":\"ikuchyne!\",\"url\":\"https:\/\/www.ikuchyne.sk\/eshop\/\",\"logo\":{\"@type\":\"ImageObject\",\"inLanguage\":\"sk-SK\",\"@id\":\"https:\/\/www.ikuchyne.sk\/eshop\/#\/schema\/logo\/image\/\",\"url\":\"https:\/\/www.ikuchyne.sk\/eshop\/wp-content\/uploads\/2017\/04\/ikuchyne-logo.jpg\",\"contentUrl\":\"https:\/\/www.ikuchyne.sk\/eshop\/wp-content\/uploads\/2017\/04\/ikuchyne-logo.jpg\",\"width\":200,\"height\":48,\"caption\":\"ikuchyne!\"},\"image\":{\"@id\":\"https:\/\/www.ikuchyne.sk\/eshop\/#\/schema\/logo\/image\/\"},\"sameAs\":[\"https:\/\/www.facebook.com\/ikuchyne\/\",\"https:\/\/www.instagram.com\/ikuchyne.sk\/\",\"https:\/\/sk.pinterest.com\/ikuchynesk\/\"]}]}<\/script>\n<!-- \/ Yoast SEO plugin. -->","yoast_head_json":{"title":"Biely dreven\u00fd konferen\u010dn\u00fd stol\u00edk Multi Talent 40 x 45 cm \u00bb &#187; iKuchyne iSHOP s n\u00e1bytkom","description":"K\u00fapte si u n\u00e1s Biely dreven\u00fd konferen\u010dn\u00fd stol\u00edk Multi Talent 40 x 45 cm \u00bb za akciov\u00fa cenu. R\u00fdchle dodanie tovaru, odborn\u00e9 poradenstvo a stovky produktov skladom. Biely dreven\u00fd konferen\u010dn\u00fd stol\u00edk Multi Talent 40 x 45 cm \u00bb sa stane dominantou V\u00e1\u0161ho interi\u00e9ru. Internetov\u00fd obchod ikuchyne! pon\u00faka odber Biely dreven\u00fd konferen\u010dn\u00fd stol\u00edk Multi Talent 40 x 45 cm \u00bb u\u017e od 1 kusu.","robots":{"index":"index","follow":"follow","max-snippet":"max-snippet:-1","max-image-preview":"max-image-preview:large","max-video-preview":"max-video-preview:-1"},"canonical":"https:\/\/www.ikuchyne.sk\/eshop\/produkt\/konferencny-stolik-multi-talent-45cm-biela\/","og_locale":"sk_SK","og_type":"article","og_title":"Biely dreven\u00fd konferen\u010dn\u00fd stol\u00edk Multi Talent 40 x 45 cm \u00bb &#187; iKuchyne iSHOP s n\u00e1bytkom","og_description":"K\u00fapte si u n\u00e1s Biely dreven\u00fd konferen\u010dn\u00fd stol\u00edk Multi Talent 40 x 45 cm \u00bb za akciov\u00fa cenu. R\u00fdchle dodanie tovaru, odborn\u00e9 poradenstvo a stovky produktov skladom. Biely dreven\u00fd konferen\u010dn\u00fd stol\u00edk Multi Talent 40 x 45 cm \u00bb sa stane dominantou V\u00e1\u0161ho interi\u00e9ru. Internetov\u00fd obchod ikuchyne! pon\u00faka odber Biely dreven\u00fd konferen\u010dn\u00fd stol\u00edk Multi Talent 40 x 45 cm \u00bb u\u017e od 1 kusu.","og_url":"https:\/\/www.ikuchyne.sk\/eshop\/produkt\/konferencny-stolik-multi-talent-45cm-biela\/","og_site_name":"iKuchyne iSHOP s n\u00e1bytkom","article_publisher":"https:\/\/www.facebook.com\/ikuchyne\/","article_modified_time":"2024-01-11T08:44:28+00:00","og_image":[{"width":800,"height":533,"url":"https:\/\/www.ikuchyne.sk\/eshop\/wp-content\/uploads\/2017\/04\/konferencny-stolik-multi-talent-45cm-biela.jpg","type":"image\/jpeg"}],"twitter_card":"summary_large_image","twitter_misc":{"Predpokladan\u00fd \u010das \u010d\u00edtania":"2 min\u00faty"},"schema":{"@context":"https:\/\/schema.org","@graph":[{"@type":"WebPage","@id":"https:\/\/www.ikuchyne.sk\/eshop\/produkt\/konferencny-stolik-multi-talent-45cm-biela\/","url":"https:\/\/www.ikuchyne.sk\/eshop\/produkt\/konferencny-stolik-multi-talent-45cm-biela\/","name":"Biely dreven\u00fd konferen\u010dn\u00fd stol\u00edk Multi Talent 40 x 45 cm \u00bb &#187; iKuchyne iSHOP s n\u00e1bytkom","isPartOf":{"@id":"https:\/\/www.ikuchyne.sk\/eshop\/#website"},"datePublished":"2017-04-25T14:27:57+00:00","dateModified":"2024-01-11T08:44:28+00:00","description":"K\u00fapte si u n\u00e1s Biely dreven\u00fd konferen\u010dn\u00fd stol\u00edk Multi Talent 40 x 45 cm \u00bb za akciov\u00fa cenu. R\u00fdchle dodanie tovaru, odborn\u00e9 poradenstvo a stovky produktov skladom. Biely dreven\u00fd konferen\u010dn\u00fd stol\u00edk Multi Talent 40 x 45 cm \u00bb sa stane dominantou V\u00e1\u0161ho interi\u00e9ru. Internetov\u00fd obchod ikuchyne! pon\u00faka odber Biely dreven\u00fd konferen\u010dn\u00fd stol\u00edk Multi Talent 40 x 45 cm \u00bb u\u017e od 1 kusu.","breadcrumb":{"@id":"https:\/\/www.ikuchyne.sk\/eshop\/produkt\/konferencny-stolik-multi-talent-45cm-biela\/#breadcrumb"},"inLanguage":"sk-SK","potentialAction":[{"@type":"ReadAction","target":["https:\/\/www.ikuchyne.sk\/eshop\/produkt\/konferencny-stolik-multi-talent-45cm-biela\/"]}]},{"@type":"BreadcrumbList","@id":"https:\/\/www.ikuchyne.sk\/eshop\/produkt\/konferencny-stolik-multi-talent-45cm-biela\/#breadcrumb","itemListElement":[{"@type":"ListItem","position":1,"name":"Home","item":"https:\/\/www.ikuchyne.sk\/eshop\/"},{"@type":"ListItem","position":2,"name":"Obchod","item":"https:\/\/www.ikuchyne.sk\/eshop\/obchod\/"},{"@type":"ListItem","position":3,"name":"Biely dreven\u00fd konferen\u010dn\u00fd stol\u00edk Multi Talent 40 x 45 cm \u00bb"}]},{"@type":"WebSite","@id":"https:\/\/www.ikuchyne.sk\/eshop\/#website","url":"https:\/\/www.ikuchyne.sk\/eshop\/","name":"iKuchyne iSHOP s n\u00e1bytkom","description":"Jed\u00e1lensk\u00e9 stoly, stoli\u010dky, n\u00e1bytok, svietidl\u00e1...","publisher":{"@id":"https:\/\/www.ikuchyne.sk\/eshop\/#organization"},"potentialAction":[{"@type":"SearchAction","target":{"@type":"EntryPoint","urlTemplate":"https:\/\/www.ikuchyne.sk\/eshop\/?s={search_term_string}"},"query-input":"required name=search_term_string"}],"inLanguage":"sk-SK"},{"@type":"Organization","@id":"https:\/\/www.ikuchyne.sk\/eshop\/#organization","name":"ikuchyne!","url":"https:\/\/www.ikuchyne.sk\/eshop\/","logo":{"@type":"ImageObject","inLanguage":"sk-SK","@id":"https:\/\/www.ikuchyne.sk\/eshop\/#\/schema\/logo\/image\/","url":"https:\/\/www.ikuchyne.sk\/eshop\/wp-content\/uploads\/2017\/04\/ikuchyne-logo.jpg","contentUrl":"https:\/\/www.ikuchyne.sk\/eshop\/wp-content\/uploads\/2017\/04\/ikuchyne-logo.jpg","width":200,"height":48,"caption":"ikuchyne!"},"image":{"@id":"https:\/\/www.ikuchyne.sk\/eshop\/#\/schema\/logo\/image\/"},"sameAs":["https:\/\/www.facebook.com\/ikuchyne\/","https:\/\/www.instagram.com\/ikuchyne.sk\/","https:\/\/sk.pinterest.com\/ikuchynesk\/"]}]}},"_links":{"self":[{"href":"https:\/\/www.ikuchyne.sk\/eshop\/wp-json\/wp\/v2\/product\/9479"}],"collection":[{"href":"https:\/\/www.ikuchyne.sk\/eshop\/wp-json\/wp\/v2\/product"}],"about":[{"href":"https:\/\/www.ikuchyne.sk\/eshop\/wp-json\/wp\/v2\/types\/product"}],"replies":[{"embeddable":true,"href":"https:\/\/www.ikuchyne.sk\/eshop\/wp-json\/wp\/v2\/comments?post=9479"}],"wp:featuredmedia":[{"embeddable":true,"href":"https:\/\/www.ikuchyne.sk\/eshop\/wp-json\/wp\/v2\/media\/9480"}],"wp:attachment":[{"href":"https:\/\/www.ikuchyne.sk\/eshop\/wp-json\/wp\/v2\/media?parent=9479"}],"wp:term":[{"taxonomy":"product_cat","embeddable":true,"href":"https:\/\/www.ikuchyne.sk\/eshop\/wp-json\/wp\/v2\/product_cat?post=9479"},{"taxonomy":"product_tag","embeddable":true,"href":"https:\/\/www.ikuchyne.sk\/eshop\/wp-json\/wp\/v2\/product_tag?post=9479"}],"curies":[{"name":"wp","href":"https:\/\/api.w.org\/{rel}","templated":true}]}}