{"id":9775,"date":"2017-04-25T16:31:01","date_gmt":"2017-04-25T14:31:01","guid":{"rendered":"http:\/\/potocan.com\/eshop\/produkt\/konferencny-stolik-ghost-set-3ks-sklo\/"},"modified":"2024-03-10T19:20:25","modified_gmt":"2024-03-10T18:20:25","slug":"konferencny-stolik-ghost-set-3-ks","status":"publish","type":"product","link":"https:\/\/www.ikuchyne.sk\/eshop\/produkt\/konferencny-stolik-ghost-set-3-ks\/","title":{"rendered":"Konferen\u010dn\u00fd stol\u00edk Ghost set 3 ks \u00bb"},"content":{"rendered":"<h1>Konferen\u010dn\u00fd stol\u00edk Ghost set 3 ks<\/h1>\n<p><b><strong>V\u0161eobecn\u00fd opis stol\u00edka:<br \/>\n<\/strong><\/b>Set sklenen\u00fdch konferen\u010dn\u00fdch stol\u00edkov reprezentuje neobvykl\u00e9 kon\u0161truk\u010dn\u00e9 rie\u0161enie. Konferen\u010dn\u00e9 stol\u00edky m\u00f4\u017eete variova\u0165 pod\u013ea va\u0161ich predst\u00e1v. M\u00f4\u017eete ich zasun\u00fa\u0165 pod seba \u00faplne alebo len \u010diasto\u010dne. Na\u0161e sklenen\u00e9 stol\u00edky s\u00fa vyroben\u00e9 v modernom \u0161t\u00fdle. Povrch ka\u017ed\u00e9ho stol\u00edka pozost\u00e1va z vysoko odoln\u00e9ho bezpe\u010dnostn\u00e9ho temperovan\u00e9ho skla transparentnej farby. Podno\u017e stol\u00edka tvoria \u0161irok\u00e9 sklenen\u00e9 nohy po bokoch ka\u017ed\u00e9ho jedn\u00e9ho stol\u00edka. Tento stol\u00edk je zauj\u00edmav\u00fd svojou \u010d\u00edrou farbou, \u010dist\u00fdmi l\u00edniami a mo\u017enos\u0165ou variova\u0165 v\u0161etky 3 stol\u00edky do po\u017eadovan\u00e9ho tvaru.<\/p>\n<p><strong>Povrch stol\u00edka:<br \/>\n<\/strong>Povrch ka\u017ed\u00e9ho stol\u00edka pozost\u00e1va z bezpe\u010dnostn\u00e9ho temperovan\u00e9ho skla transparentnej farby.<\/p>\n<p><strong>Podno\u017e stol\u00edka:<br \/>\n<\/strong>Podno\u017e stol\u00edka tvoria \u0161irok\u00e9 sklenen\u00e9 nohy po bokoch ka\u017ed\u00e9ho jedn\u00e9ho stol\u00edka.<\/p>\n<p><strong>\u010eal\u0161ie inform\u00e1cie:<br \/>\n<\/strong>Stol\u00edk je nen\u00e1ro\u010dn\u00fd na \u00fadr\u017ebu v\u010faka vybran\u00fdm materi\u00e1lom s hladk\u00fdm povrchom. Utierajte suchou handri\u010dkou, handri\u010dkou navlh\u010denou v jemnej mydlovej vode alebo sprejom na sklo.<\/p>\n<p><b>Rozmery stol\u00edka<\/b>:<br \/>\n<strong>V\u00e4\u010d\u0161\u00ed stol\u00edk:<\/strong><br \/>\n\u0160\u00edrka stol\u00edka: 50 cm<br \/>\nD\u013a\u017eka stol\u00edka: 60 cm<br \/>\nV\u00fd\u0161ka stol\u00edka: 45 cm<br \/>\n<strong>Men\u0161\u00ed stol\u00edk:<\/strong><br \/>\n\u0160\u00edrka stol\u00edka: 50 cm<br \/>\nD\u013a\u017eka stol\u00edka: 40 cm<br \/>\nV\u00fd\u0161ka stol\u00edka: 50 cm<br \/>\n<strong>Najmen\u0161\u00ed stol\u00edk:<\/strong><br \/>\n\u0160\u00edrka stol\u00edka: 50 cm<br \/>\nD\u013a\u017eka stol\u00edka: 40 cm<br \/>\nV\u00fd\u0161ka stol\u00edka: 35 cm<\/p>\n<p><b>Materi\u00e1l:\u00a0<\/b>bezpe\u010dnostn\u00e9 temperovan\u00e9 sklo<\/p>\n<p><b>Farba:<\/b>\u00a0transparentn\u00e1<\/p>\n","protected":false},"excerpt":{"rendered":"<p>Konferen\u010dn\u00fd stol\u00edk Ghost set 3 ks V\u0161eobecn\u00fd opis stol\u00edka: Set sklenen\u00fdch konferen\u010dn\u00fdch stol\u00edkov reprezentuje neobvykl\u00e9 kon\u0161truk\u010dn\u00e9 rie\u0161enie. Konferen\u010dn\u00e9 stol\u00edky m\u00f4\u017eete variova\u0165 pod\u013ea va\u0161ich predst\u00e1v. M\u00f4\u017eete ich zasun\u00fa\u0165 pod seba \u00faplne<\/p>\n","protected":false},"featured_media":9776,"comment_status":"open","ping_status":"closed","template":"","meta":[],"product_cat":[304,835],"product_tag":[911],"yoast_head":"<!-- This site is optimized with the Yoast SEO plugin v22.1 - https:\/\/yoast.com\/wordpress\/plugins\/seo\/ -->\n<title>Konferen\u010dn\u00fd stol\u00edk Ghost set 3 ks \u00bb &#187; iKuchyne iSHOP s n\u00e1bytkom<\/title>\n<meta name=\"description\" content=\"K\u00fapte si u n\u00e1s Konferen\u010dn\u00fd stol\u00edk Ghost set 3 ks \u00bb za akciov\u00fa cenu. R\u00fdchle dodanie tovaru, odborn\u00e9 poradenstvo a stovky produktov skladom. Konferen\u010dn\u00fd stol\u00edk Ghost set 3 ks \u00bb sa stane dominantou V\u00e1\u0161ho interi\u00e9ru. Internetov\u00fd obchod ikuchyne! pon\u00faka odber Konferen\u010dn\u00fd stol\u00edk Ghost set 3 ks \u00bb u\u017e od 1 kusu.\" \/>\n<meta name=\"robots\" content=\"index, follow, max-snippet:-1, max-image-preview:large, max-video-preview:-1\" \/>\n<link rel=\"canonical\" href=\"https:\/\/www.ikuchyne.sk\/eshop\/produkt\/konferencny-stolik-ghost-set-3-ks\/\" \/>\n<meta property=\"og:locale\" content=\"sk_SK\" \/>\n<meta property=\"og:type\" content=\"article\" \/>\n<meta property=\"og:title\" content=\"Konferen\u010dn\u00fd stol\u00edk Ghost set 3 ks \u00bb &#187; iKuchyne iSHOP s n\u00e1bytkom\" \/>\n<meta property=\"og:description\" content=\"K\u00fapte si u n\u00e1s Konferen\u010dn\u00fd stol\u00edk Ghost set 3 ks \u00bb za akciov\u00fa cenu. R\u00fdchle dodanie tovaru, odborn\u00e9 poradenstvo a stovky produktov skladom. Konferen\u010dn\u00fd stol\u00edk Ghost set 3 ks \u00bb sa stane dominantou V\u00e1\u0161ho interi\u00e9ru. Internetov\u00fd obchod ikuchyne! pon\u00faka odber Konferen\u010dn\u00fd stol\u00edk Ghost set 3 ks \u00bb u\u017e od 1 kusu.\" \/>\n<meta property=\"og:url\" content=\"https:\/\/www.ikuchyne.sk\/eshop\/produkt\/konferencny-stolik-ghost-set-3-ks\/\" \/>\n<meta property=\"og:site_name\" content=\"iKuchyne iSHOP s n\u00e1bytkom\" \/>\n<meta property=\"article:publisher\" content=\"https:\/\/www.facebook.com\/ikuchyne\/\" \/>\n<meta property=\"article:modified_time\" content=\"2024-03-10T18:20:25+00:00\" \/>\n<meta property=\"og:image\" content=\"https:\/\/www.ikuchyne.sk\/eshop\/wp-content\/uploads\/2017\/04\/konferencny-stolik-ghost-set-3ks-sklo.jpg\" \/>\n\t<meta property=\"og:image:width\" content=\"800\" \/>\n\t<meta property=\"og:image:height\" content=\"533\" \/>\n\t<meta property=\"og:image:type\" content=\"image\/jpeg\" \/>\n<meta name=\"twitter:card\" content=\"summary_large_image\" \/>\n<meta name=\"twitter:label1\" content=\"Predpokladan\u00fd \u010das \u010d\u00edtania\" \/>\n\t<meta name=\"twitter:data1\" content=\"1 min\u00fata\" \/>\n<script type=\"application\/ld+json\" class=\"yoast-schema-graph\">{\"@context\":\"https:\/\/schema.org\",\"@graph\":[{\"@type\":\"WebPage\",\"@id\":\"https:\/\/www.ikuchyne.sk\/eshop\/produkt\/konferencny-stolik-ghost-set-3-ks\/\",\"url\":\"https:\/\/www.ikuchyne.sk\/eshop\/produkt\/konferencny-stolik-ghost-set-3-ks\/\",\"name\":\"Konferen\u010dn\u00fd stol\u00edk Ghost set 3 ks \u00bb &#187; iKuchyne iSHOP s n\u00e1bytkom\",\"isPartOf\":{\"@id\":\"https:\/\/www.ikuchyne.sk\/eshop\/#website\"},\"datePublished\":\"2017-04-25T14:31:01+00:00\",\"dateModified\":\"2024-03-10T18:20:25+00:00\",\"description\":\"K\u00fapte si u n\u00e1s Konferen\u010dn\u00fd stol\u00edk Ghost set 3 ks \u00bb za akciov\u00fa cenu. R\u00fdchle dodanie tovaru, odborn\u00e9 poradenstvo a stovky produktov skladom. Konferen\u010dn\u00fd stol\u00edk Ghost set 3 ks \u00bb sa stane dominantou V\u00e1\u0161ho interi\u00e9ru. Internetov\u00fd obchod ikuchyne! pon\u00faka odber Konferen\u010dn\u00fd stol\u00edk Ghost set 3 ks \u00bb u\u017e od 1 kusu.\",\"breadcrumb\":{\"@id\":\"https:\/\/www.ikuchyne.sk\/eshop\/produkt\/konferencny-stolik-ghost-set-3-ks\/#breadcrumb\"},\"inLanguage\":\"sk-SK\",\"potentialAction\":[{\"@type\":\"ReadAction\",\"target\":[\"https:\/\/www.ikuchyne.sk\/eshop\/produkt\/konferencny-stolik-ghost-set-3-ks\/\"]}]},{\"@type\":\"BreadcrumbList\",\"@id\":\"https:\/\/www.ikuchyne.sk\/eshop\/produkt\/konferencny-stolik-ghost-set-3-ks\/#breadcrumb\",\"itemListElement\":[{\"@type\":\"ListItem\",\"position\":1,\"name\":\"Home\",\"item\":\"https:\/\/www.ikuchyne.sk\/eshop\/\"},{\"@type\":\"ListItem\",\"position\":2,\"name\":\"Obchod\",\"item\":\"https:\/\/www.ikuchyne.sk\/eshop\/obchod\/\"},{\"@type\":\"ListItem\",\"position\":3,\"name\":\"Konferen\u010dn\u00fd stol\u00edk Ghost set 3 ks \u00bb\"}]},{\"@type\":\"WebSite\",\"@id\":\"https:\/\/www.ikuchyne.sk\/eshop\/#website\",\"url\":\"https:\/\/www.ikuchyne.sk\/eshop\/\",\"name\":\"iKuchyne iSHOP s n\u00e1bytkom\",\"description\":\"Jed\u00e1lensk\u00e9 stoly, stoli\u010dky, n\u00e1bytok, svietidl\u00e1...\",\"publisher\":{\"@id\":\"https:\/\/www.ikuchyne.sk\/eshop\/#organization\"},\"potentialAction\":[{\"@type\":\"SearchAction\",\"target\":{\"@type\":\"EntryPoint\",\"urlTemplate\":\"https:\/\/www.ikuchyne.sk\/eshop\/?s={search_term_string}\"},\"query-input\":\"required name=search_term_string\"}],\"inLanguage\":\"sk-SK\"},{\"@type\":\"Organization\",\"@id\":\"https:\/\/www.ikuchyne.sk\/eshop\/#organization\",\"name\":\"ikuchyne!\",\"url\":\"https:\/\/www.ikuchyne.sk\/eshop\/\",\"logo\":{\"@type\":\"ImageObject\",\"inLanguage\":\"sk-SK\",\"@id\":\"https:\/\/www.ikuchyne.sk\/eshop\/#\/schema\/logo\/image\/\",\"url\":\"https:\/\/www.ikuchyne.sk\/eshop\/wp-content\/uploads\/2017\/04\/ikuchyne-logo.jpg\",\"contentUrl\":\"https:\/\/www.ikuchyne.sk\/eshop\/wp-content\/uploads\/2017\/04\/ikuchyne-logo.jpg\",\"width\":200,\"height\":48,\"caption\":\"ikuchyne!\"},\"image\":{\"@id\":\"https:\/\/www.ikuchyne.sk\/eshop\/#\/schema\/logo\/image\/\"},\"sameAs\":[\"https:\/\/www.facebook.com\/ikuchyne\/\",\"https:\/\/www.instagram.com\/ikuchyne.sk\/\",\"https:\/\/sk.pinterest.com\/ikuchynesk\/\"]}]}<\/script>\n<!-- \/ Yoast SEO plugin. -->","yoast_head_json":{"title":"Konferen\u010dn\u00fd stol\u00edk Ghost set 3 ks \u00bb &#187; iKuchyne iSHOP s n\u00e1bytkom","description":"K\u00fapte si u n\u00e1s Konferen\u010dn\u00fd stol\u00edk Ghost set 3 ks \u00bb za akciov\u00fa cenu. R\u00fdchle dodanie tovaru, odborn\u00e9 poradenstvo a stovky produktov skladom. Konferen\u010dn\u00fd stol\u00edk Ghost set 3 ks \u00bb sa stane dominantou V\u00e1\u0161ho interi\u00e9ru. Internetov\u00fd obchod ikuchyne! pon\u00faka odber Konferen\u010dn\u00fd stol\u00edk Ghost set 3 ks \u00bb u\u017e od 1 kusu.","robots":{"index":"index","follow":"follow","max-snippet":"max-snippet:-1","max-image-preview":"max-image-preview:large","max-video-preview":"max-video-preview:-1"},"canonical":"https:\/\/www.ikuchyne.sk\/eshop\/produkt\/konferencny-stolik-ghost-set-3-ks\/","og_locale":"sk_SK","og_type":"article","og_title":"Konferen\u010dn\u00fd stol\u00edk Ghost set 3 ks \u00bb &#187; iKuchyne iSHOP s n\u00e1bytkom","og_description":"K\u00fapte si u n\u00e1s Konferen\u010dn\u00fd stol\u00edk Ghost set 3 ks \u00bb za akciov\u00fa cenu. R\u00fdchle dodanie tovaru, odborn\u00e9 poradenstvo a stovky produktov skladom. Konferen\u010dn\u00fd stol\u00edk Ghost set 3 ks \u00bb sa stane dominantou V\u00e1\u0161ho interi\u00e9ru. Internetov\u00fd obchod ikuchyne! pon\u00faka odber Konferen\u010dn\u00fd stol\u00edk Ghost set 3 ks \u00bb u\u017e od 1 kusu.","og_url":"https:\/\/www.ikuchyne.sk\/eshop\/produkt\/konferencny-stolik-ghost-set-3-ks\/","og_site_name":"iKuchyne iSHOP s n\u00e1bytkom","article_publisher":"https:\/\/www.facebook.com\/ikuchyne\/","article_modified_time":"2024-03-10T18:20:25+00:00","og_image":[{"width":800,"height":533,"url":"https:\/\/www.ikuchyne.sk\/eshop\/wp-content\/uploads\/2017\/04\/konferencny-stolik-ghost-set-3ks-sklo.jpg","type":"image\/jpeg"}],"twitter_card":"summary_large_image","twitter_misc":{"Predpokladan\u00fd \u010das \u010d\u00edtania":"1 min\u00fata"},"schema":{"@context":"https:\/\/schema.org","@graph":[{"@type":"WebPage","@id":"https:\/\/www.ikuchyne.sk\/eshop\/produkt\/konferencny-stolik-ghost-set-3-ks\/","url":"https:\/\/www.ikuchyne.sk\/eshop\/produkt\/konferencny-stolik-ghost-set-3-ks\/","name":"Konferen\u010dn\u00fd stol\u00edk Ghost set 3 ks \u00bb &#187; iKuchyne iSHOP s n\u00e1bytkom","isPartOf":{"@id":"https:\/\/www.ikuchyne.sk\/eshop\/#website"},"datePublished":"2017-04-25T14:31:01+00:00","dateModified":"2024-03-10T18:20:25+00:00","description":"K\u00fapte si u n\u00e1s Konferen\u010dn\u00fd stol\u00edk Ghost set 3 ks \u00bb za akciov\u00fa cenu. R\u00fdchle dodanie tovaru, odborn\u00e9 poradenstvo a stovky produktov skladom. Konferen\u010dn\u00fd stol\u00edk Ghost set 3 ks \u00bb sa stane dominantou V\u00e1\u0161ho interi\u00e9ru. Internetov\u00fd obchod ikuchyne! pon\u00faka odber Konferen\u010dn\u00fd stol\u00edk Ghost set 3 ks \u00bb u\u017e od 1 kusu.","breadcrumb":{"@id":"https:\/\/www.ikuchyne.sk\/eshop\/produkt\/konferencny-stolik-ghost-set-3-ks\/#breadcrumb"},"inLanguage":"sk-SK","potentialAction":[{"@type":"ReadAction","target":["https:\/\/www.ikuchyne.sk\/eshop\/produkt\/konferencny-stolik-ghost-set-3-ks\/"]}]},{"@type":"BreadcrumbList","@id":"https:\/\/www.ikuchyne.sk\/eshop\/produkt\/konferencny-stolik-ghost-set-3-ks\/#breadcrumb","itemListElement":[{"@type":"ListItem","position":1,"name":"Home","item":"https:\/\/www.ikuchyne.sk\/eshop\/"},{"@type":"ListItem","position":2,"name":"Obchod","item":"https:\/\/www.ikuchyne.sk\/eshop\/obchod\/"},{"@type":"ListItem","position":3,"name":"Konferen\u010dn\u00fd stol\u00edk Ghost set 3 ks \u00bb"}]},{"@type":"WebSite","@id":"https:\/\/www.ikuchyne.sk\/eshop\/#website","url":"https:\/\/www.ikuchyne.sk\/eshop\/","name":"iKuchyne iSHOP s n\u00e1bytkom","description":"Jed\u00e1lensk\u00e9 stoly, stoli\u010dky, n\u00e1bytok, svietidl\u00e1...","publisher":{"@id":"https:\/\/www.ikuchyne.sk\/eshop\/#organization"},"potentialAction":[{"@type":"SearchAction","target":{"@type":"EntryPoint","urlTemplate":"https:\/\/www.ikuchyne.sk\/eshop\/?s={search_term_string}"},"query-input":"required name=search_term_string"}],"inLanguage":"sk-SK"},{"@type":"Organization","@id":"https:\/\/www.ikuchyne.sk\/eshop\/#organization","name":"ikuchyne!","url":"https:\/\/www.ikuchyne.sk\/eshop\/","logo":{"@type":"ImageObject","inLanguage":"sk-SK","@id":"https:\/\/www.ikuchyne.sk\/eshop\/#\/schema\/logo\/image\/","url":"https:\/\/www.ikuchyne.sk\/eshop\/wp-content\/uploads\/2017\/04\/ikuchyne-logo.jpg","contentUrl":"https:\/\/www.ikuchyne.sk\/eshop\/wp-content\/uploads\/2017\/04\/ikuchyne-logo.jpg","width":200,"height":48,"caption":"ikuchyne!"},"image":{"@id":"https:\/\/www.ikuchyne.sk\/eshop\/#\/schema\/logo\/image\/"},"sameAs":["https:\/\/www.facebook.com\/ikuchyne\/","https:\/\/www.instagram.com\/ikuchyne.sk\/","https:\/\/sk.pinterest.com\/ikuchynesk\/"]}]}},"_links":{"self":[{"href":"https:\/\/www.ikuchyne.sk\/eshop\/wp-json\/wp\/v2\/product\/9775"}],"collection":[{"href":"https:\/\/www.ikuchyne.sk\/eshop\/wp-json\/wp\/v2\/product"}],"about":[{"href":"https:\/\/www.ikuchyne.sk\/eshop\/wp-json\/wp\/v2\/types\/product"}],"replies":[{"embeddable":true,"href":"https:\/\/www.ikuchyne.sk\/eshop\/wp-json\/wp\/v2\/comments?post=9775"}],"wp:featuredmedia":[{"embeddable":true,"href":"https:\/\/www.ikuchyne.sk\/eshop\/wp-json\/wp\/v2\/media\/9776"}],"wp:attachment":[{"href":"https:\/\/www.ikuchyne.sk\/eshop\/wp-json\/wp\/v2\/media?parent=9775"}],"wp:term":[{"taxonomy":"product_cat","embeddable":true,"href":"https:\/\/www.ikuchyne.sk\/eshop\/wp-json\/wp\/v2\/product_cat?post=9775"},{"taxonomy":"product_tag","embeddable":true,"href":"https:\/\/www.ikuchyne.sk\/eshop\/wp-json\/wp\/v2\/product_tag?post=9775"}],"curies":[{"name":"wp","href":"https:\/\/api.w.org\/{rel}","templated":true}]}}