{"id":9805,"date":"2017-04-25T16:31:20","date_gmt":"2017-04-25T14:31:20","guid":{"rendered":"http:\/\/potocan.com\/eshop\/produkt\/konferencny-stolik-giant-l-90x60cm-sheesham\/"},"modified":"2024-03-10T19:20:25","modified_gmt":"2024-03-10T18:20:25","slug":"dreveny-konferencny-stolik-giant-l-90-x-60-cm-100-mm-d","status":"publish","type":"product","link":"https:\/\/www.ikuchyne.sk\/eshop\/produkt\/dreveny-konferencny-stolik-giant-l-90-x-60-cm-100-mm-d\/","title":{"rendered":"Dreven\u00fd konferen\u010dn\u00fd stol\u00edk Giant L 90 x 60 cm &#8211; 100 mm \u00bbD"},"content":{"rendered":"<h1>Dreven\u00fd konferen\u010dn\u00fd stol\u00edk Giant L 90 x 60 cm &#8211; 100 mm<\/h1>\n<p><strong>V\u0161eobecn\u00fd opis stol\u00edka:<br \/>\n<\/strong>U\u017e n\u00e1zov tohto konferen\u010dn\u00e9ho stol\u00edka napoved\u00e1, \u017ee ide o mas\u00edvny a poctiv\u00fd kus n\u00e1bytku. Stol\u00edk je vyroben\u00fd z origin\u00e1lneho dreva sheesham, tie\u017e zn\u00e1meho ako indick\u00fd palisander. Predstavuje vidiecky typ n\u00e1bytku. \u0160tvorcov\u00fd povrch stol\u00edka je tvoren\u00fd drevom sheesham. Hr\u00fabka dosky je v tomto pr\u00edpade a\u017e 100 mm. T\u00e1to drevina patr\u00ed k najkvalitnej\u0161\u00edm drev\u00e1m s najvy\u0161\u0161ou hustotou. Podno\u017e stol\u00edka je tvoren\u00e1 pevnou doskou so \u0161tvorcov\u00fdm p\u00f4dorysom, ktor\u00e9ho ve\u013ekos\u0165 kore\u0161ponduje s vrchnou doskou stol\u00edka. Medzi nimi sa vytv\u00e1ra priestor, ktor\u00fd m\u00f4\u017eeme pou\u017ei\u0165 na odkladanie drobnost\u00ed. Dva rohy postaven\u00e9 kr\u00ed\u017eom oproti sebe s\u00fa zakryt\u00e9 nohami, z ktor\u00fdch jedna je \u0161ir\u0161ia ne\u017e t\u00e1 druh\u00e1. Dan\u00fd konferen\u010dn\u00fd stol\u00edk svoj\u00edm jednoduch\u00fdm, no prepracovan\u00fdm dizajnom perfektne zapadne do v\u00e1\u0161ho domova. Kvalitn\u00fd dreven\u00fd n\u00e1bytok je v\u017edy tou spr\u00e1vnou vo\u013ebou pre va\u0161u kuchy\u0148u a pr\u00edbytok.<\/p>\n<p><strong>Povrch stol\u00edka:<br \/>\n<\/strong>Povrch konferen\u010dn\u00e9ho stol\u00edka tvor\u00ed vysoko kvalitn\u00e9 sheesham drevo.<\/p>\n<p><strong>Podno\u017e stola:<br \/>\n<\/strong>Podno\u017e stol\u00edka je tvoren\u00e1\u00a0pevnou doskou so \u0161tvorcov\u00fdm p\u00f4dorysom.<\/p>\n<p><strong>\u010eal\u0161ie inform\u00e1cie:<br \/>\n<\/strong>V\u00fdrazn\u00e1 kresba, ktorou\u00a0 je t\u00e1to drevina charakteristick\u00e1 rob\u00ed z ka\u017ed\u00e9ho kusu unik\u00e1t.<br \/>\nNa o\u0161etrovanie pou\u017e\u00edvame bavlnen\u00fa handri\u010dku a na udr\u017eanie svie\u017eeho vzh\u013eadu raz za tri mesiace \u013eanov\u00fd olej alebo vosk. Pou\u017e\u00edvame pr\u00edpravky len na \u00fadr\u017ebu dreva.<\/p>\n<p><b>Rozmery stol\u00edka<\/b>:<br \/>\n\u0160\u00edrka stol\u00edka: 90 cm<br \/>\nD\u013a\u017eka stol\u00edka: 60 cm<br \/>\nV\u00fd\u0161ka stol\u00edka: 40 cm<br \/>\nHr\u00fabka dosky stol\u00edka: 100 mm<\/p>\n<p><b>Materi\u00e1l:\u00a0<\/b>drevo (mas\u00edv), lakovan\u00fd sheesham<\/p>\n<p><b>Farba:<\/b>\u00a0pr\u00edrodn\u00e1<\/p>\n","protected":false},"excerpt":{"rendered":"<p>Dreven\u00fd konferen\u010dn\u00fd stol\u00edk Giant L 90 x 60 cm &#8211; 100 mm V\u0161eobecn\u00fd opis stol\u00edka: U\u017e n\u00e1zov tohto konferen\u010dn\u00e9ho stol\u00edka napoved\u00e1, \u017ee ide o mas\u00edvny a poctiv\u00fd kus n\u00e1bytku. Stol\u00edk<\/p>\n","protected":false},"featured_media":86386,"comment_status":"open","ping_status":"closed","template":"","meta":[],"product_cat":[939,304,834,842,838],"product_tag":[261],"yoast_head":"<!-- This site is optimized with the Yoast SEO plugin v22.1 - https:\/\/yoast.com\/wordpress\/plugins\/seo\/ -->\n<title>Dreven\u00fd konferen\u010dn\u00fd stol\u00edk Giant L 90 x 60 cm - 100 mm \u00bbD &#187; iKuchyne iSHOP s n\u00e1bytkom<\/title>\n<meta name=\"description\" content=\"K\u00fapte si u n\u00e1s Dreven\u00fd konferen\u010dn\u00fd stol\u00edk Giant L 90 x 60 cm - 100 mm \u00bbD za akciov\u00fa cenu. R\u00fdchle dodanie tovaru, odborn\u00e9 poradenstvo a stovky produktov skladom. Dreven\u00fd konferen\u010dn\u00fd stol\u00edk Giant L 90 x 60 cm - 100 mm \u00bbD sa stane dominantou V\u00e1\u0161ho interi\u00e9ru. Internetov\u00fd obchod ikuchyne! pon\u00faka odber Dreven\u00fd konferen\u010dn\u00fd stol\u00edk Giant L 90 x 60 cm - 100 mm \u00bbD u\u017e od 1 kusu.\" \/>\n<meta name=\"robots\" content=\"index, follow, max-snippet:-1, max-image-preview:large, max-video-preview:-1\" \/>\n<link rel=\"canonical\" href=\"https:\/\/www.ikuchyne.sk\/eshop\/produkt\/dreveny-konferencny-stolik-giant-l-90-x-60-cm-100-mm-d\/\" \/>\n<meta property=\"og:locale\" content=\"sk_SK\" \/>\n<meta property=\"og:type\" content=\"article\" \/>\n<meta property=\"og:title\" content=\"Dreven\u00fd konferen\u010dn\u00fd stol\u00edk Giant L 90 x 60 cm - 100 mm \u00bbD &#187; iKuchyne iSHOP s n\u00e1bytkom\" \/>\n<meta property=\"og:description\" content=\"K\u00fapte si u n\u00e1s Dreven\u00fd konferen\u010dn\u00fd stol\u00edk Giant L 90 x 60 cm - 100 mm \u00bbD za akciov\u00fa cenu. R\u00fdchle dodanie tovaru, odborn\u00e9 poradenstvo a stovky produktov skladom. Dreven\u00fd konferen\u010dn\u00fd stol\u00edk Giant L 90 x 60 cm - 100 mm \u00bbD sa stane dominantou V\u00e1\u0161ho interi\u00e9ru. Internetov\u00fd obchod ikuchyne! pon\u00faka odber Dreven\u00fd konferen\u010dn\u00fd stol\u00edk Giant L 90 x 60 cm - 100 mm \u00bbD u\u017e od 1 kusu.\" \/>\n<meta property=\"og:url\" content=\"https:\/\/www.ikuchyne.sk\/eshop\/produkt\/dreveny-konferencny-stolik-giant-l-90-x-60-cm-100-mm-d\/\" \/>\n<meta property=\"og:site_name\" content=\"iKuchyne iSHOP s n\u00e1bytkom\" \/>\n<meta property=\"article:publisher\" content=\"https:\/\/www.facebook.com\/ikuchyne\/\" \/>\n<meta property=\"article:modified_time\" content=\"2024-03-10T18:20:25+00:00\" \/>\n<meta property=\"og:image\" content=\"https:\/\/www.ikuchyne.sk\/eshop\/wp-content\/uploads\/2017\/04\/1.jpg\" \/>\n\t<meta property=\"og:image:width\" content=\"800\" \/>\n\t<meta property=\"og:image:height\" content=\"533\" \/>\n\t<meta property=\"og:image:type\" content=\"image\/jpeg\" \/>\n<meta name=\"twitter:card\" content=\"summary_large_image\" \/>\n<meta name=\"twitter:label1\" content=\"Predpokladan\u00fd \u010das \u010d\u00edtania\" \/>\n\t<meta name=\"twitter:data1\" content=\"1 min\u00fata\" \/>\n<script type=\"application\/ld+json\" class=\"yoast-schema-graph\">{\"@context\":\"https:\/\/schema.org\",\"@graph\":[{\"@type\":\"WebPage\",\"@id\":\"https:\/\/www.ikuchyne.sk\/eshop\/produkt\/dreveny-konferencny-stolik-giant-l-90-x-60-cm-100-mm-d\/\",\"url\":\"https:\/\/www.ikuchyne.sk\/eshop\/produkt\/dreveny-konferencny-stolik-giant-l-90-x-60-cm-100-mm-d\/\",\"name\":\"Dreven\u00fd konferen\u010dn\u00fd stol\u00edk Giant L 90 x 60 cm - 100 mm \u00bbD &#187; iKuchyne iSHOP s n\u00e1bytkom\",\"isPartOf\":{\"@id\":\"https:\/\/www.ikuchyne.sk\/eshop\/#website\"},\"datePublished\":\"2017-04-25T14:31:20+00:00\",\"dateModified\":\"2024-03-10T18:20:25+00:00\",\"description\":\"K\u00fapte si u n\u00e1s Dreven\u00fd konferen\u010dn\u00fd stol\u00edk Giant L 90 x 60 cm - 100 mm \u00bbD za akciov\u00fa cenu. R\u00fdchle dodanie tovaru, odborn\u00e9 poradenstvo a stovky produktov skladom. Dreven\u00fd konferen\u010dn\u00fd stol\u00edk Giant L 90 x 60 cm - 100 mm \u00bbD sa stane dominantou V\u00e1\u0161ho interi\u00e9ru. Internetov\u00fd obchod ikuchyne! pon\u00faka odber Dreven\u00fd konferen\u010dn\u00fd stol\u00edk Giant L 90 x 60 cm - 100 mm \u00bbD u\u017e od 1 kusu.\",\"breadcrumb\":{\"@id\":\"https:\/\/www.ikuchyne.sk\/eshop\/produkt\/dreveny-konferencny-stolik-giant-l-90-x-60-cm-100-mm-d\/#breadcrumb\"},\"inLanguage\":\"sk-SK\",\"potentialAction\":[{\"@type\":\"ReadAction\",\"target\":[\"https:\/\/www.ikuchyne.sk\/eshop\/produkt\/dreveny-konferencny-stolik-giant-l-90-x-60-cm-100-mm-d\/\"]}]},{\"@type\":\"BreadcrumbList\",\"@id\":\"https:\/\/www.ikuchyne.sk\/eshop\/produkt\/dreveny-konferencny-stolik-giant-l-90-x-60-cm-100-mm-d\/#breadcrumb\",\"itemListElement\":[{\"@type\":\"ListItem\",\"position\":1,\"name\":\"Home\",\"item\":\"https:\/\/www.ikuchyne.sk\/eshop\/\"},{\"@type\":\"ListItem\",\"position\":2,\"name\":\"Obchod\",\"item\":\"https:\/\/www.ikuchyne.sk\/eshop\/obchod\/\"},{\"@type\":\"ListItem\",\"position\":3,\"name\":\"Dreven\u00fd konferen\u010dn\u00fd stol\u00edk Giant L 90 x 60 cm &#8211; 100 mm \u00bbD\"}]},{\"@type\":\"WebSite\",\"@id\":\"https:\/\/www.ikuchyne.sk\/eshop\/#website\",\"url\":\"https:\/\/www.ikuchyne.sk\/eshop\/\",\"name\":\"iKuchyne iSHOP s n\u00e1bytkom\",\"description\":\"Jed\u00e1lensk\u00e9 stoly, stoli\u010dky, n\u00e1bytok, svietidl\u00e1...\",\"publisher\":{\"@id\":\"https:\/\/www.ikuchyne.sk\/eshop\/#organization\"},\"potentialAction\":[{\"@type\":\"SearchAction\",\"target\":{\"@type\":\"EntryPoint\",\"urlTemplate\":\"https:\/\/www.ikuchyne.sk\/eshop\/?s={search_term_string}\"},\"query-input\":\"required name=search_term_string\"}],\"inLanguage\":\"sk-SK\"},{\"@type\":\"Organization\",\"@id\":\"https:\/\/www.ikuchyne.sk\/eshop\/#organization\",\"name\":\"ikuchyne!\",\"url\":\"https:\/\/www.ikuchyne.sk\/eshop\/\",\"logo\":{\"@type\":\"ImageObject\",\"inLanguage\":\"sk-SK\",\"@id\":\"https:\/\/www.ikuchyne.sk\/eshop\/#\/schema\/logo\/image\/\",\"url\":\"https:\/\/www.ikuchyne.sk\/eshop\/wp-content\/uploads\/2017\/04\/ikuchyne-logo.jpg\",\"contentUrl\":\"https:\/\/www.ikuchyne.sk\/eshop\/wp-content\/uploads\/2017\/04\/ikuchyne-logo.jpg\",\"width\":200,\"height\":48,\"caption\":\"ikuchyne!\"},\"image\":{\"@id\":\"https:\/\/www.ikuchyne.sk\/eshop\/#\/schema\/logo\/image\/\"},\"sameAs\":[\"https:\/\/www.facebook.com\/ikuchyne\/\",\"https:\/\/www.instagram.com\/ikuchyne.sk\/\",\"https:\/\/sk.pinterest.com\/ikuchynesk\/\"]}]}<\/script>\n<!-- \/ Yoast SEO plugin. -->","yoast_head_json":{"title":"Dreven\u00fd konferen\u010dn\u00fd stol\u00edk Giant L 90 x 60 cm - 100 mm \u00bbD &#187; iKuchyne iSHOP s n\u00e1bytkom","description":"K\u00fapte si u n\u00e1s Dreven\u00fd konferen\u010dn\u00fd stol\u00edk Giant L 90 x 60 cm - 100 mm \u00bbD za akciov\u00fa cenu. R\u00fdchle dodanie tovaru, odborn\u00e9 poradenstvo a stovky produktov skladom. Dreven\u00fd konferen\u010dn\u00fd stol\u00edk Giant L 90 x 60 cm - 100 mm \u00bbD sa stane dominantou V\u00e1\u0161ho interi\u00e9ru. Internetov\u00fd obchod ikuchyne! pon\u00faka odber Dreven\u00fd konferen\u010dn\u00fd stol\u00edk Giant L 90 x 60 cm - 100 mm \u00bbD u\u017e od 1 kusu.","robots":{"index":"index","follow":"follow","max-snippet":"max-snippet:-1","max-image-preview":"max-image-preview:large","max-video-preview":"max-video-preview:-1"},"canonical":"https:\/\/www.ikuchyne.sk\/eshop\/produkt\/dreveny-konferencny-stolik-giant-l-90-x-60-cm-100-mm-d\/","og_locale":"sk_SK","og_type":"article","og_title":"Dreven\u00fd konferen\u010dn\u00fd stol\u00edk Giant L 90 x 60 cm - 100 mm \u00bbD &#187; iKuchyne iSHOP s n\u00e1bytkom","og_description":"K\u00fapte si u n\u00e1s Dreven\u00fd konferen\u010dn\u00fd stol\u00edk Giant L 90 x 60 cm - 100 mm \u00bbD za akciov\u00fa cenu. R\u00fdchle dodanie tovaru, odborn\u00e9 poradenstvo a stovky produktov skladom. Dreven\u00fd konferen\u010dn\u00fd stol\u00edk Giant L 90 x 60 cm - 100 mm \u00bbD sa stane dominantou V\u00e1\u0161ho interi\u00e9ru. Internetov\u00fd obchod ikuchyne! pon\u00faka odber Dreven\u00fd konferen\u010dn\u00fd stol\u00edk Giant L 90 x 60 cm - 100 mm \u00bbD u\u017e od 1 kusu.","og_url":"https:\/\/www.ikuchyne.sk\/eshop\/produkt\/dreveny-konferencny-stolik-giant-l-90-x-60-cm-100-mm-d\/","og_site_name":"iKuchyne iSHOP s n\u00e1bytkom","article_publisher":"https:\/\/www.facebook.com\/ikuchyne\/","article_modified_time":"2024-03-10T18:20:25+00:00","og_image":[{"width":800,"height":533,"url":"https:\/\/www.ikuchyne.sk\/eshop\/wp-content\/uploads\/2017\/04\/1.jpg","type":"image\/jpeg"}],"twitter_card":"summary_large_image","twitter_misc":{"Predpokladan\u00fd \u010das \u010d\u00edtania":"1 min\u00fata"},"schema":{"@context":"https:\/\/schema.org","@graph":[{"@type":"WebPage","@id":"https:\/\/www.ikuchyne.sk\/eshop\/produkt\/dreveny-konferencny-stolik-giant-l-90-x-60-cm-100-mm-d\/","url":"https:\/\/www.ikuchyne.sk\/eshop\/produkt\/dreveny-konferencny-stolik-giant-l-90-x-60-cm-100-mm-d\/","name":"Dreven\u00fd konferen\u010dn\u00fd stol\u00edk Giant L 90 x 60 cm - 100 mm \u00bbD &#187; iKuchyne iSHOP s n\u00e1bytkom","isPartOf":{"@id":"https:\/\/www.ikuchyne.sk\/eshop\/#website"},"datePublished":"2017-04-25T14:31:20+00:00","dateModified":"2024-03-10T18:20:25+00:00","description":"K\u00fapte si u n\u00e1s Dreven\u00fd konferen\u010dn\u00fd stol\u00edk Giant L 90 x 60 cm - 100 mm \u00bbD za akciov\u00fa cenu. R\u00fdchle dodanie tovaru, odborn\u00e9 poradenstvo a stovky produktov skladom. Dreven\u00fd konferen\u010dn\u00fd stol\u00edk Giant L 90 x 60 cm - 100 mm \u00bbD sa stane dominantou V\u00e1\u0161ho interi\u00e9ru. Internetov\u00fd obchod ikuchyne! pon\u00faka odber Dreven\u00fd konferen\u010dn\u00fd stol\u00edk Giant L 90 x 60 cm - 100 mm \u00bbD u\u017e od 1 kusu.","breadcrumb":{"@id":"https:\/\/www.ikuchyne.sk\/eshop\/produkt\/dreveny-konferencny-stolik-giant-l-90-x-60-cm-100-mm-d\/#breadcrumb"},"inLanguage":"sk-SK","potentialAction":[{"@type":"ReadAction","target":["https:\/\/www.ikuchyne.sk\/eshop\/produkt\/dreveny-konferencny-stolik-giant-l-90-x-60-cm-100-mm-d\/"]}]},{"@type":"BreadcrumbList","@id":"https:\/\/www.ikuchyne.sk\/eshop\/produkt\/dreveny-konferencny-stolik-giant-l-90-x-60-cm-100-mm-d\/#breadcrumb","itemListElement":[{"@type":"ListItem","position":1,"name":"Home","item":"https:\/\/www.ikuchyne.sk\/eshop\/"},{"@type":"ListItem","position":2,"name":"Obchod","item":"https:\/\/www.ikuchyne.sk\/eshop\/obchod\/"},{"@type":"ListItem","position":3,"name":"Dreven\u00fd konferen\u010dn\u00fd stol\u00edk Giant L 90 x 60 cm &#8211; 100 mm \u00bbD"}]},{"@type":"WebSite","@id":"https:\/\/www.ikuchyne.sk\/eshop\/#website","url":"https:\/\/www.ikuchyne.sk\/eshop\/","name":"iKuchyne iSHOP s n\u00e1bytkom","description":"Jed\u00e1lensk\u00e9 stoly, stoli\u010dky, n\u00e1bytok, svietidl\u00e1...","publisher":{"@id":"https:\/\/www.ikuchyne.sk\/eshop\/#organization"},"potentialAction":[{"@type":"SearchAction","target":{"@type":"EntryPoint","urlTemplate":"https:\/\/www.ikuchyne.sk\/eshop\/?s={search_term_string}"},"query-input":"required name=search_term_string"}],"inLanguage":"sk-SK"},{"@type":"Organization","@id":"https:\/\/www.ikuchyne.sk\/eshop\/#organization","name":"ikuchyne!","url":"https:\/\/www.ikuchyne.sk\/eshop\/","logo":{"@type":"ImageObject","inLanguage":"sk-SK","@id":"https:\/\/www.ikuchyne.sk\/eshop\/#\/schema\/logo\/image\/","url":"https:\/\/www.ikuchyne.sk\/eshop\/wp-content\/uploads\/2017\/04\/ikuchyne-logo.jpg","contentUrl":"https:\/\/www.ikuchyne.sk\/eshop\/wp-content\/uploads\/2017\/04\/ikuchyne-logo.jpg","width":200,"height":48,"caption":"ikuchyne!"},"image":{"@id":"https:\/\/www.ikuchyne.sk\/eshop\/#\/schema\/logo\/image\/"},"sameAs":["https:\/\/www.facebook.com\/ikuchyne\/","https:\/\/www.instagram.com\/ikuchyne.sk\/","https:\/\/sk.pinterest.com\/ikuchynesk\/"]}]}},"_links":{"self":[{"href":"https:\/\/www.ikuchyne.sk\/eshop\/wp-json\/wp\/v2\/product\/9805"}],"collection":[{"href":"https:\/\/www.ikuchyne.sk\/eshop\/wp-json\/wp\/v2\/product"}],"about":[{"href":"https:\/\/www.ikuchyne.sk\/eshop\/wp-json\/wp\/v2\/types\/product"}],"replies":[{"embeddable":true,"href":"https:\/\/www.ikuchyne.sk\/eshop\/wp-json\/wp\/v2\/comments?post=9805"}],"wp:featuredmedia":[{"embeddable":true,"href":"https:\/\/www.ikuchyne.sk\/eshop\/wp-json\/wp\/v2\/media\/86386"}],"wp:attachment":[{"href":"https:\/\/www.ikuchyne.sk\/eshop\/wp-json\/wp\/v2\/media?parent=9805"}],"wp:term":[{"taxonomy":"product_cat","embeddable":true,"href":"https:\/\/www.ikuchyne.sk\/eshop\/wp-json\/wp\/v2\/product_cat?post=9805"},{"taxonomy":"product_tag","embeddable":true,"href":"https:\/\/www.ikuchyne.sk\/eshop\/wp-json\/wp\/v2\/product_tag?post=9805"}],"curies":[{"name":"wp","href":"https:\/\/api.w.org\/{rel}","templated":true}]}}